{"id":5703,"date":"2024-01-19T19:29:35","date_gmt":"2024-01-19T18:29:35","guid":{"rendered":"https:\/\/fvcomponentes.com\/?post_type=product&#038;p=5703"},"modified":"2026-04-04T12:50:03","modified_gmt":"2026-04-04T10:50:03","slug":"ladegerat-victron-phoenix-smart-ip43-24-25-3-120-240v-psc242553095","status":"publish","type":"product","link":"https:\/\/fvcomponentes.com\/de\/producto\/cargador-victron-phoenix-smart-ip43-24-25-3-120-240v-psc242553095\/","title":{"rendered":"Victron Phoenix Smart Ladeger\u00e4t IP43 24\/25 (3) 120-240V - PSC242553095"},"content":{"rendered":"<h2><strong>Eigenschaften des Victron Phoenix Smart IP43 Ladeger\u00e4ts <\/strong><\/h2>\n<h2><strong>Integriertes Bluetooth Smart<\/strong><\/h2>\n<p>Dieses Victron Phoenix Smart IP43 24\/25 (3) 120-240V Ladeger\u00e4t bietet eine drahtlose L\u00f6sung f\u00fcr die Konfiguration, \u00dcberwachung, Steuerung, Aktualisierung und Synchronisierung von Phoenix Smart IP43 Ladeger\u00e4ten.<\/p>\n<h2><strong>Phoenix Smart (1+1): Zwei Ausg\u00e4nge zum Laden von 2 Batterieb\u00e4nken<\/strong><\/h2>\n<p>Dar\u00fcber hinaus verf\u00fcgt es \u00fcber einen zweiten Ausgang, der auf ca. 4 A und eine etwas niedrigere Ausgangsspannung begrenzt ist und speziell f\u00fcr das Laden von Starterbatterien ausgelegt ist.<\/p>\n<h2><strong>Phoenix Smart (3): Drei Vollstromausg\u00e4nge zum Laden von 3 Batterieb\u00e4nken<\/strong><\/h2>\n<p>Jeder der Ausg\u00e4nge kann den vollen Ausgangsnennstrom liefern, obwohl die drei Ausg\u00e4nge zusammen niemals den Nennstrom des Ladeger\u00e4ts \u00fcberschreiten werden.<\/p>\n<h2><strong>Automatische Spannungskompensation<\/strong><\/h2>\n<p>Das Victron Phoenix Smart Charger IP43 24\/25 (3) 120-240V passt die Ausgangsspannung automatisch an, um den Spannungsabfall in den Gleichstromkabeln auszugleichen, wenn der Gleichstrom steigt. Weitere Einzelheiten finden Sie im Handbuch.<\/p>\n<h2><strong>6-stufiger Algorithmus f\u00fcr adaptives Laden<\/strong><\/h2>\n<p>Der Phoenix Smart Charger verwendet ein \"adaptives\" Batteriemanagementsystem, das sich an verschiedene Batterietypen anpasst. Dieser Algorithmus optimiert den Ladevorgang automatisch je nach Nutzung der Batterie.<\/p>\n<h2><strong>Adaptive Absorptionszeit f\u00fcr die korrekte Lastmenge<\/strong><\/h2>\n<p>Bei geringer Entladung, wie z. B. bei einer mit dem Ponton verbundenen Yacht, wird die Absorptionsladephase verk\u00fcrzt, um eine \u00dcberladung der Batterie zu vermeiden. Nach einer Tiefentladung wird die Absorptionsladezeit automatisch verl\u00e4ngert, um eine vollst\u00e4ndige Wiederaufladung der Batterie zu gew\u00e4hrleisten.<\/p>\n<h2><strong>Verhindern von Sch\u00e4den durch \u00fcberm\u00e4\u00dfige Gasbildung mit dem BatterySafe-Modus<\/strong><\/h2>\n<p>Das Ladeger\u00e4t verhindert Sch\u00e4den durch \u00dcbergasung, indem es den Spannungsanstieg nach Erreichen der Gasungsspannung beim Schnellladen begrenzt.<\/p>\n<h2><strong>Lagerungsmodus zur Verringerung der Alterung<\/strong><\/h2>\n<p>Der Speichermodus wird aktiviert, wenn die Batterie 24 Stunden lang nicht entladen wurde, und reduziert die Erhaltungsspannung, um die Gasbildung und Korrosion der positiven Platten zu minimieren. Er wird w\u00f6chentlich eingestellt, um Probleme mit der Batterie zu vermeiden.<\/p>\n<h2><strong>Kompatibilit\u00e4t mit Lithium-Ionen-Batterien (LiFePO\u2084)<\/strong><\/h2>\n<p>Das Ladeger\u00e4t kann \u00fcber ein Relais oder einen Optokoppler gesteuert werden, der an ein Li-Ion-BMS angeschlossen ist, um Spannung und Strom \u00fcber Bluetooth ein- und auszuschalten oder zu steuern.<\/p>\n<h2><strong>Programmierbarer Ladealgorithmus<\/strong><\/h2>\n<p>Der Ladealgorithmus kann \u00fcber Bluetooth oder die VE.Direct-Schnittstelle programmiert werden, wobei drei vorprogrammierte Ladealgorithmen zur Verf\u00fcgung stehen.<\/p>\n<h2><strong>Optionaler Batteriespannungs- und Temperatursensor \u00fcber Bluetooth<\/strong><\/h2>\n<p>Ein Smart Battery Sense Sensor oder BMV-712 Smart Battery Monitor kann verwendet werden, um Batteriespannung und -temperatur an ein oder mehrere Phoenix Smart IP43-Ladeger\u00e4te zu \u00fcbermitteln.<\/p>\n<h2><strong>Ferngesteuerte Ein\/Aus-Funktion<\/strong><\/h2>\n<p>Das ferngesteuerte Ein- und Ausschalten kann \u00fcber einen speziellen Schalter, ein Relais oder eine Kabelverbindung konfiguriert werden. Genaue Einzelheiten finden Sie im Handbuch.<\/p>\n<h2><strong>VE.Direktschnittstelle<\/strong><\/h2>\n<p>Bietet eine kabelgebundene Datenverbindung zu GX-Ger\u00e4ten, wie z. B. dem <a href=\"https:\/\/fvcomponentes.com\/de\/produkt\/victron-cerbo-gx-mk2-bpp900451100-victron-cerbo-mk2-monitor\/\" target=\"_blank\" rel=\"noopener\">Victron Cerbo GX MK2 \u00dcberwachung - BPP900451100<\/a>und andere Ger\u00e4te, indem Sie die Funktion \"Sofortiges Auslesen\" \u00fcber <a href=\"https:\/\/www.victronenergy.com.es\/panel-systems-remote-monitoring\/victronconnect\" target=\"_blank\" rel=\"noopener\">VictronConnect<\/a> aus der Ferne vom VRM.<\/p>\n<h2><strong>Programmierbares Relais<\/strong><\/h2>\n<p>Das Relais kann \u00fcber VE.Direct oder Bluetooth programmiert werden, um Alarme und andere Ereignisse auszul\u00f6sen.<\/p>\n<h2><strong>Synchronisierte Aufladung<\/strong><\/h2>\n<p>Sie k\u00f6nnen zwei oder mehr Phoenix Smart IP43-Ladeger\u00e4te in einem VE.S-Netzwerk zum synchronisierten Laden koppeln.<\/p>\n<h2>Datenblatt Victron Phoenix Smart Ladeger\u00e4t IP43 24\/25 (3) 120-240V - PSC242553095<\/h2>\n<p><a href=\"https:\/\/fvcomponentes.com\/wp-content\/uploads\/2023\/03\/120-240-Datasheet-Phoenix-Smart-IP43-Charger-ES.pdf\" target=\"_blank\" rel=\"noopener\">Victron Phoenix Smart Charger IP43 24\/25 (3) 120-240V - PSC242553095 Datenblatt anzeigen\u00a0<\/a><\/p>","protected":false},"excerpt":{"rendered":"<p><strong>Eingangsspannung: <\/strong>85 - 250 VAC (volle Leistung ab 100 VAC, Start ab 90 VAC)<br \/>\n<strong>DC-Eingangsspannungsbereich: <\/strong>90 - 375 VDC<br \/>\n<strong>H\u00e4ufigkeit: <\/strong>45-65 Hz<br \/>\n<strong>Ladestrom der Hilfsbatterie: <\/strong>25A<br \/>\n<strong>Niedrigstrom-Modus: <\/strong>12,5A<br \/>\n<strong>Gewicht: <\/strong>2,7kg<br \/>\n<strong>Abmessungen: <\/strong>180 x 249 x 116 mm<\/p>","protected":false},"featured_media":7916,"comment_status":"open","ping_status":"closed","template":"","meta":{"site-sidebar-layout":"default","site-content-layout":"default","ast-site-content-layout":"default","site-content-style":"default","site-sidebar-style":"default","ast-global-header-display":"","ast-banner-title-visibility":"","ast-main-header-display":"","ast-hfb-above-header-display":"","ast-hfb-below-header-display":"","ast-hfb-mobile-header-display":"","site-post-title":"","ast-breadcrumbs-content":"","ast-featured-img":"","footer-sml-layout":"","ast-disable-related-posts":"","theme-transparent-header-meta":"default","adv-header-id-meta":"","stick-header-meta":"","header-above-stick-meta":"","header-main-stick-meta":"","header-below-stick-meta":"","astra-migrate-meta-layouts":"set","ast-page-background-enabled":"default","ast-page-background-meta":{"desktop":{"background-color":"var(--ast-global-color-4)","background-image":"","background-repeat":"repeat","background-position":"center center","background-size":"auto","background-attachment":"scroll","background-type":"","background-media":"","overlay-type":"","overlay-color":"","overlay-opacity":"","overlay-gradient":""},"tablet":{"background-color":"","background-image":"","background-repeat":"repeat","background-position":"center center","background-size":"auto","background-attachment":"scroll","background-type":"","background-media":"","overlay-type":"","overlay-color":"","overlay-opacity":"","overlay-gradient":""},"mobile":{"background-color":"","background-image":"","background-repeat":"repeat","background-position":"center center","background-size":"auto","background-attachment":"scroll","background-type":"","background-media":"","overlay-type":"","overlay-color":"","overlay-opacity":"","overlay-gradient":""}},"ast-content-background-meta":{"desktop":{"background-color":"var(--ast-global-color-5)","background-image":"","background-repeat":"repeat","background-position":"center center","background-size":"auto","background-attachment":"scroll","background-type":"","background-media":"","overlay-type":"","overlay-color":"","overlay-opacity":"","overlay-gradient":""},"tablet":{"background-color":"var(--ast-global-color-5)","background-image":"","background-repeat":"repeat","background-position":"center center","background-size":"auto","background-attachment":"scroll","background-type":"","background-media":"","overlay-type":"","overlay-color":"","overlay-opacity":"","overlay-gradient":""},"mobile":{"background-color":"var(--ast-global-color-5)","background-image":"","background-repeat":"repeat","background-position":"center center","background-size":"auto","background-attachment":"scroll","background-type":"","background-media":"","overlay-type":"","overlay-color":"","overlay-opacity":"","overlay-gradient":""}}},"pwb-brand":[332],"product_brand":[],"product_cat":[462,419],"product_tag":[],"class_list":{"0":"post-5703","1":"product","2":"type-product","3":"status-publish","4":"has-post-thumbnail","6":"pwb-brand-victron","7":"product_cat-cargador-de-baterias-24-v","8":"product_cat-cargadores-de-baterias","9":"desktop-align-left","10":"tablet-align-left","11":"mobile-align-left","12":"ast-product-gallery-layout-horizontal-slider","13":"ast-product-gallery-with-no-image","14":"ast-product-tabs-layout-horizontal","16":"first","17":"instock","18":"taxable","19":"shipping-taxable","20":"purchasable","21":"product-type-simple"},"wcpa_form_fields":null,"brands":[{"id":332,"name":"Victron Energie","slug":"victron"}],"_links":{"self":[{"href":"https:\/\/fvcomponentes.com\/de\/wp-json\/wp\/v2\/product\/5703","targetHints":{"allow":["GET"]}}],"collection":[{"href":"https:\/\/fvcomponentes.com\/de\/wp-json\/wp\/v2\/product"}],"about":[{"href":"https:\/\/fvcomponentes.com\/de\/wp-json\/wp\/v2\/types\/product"}],"replies":[{"embeddable":true,"href":"https:\/\/fvcomponentes.com\/de\/wp-json\/wp\/v2\/comments?post=5703"}],"wp:featuredmedia":[{"embeddable":true,"href":"https:\/\/fvcomponentes.com\/de\/wp-json\/wp\/v2\/media\/7916"}],"wp:attachment":[{"href":"https:\/\/fvcomponentes.com\/de\/wp-json\/wp\/v2\/media?parent=5703"}],"wp:term":[{"taxonomy":"pwb-brand","embeddable":true,"href":"https:\/\/fvcomponentes.com\/de\/wp-json\/wp\/v2\/pwb-brand?post=5703"},{"taxonomy":"product_brand","embeddable":true,"href":"https:\/\/fvcomponentes.com\/de\/wp-json\/wp\/v2\/product_brand?post=5703"},{"taxonomy":"product_cat","embeddable":true,"href":"https:\/\/fvcomponentes.com\/de\/wp-json\/wp\/v2\/product_cat?post=5703"},{"taxonomy":"product_tag","embeddable":true,"href":"https:\/\/fvcomponentes.com\/de\/wp-json\/wp\/v2\/product_tag?post=5703"}],"curies":[{"name":"wp","href":"https:\/\/api.w.org\/{rel}","templated":true}]}}