{"id":5701,"date":"2024-01-19T19:29:44","date_gmt":"2024-01-19T18:29:44","guid":{"rendered":"https:\/\/fvcomponentes.com\/?post_type=product&#038;p=5701"},"modified":"2026-04-04T12:49:25","modified_gmt":"2026-04-04T10:49:25","slug":"ladegerat-victron-phoenix-smart-ip43-24-16-11-120-240v-psc241651095","status":"publish","type":"product","link":"https:\/\/fvcomponentes.com\/de\/producto\/cargador-victron-phoenix-smart-ip43-24-16-11-120-240v-psc241651095\/","title":{"rendered":"Ladeger\u00e4t Victron Phoenix Smart IP43 24\/16 (1+1) 120-240V - PSC241651095"},"content":{"rendered":"<h2>Merkmale Victron Phoenix Smart Ladeger\u00e4t IP43 24\/16 (1+1) 120-240V<\/h2>\n<h2>Integriertes Bluetooth Smart<\/h2>\n<p>Das Victron Phoenix Smart IP43 24\/16 (1+1) 120-240V Ladeger\u00e4t verf\u00fcgt \u00fcber eine integrierte drahtlose L\u00f6sung zur Konfiguration, \u00dcberwachung, Steuerung, Aktualisierung und Synchronisierung der Phoenix Smart IP43 Ladeger\u00e4te.<\/p>\n<h2>Phoenix Smart (1+1): zwei Steckdosen zum Laden von 2 Batterieb\u00e4nken<\/h2>\n<p>Der zweite Ausgang, der auf etwa 4 A begrenzt ist und eine etwas niedrigere Ausgangsspannung aufweist, ist f\u00fcr die vollst\u00e4ndige Aufladung einer Starterbatterie vorgesehen.<\/p>\n<h2>Phoenix Smart (3): drei Vollstromausg\u00e4nge zum Laden von 3 Batterieb\u00e4nken<\/h2>\n<p>Jeder der Ausg\u00e4nge kann den vollen Ausgangsnennstrom liefern. Die drei Ausg\u00e4nge zusammen k\u00f6nnen jedoch niemals den Nennstrom des Ladeger\u00e4ts \u00fcberschreiten.<\/p>\n<h2>Automatische Spannungskompensation<\/h2>\n<p>Das Victron Phoenix Smart IP43 24\/16 (1+1) 120-240V-Ladeger\u00e4t kompensiert den Spannungsabfall von Gleichstromkabeln, indem es die Ausgangsspannung bei steigendem Gleichstrom schrittweise erh\u00f6ht. Weitere Informationen entnehmen Sie bitte dem Handbuch.<\/p>\n<h2>6-stufiger adaptiver Ladealgorithmus: Erstladung - Absorption - Rekonditionierung - Floating - Speicherung - Auffrischung<\/h2>\n<p>Der Phoenix Smart Charger verf\u00fcgt \u00fcber unser bekanntes \"adaptives\" Batteriemanagementsystem, das f\u00fcr verschiedene Batterietypen konfiguriert werden kann. Seine \"adaptive\" Funktion optimiert den Ladevorgang automatisch entsprechend der Nutzung der Batterie.<\/p>\n<h2>Das richtige Ma\u00df an Belastung: adaptive Absorptionszeit<\/h2>\n<p>Bei geringer Entladung (z. B. bei einer an den Ponton angeschlossenen Yacht) wird die Absorptionsladephase verk\u00fcrzt, um eine \u00dcberladung der Batterie zu vermeiden. Nach einer Tiefentladung wird die Absorptionsladezeit automatisch verl\u00e4ngert, um eine vollst\u00e4ndige Wiederaufladung der Batterie zu gew\u00e4hrleisten.<\/p>\n<h2>Verhinderung von Sch\u00e4den durch \u00dcbergasung: BatterySafe-Modus<\/h2>\n<p>Wenn zum schnellen Laden einer Batterie eine Kombination aus hohem Ladestrom und hoher Absorptionsspannung gew\u00e4hlt wurde, verhindert das Ladeger\u00e4t Sch\u00e4den durch \u00dcbergasung, indem es den Spannungsanstieg automatisch begrenzt, sobald die Gasungsspannung erreicht ist.<\/p>\n<h2>Geringere Alterung und geringerer Wartungsbedarf, wenn die Batterie nicht benutzt wird: Speichermodus.<\/h2>\n<p>Der Speichermodus wird aktiviert, wenn die Batterie 24 Stunden lang nicht entladen wurde. Im Lagermodus wird die Erhaltungsspannung auf 2,2 V\/Zelle (13,2 V f\u00fcr 12-V-Batterien) reduziert, um die Gasbildung und Korrosion der positiven Platten zu minimieren. Einmal pro Woche wird die Spannung wieder auf das Absorptionsniveau angehoben, um die Batterie \"auszugleichen\".<br \/>\nBatterie. Diese Funktion verhindert die Schichtung des Elektrolyts und die Sulfatierung, die Hauptursachen f\u00fcr Batterieausf\u00e4lle.<\/p>\n<h2>l\u00e4dt auch Lithium-Ionen-Batterien (LiFePO\u2084)<\/h2>\n<p>Eine einfache Ein\/Aus-Steuerung kann durch den Anschluss eines Relais oder Optokopplers mit Open-Collector-Ausgang von einem Li-Ion-BMS an den Remote-Ein\/Aus-Anschluss realisiert werden. Alternativ ist es auch m\u00f6glich, eine vollst\u00e4ndige Spannungs- und Stromsteuerung \u00fcber Bluetooth zu realisieren.<\/p>\n<h2>Vollst\u00e4ndig programmierbarer Ladealgorithmus in der<\/h2>\n<h2>Ladeger\u00e4t Victron Phoenix Smart IP43 24\/16 (1+1) 120-240V<\/h2>\n<p>Der Ladealgorithmus kann \u00fcber Bluetooth oder die VE.Direct-Schnittstelle programmiert werden. Drei vorprogrammierte Ladealgorithmen k\u00f6nnen mit der Modustaste ausgew\u00e4hlt werden (siehe Spezifikationen).<\/p>\n<h2>Optionaler externer Batteriespannungs- und Temperatursensor \u00fcber Bluetooth<\/h2>\n<p>Ein Smart Battery Sense-Sensor oder BMV-712 Smart Battery Monitor kann verwendet werden, um Batteriespannung und -temperatur an ein oder mehrere Phoenix Smart IP43-Ladeger\u00e4te zu \u00fcbermitteln.<\/p>\n<h2>Fernbedienung ein\/aus<\/h2>\n<ul>\n<li>Die Fernein- und -ausschaltung besteht aus zwei Klemmen: H remote und L remote.<\/li>\n<li>Ein ferngesteuerter Ein\/Aus-Schalter oder ein Relaiskontakt kann zwischen H und L angeschlossen werden.<\/li>\n<li>Alternativ kann die H-Klemme auf einen h\u00f6heren oder die L-Klemme auf einen niedrigeren Pegel eingestellt werden.<br \/>\n<em>Siehe Handbuch f\u00fcr Details.<\/em><\/li>\n<\/ul>\n<h2>VE.Direktschnittstelle<\/h2>\n<p>F\u00fcr eine kabelgebundene Datenverbindung zu einem GX-Ger\u00e4t, wie z. B. dem <a href=\"https:\/\/fvcomponentes.com\/de\/produkt\/victron-cerbo-gx-mk2-bpp900451100-victron-cerbo-mk2-monitor\/\" target=\"_blank\" rel=\"noopener\">Victron Cerbo GX MK2 \u00dcberwachung - BPP900451100<\/a>zu einem PC oder anderen Ger\u00e4ten. Sie erm\u00f6glicht auch die Funktion \"Sofortige Anzeige\" durch <a href=\"https:\/\/www.victronenergy.com.es\/panel-systems-remote-monitoring\/victronconnect\" target=\"_blank\" rel=\"noopener\">VictronConnect<\/a> aus der Ferne vom VRM.<\/p>\n<h2>Programmierbares Relais<\/h2>\n<p>Es kann mit der VE.Direct-Schnittstelle oder einem Bluetooth-f\u00e4higen Ger\u00e4t programmiert werden, um einen Alarm oder andere Ereignisse auszul\u00f6sen.<\/p>\n<h2>Synchronisiertes Laden<\/h2>\n<p>Beim Koppeln von zwei oder mehr Phoenix Smart IP43-Ladeger\u00e4ten in einem VE.S-Netzwerk<\/p>\n<h2>Datenblatt Victron Phoenix Smart Ladeger\u00e4t IP43 24\/16 (1+1) 120-240V - PSC241651095<\/h2>\n<p><a href=\"https:\/\/fvcomponentes.com\/wp-content\/uploads\/2023\/03\/120-240-Datasheet-Phoenix-Smart-IP43-Charger-ES.pdf\" target=\"_blank\" rel=\"noopener\">Victron Phoenix Smart Charger IP43 24\/16 (1+1) 120-240V - PSC241651095 Datenblatt anzeigen<\/a><\/p>","protected":false},"excerpt":{"rendered":"<p><strong>Eingangsspannung: <\/strong>85 - 250 VAC (volle Leistung ab 100 VAC, Start ab 90 VAC)<br \/>\n<strong>DC-Eingangsspannungsbereich: <\/strong>90 - 375 VDC<br \/>\n<strong>H\u00e4ufigkeit: <\/strong>45-65 Hz<br \/>\n<strong>Ladestrom der Hilfsbatterie: <\/strong>16A<br \/>\n<strong>Niedrigstrom-Modus: <\/strong>8A<br \/>\n<strong>Gewicht: <\/strong>2,7kg<br \/>\n<strong>Abmessungen: <\/strong>180 x 249 x 116 mm<\/p>","protected":false},"featured_media":7913,"comment_status":"open","ping_status":"closed","template":"","meta":{"site-sidebar-layout":"default","site-content-layout":"default","ast-site-content-layout":"default","site-content-style":"default","site-sidebar-style":"default","ast-global-header-display":"","ast-banner-title-visibility":"","ast-main-header-display":"","ast-hfb-above-header-display":"","ast-hfb-below-header-display":"","ast-hfb-mobile-header-display":"","site-post-title":"","ast-breadcrumbs-content":"","ast-featured-img":"","footer-sml-layout":"","ast-disable-related-posts":"","theme-transparent-header-meta":"default","adv-header-id-meta":"","stick-header-meta":"","header-above-stick-meta":"","header-main-stick-meta":"","header-below-stick-meta":"","astra-migrate-meta-layouts":"set","ast-page-background-enabled":"default","ast-page-background-meta":{"desktop":{"background-color":"var(--ast-global-color-4)","background-image":"","background-repeat":"repeat","background-position":"center center","background-size":"auto","background-attachment":"scroll","background-type":"","background-media":"","overlay-type":"","overlay-color":"","overlay-opacity":"","overlay-gradient":""},"tablet":{"background-color":"","background-image":"","background-repeat":"repeat","background-position":"center center","background-size":"auto","background-attachment":"scroll","background-type":"","background-media":"","overlay-type":"","overlay-color":"","overlay-opacity":"","overlay-gradient":""},"mobile":{"background-color":"","background-image":"","background-repeat":"repeat","background-position":"center center","background-size":"auto","background-attachment":"scroll","background-type":"","background-media":"","overlay-type":"","overlay-color":"","overlay-opacity":"","overlay-gradient":""}},"ast-content-background-meta":{"desktop":{"background-color":"var(--ast-global-color-5)","background-image":"","background-repeat":"repeat","background-position":"center center","background-size":"auto","background-attachment":"scroll","background-type":"","background-media":"","overlay-type":"","overlay-color":"","overlay-opacity":"","overlay-gradient":""},"tablet":{"background-color":"var(--ast-global-color-5)","background-image":"","background-repeat":"repeat","background-position":"center center","background-size":"auto","background-attachment":"scroll","background-type":"","background-media":"","overlay-type":"","overlay-color":"","overlay-opacity":"","overlay-gradient":""},"mobile":{"background-color":"var(--ast-global-color-5)","background-image":"","background-repeat":"repeat","background-position":"center center","background-size":"auto","background-attachment":"scroll","background-type":"","background-media":"","overlay-type":"","overlay-color":"","overlay-opacity":"","overlay-gradient":""}}},"pwb-brand":[332],"product_brand":[],"product_cat":[462,419],"product_tag":[],"class_list":{"0":"post-5701","1":"product","2":"type-product","3":"status-publish","4":"has-post-thumbnail","6":"pwb-brand-victron","7":"product_cat-cargador-de-baterias-24-v","8":"product_cat-cargadores-de-baterias","9":"desktop-align-left","10":"tablet-align-left","11":"mobile-align-left","12":"ast-product-gallery-layout-horizontal-slider","13":"ast-product-gallery-with-no-image","14":"ast-product-tabs-layout-horizontal","16":"first","17":"instock","18":"taxable","19":"shipping-taxable","20":"purchasable","21":"product-type-simple"},"wcpa_form_fields":null,"brands":[{"id":332,"name":"Victron Energie","slug":"victron"}],"_links":{"self":[{"href":"https:\/\/fvcomponentes.com\/de\/wp-json\/wp\/v2\/product\/5701","targetHints":{"allow":["GET"]}}],"collection":[{"href":"https:\/\/fvcomponentes.com\/de\/wp-json\/wp\/v2\/product"}],"about":[{"href":"https:\/\/fvcomponentes.com\/de\/wp-json\/wp\/v2\/types\/product"}],"replies":[{"embeddable":true,"href":"https:\/\/fvcomponentes.com\/de\/wp-json\/wp\/v2\/comments?post=5701"}],"wp:featuredmedia":[{"embeddable":true,"href":"https:\/\/fvcomponentes.com\/de\/wp-json\/wp\/v2\/media\/7913"}],"wp:attachment":[{"href":"https:\/\/fvcomponentes.com\/de\/wp-json\/wp\/v2\/media?parent=5701"}],"wp:term":[{"taxonomy":"pwb-brand","embeddable":true,"href":"https:\/\/fvcomponentes.com\/de\/wp-json\/wp\/v2\/pwb-brand?post=5701"},{"taxonomy":"product_brand","embeddable":true,"href":"https:\/\/fvcomponentes.com\/de\/wp-json\/wp\/v2\/product_brand?post=5701"},{"taxonomy":"product_cat","embeddable":true,"href":"https:\/\/fvcomponentes.com\/de\/wp-json\/wp\/v2\/product_cat?post=5701"},{"taxonomy":"product_tag","embeddable":true,"href":"https:\/\/fvcomponentes.com\/de\/wp-json\/wp\/v2\/product_tag?post=5701"}],"curies":[{"name":"wp","href":"https:\/\/api.w.org\/{rel}","templated":true}]}}