{"id":5668,"date":"2024-01-19T19:29:47","date_gmt":"2024-01-19T18:29:47","guid":{"rendered":"https:\/\/fvcomponentes.com\/?post_type=product&#038;p=5668"},"modified":"2026-04-08T21:34:50","modified_gmt":"2026-04-08T19:34:50","slug":"ladegerat-victron-phoenix-smart-ip43-12-30-11-230v-psc123051085","status":"publish","type":"product","link":"https:\/\/fvcomponentes.com\/de\/producto\/cargador-victron-phoenix-smart-ip43-12-30-11-230v-psc123051085\/","title":{"rendered":"Ladeger\u00e4t Victron Phoenix Smart IP43 12\/30 (1+1) 230V - PSC123051085"},"content":{"rendered":"<h2 class=\"tw-data-text tw-text-large tw-ta\" dir=\"ltr\" data-placeholder=\"Traducci\u00f3n\"><span class=\"Y2IQFc\" lang=\"es\">Integriertes Bluetooth Smart<\/span><\/h2>\n<p class=\"tw-data-text tw-text-large tw-ta\" dir=\"ltr\" data-placeholder=\"Traducci\u00f3n\"><span class=\"Y2IQFc\" lang=\"es\">Die drahtlose L\u00f6sung f\u00fcr die Konfiguration, \u00dcberwachung, Steuerung und Aktualisierung von Phoenix Smart IP43-Ladeger\u00e4ten. <\/span><\/p>\n<h2 class=\"tw-data-text tw-text-large tw-ta\" dir=\"ltr\" data-placeholder=\"Traducci\u00f3n\"><span class=\"Y2IQFc\" lang=\"es\">Phoenix Smart (1+1): zwei Ausg\u00e4nge zum Laden von 2 Batterieb\u00e4nken<\/span><\/h2>\n<p class=\"tw-data-text tw-text-large tw-ta\" dir=\"ltr\" data-placeholder=\"Traducci\u00f3n\"><span class=\"Y2IQFc\" lang=\"es\">Der zweite Ausgang, der auf etwa 3 A begrenzt ist und eine etwas niedrigere Ausgangsspannung aufweist, ist f\u00fcr das Aufladen einer Starterbatterie vorgesehen. <\/span><\/p>\n<h2 class=\"tw-data-text tw-text-large tw-ta\" dir=\"ltr\" data-placeholder=\"Traducci\u00f3n\"><span class=\"Y2IQFc\" lang=\"es\">Phoenix Smart (3): drei Vollstromausg\u00e4nge zum Laden von 3 Batterieb\u00e4nken<\/span><\/h2>\n<p class=\"tw-data-text tw-text-large tw-ta\" dir=\"ltr\" data-placeholder=\"Traducci\u00f3n\"><span class=\"Y2IQFc\" lang=\"es\">Jeder Ausgang kann den vollen Ausgangsnennstrom liefern. Die Summe der 3 Ausg\u00e4nge zusammen kann jedoch niemals den Nennstrom des Ladeger\u00e4ts \u00fcberschreiten. <\/span><\/p>\n<h2 class=\"tw-data-text tw-text-large tw-ta\" dir=\"ltr\" data-placeholder=\"Traducci\u00f3n\"><span class=\"Y2IQFc\" lang=\"es\">Automatische Spannungskompensation<\/span><\/h2>\n<p class=\"tw-data-text tw-text-large tw-ta\" dir=\"ltr\" data-placeholder=\"Traducci\u00f3n\"><span class=\"Y2IQFc\" lang=\"es\">Das Ladeger\u00e4t gleicht den Spannungsabfall in der Gleichstromleitung aus, indem es die Ausgangsspannung leicht erh\u00f6ht, wenn der Gleichstrom ansteigt.<\/span><\/p>\n<h2 class=\"tw-data-text tw-text-large tw-ta\" dir=\"ltr\" data-placeholder=\"Traducci\u00f3n\"><span class=\"Y2IQFc\" lang=\"es\">6-stufiger adaptiver Ladealgorithmus: Volumen, Absorption, Rekonditionierung, Floating, Speichern, Auffrischen<\/span><\/h2>\n<p class=\"tw-data-text tw-text-large tw-ta\" dir=\"ltr\" data-placeholder=\"Traducci\u00f3n\"><span class=\"Y2IQFc\" lang=\"es\">Der Phoenix Smart Charger verf\u00fcgt \u00fcber unser beliebtes \"adaptives\" Batteriemanagementsystem, das f\u00fcr verschiedene Batterietypen voreingestellt werden kann. Die \"adaptive\" Funktion optimiert den Ladevorgang automatisch in Abh\u00e4ngigkeit von der Art der Nutzung der Batterie. <\/span><\/p>\n<h2 id=\"tw-target-text\" class=\"tw-data-text tw-text-large tw-ta\" dir=\"ltr\" data-placeholder=\"Traducci\u00f3n\"><span class=\"Y2IQFc\" lang=\"es\">Weniger Wartung und Alterung, wenn die Batterie nicht benutzt wird: Lagerungsmodus<\/span><\/h2>\n<p class=\"tw-data-text tw-text-large tw-ta\" dir=\"ltr\" data-placeholder=\"Traducci\u00f3n\"><span class=\"Y2IQFc\" lang=\"es\">Der Speichermodus wird aktiviert, wenn die Batterie 24 Stunden lang nicht entladen wurde. Im Lagermodus wird die Erhaltungsspannung auf 2,2 V\/Zelle (13,2 V f\u00fcr eine 12-V-Batterie) reduziert, um die Gasbildung und Korrosion der positiven Platten zu minimieren. Einmal pro Woche wird die Spannung wieder auf das Absorptionsniveau angehoben, um die Batterie \"auszugleichen\". Diese Funktion verhindert eine Elektrolytschichtung und Sulfatierung, ein Hauptfaktor f\u00fcr ein fr\u00fchzeitiges Versagen der Batterie. <\/span><\/p>\n<h2 class=\"tw-data-text tw-text-large tw-ta\" dir=\"ltr\" data-placeholder=\"Traducci\u00f3n\"><span class=\"Y2IQFc\" lang=\"es\">Temperatur- und Spannungsmessung des optionalen externen Akkus \u00fcber Bluetooth<\/span><\/h2>\n<p class=\"tw-data-text tw-text-large tw-ta\" dir=\"ltr\" data-placeholder=\"Traducci\u00f3n\"><span class=\"Y2IQFc\" lang=\"es\">Ein intelligenter Batteriesensor, ein SmartShunt oder ein intelligenter Batteriemonitor BMV-712 kann verwendet werden, um Batteriespannung und -temperatur an ein oder mehrere Phoenix Smart IP43-Ladeger\u00e4te \u00fcber VE.Smart-Netzwerke zu \u00fcbermitteln. <\/span><\/p>\n<h2 class=\"tw-data-text tw-text-large tw-ta\" dir=\"ltr\" data-placeholder=\"Traducci\u00f3n\"><span class=\"Y2IQFc\" lang=\"es\">Fernbedienung ein\/aus<\/span><\/h2>\n<p class=\"tw-data-text tw-text-large tw-ta\" dir=\"ltr\" data-placeholder=\"Traducci\u00f3n\"><span class=\"Y2IQFc\" lang=\"es\">Die Fern-Ein\/Aus-Funktion besteht aus zwei Klemmen: Remote H und Remote L. Ein Fern-Ein\/Aus-Schalter oder ein Relaiskontakt kann zwischen H und L angeschlossen werden. Alternativ kann die H-Klemme auf High gestellt oder die L-Klemme auf Low gezogen werden. Siehe Handbuch f\u00fcr Details.<\/span><\/p>\n<h2 class=\"tw-data-text tw-text-large tw-ta\" dir=\"ltr\" data-placeholder=\"Traducci\u00f3n\"><span class=\"Y2IQFc\" lang=\"es\"> VE.Direktschnittstelle<\/span><\/h2>\n<p class=\"tw-data-text tw-text-large tw-ta\" dir=\"ltr\" data-placeholder=\"Traducci\u00f3n\"><span class=\"Y2IQFc\" lang=\"es\">F\u00fcr eine kabelgebundene Datenverbindung zu einem GX-Ger\u00e4t, wie z. B. dem <a href=\"https:\/\/fvcomponentes.com\/de\/produkt\/victron-cerbo-gx-mk2-bpp900451100-victron-cerbo-mk2-monitor\/\" target=\"_blank\" rel=\"noopener\">\u00dcberwachung Victron Cerbo GX MK2 - BPP900451100,<\/a>\u00a0PC oder anderen Ger\u00e4ten. Sie erm\u00f6glicht auch das sofortige Auslesen \u00fcber VictronConnect aus der Ferne von VRM. Siehe VictronConnect Anwendung <\/span><\/p>\n<h2 class=\"tw-data-text tw-text-large tw-ta\" dir=\"ltr\" data-placeholder=\"Traducci\u00f3n\"><span class=\"Y2IQFc\" lang=\"es\">Programmierbares Relais<\/span><\/h2>\n<p class=\"tw-data-text tw-text-large tw-ta\" dir=\"ltr\" data-placeholder=\"Traducci\u00f3n\"><span class=\"Y2IQFc\" lang=\"es\">Kann \u00fcber die VE.Direct-Schnittstelle oder ein Bluetooth-f\u00e4higes Ger\u00e4t programmiert werden, um einen Alarm oder andere Ereignisse auszul\u00f6sen<\/span><\/p>\n<h2 dir=\"ltr\" data-placeholder=\"Traducci\u00f3n\">Datenblatt Victron Phoenix Smart Ladeger\u00e4t IP43 12\/30 (1+1) 230V - PSC123051085<\/h2>\n<p dir=\"ltr\" data-placeholder=\"Traducci\u00f3n\"><a href=\"https:\/\/fvcomponentes.com\/wp-content\/uploads\/2023\/03\/Datasheet-Phoenix-Smart-IP43-Charger-230V-EN.pdf\" target=\"_blank\" rel=\"noopener\">Siehe Victron Phoenix Smart Charger IP43 12\/30 (1+1) Datenblatt - PSC123051085<\/a><\/p>","protected":false},"excerpt":{"rendered":"<p id=\"tw-target-text\" class=\"tw-data-text tw-text-large tw-ta\" dir=\"ltr\" data-placeholder=\"Traducci\u00f3n\"><strong><span class=\"Y2IQFc\" lang=\"es\">Eingangsspannung: <\/span><\/strong><span class=\"Y2IQFc\" lang=\"es\">230 VAC (Bereich: 210 - 250 V)<\/span><strong><span class=\"Y2IQFc\" lang=\"es\"><br \/>\nDC-Eingangsspannung: <\/span><\/strong><span class=\"Y2IQFc\" lang=\"es\">290 - 355 VDC<\/span><strong><span class=\"Y2IQFc\" lang=\"es\"><br \/>\nH\u00e4ufigkeit:<\/span><\/strong><span class=\"Y2IQFc\" lang=\"es\">\u00a0<\/span><span class=\"Y2IQFc\" lang=\"es\">45-65 Hz<\/span><strong><span class=\"Y2IQFc\" lang=\"es\"><br \/>\nLeistungsfaktor: <\/span><\/strong><span class=\"Y2IQFc\" lang=\"es\">0,7<\/span><strong><span class=\"Y2IQFc\" lang=\"es\"><br \/>\nLadestrom der Hausbatterie:<\/span><\/strong><span class=\"Y2IQFc\" lang=\"es\"> 30\/50A<\/span><strong><span class=\"Y2IQFc\" lang=\"es\"><br \/>\nNiedrigstrom-Modus: <\/span><\/strong><span class=\"Y2IQFc\" lang=\"es\">15\/25a<\/span><strong><span class=\"Y2IQFc\" lang=\"es\"><br \/>\n<\/span><span class=\"Y2IQFc\" lang=\"es\">Gewicht: <\/span><\/strong><span class=\"Y2IQFc\" lang=\"es\">3,5 kg\u00a0<\/span><strong><span class=\"Y2IQFc\" lang=\"es\"><br \/>\nAbmessungen: <\/span><\/strong><span class=\"Y2IQFc\" lang=\"es\">180 x 249 x 100 mm<\/span><\/p>","protected":false},"featured_media":5672,"comment_status":"open","ping_status":"closed","template":"","meta":{"site-sidebar-layout":"default","site-content-layout":"default","ast-site-content-layout":"default","site-content-style":"default","site-sidebar-style":"default","ast-global-header-display":"","ast-banner-title-visibility":"","ast-main-header-display":"","ast-hfb-above-header-display":"","ast-hfb-below-header-display":"","ast-hfb-mobile-header-display":"","site-post-title":"","ast-breadcrumbs-content":"","ast-featured-img":"","footer-sml-layout":"","ast-disable-related-posts":"","theme-transparent-header-meta":"default","adv-header-id-meta":"","stick-header-meta":"","header-above-stick-meta":"","header-main-stick-meta":"","header-below-stick-meta":"","astra-migrate-meta-layouts":"set","ast-page-background-enabled":"default","ast-page-background-meta":{"desktop":{"background-color":"var(--ast-global-color-4)","background-image":"","background-repeat":"repeat","background-position":"center center","background-size":"auto","background-attachment":"scroll","background-type":"","background-media":"","overlay-type":"","overlay-color":"","overlay-opacity":"","overlay-gradient":""},"tablet":{"background-color":"","background-image":"","background-repeat":"repeat","background-position":"center center","background-size":"auto","background-attachment":"scroll","background-type":"","background-media":"","overlay-type":"","overlay-color":"","overlay-opacity":"","overlay-gradient":""},"mobile":{"background-color":"","background-image":"","background-repeat":"repeat","background-position":"center center","background-size":"auto","background-attachment":"scroll","background-type":"","background-media":"","overlay-type":"","overlay-color":"","overlay-opacity":"","overlay-gradient":""}},"ast-content-background-meta":{"desktop":{"background-color":"var(--ast-global-color-5)","background-image":"","background-repeat":"repeat","background-position":"center center","background-size":"auto","background-attachment":"scroll","background-type":"","background-media":"","overlay-type":"","overlay-color":"","overlay-opacity":"","overlay-gradient":""},"tablet":{"background-color":"var(--ast-global-color-5)","background-image":"","background-repeat":"repeat","background-position":"center center","background-size":"auto","background-attachment":"scroll","background-type":"","background-media":"","overlay-type":"","overlay-color":"","overlay-opacity":"","overlay-gradient":""},"mobile":{"background-color":"var(--ast-global-color-5)","background-image":"","background-repeat":"repeat","background-position":"center center","background-size":"auto","background-attachment":"scroll","background-type":"","background-media":"","overlay-type":"","overlay-color":"","overlay-opacity":"","overlay-gradient":""}}},"pwb-brand":[332],"product_brand":[],"product_cat":[419,461],"product_tag":[],"class_list":{"0":"post-5668","1":"product","2":"type-product","3":"status-publish","4":"has-post-thumbnail","6":"pwb-brand-victron","7":"product_cat-cargadores-de-baterias","8":"product_cat-cargador-de-baterias-12-v","9":"desktop-align-left","10":"tablet-align-left","11":"mobile-align-left","12":"ast-product-gallery-layout-horizontal-slider","13":"ast-product-tabs-layout-horizontal","15":"first","16":"instock","17":"taxable","18":"shipping-taxable","19":"purchasable","20":"product-type-simple"},"wcpa_form_fields":null,"brands":[{"id":332,"name":"Victron Energie","slug":"victron"}],"_links":{"self":[{"href":"https:\/\/fvcomponentes.com\/de\/wp-json\/wp\/v2\/product\/5668","targetHints":{"allow":["GET"]}}],"collection":[{"href":"https:\/\/fvcomponentes.com\/de\/wp-json\/wp\/v2\/product"}],"about":[{"href":"https:\/\/fvcomponentes.com\/de\/wp-json\/wp\/v2\/types\/product"}],"replies":[{"embeddable":true,"href":"https:\/\/fvcomponentes.com\/de\/wp-json\/wp\/v2\/comments?post=5668"}],"wp:featuredmedia":[{"embeddable":true,"href":"https:\/\/fvcomponentes.com\/de\/wp-json\/wp\/v2\/media\/5672"}],"wp:attachment":[{"href":"https:\/\/fvcomponentes.com\/de\/wp-json\/wp\/v2\/media?parent=5668"}],"wp:term":[{"taxonomy":"pwb-brand","embeddable":true,"href":"https:\/\/fvcomponentes.com\/de\/wp-json\/wp\/v2\/pwb-brand?post=5668"},{"taxonomy":"product_brand","embeddable":true,"href":"https:\/\/fvcomponentes.com\/de\/wp-json\/wp\/v2\/product_brand?post=5668"},{"taxonomy":"product_cat","embeddable":true,"href":"https:\/\/fvcomponentes.com\/de\/wp-json\/wp\/v2\/product_cat?post=5668"},{"taxonomy":"product_tag","embeddable":true,"href":"https:\/\/fvcomponentes.com\/de\/wp-json\/wp\/v2\/product_tag?post=5668"}],"curies":[{"name":"wp","href":"https:\/\/api.w.org\/{rel}","templated":true}]}}