{"id":5667,"date":"2024-01-19T19:29:56","date_gmt":"2024-01-19T18:29:56","guid":{"rendered":"https:\/\/fvcomponentes.com\/?post_type=product&#038;p=5667"},"modified":"2026-04-04T12:47:50","modified_gmt":"2026-04-04T10:47:50","slug":"ladegerat-victron-blue-smart-ip67-24v-12a-230vac-bpc241247006","status":"publish","type":"product","link":"https:\/\/fvcomponentes.com\/de\/producto\/cargador-victron-blue-smart-ip67-24v-12a-230vac-bpc241247006\/","title":{"rendered":"Ladeger\u00e4t Victron Blue Smart IP67 24V 12A 230VAC - BPC241247006"},"content":{"rendered":"<h2>Eigenschaften des Victron Blue Smart IP67 Ladeger\u00e4ts 24V 12A 230VAC Bluetooth Smart Enabled<\/h2>\n<p>Das Victron Blue Smart IP67 24V 12A 230VAC Ladeger\u00e4t ist die kabellose L\u00f6sung zur \u00dcberwachung von Spannung und Stromst\u00e4rke, zur \u00c4nderung von Einstellungen und zur Aktualisierung des Ladeger\u00e4ts, wenn neue Funktionen verf\u00fcgbar sind. Dank Bluetooth ist die Funktionalit\u00e4t des IP67-Ladeger\u00e4ts erweitert und \u00e4hnelt unseren IP22- und IP65-Ladeger\u00e4ten.<\/p>\n<h2>Vollst\u00e4ndig gekapselt: wasserdicht, sto\u00dffest und feuerfest<\/h2>\n<p>Wasser, \u00d6l und Schmutz k\u00f6nnen dem Blue Smart IP67-Ladeger\u00e4t nichts anhaben. Sein Geh\u00e4use besteht aus Aluminiumguss und die elektronischen Komponenten sind in Harz gegossen.<\/p>\n<h2>Die h\u00f6chste Effizienz aller Zeiten!<\/h2>\n<p>Wir haben einen neuen Industriestandard gesetzt: Obwohl sie einen Wirkungsgrad von 92% oder besser haben, erzeugen diese Ladeger\u00e4te drei bis vier Mal weniger<br \/>\nW\u00e4rme. Und wenn die Batterie voll aufgeladen ist, sinkt der Stromverbrauch auf weniger als ein Watt, f\u00fcnf- bis zehnmal weniger als bei der Norm.<br \/>\nSektor.<\/p>\n<h2>5-stufiger Algorithmus f\u00fcr variable Beladung: Erstbeladung - Absorption - Rekonditionierung - Flotation - Lagerung<\/h2>\n<p>Das Blue Smart Ladeger\u00e4t verf\u00fcgt \u00fcber ein mikroprozessorgesteuertes \"adaptives\" Batteriemanagement. Seine \"adaptive\" Funktion optimiert die<br \/>\nautomatisch den Ladevorgang in Abh\u00e4ngigkeit von der Nutzung der Batterie.<\/p>\n<h2>Lagermodus: Geringere Alterung und weniger Wartungsbedarf, wenn die Batterie nicht benutzt wird<\/h2>\n<p>Der Speichermodus wird aktiviert, wenn die Batterie 24 Stunden lang nicht entladen wurde. Im Lagermodus wird die Erhaltungsspannung auf 2,2 V\/Zelle (13,2 V bei 12-V-Batterien) reduziert, um Gasbildung und Korrosion der positiven Platten zu verringern. Einmal pro Woche wird die Spannung wieder auf das Absorptionsniveau angehoben, um die Batterie \"auszugleichen\". Diese Funktion verhindert die Schichtung des Elektrolyts und die Sulfatierung, die Hauptursachen f\u00fcr Batterieausf\u00e4lle.<\/p>\n<h2>L\u00e4dt auch Li-Ion-Batterien<\/h2>\n<p>Li-Ionen-Batterien werden mit einem einfachen Algorithmus aus Anfangsladung, Absorption und Float geladen.<\/p>\n<h2>Funktion zur Wiederherstellung einer vollst\u00e4ndig entladenen Batterie<\/h2>\n<p>Es beginnt den Ladevorgang auch dann, wenn die Batterie auf Null Volt entladen ist. Mit der internen Trennfunktion wird die Verbindung zu einer vollst\u00e4ndig entladenen Lithium-Ionen-Batterie wiederhergestellt.<\/p>\n<h2>Schutz vor \u00dcberhitzung<\/h2>\n<p>Es kann in hei\u00dfen Umgebungen, z. B. in einem Maschinenraum, verwendet werden. Der Ausgangsstrom sinkt, wenn die Temperatur auf 60 \u00b0C steigt, aber das Ladeger\u00e4t f\u00e4llt nicht aus.<\/p>\n<h2>Zwei LED-Statusanzeigen<\/h2>\n<p>Gelbe LED: Anfangsladung (schnelles Blinken), Absorption (langsames Blinken), Schwebezustand (konstant), Speicherung (aus)<br \/>\nGr\u00fcne LED: eingeschaltet<\/p>\n<h2>Technisches Datenblatt Ladeger\u00e4t <a href=\"https:\/\/www.victronenergy.com.es\/\" target=\"_blank\" rel=\"noopener\">Victron <\/a>Blau Smart IP67 24V 12A 230VAC - BPC241247006<\/h2>\n<p><a href=\"https:\/\/fvcomponentes.com\/wp-content\/uploads\/2023\/03\/Datasheet-Blue-Smart-IP67-Charger-230VAC-ES.pdf\" target=\"_blank\" rel=\"noopener\">Victron Blue Smart IP67 Ladeger\u00e4t 24V 12A 230VAC ansehen - BPC241247006<\/a><\/p>","protected":false},"excerpt":{"rendered":"<p><strong>Eingangsspannung und Frequenzbereich:<\/strong> 180-265 VAC 45-65 Hz<br \/>\n<strong>Effizienz:<\/strong> 96%<br \/>\n<strong>Verbrauch im Leerlauf:<\/strong> 0,5W<br \/>\n<strong>Stromaufladung, normaler Modus:<\/strong> 12A<br \/>\n<strong>Laststrom, LOW:<\/strong> 4A<br \/>\n<strong>Gewicht:<\/strong> 2,4kg<br \/>\n<strong>Abmessungen:<\/strong> 99 x 219 x 65 mm<\/p>","protected":false},"featured_media":5659,"comment_status":"open","ping_status":"closed","template":"","meta":{"site-sidebar-layout":"default","site-content-layout":"default","ast-site-content-layout":"default","site-content-style":"default","site-sidebar-style":"default","ast-global-header-display":"","ast-banner-title-visibility":"","ast-main-header-display":"","ast-hfb-above-header-display":"","ast-hfb-below-header-display":"","ast-hfb-mobile-header-display":"","site-post-title":"","ast-breadcrumbs-content":"","ast-featured-img":"","footer-sml-layout":"","ast-disable-related-posts":"","theme-transparent-header-meta":"default","adv-header-id-meta":"","stick-header-meta":"","header-above-stick-meta":"","header-main-stick-meta":"","header-below-stick-meta":"","astra-migrate-meta-layouts":"set","ast-page-background-enabled":"default","ast-page-background-meta":{"desktop":{"background-color":"var(--ast-global-color-4)","background-image":"","background-repeat":"repeat","background-position":"center center","background-size":"auto","background-attachment":"scroll","background-type":"","background-media":"","overlay-type":"","overlay-color":"","overlay-opacity":"","overlay-gradient":""},"tablet":{"background-color":"","background-image":"","background-repeat":"repeat","background-position":"center center","background-size":"auto","background-attachment":"scroll","background-type":"","background-media":"","overlay-type":"","overlay-color":"","overlay-opacity":"","overlay-gradient":""},"mobile":{"background-color":"","background-image":"","background-repeat":"repeat","background-position":"center center","background-size":"auto","background-attachment":"scroll","background-type":"","background-media":"","overlay-type":"","overlay-color":"","overlay-opacity":"","overlay-gradient":""}},"ast-content-background-meta":{"desktop":{"background-color":"var(--ast-global-color-5)","background-image":"","background-repeat":"repeat","background-position":"center center","background-size":"auto","background-attachment":"scroll","background-type":"","background-media":"","overlay-type":"","overlay-color":"","overlay-opacity":"","overlay-gradient":""},"tablet":{"background-color":"var(--ast-global-color-5)","background-image":"","background-repeat":"repeat","background-position":"center center","background-size":"auto","background-attachment":"scroll","background-type":"","background-media":"","overlay-type":"","overlay-color":"","overlay-opacity":"","overlay-gradient":""},"mobile":{"background-color":"var(--ast-global-color-5)","background-image":"","background-repeat":"repeat","background-position":"center center","background-size":"auto","background-attachment":"scroll","background-type":"","background-media":"","overlay-type":"","overlay-color":"","overlay-opacity":"","overlay-gradient":""}}},"pwb-brand":[332],"product_brand":[],"product_cat":[419,462],"product_tag":[],"class_list":{"0":"post-5667","1":"product","2":"type-product","3":"status-publish","4":"has-post-thumbnail","6":"pwb-brand-victron","7":"product_cat-cargadores-de-baterias","8":"product_cat-cargador-de-baterias-24-v","9":"desktop-align-left","10":"tablet-align-left","11":"mobile-align-left","12":"ast-product-gallery-layout-horizontal-slider","13":"ast-product-tabs-layout-horizontal","15":"first","16":"instock","17":"taxable","18":"shipping-taxable","19":"purchasable","20":"product-type-simple"},"wcpa_form_fields":null,"brands":[{"id":332,"name":"Victron Energie","slug":"victron"}],"_links":{"self":[{"href":"https:\/\/fvcomponentes.com\/de\/wp-json\/wp\/v2\/product\/5667","targetHints":{"allow":["GET"]}}],"collection":[{"href":"https:\/\/fvcomponentes.com\/de\/wp-json\/wp\/v2\/product"}],"about":[{"href":"https:\/\/fvcomponentes.com\/de\/wp-json\/wp\/v2\/types\/product"}],"replies":[{"embeddable":true,"href":"https:\/\/fvcomponentes.com\/de\/wp-json\/wp\/v2\/comments?post=5667"}],"wp:featuredmedia":[{"embeddable":true,"href":"https:\/\/fvcomponentes.com\/de\/wp-json\/wp\/v2\/media\/5659"}],"wp:attachment":[{"href":"https:\/\/fvcomponentes.com\/de\/wp-json\/wp\/v2\/media?parent=5667"}],"wp:term":[{"taxonomy":"pwb-brand","embeddable":true,"href":"https:\/\/fvcomponentes.com\/de\/wp-json\/wp\/v2\/pwb-brand?post=5667"},{"taxonomy":"product_brand","embeddable":true,"href":"https:\/\/fvcomponentes.com\/de\/wp-json\/wp\/v2\/product_brand?post=5667"},{"taxonomy":"product_cat","embeddable":true,"href":"https:\/\/fvcomponentes.com\/de\/wp-json\/wp\/v2\/product_cat?post=5667"},{"taxonomy":"product_tag","embeddable":true,"href":"https:\/\/fvcomponentes.com\/de\/wp-json\/wp\/v2\/product_tag?post=5667"}],"curies":[{"name":"wp","href":"https:\/\/api.w.org\/{rel}","templated":true}]}}