{"id":5648,"date":"2023-09-15T14:00:06","date_gmt":"2023-09-15T12:00:06","guid":{"rendered":"https:\/\/fvcomponentes.com\/?post_type=product&#038;p=5648"},"modified":"2026-04-04T12:44:46","modified_gmt":"2026-04-04T10:44:46","slug":"transportkoffer-fur-blue-smart-ip65-ladegerate-und-victron-zubehor-12-25-24-13-bpc940100200","status":"publish","type":"product","link":"https:\/\/fvcomponentes.com\/de\/producto\/maletin-de-transporte-para-cargadores-blue-smart-ip65-y-accesorios-victron-12-25-24-13-bpc940100200\/","title":{"rendered":"Transportkoffer f\u00fcr Blue Smart IP65 Ladeger\u00e4te und Zubeh\u00f6r Victron 12\/25 24\/13 - BPC940100200"},"content":{"rendered":"<h2>Tragetasche f\u00fcr Blue Smart IP65-Ladeger\u00e4te und Victron-Zubeh\u00f6r<\/h2>\n<p>In dieser eleganten und professionellen Tasche mit Schnappverschluss k\u00f6nnen Sie Ihr Blue Smart IP65-Ladeger\u00e4t und Zubeh\u00f6r sicher aufbewahren und problemlos transportieren.<\/p>\n<p>Seine F\u00e4cher beherbergen:<\/p>\n<ul>\n<li>das Ladeger\u00e4t,<\/li>\n<li>die Eingangs-\/Ausgangskabel und,<\/li>\n<li>auch die Batteriekabel und ihre Klemmen.<\/li>\n<\/ul>\n<p><strong><em>(Ladeger\u00e4t und Zubeh\u00f6r nicht enthalten)<\/em><\/strong><\/p>\n<h2>Datenblatt Tragetasche f\u00fcr Blue Smart IP65 Ladeger\u00e4te und Victron 12\/25 24\/13 Zubeh\u00f6r - BPC940100200<\/h2>\n<p><a href=\"https:\/\/fvcomponentes.com\/wp-content\/uploads\/2023\/03\/ficha-tecnica-maletin-azul.pdf\">Siehe Datenblatt f\u00fcr Blue Smart IP65 Ladeger\u00e4t Tragetasche und Victron 12\/25 - 24\/13 Zubeh\u00f6r - BPC940100100<\/a><\/p>","protected":false},"excerpt":{"rendered":"<p>Tragetasche f\u00fcr BPC-Ladeger\u00e4te und Zubeh\u00f6r (12\/25 und 24\/13).<br \/>\nAbmessungen: 345 x 520 x 130 mm.<\/p>","protected":false},"featured_media":5649,"comment_status":"open","ping_status":"closed","template":"","meta":{"site-sidebar-layout":"default","site-content-layout":"default","ast-site-content-layout":"default","site-content-style":"default","site-sidebar-style":"default","ast-global-header-display":"","ast-banner-title-visibility":"","ast-main-header-display":"","ast-hfb-above-header-display":"","ast-hfb-below-header-display":"","ast-hfb-mobile-header-display":"","site-post-title":"","ast-breadcrumbs-content":"","ast-featured-img":"","footer-sml-layout":"","ast-disable-related-posts":"","theme-transparent-header-meta":"default","adv-header-id-meta":"","stick-header-meta":"","header-above-stick-meta":"","header-main-stick-meta":"","header-below-stick-meta":"","astra-migrate-meta-layouts":"set","ast-page-background-enabled":"default","ast-page-background-meta":{"desktop":{"background-color":"var(--ast-global-color-4)","background-image":"","background-repeat":"repeat","background-position":"center center","background-size":"auto","background-attachment":"scroll","background-type":"","background-media":"","overlay-type":"","overlay-color":"","overlay-opacity":"","overlay-gradient":""},"tablet":{"background-color":"","background-image":"","background-repeat":"repeat","background-position":"center center","background-size":"auto","background-attachment":"scroll","background-type":"","background-media":"","overlay-type":"","overlay-color":"","overlay-opacity":"","overlay-gradient":""},"mobile":{"background-color":"","background-image":"","background-repeat":"repeat","background-position":"center center","background-size":"auto","background-attachment":"scroll","background-type":"","background-media":"","overlay-type":"","overlay-color":"","overlay-opacity":"","overlay-gradient":""}},"ast-content-background-meta":{"desktop":{"background-color":"var(--ast-global-color-5)","background-image":"","background-repeat":"repeat","background-position":"center center","background-size":"auto","background-attachment":"scroll","background-type":"","background-media":"","overlay-type":"","overlay-color":"","overlay-opacity":"","overlay-gradient":""},"tablet":{"background-color":"var(--ast-global-color-5)","background-image":"","background-repeat":"repeat","background-position":"center center","background-size":"auto","background-attachment":"scroll","background-type":"","background-media":"","overlay-type":"","overlay-color":"","overlay-opacity":"","overlay-gradient":""},"mobile":{"background-color":"var(--ast-global-color-5)","background-image":"","background-repeat":"repeat","background-position":"center center","background-size":"auto","background-attachment":"scroll","background-type":"","background-media":"","overlay-type":"","overlay-color":"","overlay-opacity":"","overlay-gradient":""}}},"pwb-brand":[332],"product_brand":[],"product_cat":[419,966],"product_tag":[],"class_list":{"0":"post-5648","1":"product","2":"type-product","3":"status-publish","4":"has-post-thumbnail","6":"pwb-brand-victron","7":"product_cat-cargadores-de-baterias","8":"product_cat-accesorios-cargadores","9":"desktop-align-left","10":"tablet-align-left","11":"mobile-align-left","12":"ast-product-gallery-layout-horizontal-slider","13":"ast-product-tabs-layout-horizontal","15":"first","16":"instock","17":"taxable","18":"shipping-taxable","19":"purchasable","20":"product-type-simple"},"wcpa_form_fields":null,"brands":[{"id":332,"name":"Victron Energie","slug":"victron"}],"_links":{"self":[{"href":"https:\/\/fvcomponentes.com\/de\/wp-json\/wp\/v2\/product\/5648","targetHints":{"allow":["GET"]}}],"collection":[{"href":"https:\/\/fvcomponentes.com\/de\/wp-json\/wp\/v2\/product"}],"about":[{"href":"https:\/\/fvcomponentes.com\/de\/wp-json\/wp\/v2\/types\/product"}],"replies":[{"embeddable":true,"href":"https:\/\/fvcomponentes.com\/de\/wp-json\/wp\/v2\/comments?post=5648"}],"wp:featuredmedia":[{"embeddable":true,"href":"https:\/\/fvcomponentes.com\/de\/wp-json\/wp\/v2\/media\/5649"}],"wp:attachment":[{"href":"https:\/\/fvcomponentes.com\/de\/wp-json\/wp\/v2\/media?parent=5648"}],"wp:term":[{"taxonomy":"pwb-brand","embeddable":true,"href":"https:\/\/fvcomponentes.com\/de\/wp-json\/wp\/v2\/pwb-brand?post=5648"},{"taxonomy":"product_brand","embeddable":true,"href":"https:\/\/fvcomponentes.com\/de\/wp-json\/wp\/v2\/product_brand?post=5648"},{"taxonomy":"product_cat","embeddable":true,"href":"https:\/\/fvcomponentes.com\/de\/wp-json\/wp\/v2\/product_cat?post=5648"},{"taxonomy":"product_tag","embeddable":true,"href":"https:\/\/fvcomponentes.com\/de\/wp-json\/wp\/v2\/product_tag?post=5648"}],"curies":[{"name":"wp","href":"https:\/\/api.w.org\/{rel}","templated":true}]}}