{"id":5638,"date":"2024-01-19T19:31:11","date_gmt":"2024-01-19T18:31:11","guid":{"rendered":"https:\/\/fvcomponentes.com\/?post_type=product&#038;p=5638"},"modified":"2026-04-08T21:27:57","modified_gmt":"2026-04-08T19:27:57","slug":"transportkoffer-fur-blue-smart-ip65-ladegerate-und-victron-zubehor-bpc940100100","status":"publish","type":"product","link":"https:\/\/fvcomponentes.com\/de\/producto\/maletin-de-transporte-para-cargadores-blue-smart-ip65-y-accesorios-victron-bpc940100100\/","title":{"rendered":"Tragetasche f\u00fcr Blue Smart IP65-Ladeger\u00e4te und Victron-Zubeh\u00f6r - BPC940100100"},"content":{"rendered":"<p>Die ultimative Tasche f\u00fcr den modernen Reisenden: schlank und professionell. Diese neue Tasche mit Schnappverschluss wurde im Hinblick auf den Komfort und die Sicherheit Ihrer elektronischen Ger\u00e4te entwickelt. Darin k\u00f6nnen Sie Ihr Blue Smart IP65-Ladeger\u00e4t und all Ihr Zubeh\u00f6r sicher aufbewahren und sicherstellen, dass es immer gesch\u00fctzt und einsatzbereit ist.<\/p>\n<p>Die sorgf\u00e4ltig gestalteten F\u00e4cher dieses Koffers sind das perfekte Zuhause f\u00fcr Ihr Blue Smart IP65 Ladeger\u00e4t und alle notwendigen Komponenten. Eingangs- und Ausgangskabel haben den ihnen zugewiesenen Platz, um den l\u00e4stigen Kabelsalat zu vermeiden, der in jeder Reisetasche unvermeidlich zu sein scheint. Au\u00dferdem haben wir an die Batteriekabel und ihre Klemmen gedacht, so dass Sie alle Ladevorg\u00e4nge aus einer Hand erledigen k\u00f6nnen.<\/p>\n<p>Eleganz und Professionalit\u00e4t vereinen sich im Design dieser Tasche, mit Details, die nicht unbemerkt bleiben. Die Qualit\u00e4t der verwendeten Materialien garantiert Langlebigkeit und St\u00e4rke und sch\u00fctzt Ihre Ger\u00e4te auf jeder Reise. Egal, ob Sie auf dem Weg zu einem Gesch\u00e4ftstreffen, einer Vergn\u00fcgungsreise oder einem anderen Ziel sind, diese Tasche wird zu Ihrem unverzichtbaren Begleiter.<\/p>\n<p>Bitte beachten Sie, dass das Ladeger\u00e4t und das Zubeh\u00f6r nicht in der Tasche enthalten sind, aber die Tasche ist bereit, sie sicher zu halten. Mit dieser Tasche k\u00f6nnen Sie sicher sein, dass Ihre elektronischen Ger\u00e4te immer organisiert und gesch\u00fctzt sind, egal wohin Ihre Reise geht.<\/p>\n<h2>Datenblatt Blue Smart IP65 Ladeger\u00e4t Tragetasche und Zubeh\u00f6r <a href=\"https:\/\/www.victronenergy.com.es\/\" target=\"_blank\" rel=\"noopener\">Victron<\/a> - BPC940100100<\/h2>\n<p><a href=\"https:\/\/fvcomponentes.com\/wp-content\/uploads\/2023\/03\/ficha-tecnica-maletin-azul.pdf\" target=\"_blank\" rel=\"noopener\">Siehe Datenblatt f\u00fcr Blue Smart IP65 Ladeger\u00e4t Tragetasche und Victron Zubeh\u00f6r - BPC940100100<\/a><\/p>","protected":false},"excerpt":{"rendered":"<p id=\"tw-target-text\" class=\"tw-data-text tw-text-large tw-ta\" dir=\"ltr\" data-placeholder=\"Traducci\u00f3n\"><span class=\"Y2IQFc\" lang=\"es\">Tragetasche f\u00fcr BPC-Ladeger\u00e4te und Zubeh\u00f6r (bis zu 12\/15 und 24\/8).<br \/>\n<\/span><span class=\"Y2IQFc\" lang=\"es\">Abmessungen: 295 x 350 x 105 mm<\/span><\/p>","protected":false},"featured_media":5640,"comment_status":"open","ping_status":"closed","template":"","meta":{"site-sidebar-layout":"default","site-content-layout":"default","ast-site-content-layout":"default","site-content-style":"default","site-sidebar-style":"default","ast-global-header-display":"","ast-banner-title-visibility":"","ast-main-header-display":"","ast-hfb-above-header-display":"","ast-hfb-below-header-display":"","ast-hfb-mobile-header-display":"","site-post-title":"","ast-breadcrumbs-content":"","ast-featured-img":"","footer-sml-layout":"","ast-disable-related-posts":"","theme-transparent-header-meta":"default","adv-header-id-meta":"","stick-header-meta":"","header-above-stick-meta":"","header-main-stick-meta":"","header-below-stick-meta":"","astra-migrate-meta-layouts":"set","ast-page-background-enabled":"default","ast-page-background-meta":{"desktop":{"background-color":"var(--ast-global-color-4)","background-image":"","background-repeat":"repeat","background-position":"center center","background-size":"auto","background-attachment":"scroll","background-type":"","background-media":"","overlay-type":"","overlay-color":"","overlay-opacity":"","overlay-gradient":""},"tablet":{"background-color":"","background-image":"","background-repeat":"repeat","background-position":"center center","background-size":"auto","background-attachment":"scroll","background-type":"","background-media":"","overlay-type":"","overlay-color":"","overlay-opacity":"","overlay-gradient":""},"mobile":{"background-color":"","background-image":"","background-repeat":"repeat","background-position":"center center","background-size":"auto","background-attachment":"scroll","background-type":"","background-media":"","overlay-type":"","overlay-color":"","overlay-opacity":"","overlay-gradient":""}},"ast-content-background-meta":{"desktop":{"background-color":"var(--ast-global-color-5)","background-image":"","background-repeat":"repeat","background-position":"center center","background-size":"auto","background-attachment":"scroll","background-type":"","background-media":"","overlay-type":"","overlay-color":"","overlay-opacity":"","overlay-gradient":""},"tablet":{"background-color":"var(--ast-global-color-5)","background-image":"","background-repeat":"repeat","background-position":"center center","background-size":"auto","background-attachment":"scroll","background-type":"","background-media":"","overlay-type":"","overlay-color":"","overlay-opacity":"","overlay-gradient":""},"mobile":{"background-color":"var(--ast-global-color-5)","background-image":"","background-repeat":"repeat","background-position":"center center","background-size":"auto","background-attachment":"scroll","background-type":"","background-media":"","overlay-type":"","overlay-color":"","overlay-opacity":"","overlay-gradient":""}}},"pwb-brand":[332],"product_brand":[],"product_cat":[419,966],"product_tag":[],"class_list":{"0":"post-5638","1":"product","2":"type-product","3":"status-publish","4":"has-post-thumbnail","6":"pwb-brand-victron","7":"product_cat-cargadores-de-baterias","8":"product_cat-accesorios-cargadores","9":"desktop-align-left","10":"tablet-align-left","11":"mobile-align-left","12":"ast-product-gallery-layout-horizontal-slider","13":"ast-product-tabs-layout-horizontal","15":"first","16":"instock","17":"taxable","18":"shipping-taxable","19":"purchasable","20":"product-type-simple"},"wcpa_form_fields":null,"brands":[{"id":332,"name":"Victron Energie","slug":"victron"}],"_links":{"self":[{"href":"https:\/\/fvcomponentes.com\/de\/wp-json\/wp\/v2\/product\/5638","targetHints":{"allow":["GET"]}}],"collection":[{"href":"https:\/\/fvcomponentes.com\/de\/wp-json\/wp\/v2\/product"}],"about":[{"href":"https:\/\/fvcomponentes.com\/de\/wp-json\/wp\/v2\/types\/product"}],"replies":[{"embeddable":true,"href":"https:\/\/fvcomponentes.com\/de\/wp-json\/wp\/v2\/comments?post=5638"}],"wp:featuredmedia":[{"embeddable":true,"href":"https:\/\/fvcomponentes.com\/de\/wp-json\/wp\/v2\/media\/5640"}],"wp:attachment":[{"href":"https:\/\/fvcomponentes.com\/de\/wp-json\/wp\/v2\/media?parent=5638"}],"wp:term":[{"taxonomy":"pwb-brand","embeddable":true,"href":"https:\/\/fvcomponentes.com\/de\/wp-json\/wp\/v2\/pwb-brand?post=5638"},{"taxonomy":"product_brand","embeddable":true,"href":"https:\/\/fvcomponentes.com\/de\/wp-json\/wp\/v2\/product_brand?post=5638"},{"taxonomy":"product_cat","embeddable":true,"href":"https:\/\/fvcomponentes.com\/de\/wp-json\/wp\/v2\/product_cat?post=5638"},{"taxonomy":"product_tag","embeddable":true,"href":"https:\/\/fvcomponentes.com\/de\/wp-json\/wp\/v2\/product_tag?post=5638"}],"curies":[{"name":"wp","href":"https:\/\/api.w.org\/{rel}","templated":true}]}}