{"id":5601,"date":"2024-01-19T19:29:58","date_gmt":"2024-01-19T18:29:58","guid":{"rendered":"https:\/\/fvcomponentes.com\/?post_type=product&#038;p=5601"},"modified":"2026-01-15T10:07:04","modified_gmt":"2026-01-15T09:07:04","slug":"batterieladegerat-victron-blue-smart-ip65-ladegerat-12v-15a-gleichstromanschluss-bpc121531064r","status":"publish","type":"product","link":"https:\/\/fvcomponentes.com\/de\/producto\/cargador-de-baterias-victron-blue-smart-ip65-charger-12v-15a-dc-connector-bpc121531064r\/","title":{"rendered":"Batterieladeger\u00e4t Victron Blue Smart IP65 Ladeger\u00e4t 12V\/15A + DC-Anschluss - BPC121531064R"},"content":{"rendered":"<h2>Beschreibung des Ladeger\u00e4ts<\/h2>\n<p>Das Victron Blue Smart IP65 Ladeger\u00e4t 12V\/15A + DC-Anschluss ist ein modernes Batterieladeger\u00e4t mit integrierter Bluetooth-Technologie. Dieses professionelle Ladeger\u00e4t ist perfekt f\u00fcr Ihre Werkstatt sowie f\u00fcr Kraftfahrzeuge, einschlie\u00dflich Oldtimer, Motorr\u00e4der, Boote und Wohnmobile.<\/p>\n<h2><strong>Smart Charging f\u00fcr gesunde Batterien<\/strong><\/h2>\n<p>Mit einem fortschrittlichen siebenstufigen Ladealgorithmus optimiert das Blue Smart IP65 Ladeger\u00e4t die Leistung Ihres Akkus und verl\u00e4ngert seine Lebensdauer. Es liefert genau die Menge an Energie, die Ihr Akku ben\u00f6tigt, und h\u00e4lt ihn so in optimalem Zustand.<\/p>\n<h2>Herausragende Merkmale<\/h2>\n<ul>\n<li>Wasser-, staub- und chemikalienbest\u00e4ndig, was eine lange Lebensdauer in unterschiedlichen Umgebungen gew\u00e4hrleistet.<\/li>\n<li>Wiederherstellung von vollst\u00e4ndig entladenen Batterien.<\/li>\n<li>Automatische F\u00fctterungsfunktion.<\/li>\n<li>Hervorragende K\u00e4ltebest\u00e4ndigkeit, Betrieb bis -30\u00b0C.<\/li>\n<li>Energiesparmodus zum Laden kleinerer Batterien.<\/li>\n<li>Kompatibel mit Lithium-Ionen-Batterien.<\/li>\n<li>Steuerung und Konfiguration \u00fcber Bluetooth Smart f\u00fcr Spannungs- und Strommesswerte.<\/li>\n<\/ul>\n<h2>R\u00fcckgewinnung von tiefentladenen Batterien<\/h2>\n<p>Im Gegensatz zu anderen Ladeger\u00e4ten versucht dieses Ladeger\u00e4t, eine tiefentladene Batterie wiederzubeleben, indem es zun\u00e4chst einen niedrigen Strom liefert. Der normale Ladevorgang wird automatisch fortgesetzt, wenn die Batterie eine ausreichende Spannung an den Anschl\u00fcssen erreicht.<\/p>\n<h2>Einfache Verbindung<\/h2>\n<p>Das Ladeger\u00e4t verf\u00fcgt \u00fcber Krokodilklemmen und M8-\u00d6sen f\u00fcr den einfachen Anschluss an die Batterie, so dass es auf Wunsch auch fest installiert werden kann.<\/p>\n<h2>Fern\u00fcberwachung des Batteriestatus<\/h2>\n<p>Dank der eingebauten Bluetooth-Funktion k\u00f6nnen Sie den Status des Ladeger\u00e4ts und der Batterie aus der Ferne \u00fcber Ihr Smartphone, Tablet oder Laptop \u00fcberpr\u00fcfen. Alle Einstellungen des Ladeger\u00e4ts k\u00f6nnen mit dem <a href=\"https:\/\/www.victronenergy.com\/panel-systems-remote-monitoring\/victronconnect\" target=\"_blank\" rel=\"noopener\">VictronConnect Anwendung<\/a>Damit haben Sie die volle Kontrolle \u00fcber Ihre Batterieladesysteme.<\/p>\n<h2 dir=\"ltr\" data-placeholder=\"Traducci\u00f3n\">Datenblatt Batterieladeger\u00e4t Victron Blue Smart IP65 Ladeger\u00e4t 12V\/15A + DC-Anschluss - BPC121531064R<\/h2>\n<p dir=\"ltr\" data-placeholder=\"Traducci\u00f3n\"><a href=\"https:\/\/fvcomponentes.com\/wp-content\/uploads\/2023\/03\/IP65_A4_2022_smart_230V_EN_highres.pdf\" target=\"_blank\" rel=\"noopener\">Victron Blue Smart IP65 Ladeger\u00e4t 12V\/15A + DC-Anschluss - BPC121531064R - Technisches Datenblatt<\/a><\/p>","protected":false},"excerpt":{"rendered":"<p><span class=\"Y2IQFc\" lang=\"es\"><strong>Eingangsspannung und Frequenzbereich:<\/strong> 230vac<br \/>\n<\/span><span class=\"Y2IQFc\" lang=\"es\"><strong> Effizienz:<\/strong> 94%<br \/>\n<strong>Stromverbrauch im Standby-Modus: <\/strong>0,5w<br \/>\n<strong>Ladestrom:<\/strong> 15A<br \/>\n<strong>Niedrigstrom-Modus:<\/strong> 4A<br \/>\n<strong>Gewicht: <\/strong>0,9kg<br \/>\n<strong>Abmessungen: : <\/strong>60 x 105 x 190 mm<\/span><\/p>","protected":false},"featured_media":5602,"comment_status":"open","ping_status":"closed","template":"","meta":{"site-sidebar-layout":"default","site-content-layout":"default","ast-site-content-layout":"default","site-content-style":"default","site-sidebar-style":"default","ast-global-header-display":"","ast-banner-title-visibility":"","ast-main-header-display":"","ast-hfb-above-header-display":"","ast-hfb-below-header-display":"","ast-hfb-mobile-header-display":"","site-post-title":"","ast-breadcrumbs-content":"","ast-featured-img":"","footer-sml-layout":"","ast-disable-related-posts":"","theme-transparent-header-meta":"default","adv-header-id-meta":"","stick-header-meta":"","header-above-stick-meta":"","header-main-stick-meta":"","header-below-stick-meta":"","astra-migrate-meta-layouts":"set","ast-page-background-enabled":"default","ast-page-background-meta":{"desktop":{"background-color":"var(--ast-global-color-4)","background-image":"","background-repeat":"repeat","background-position":"center center","background-size":"auto","background-attachment":"scroll","background-type":"","background-media":"","overlay-type":"","overlay-color":"","overlay-opacity":"","overlay-gradient":""},"tablet":{"background-color":"","background-image":"","background-repeat":"repeat","background-position":"center center","background-size":"auto","background-attachment":"scroll","background-type":"","background-media":"","overlay-type":"","overlay-color":"","overlay-opacity":"","overlay-gradient":""},"mobile":{"background-color":"","background-image":"","background-repeat":"repeat","background-position":"center center","background-size":"auto","background-attachment":"scroll","background-type":"","background-media":"","overlay-type":"","overlay-color":"","overlay-opacity":"","overlay-gradient":""}},"ast-content-background-meta":{"desktop":{"background-color":"var(--ast-global-color-5)","background-image":"","background-repeat":"repeat","background-position":"center center","background-size":"auto","background-attachment":"scroll","background-type":"","background-media":"","overlay-type":"","overlay-color":"","overlay-opacity":"","overlay-gradient":""},"tablet":{"background-color":"var(--ast-global-color-5)","background-image":"","background-repeat":"repeat","background-position":"center center","background-size":"auto","background-attachment":"scroll","background-type":"","background-media":"","overlay-type":"","overlay-color":"","overlay-opacity":"","overlay-gradient":""},"mobile":{"background-color":"var(--ast-global-color-5)","background-image":"","background-repeat":"repeat","background-position":"center center","background-size":"auto","background-attachment":"scroll","background-type":"","background-media":"","overlay-type":"","overlay-color":"","overlay-opacity":"","overlay-gradient":""}}},"pwb-brand":[332],"product_brand":[],"product_cat":[419,461],"product_tag":[],"class_list":{"0":"post-5601","1":"product","2":"type-product","3":"status-publish","4":"has-post-thumbnail","6":"pwb-brand-victron","7":"product_cat-cargadores-de-baterias","8":"product_cat-cargador-de-baterias-12-v","9":"desktop-align-left","10":"tablet-align-left","11":"mobile-align-left","12":"ast-product-gallery-layout-horizontal-slider","13":"ast-product-tabs-layout-horizontal","15":"first","16":"instock","17":"taxable","18":"shipping-taxable","19":"purchasable","20":"product-type-simple"},"wcpa_form_fields":null,"brands":[{"id":332,"name":"Victron Energie","slug":"victron"}],"_links":{"self":[{"href":"https:\/\/fvcomponentes.com\/de\/wp-json\/wp\/v2\/product\/5601","targetHints":{"allow":["GET"]}}],"collection":[{"href":"https:\/\/fvcomponentes.com\/de\/wp-json\/wp\/v2\/product"}],"about":[{"href":"https:\/\/fvcomponentes.com\/de\/wp-json\/wp\/v2\/types\/product"}],"replies":[{"embeddable":true,"href":"https:\/\/fvcomponentes.com\/de\/wp-json\/wp\/v2\/comments?post=5601"}],"wp:featuredmedia":[{"embeddable":true,"href":"https:\/\/fvcomponentes.com\/de\/wp-json\/wp\/v2\/media\/5602"}],"wp:attachment":[{"href":"https:\/\/fvcomponentes.com\/de\/wp-json\/wp\/v2\/media?parent=5601"}],"wp:term":[{"taxonomy":"pwb-brand","embeddable":true,"href":"https:\/\/fvcomponentes.com\/de\/wp-json\/wp\/v2\/pwb-brand?post=5601"},{"taxonomy":"product_brand","embeddable":true,"href":"https:\/\/fvcomponentes.com\/de\/wp-json\/wp\/v2\/product_brand?post=5601"},{"taxonomy":"product_cat","embeddable":true,"href":"https:\/\/fvcomponentes.com\/de\/wp-json\/wp\/v2\/product_cat?post=5601"},{"taxonomy":"product_tag","embeddable":true,"href":"https:\/\/fvcomponentes.com\/de\/wp-json\/wp\/v2\/product_tag?post=5601"}],"curies":[{"name":"wp","href":"https:\/\/api.w.org\/{rel}","templated":true}]}}