{"id":5550,"date":"2023-09-21T09:18:39","date_gmt":"2023-09-21T07:18:39","guid":{"rendered":"https:\/\/fvcomponentes.com\/?post_type=product&#038;p=5550"},"modified":"2025-09-03T19:50:36","modified_gmt":"2025-09-03T17:50:36","slug":"wechselrichter-lader-victron-easyplus-c-12v-1600va-70-16a-cep121620000","status":"publish","type":"product","link":"https:\/\/fvcomponentes.com\/de\/producto\/inversor-cargador-victron-easyplus-c-12v-1600va-70-16a-cep121620000\/","title":{"rendered":"Wechselrichter-Ladeger\u00e4t 12V Victron EasyPlus C 12V 1600VA 70A-16A - CEP121620000"},"content":{"rendered":"<h2><strong>Multifunktionale Energiel\u00f6sung f\u00fcr Ihren Komfort und Ihre Sicherheit mit dem Wechselrichter-Ladeger\u00e4t Victron EasyPlus C 12V 1600VA 70-16A - CEP121620000<\/strong><\/h2>\n<p>Der Victron EasyPlus Inverter Charger C 12V 1600VA 70-16A - CEP121620000 ist ein multifunktionales Stromversorgungssystem in einem einzigen leichten und kompakten Paket, das aus einem leistungsstarken Sinus-Wechselrichter, einem hochentwickelten Batterieladeger\u00e4t, einem Hochgeschwindigkeits-Wechselstromumschalter und einer Wechselstromverteilung besteht.<\/p>\n<p>Dieses System wurde f\u00fcr all diejenigen entwickelt, die den Komfort und die Freiheit eines kompletten Energiesystems genie\u00dfen m\u00f6chten, ohne Zeit f\u00fcr die Installation separater Komponenten und schwierige technische Verfahren zu verschwenden.<\/p>\n<p>Wenn Sie eine unterbrechungsfreie und zuverl\u00e4ssige Stromversorgung ohne komplizierte Installationen und separate Komponenten w\u00fcnschen, ist das EasyPlus die ideale L\u00f6sung f\u00fcr Sie.<\/p>\n<h2><strong>Unterbrechungsfreie Stromversorgung<\/strong><\/h2>\n<p>EasyPlus sorgt daf\u00fcr, dass Sie immer Strom zur Verf\u00fcgung haben, wenn Sie ihn brauchen. Selbst an Standorten mit eingeschr\u00e4nkter Stromversorgung k\u00f6nnen Sie mit unserer einzigartigen PowerAssist\u00ae-Technologie die Gesamtkapazit\u00e4t mit Batteriestrom erh\u00f6hen.<\/p>\n<p>Dar\u00fcber hinaus haben wir einen Fehlerstromschutzschalter (RCD) eingebaut, der Sie vor einem m\u00f6glichen Erdschluss sch\u00fctzt und so f\u00fcr Ihre optimale Sicherheit sorgt.<\/p>\n<h2><strong>Installation in 5 schnellen Schritten<\/strong><\/h2>\n<p>Einfachheit ist der Schl\u00fcssel zum <strong>Wechselrichter Victron Wechselrichter-Ladeger\u00e4t EasyPlus C 12V 1600VA 70-16A<\/strong>von der Installation bis zum t\u00e4glichen Gebrauch. Mit nur f\u00fcnf einfachen Schritten k\u00f6nnen Sie viel Zeit und Platz sparen.<\/p>\n<p>Das System bietet Stecker und Buchsen f\u00fcr alle AC-Anschl\u00fcsse, und die Batteriekabel sind bereits vorinstalliert, was den Installationsprozess vereinfacht.<\/p>\n<h5><strong>Installationsschritte:<\/strong><\/h5>\n<ul>\n<li><strong>Schritt 1:<\/strong> W\u00e4hlen Sie einen geeigneten Standort f\u00fcr die <strong>Wechselrichter Victron Wechselrichter-Ladeger\u00e4t EasyPlus C 12V 1600VA 70-16A<\/strong> und befestigen Sie die Halterung an der Wand. Befestigen Sie das EasyPlus mit den mitgelieferten Schrauben an der Halterung.<\/li>\n<li><strong>Schritt 2:<\/strong> Schlie\u00dfen Sie die Stromversorgungs- und Ausgangskreise des Ports\/Generators, einschlie\u00dflich der Stromversorgung des Wassererhitzers, an das EasyPlus an.<\/li>\n<li><strong>Schritt 3:<\/strong> Optional k\u00f6nnen Sie das Bedienfeld mit einem UTP-Patchkabel anschlie\u00dfen.<\/li>\n<li><strong>Schritt 4:<\/strong> Schlie\u00dfen Sie die Batterie- und Temperatursensorkabel an die Batterien an, die standardm\u00e4\u00dfig mitgeliefert werden.<\/li>\n<li><strong>Schritt 5:<\/strong> Schalten Sie den FI-Schutzschalter, die Wechselstromverteilung und den Wechselrichter\/das Ladeger\u00e4t ein, und schon ist Ihr System betriebsbereit!<\/li>\n<\/ul>\n<h2><strong>Effizienter Betrieb<\/strong><\/h2>\n<ul>\n<li>Das EasyPlus wird einfach an die Batterien und an die Erde oder den Generator angeschlossen.<\/li>\n<li>Sie k\u00f6nnen den maximalen Eingangsstrom mit dem Drehschalter auf dem Bedienfeld einstellen.<\/li>\n<li>Die Energieverbraucher werden in zwei Gruppen eingeteilt: \"regelm\u00e4\u00dfige\" und \"starke Verbraucher\".<\/li>\n<li>Die exklusive PowerAssist\u00ae-Technologie sorgt f\u00fcr den Schutz der Batterie, indem sie bei Bedarf Wechselrichterstrom hinzuf\u00fcgt und ein \u00dcberladen verhindert.<\/li>\n<\/ul>\n<p>Das EasyPlus ist die Komplettl\u00f6sung f\u00fcr Ihre zuverl\u00e4ssige und vielseitige Stromversorgung - warten Sie nicht l\u00e4nger und genie\u00dfen Sie den Komfort und die Sicherheit, die es bietet!<\/p>\n<h2 dir=\"ltr\" data-placeholder=\"Traducci\u00f3n\">Wechselrichter-Ladeger\u00e4t Victron EasyPlus C 12V 1600VA 70-16A - CEP121620000 - Technische Informationen:<\/h2>\n<p dir=\"ltr\" data-placeholder=\"Traducci\u00f3n\">12-Volt-Sinus-Wechselrichter 1600 VA (3000 Watt max. Leistung). 70 A Ladeger\u00e4t inkl. 4 A Langsamladung f\u00fcr die Starterbatterie. Die exklusive PowerAssist\u00ae-Technologie sch\u00fctzt den Landanschluss oder den Generator vor \u00dcberladung, indem sie dem Wechselrichter bei Bedarf zus\u00e4tzliche Leistung zuf\u00fchrt. 4-stufige adaptive Ladetechnologie f\u00fcr schnelles und pr\u00e4zises Laden der Batterie. Die AC-Verteilung besteht aus einem FI-Schutzschalter (30mA\/16A) und vier AC-Ausg\u00e4ngen, die durch zwei 10A- und zwei 16A-Schutzschalter gesch\u00fctzt sind. Ein 16-A-Ausgang wird durch den AC-Eingang gesteuert: er schaltet sich nur ein, wenn AC verf\u00fcgbar ist. RCD (30 mA\/16 A) am AC-Ausgang. Unterbrechungsfreies System: unterbrechungsfreie Umschaltung zwischen Anschluss\/Generator und Wechselrichter. Inklusive Batteriekabel. 24 Monate weltweite Garantie.<\/p>\n<p dir=\"ltr\" data-placeholder=\"Traducci\u00f3n\"><img fetchpriority=\"high\" decoding=\"async\" class=\"alignnone size-full wp-image-5551\" src=\"https:\/\/fvcomponentes.com\/wp-content\/uploads\/2023\/03\/Captura-3.png\" alt=\"Wechselrichter-Ladeger\u00e4t EasyPlus C 12V 1600VA 70-16A - CEP121620000\" width=\"670\" height=\"535\" title=\"\"><\/p>\n<h2 dir=\"ltr\" data-placeholder=\"Traducci\u00f3n\">Datenblatt Wechselrichter-Ladeger\u00e4t Victron EasyPlus C 12V 1600VA 70-16A - CEP121620000<\/h2>\n<p><a href=\"https:\/\/fvcomponentes.com\/wp-content\/uploads\/2023\/03\/Brochure-EasyPlus-EN.pdf\" target=\"_blank\" rel=\"noopener\">Wechselrichter-Ladeger\u00e4t Victron EasyPlus C 12V 1600VA 70-16A - CEP121620000 - Datenblatt Wechselrichter-Ladeger\u00e4t<\/a><\/p>\n<h2>Victron Multiplus Schaltplan f\u00fcr Wohnmobile im PDF-Format herunterladen<\/h2>\n<p>Besuchen Sie unseren Blog und laden Sie das PDF-Schema f\u00fcr die Verkabelung und den Anschluss Ihres Victron Multiplus Wechselrichters in einem Wohnmobil herunter. Sie finden den Schaltplan und viele weitere technische Informationen in unserem neuen Blog-Bereich.<\/p>\n<p>Klicken Sie zum Herunterladen unserer <a href=\"https:\/\/fvcomponentes.com\/de\/victron-multiplus-schaltplan\/\" target=\"_blank\" rel=\"noopener\">Schaltplan Victron Multiplus<\/a> unseres Blogs.<\/p>","protected":false},"excerpt":{"rendered":"<ul>\n<li>12-Volt-Sinus-Wechselrichter mit 1600 VA Leistung (3000 Watt Maximalleistung).<\/li>\n<li>70-A-Ladeger\u00e4t, einschlie\u00dflich einer 4-A-Langsamladung f\u00fcr die Starterbatterie.<\/li>\n<li>4-stufige adaptive Ladetechnologie f\u00fcr schnelles und pr\u00e4zises Aufladen des Akkus.<\/li>\n<li>Unterbrechungsfreie Umschaltung zwischen Anschluss\/Generator und Wechselrichter f\u00fcr ein unterbrechungsfreies System.<\/li>\n<li>Inklusive Batteriekabel.<\/li>\n<li>24 Monate weltweite Garantie f\u00fcr Ihren Seelenfrieden.<\/li>\n<\/ul>","protected":false},"featured_media":5552,"comment_status":"open","ping_status":"closed","template":"","meta":{"site-sidebar-layout":"default","site-content-layout":"default","ast-site-content-layout":"default","site-content-style":"default","site-sidebar-style":"default","ast-global-header-display":"","ast-banner-title-visibility":"","ast-main-header-display":"","ast-hfb-above-header-display":"","ast-hfb-below-header-display":"","ast-hfb-mobile-header-display":"","site-post-title":"","ast-breadcrumbs-content":"","ast-featured-img":"","footer-sml-layout":"","ast-disable-related-posts":"","theme-transparent-header-meta":"default","adv-header-id-meta":"","stick-header-meta":"","header-above-stick-meta":"","header-main-stick-meta":"","header-below-stick-meta":"","astra-migrate-meta-layouts":"set","ast-page-background-enabled":"default","ast-page-background-meta":{"desktop":{"background-color":"var(--ast-global-color-4)","background-image":"","background-repeat":"repeat","background-position":"center center","background-size":"auto","background-attachment":"scroll","background-type":"","background-media":"","overlay-type":"","overlay-color":"","overlay-opacity":"","overlay-gradient":""},"tablet":{"background-color":"","background-image":"","background-repeat":"repeat","background-position":"center center","background-size":"auto","background-attachment":"scroll","background-type":"","background-media":"","overlay-type":"","overlay-color":"","overlay-opacity":"","overlay-gradient":""},"mobile":{"background-color":"","background-image":"","background-repeat":"repeat","background-position":"center center","background-size":"auto","background-attachment":"scroll","background-type":"","background-media":"","overlay-type":"","overlay-color":"","overlay-opacity":"","overlay-gradient":""}},"ast-content-background-meta":{"desktop":{"background-color":"var(--ast-global-color-5)","background-image":"","background-repeat":"repeat","background-position":"center center","background-size":"auto","background-attachment":"scroll","background-type":"","background-media":"","overlay-type":"","overlay-color":"","overlay-opacity":"","overlay-gradient":""},"tablet":{"background-color":"var(--ast-global-color-5)","background-image":"","background-repeat":"repeat","background-position":"center center","background-size":"auto","background-attachment":"scroll","background-type":"","background-media":"","overlay-type":"","overlay-color":"","overlay-opacity":"","overlay-gradient":""},"mobile":{"background-color":"var(--ast-global-color-5)","background-image":"","background-repeat":"repeat","background-position":"center center","background-size":"auto","background-attachment":"scroll","background-type":"","background-media":"","overlay-type":"","overlay-color":"","overlay-opacity":"","overlay-gradient":""}}},"pwb-brand":[332],"product_brand":[],"product_cat":[333,388],"product_tag":[],"class_list":{"0":"post-5550","1":"product","2":"type-product","3":"status-publish","4":"has-post-thumbnail","6":"pwb-brand-victron","7":"product_cat-inversores","8":"product_cat-inversores-cargadores-12v","9":"desktop-align-left","10":"tablet-align-left","11":"mobile-align-left","12":"ast-product-gallery-layout-horizontal-slider","13":"ast-product-tabs-layout-horizontal","15":"first","16":"instock","17":"taxable","18":"shipping-taxable","19":"purchasable","20":"product-type-simple"},"wcpa_form_fields":null,"brands":[{"id":332,"name":"Victron Energie","slug":"victron"}],"_links":{"self":[{"href":"https:\/\/fvcomponentes.com\/de\/wp-json\/wp\/v2\/product\/5550","targetHints":{"allow":["GET"]}}],"collection":[{"href":"https:\/\/fvcomponentes.com\/de\/wp-json\/wp\/v2\/product"}],"about":[{"href":"https:\/\/fvcomponentes.com\/de\/wp-json\/wp\/v2\/types\/product"}],"replies":[{"embeddable":true,"href":"https:\/\/fvcomponentes.com\/de\/wp-json\/wp\/v2\/comments?post=5550"}],"wp:featuredmedia":[{"embeddable":true,"href":"https:\/\/fvcomponentes.com\/de\/wp-json\/wp\/v2\/media\/5552"}],"wp:attachment":[{"href":"https:\/\/fvcomponentes.com\/de\/wp-json\/wp\/v2\/media?parent=5550"}],"wp:term":[{"taxonomy":"pwb-brand","embeddable":true,"href":"https:\/\/fvcomponentes.com\/de\/wp-json\/wp\/v2\/pwb-brand?post=5550"},{"taxonomy":"product_brand","embeddable":true,"href":"https:\/\/fvcomponentes.com\/de\/wp-json\/wp\/v2\/product_brand?post=5550"},{"taxonomy":"product_cat","embeddable":true,"href":"https:\/\/fvcomponentes.com\/de\/wp-json\/wp\/v2\/product_cat?post=5550"},{"taxonomy":"product_tag","embeddable":true,"href":"https:\/\/fvcomponentes.com\/de\/wp-json\/wp\/v2\/product_tag?post=5550"}],"curies":[{"name":"wp","href":"https:\/\/api.w.org\/{rel}","templated":true}]}}