{"id":5542,"date":"2023-09-21T09:47:11","date_gmt":"2023-09-21T07:47:11","guid":{"rendered":"https:\/\/fvcomponentes.com\/?post_type=product&#038;p=5542"},"modified":"2026-04-04T12:51:55","modified_gmt":"2026-04-04T10:51:55","slug":"wechselrichter-victron-rs-48-6000va-230v-smart-solar-pin482600000","status":"publish","type":"product","link":"https:\/\/fvcomponentes.com\/de\/producto\/inversor-victron-rs-48-6000va-230v-smart-solar-pin482600000\/","title":{"rendered":"Wechselrichter Victron RS 48\/6000VA 230V Smart - PIN482600000"},"content":{"rendered":"<h2>Wechselrichter Victron RS 48\/6000VA 230V Smart - PIN482600000<\/h2>\n<p>Der Victron RS 48\/6000VA 230V Smart Inverter - PIN482600000 ist ein 48 V, 6 kVA Wechselrichter mit 450 VDC Eingang. Er wird in netzunabh\u00e4ngigen Solaranwendungen eingesetzt, wo Wechselstrom ben\u00f6tigt wird.<\/p>\n<h2>Kombination aus einem Victron Enerngy-Wechselrichter und einem bidirektionalen DC-DC-Wandler.<\/h2>\n<p>Der Wechselrichter erzeugt eine perfekte Sinuswelle, mit der leistungsstarke Ger\u00e4te betrieben werden k\u00f6nnen. Er wird von einem bidirektionalen DC-DC-Wandler versorgt, der bei \u00fcbersch\u00fcssigem Solarstrom die Batterie aufladen oder bei Bedarf Strom aus der Batterie umwandeln kann.<\/p>\n<h2>Der Victron RS 48\/6000VA 230V Smart Inverter - PIN482600000 ist leicht, effizient und leise.<\/h2>\n<p>Dank seiner Hochfrequenztechnologie und seines neuen Designs ist dieser leistungsstarke Wechselrichter:<\/p>\n<ul>\n<li>Er wiegt nur 11 kg.<\/li>\n<li>Dar\u00fcber hinaus verf\u00fcgt es \u00fcber einen ausgezeichneten Wirkungsgrad und einen geringen Stromverbrauch im Standby-Modus, wodurch es sehr leise arbeitet.<\/li>\n<\/ul>\n<h2>Anzeige und Bluetooth<\/h2>\n<p>Das Display zeigt Parameter der Batterie, des Wechselrichters und des Solarladereglers an. Auf diese Parameter kann mit einem Smartphone oder einem anderen Bluetooth-f\u00e4higen Ger\u00e4t zugegriffen werden. Dar\u00fcber hinaus kann Bluetooth zur Konfiguration des Systems und zur \u00c4nderung der Parameter mit <a href=\"https:\/\/www.victronenergy.com.es\/panel-systems-remote-monitoring\/victronconnect\" target=\"_blank\" rel=\"noopener\">VictronConnect<\/a>.<\/p>\n<h2>VE.Can und VE.Direct-Anschluss<\/h2>\n<p>Einerseits verf\u00fcgt es \u00fcber eine VE.Can-Verbindung zu einem GX-Ger\u00e4t f\u00fcr die Fern\u00fcberwachung des Systems, die Datenprotokollierung und Firmware-Updates und andererseits \u00fcber eine VE.Direct-Verbindung zu einem GlobalLink 520 f\u00fcr die Datenfern\u00fcberwachung.<\/p>\n<h2>E\/A-Anschl\u00fcsse<\/h2>\n<p>Programmierbare Relais-, Temperatursensor- und Spannungssensoranschl\u00fcsse. Der Remote-Eingang kann auch so konfiguriert werden, dass er die <a href=\"https:\/\/fvcomponentes.com\/de\/produkt\/smallbms-victron-mit-voralarm-bms400100000\/\" target=\"_blank\" rel=\"noopener\">smallBMS<\/a> von Victron.<\/p>\n<p>&nbsp;<\/p>\n<p><img fetchpriority=\"high\" decoding=\"async\" class=\"alignnone wp-image-5544 size-full\" src=\"https:\/\/fvcomponentes.com\/wp-content\/uploads\/2023\/03\/Captura-2.png\" alt=\"Wechselrichter Victron Enerngy RS 48\/6000VA 230V Smart Solar - PIN482600000\" width=\"580\" height=\"443\" title=\"\"><\/p>\n<h2>Datenblatt Victron RS Wechselrichter 48\/6000VA 230V Smart - PIN482600000<\/h2>\n<p><a href=\"https:\/\/fvcomponentes.com\/wp-content\/uploads\/2025\/09\/Datasheet-Inverter-RS-Smart-Solar-ES.pdf\" target=\"_blank\" rel=\"noopener\">Datenblatt Victron RS Wechselrichter 48\/6000VA 230V Smart - PIN482600000<\/a><\/p>","protected":false},"excerpt":{"rendered":"<p><strong>Spannung:<\/strong> 48V<br \/>\n<strong>Kontinuierliche Leistungsabgabe:<\/strong> 6000VA<br \/>\n<strong>Spitzenleistung:<\/strong> 9 kW f\u00fcr 3 Sekunden<\/p>","protected":false},"featured_media":24779,"comment_status":"open","ping_status":"closed","template":"","meta":{"site-sidebar-layout":"default","site-content-layout":"default","ast-site-content-layout":"default","site-content-style":"default","site-sidebar-style":"default","ast-global-header-display":"","ast-banner-title-visibility":"","ast-main-header-display":"","ast-hfb-above-header-display":"","ast-hfb-below-header-display":"","ast-hfb-mobile-header-display":"","site-post-title":"","ast-breadcrumbs-content":"","ast-featured-img":"","footer-sml-layout":"","ast-disable-related-posts":"","theme-transparent-header-meta":"default","adv-header-id-meta":"","stick-header-meta":"","header-above-stick-meta":"","header-main-stick-meta":"","header-below-stick-meta":"","astra-migrate-meta-layouts":"set","ast-page-background-enabled":"default","ast-page-background-meta":{"desktop":{"background-color":"var(--ast-global-color-4)","background-image":"","background-repeat":"repeat","background-position":"center center","background-size":"auto","background-attachment":"scroll","background-type":"","background-media":"","overlay-type":"","overlay-color":"","overlay-opacity":"","overlay-gradient":""},"tablet":{"background-color":"","background-image":"","background-repeat":"repeat","background-position":"center center","background-size":"auto","background-attachment":"scroll","background-type":"","background-media":"","overlay-type":"","overlay-color":"","overlay-opacity":"","overlay-gradient":""},"mobile":{"background-color":"","background-image":"","background-repeat":"repeat","background-position":"center center","background-size":"auto","background-attachment":"scroll","background-type":"","background-media":"","overlay-type":"","overlay-color":"","overlay-opacity":"","overlay-gradient":""}},"ast-content-background-meta":{"desktop":{"background-color":"var(--ast-global-color-5)","background-image":"","background-repeat":"repeat","background-position":"center center","background-size":"auto","background-attachment":"scroll","background-type":"","background-media":"","overlay-type":"","overlay-color":"","overlay-opacity":"","overlay-gradient":""},"tablet":{"background-color":"var(--ast-global-color-5)","background-image":"","background-repeat":"repeat","background-position":"center center","background-size":"auto","background-attachment":"scroll","background-type":"","background-media":"","overlay-type":"","overlay-color":"","overlay-opacity":"","overlay-gradient":""},"mobile":{"background-color":"var(--ast-global-color-5)","background-image":"","background-repeat":"repeat","background-position":"center center","background-size":"auto","background-attachment":"scroll","background-type":"","background-media":"","overlay-type":"","overlay-color":"","overlay-opacity":"","overlay-gradient":""}}},"pwb-brand":[332],"product_brand":[],"product_cat":[333,369],"product_tag":[],"class_list":{"0":"post-5542","1":"product","2":"type-product","3":"status-publish","4":"has-post-thumbnail","6":"pwb-brand-victron","7":"product_cat-inversores","8":"product_cat-inversores-48v","9":"desktop-align-left","10":"tablet-align-left","11":"mobile-align-left","12":"ast-product-gallery-layout-horizontal-slider","13":"ast-product-tabs-layout-horizontal","15":"first","16":"instock","17":"taxable","18":"shipping-taxable","19":"purchasable","20":"product-type-simple"},"wcpa_form_fields":null,"brands":[{"id":332,"name":"Victron Energie","slug":"victron"}],"_links":{"self":[{"href":"https:\/\/fvcomponentes.com\/de\/wp-json\/wp\/v2\/product\/5542","targetHints":{"allow":["GET"]}}],"collection":[{"href":"https:\/\/fvcomponentes.com\/de\/wp-json\/wp\/v2\/product"}],"about":[{"href":"https:\/\/fvcomponentes.com\/de\/wp-json\/wp\/v2\/types\/product"}],"replies":[{"embeddable":true,"href":"https:\/\/fvcomponentes.com\/de\/wp-json\/wp\/v2\/comments?post=5542"}],"wp:featuredmedia":[{"embeddable":true,"href":"https:\/\/fvcomponentes.com\/de\/wp-json\/wp\/v2\/media\/24779"}],"wp:attachment":[{"href":"https:\/\/fvcomponentes.com\/de\/wp-json\/wp\/v2\/media?parent=5542"}],"wp:term":[{"taxonomy":"pwb-brand","embeddable":true,"href":"https:\/\/fvcomponentes.com\/de\/wp-json\/wp\/v2\/pwb-brand?post=5542"},{"taxonomy":"product_brand","embeddable":true,"href":"https:\/\/fvcomponentes.com\/de\/wp-json\/wp\/v2\/product_brand?post=5542"},{"taxonomy":"product_cat","embeddable":true,"href":"https:\/\/fvcomponentes.com\/de\/wp-json\/wp\/v2\/product_cat?post=5542"},{"taxonomy":"product_tag","embeddable":true,"href":"https:\/\/fvcomponentes.com\/de\/wp-json\/wp\/v2\/product_tag?post=5542"}],"curies":[{"name":"wp","href":"https:\/\/api.w.org\/{rel}","templated":true}]}}