{"id":5534,"date":"2023-09-21T09:26:51","date_gmt":"2023-09-21T07:26:51","guid":{"rendered":"https:\/\/fvcomponentes.com\/?post_type=product&#038;p=5534"},"modified":"2026-04-08T21:36:57","modified_gmt":"2026-04-08T19:36:57","slug":"wechselrichter-victron-energy-phoenix-48v-5000va-smart-pin482500000","status":"publish","type":"product","link":"https:\/\/fvcomponentes.com\/de\/producto\/inversor-victron-energy-phoenix-48v-5000va-smart-pin482500000\/","title":{"rendered":"Wechselrichter 48V Victron Phoenix 48V 5000VA Smart - PIN482500000"},"content":{"rendered":"<h2>Der Victron Phoenix Wechselrichter 48V 5000VA Smart - PIN482500000 mit SinusMax ist ein hervorragendes Produkt<\/h2>\n<p>Die Phoenix-Wechselrichter wurden f\u00fcr professionelle Anwendungen entwickelt und eignen sich f\u00fcr eine Vielzahl von Einsatzm\u00f6glichkeiten. Die Konstruktionskriterien bestanden darin, einen echten Sinus-Wechselrichter mit optimiertem Wirkungsgrad ohne Leistungseinbu\u00dfen zu entwickeln. Das Ergebnis ist ein hochwertiges Produkt mit kompakten Abmessungen, geringem Gewicht und der F\u00e4higkeit, jede Last zuverl\u00e4ssig mit Strom zu versorgen.<\/p>\n<h2>Die unglaubliche zus\u00e4tzliche Startleistung des Victron Phoenix Inverter 48V 5000VA Smart Inverter - PIN482500000<\/h2>\n<p>Ein einzigartiges Merkmal der SinusMax-Technologie ist ihre F\u00e4higkeit, eine sehr hohe Startleistung zu erbringen. Herk\u00f6mmliche Hochfrequenztechnologie bietet keine derartig au\u00dfergew\u00f6hnliche Leistung, aber Phoenix-Wechselrichter sind gut geeignet, um schwierige Lasten wie K\u00fchlkompressoren, Elektromotoren und \u00e4hnliche Ger\u00e4te zu starten.<\/p>\n<h2>Unbegrenzte Leistung bei Parallel- und Dreiphasenbetrieb<\/h2>\n<p>Mit dem Victron Energy Phoenix 48V 5000VA Smart Inverter k\u00f6nnen bis zu 6 Wechselrichtereinheiten parallel betrieben werden, um eine h\u00f6here Ausgangsleistung zu erzielen. Sechs 24\/5000 Einheiten liefern zum Beispiel eine Ausgangsleistung von 24 kW \/ 30 kVA. Dar\u00fcber hinaus ist der Betrieb in dreiphasiger Konfiguration m\u00f6glich.<\/p>\n<h2>Last\u00fcbertragung auf eine andere AC-Quelle<\/h2>\n<p>Wenn ein automatischer Umschalter erforderlich ist, empfehlen wir stattdessen die Verwendung des MultiPlus Wechselrichters\/Ladeger\u00e4ts. Dieser Schalter ist im Lieferumfang dieser Produkte enthalten und die Ladefunktion des MultiPlus kann deaktiviert werden. Computer und andere elektronische Ger\u00e4te werden aufgrund der kurzen Schaltzeit des MultiPlus (weniger als 20 Millisekunden) ohne Unterbrechung weiter betrieben.<\/p>\n<h2>Kommunikationsschnittstelle<\/h2>\n<ul>\n<li style=\"list-style-type: none\">\n<ul>\n<li style=\"list-style-type: none\">\n<ul>\n<li style=\"list-style-type: none\">\n<ul>\n<li style=\"list-style-type: none\">\n<ul>\n<li style=\"list-style-type: none\">\n<ul>\n<li>Mit VE.Bus-Anschluss.<\/li>\n<li>Verwendung des Schnittstellenkabels <a href=\"https:\/\/fvcomponentes.com\/de\/produkt\/schnittstellenkabel-ve-direkt-zu-usb-victron-ass030530010\/\" target=\"_blank\" rel=\"noopener\">VE.Direkt zu USB<\/a>.<\/li>\n<li>Anpassung der Parameter mit der Software VictronConnect oder VEConfigure.<\/li>\n<li>M\u00f6glichkeit zur Einstellung von Spannung, Frequenz, \u00dcber- und Unterspannung und zur Programmierung des Relais.<\/li>\n<li>Verbindung zum GX-Ger\u00e4t (zum Beispiel die <a href=\"https:\/\/fvcomponentes.com\/de\/produkt\/victron-cerbo-gx-mk2-bpp900451100-victron-cerbo-mk2-monitor\/\" target=\"_blank\" rel=\"noopener\">Victron Cerbo GX MK2 \u00dcberwachung - BPP900451100<\/a>) zur \u00dcberwachung und Kontrolle.<\/li>\n<\/ul>\n<\/li>\n<\/ul>\n<\/li>\n<\/ul>\n<\/li>\n<\/ul>\n<\/li>\n<\/ul>\n<\/li>\n<\/ul>\n<p dir=\"ltr\" data-placeholder=\"Traducci\u00f3n\"><img fetchpriority=\"high\" decoding=\"async\" class=\"alignnone size-full wp-image-5540\" src=\"https:\/\/fvcomponentes.com\/wp-content\/uploads\/2023\/03\/Captura.png\" alt=\"Wechselrichter Victron Energy Phoenyx 48V 5000VA Smart - PIN482500000\" width=\"642\" height=\"281\" title=\"\"><\/p>\n<h2 dir=\"ltr\" data-placeholder=\"Traducci\u00f3n\">Datenblatt Victron Phoenix Wechselrichter 48V 5000VA Smart - PIN482500000<\/h2>\n<p><a href=\"https:\/\/fvcomponentes.com\/wp-content\/uploads\/2023\/03\/Datasheet-Phoenix-Inverter-1200VA-5000VA-EN-1-1.pdf\" target=\"_blank\" rel=\"noopener\">Datenblatt f\u00fcr Wechselrichter Victron Phoenix 48V 5000VA Smart Inverter - PIN482500000<\/a><\/p>","protected":false},"excerpt":{"rendered":"<p><strong>Spannung:<\/strong> 48V<br \/>\n<strong>Kontinuierliche Leistungsabgabe:<\/strong> 5000VA<br \/>\n<strong>Spitzenleistung:<\/strong> 10000 W<\/p>","protected":false},"featured_media":5537,"comment_status":"open","ping_status":"closed","template":"","meta":{"site-sidebar-layout":"default","site-content-layout":"default","ast-site-content-layout":"default","site-content-style":"default","site-sidebar-style":"default","ast-global-header-display":"","ast-banner-title-visibility":"","ast-main-header-display":"","ast-hfb-above-header-display":"","ast-hfb-below-header-display":"","ast-hfb-mobile-header-display":"","site-post-title":"","ast-breadcrumbs-content":"","ast-featured-img":"","footer-sml-layout":"","ast-disable-related-posts":"","theme-transparent-header-meta":"default","adv-header-id-meta":"","stick-header-meta":"","header-above-stick-meta":"","header-main-stick-meta":"","header-below-stick-meta":"","astra-migrate-meta-layouts":"set","ast-page-background-enabled":"default","ast-page-background-meta":{"desktop":{"background-color":"var(--ast-global-color-4)","background-image":"","background-repeat":"repeat","background-position":"center center","background-size":"auto","background-attachment":"scroll","background-type":"","background-media":"","overlay-type":"","overlay-color":"","overlay-opacity":"","overlay-gradient":""},"tablet":{"background-color":"","background-image":"","background-repeat":"repeat","background-position":"center center","background-size":"auto","background-attachment":"scroll","background-type":"","background-media":"","overlay-type":"","overlay-color":"","overlay-opacity":"","overlay-gradient":""},"mobile":{"background-color":"","background-image":"","background-repeat":"repeat","background-position":"center center","background-size":"auto","background-attachment":"scroll","background-type":"","background-media":"","overlay-type":"","overlay-color":"","overlay-opacity":"","overlay-gradient":""}},"ast-content-background-meta":{"desktop":{"background-color":"var(--ast-global-color-5)","background-image":"","background-repeat":"repeat","background-position":"center center","background-size":"auto","background-attachment":"scroll","background-type":"","background-media":"","overlay-type":"","overlay-color":"","overlay-opacity":"","overlay-gradient":""},"tablet":{"background-color":"var(--ast-global-color-5)","background-image":"","background-repeat":"repeat","background-position":"center center","background-size":"auto","background-attachment":"scroll","background-type":"","background-media":"","overlay-type":"","overlay-color":"","overlay-opacity":"","overlay-gradient":""},"mobile":{"background-color":"var(--ast-global-color-5)","background-image":"","background-repeat":"repeat","background-position":"center center","background-size":"auto","background-attachment":"scroll","background-type":"","background-media":"","overlay-type":"","overlay-color":"","overlay-opacity":"","overlay-gradient":""}}},"pwb-brand":[332],"product_brand":[],"product_cat":[369,333],"product_tag":[],"class_list":{"0":"post-5534","1":"product","2":"type-product","3":"status-publish","4":"has-post-thumbnail","6":"pwb-brand-victron","7":"product_cat-inversores-48v","8":"product_cat-inversores","9":"desktop-align-left","10":"tablet-align-left","11":"mobile-align-left","12":"ast-product-gallery-layout-horizontal-slider","13":"ast-product-tabs-layout-horizontal","15":"first","16":"instock","17":"taxable","18":"shipping-taxable","19":"purchasable","20":"product-type-simple"},"wcpa_form_fields":null,"brands":[{"id":332,"name":"Victron Energie","slug":"victron"}],"_links":{"self":[{"href":"https:\/\/fvcomponentes.com\/de\/wp-json\/wp\/v2\/product\/5534","targetHints":{"allow":["GET"]}}],"collection":[{"href":"https:\/\/fvcomponentes.com\/de\/wp-json\/wp\/v2\/product"}],"about":[{"href":"https:\/\/fvcomponentes.com\/de\/wp-json\/wp\/v2\/types\/product"}],"replies":[{"embeddable":true,"href":"https:\/\/fvcomponentes.com\/de\/wp-json\/wp\/v2\/comments?post=5534"}],"wp:featuredmedia":[{"embeddable":true,"href":"https:\/\/fvcomponentes.com\/de\/wp-json\/wp\/v2\/media\/5537"}],"wp:attachment":[{"href":"https:\/\/fvcomponentes.com\/de\/wp-json\/wp\/v2\/media?parent=5534"}],"wp:term":[{"taxonomy":"pwb-brand","embeddable":true,"href":"https:\/\/fvcomponentes.com\/de\/wp-json\/wp\/v2\/pwb-brand?post=5534"},{"taxonomy":"product_brand","embeddable":true,"href":"https:\/\/fvcomponentes.com\/de\/wp-json\/wp\/v2\/product_brand?post=5534"},{"taxonomy":"product_cat","embeddable":true,"href":"https:\/\/fvcomponentes.com\/de\/wp-json\/wp\/v2\/product_cat?post=5534"},{"taxonomy":"product_tag","embeddable":true,"href":"https:\/\/fvcomponentes.com\/de\/wp-json\/wp\/v2\/product_tag?post=5534"}],"curies":[{"name":"wp","href":"https:\/\/api.w.org\/{rel}","templated":true}]}}