{"id":5527,"date":"2023-09-21T09:23:07","date_gmt":"2023-09-21T07:23:07","guid":{"rendered":"https:\/\/fvcomponentes.com\/?post_type=product&#038;p=5527"},"modified":"2026-04-08T21:37:54","modified_gmt":"2026-04-08T19:37:54","slug":"wechselrichter-victron-phoenix-24v-5000va-pin245020000-2","status":"publish","type":"product","link":"https:\/\/fvcomponentes.com\/de\/producto\/inversor-victron-phoenix-24v-5000va-pin245020000-2\/","title":{"rendered":"Wechselrichter 24V Victron Phoenix 24V 5000VA - PIN245020000"},"content":{"rendered":"<h2 id=\"tw-target-text\" class=\"tw-data-text tw-text-large tw-ta\" dir=\"ltr\" data-placeholder=\"Traducci\u00f3n\"><span class=\"Y2IQFc\" lang=\"es\">SinusMax - \u00dcberlegene Technik mit dem Victron Phoenix Wechselrichter 24V 5000VA - PIN245020000<\/span><\/h2>\n<p class=\"tw-data-text tw-text-large tw-ta\" dir=\"ltr\" data-placeholder=\"Traducci\u00f3n\"><span class=\"Y2IQFc\" lang=\"es\">Die f\u00fcr den professionellen Einsatz entwickelte Phoenix-Wechselrichterserie, zu der auch der Victron Phoenix Inverter 24V 5000VA - PIN245020000 geh\u00f6rt, eignet sich f\u00fcr die unterschiedlichsten Anwendungen. Die Konstruktionskriterien waren, einen echten Sinus-Wechselrichter mit optimiertem Wirkungsgrad zu entwickeln, ohne dabei Kompromisse bei der Leistung einzugehen. Dank der Hybrid-HF-Technologie ist das Ergebnis ein hochwertiges Produkt mit kompakten Abmessungen und geringem Gewicht, das in der Lage ist, jede Last nahtlos mit Strom zu versorgen.<\/span><\/p>\n<h2 class=\"tw-data-text tw-text-large tw-ta\" dir=\"ltr\" data-placeholder=\"Traducci\u00f3n\"><span class=\"Y2IQFc\" lang=\"es\">Zus\u00e4tzliche Startkraft<\/span><\/h2>\n<p class=\"tw-data-text tw-text-large tw-ta\" dir=\"ltr\" data-placeholder=\"Traducci\u00f3n\"><span class=\"Y2IQFc\" lang=\"es\">Ein einzigartiges Merkmal der SinusMax-Technologie ist eine sehr hohe Startleistung. Herk\u00f6mmliche Hochfrequenztechnik bietet keine so extreme Leistung, Phoenix-Wechselrichter eignen sich jedoch gut f\u00fcr den Start schwieriger Lasten wie K\u00fchlkompressoren, Elektromotoren und \u00e4hnliche Ger\u00e4te.<\/span><\/p>\n<h2 class=\"tw-data-text tw-text-large tw-ta\" dir=\"ltr\" data-placeholder=\"Traducci\u00f3n\"><span class=\"Y2IQFc\" lang=\"es\">Praktisch unbegrenzte Leistung dank Parallel- und Dreiphasenf\u00e4higkeit<\/span><\/h2>\n<p class=\"tw-data-text tw-text-large tw-ta\" dir=\"ltr\" data-placeholder=\"Traducci\u00f3n\"><span class=\"Y2IQFc\" lang=\"es\">Bis zu 6 Wechselrichtereinheiten k\u00f6nnen parallel betrieben werden, um eine h\u00f6here Ausgangsleistung zu erzielen. Sechs 24\/5000-Ger\u00e4te liefern zum Beispiel eine Ausgangsleistung von 24 kW \/ 30 kVA. Der Betrieb in dreiphasiger Konfiguration ist ebenfalls m\u00f6glich. <\/span><\/p>\n<h2 class=\"tw-data-text tw-text-large tw-ta\" dir=\"ltr\" data-placeholder=\"Traducci\u00f3n\"><span class=\"Y2IQFc\" lang=\"es\">Umschalten der Last auf eine andere Wechselstromquelle: automatischer Umschalter<\/span><\/h2>\n<p class=\"tw-data-text tw-text-large tw-ta\" dir=\"ltr\" data-placeholder=\"Traducci\u00f3n\"><span class=\"Y2IQFc\" lang=\"es\">Wenn ein automatischer Umschalter erforderlich ist, empfehlen wir stattdessen die Verwendung des MultiPlus-Wechselrichters\/Ladeger\u00e4ts. Der Schalter ist im Lieferumfang dieser Produkte enthalten und die Ladefunktion des MultiPlus kann deaktiviert werden. Computer und andere elektronische Ger\u00e4te arbeiten ohne Unterbrechung weiter, da der MultiPlus eine kurze Umschaltzeit hat (weniger als 20 Millisekunden). <\/span><\/p>\n<h2 class=\"tw-data-text tw-text-large tw-ta\" dir=\"ltr\" data-placeholder=\"Traducci\u00f3n\"><span class=\"Y2IQFc\" lang=\"es\"> Kommunikationsschnittstelle<\/span><\/h2>\n<p class=\"tw-data-text tw-text-large tw-ta\" dir=\"ltr\" data-placeholder=\"Traducci\u00f3n\"><span class=\"Y2IQFc\" lang=\"es\">Diese gr\u00f6\u00dferen Phoenix-Wechselrichtermodelle sind mit einem VE.Bus-Anschluss ausgestattet. Alles, was Sie f\u00fcr den Anschluss an Ihren PC ben\u00f6tigen, ist unser MK3- USB VE.Bus zu USB Interface (<a href=\"https:\/\/fvcomponentes.com\/de\/produkt\/victron-ve-mk3-usb-schnittstelle-interface-link\/\" target=\"_blank\" rel=\"noopener\">siehe Zubeh\u00f6r<\/a>). Zusammen mit unserer Software VictronConnect oder VEConfigure, die kostenlos von unserer Website heruntergeladen werden kann, k\u00f6nnen die Parameter des Wechselrichters individuell angepasst werden. Dazu geh\u00f6ren die Ausgangsspannung und -frequenz, die Einstellung von \u00dcber- und Unterspannung sowie die Programmierung eines Relais, das z. B. zur Signalisierung verschiedener Alarmzust\u00e4nde oder zum Starten eines Generators verwendet werden kann. Die Wechselrichter k\u00f6nnen auch an ein GX-Ger\u00e4t angeschlossen werden (z. B. an das <a href=\"https:\/\/fvcomponentes.com\/de\/produkt\/victron-cerbo-gx-mk2-bpp900451100-victron-cerbo-mk2-monitor\/\" target=\"_blank\" rel=\"noopener\">Victron Cerbo GX MK2 \u00dcberwachung - BPP900451100<\/a>) zur \u00dcberwachung und Kontrolle.<\/span><\/p>\n<h2 class=\"tw-data-text tw-text-large tw-ta\" dir=\"ltr\" data-placeholder=\"Traducci\u00f3n\"><span class=\"Y2IQFc\" lang=\"es\">Neue Anwendungen von Hochleistungswechselrichtern<\/span><\/h2>\n<p class=\"tw-data-text tw-text-large tw-ta\" dir=\"ltr\" data-placeholder=\"Traducci\u00f3n\"><span class=\"Y2IQFc\" lang=\"es\">Die M\u00f6glichkeiten von Hochleistungs-Wechselrichtern in Parallelschaltung sind wirklich erstaunlich. Ideen, Beispiele und Berechnungen zur Batteriekapazit\u00e4t finden Sie in unserem Buch \"Energy Unlimited\" (kostenlos erh\u00e4ltlich bei Victron Energy und herunterladbar unter<a href=\"https:\/\/www.victronenergy.com.es\/\" target=\"_blank\" rel=\"noopener\"> www.victronenergy.com<\/a>).<\/span><\/p>\n<p><img fetchpriority=\"high\" decoding=\"async\" class=\"alignnone size-full wp-image-5531\" src=\"https:\/\/fvcomponentes.com\/wp-content\/uploads\/2023\/03\/Captura-phoenix.png\" alt=\"Wechselrichter Victron Energy Phoenix 24V 5000VA PIN485020000\" width=\"589\" height=\"269\" title=\"\"><\/p>\n<h2>Datenblatt Victron Phoenix Wechselrichter 24V 5000VA - PIN245020000<\/h2>\n<p><a href=\"https:\/\/fvcomponentes.com\/wp-content\/uploads\/2023\/03\/Datasheet-Phoenix-Inverter-1200VA-5000VA-EN-1.pdf\" target=\"_blank\" rel=\"noopener\">Datenblatt Victron Phoenix Wechselrichter 24V 5000VA - PIN245020000<\/a><\/p>","protected":false},"excerpt":{"rendered":"<p><strong>Spannung:<\/strong> 24V<br \/>\n<strong>Kontinuierliche Leistungsabgabe:<\/strong> 5000VA<br \/>\n<strong>Spitzenleistung:<\/strong> 10000W<\/p>","protected":false},"featured_media":5530,"comment_status":"open","ping_status":"closed","template":"","meta":{"site-sidebar-layout":"default","site-content-layout":"default","ast-site-content-layout":"default","site-content-style":"default","site-sidebar-style":"default","ast-global-header-display":"","ast-banner-title-visibility":"","ast-main-header-display":"","ast-hfb-above-header-display":"","ast-hfb-below-header-display":"","ast-hfb-mobile-header-display":"","site-post-title":"","ast-breadcrumbs-content":"","ast-featured-img":"","footer-sml-layout":"","ast-disable-related-posts":"","theme-transparent-header-meta":"default","adv-header-id-meta":"","stick-header-meta":"","header-above-stick-meta":"","header-main-stick-meta":"","header-below-stick-meta":"","astra-migrate-meta-layouts":"set","ast-page-background-enabled":"default","ast-page-background-meta":{"desktop":{"background-color":"var(--ast-global-color-4)","background-image":"","background-repeat":"repeat","background-position":"center center","background-size":"auto","background-attachment":"scroll","background-type":"","background-media":"","overlay-type":"","overlay-color":"","overlay-opacity":"","overlay-gradient":""},"tablet":{"background-color":"","background-image":"","background-repeat":"repeat","background-position":"center center","background-size":"auto","background-attachment":"scroll","background-type":"","background-media":"","overlay-type":"","overlay-color":"","overlay-opacity":"","overlay-gradient":""},"mobile":{"background-color":"","background-image":"","background-repeat":"repeat","background-position":"center center","background-size":"auto","background-attachment":"scroll","background-type":"","background-media":"","overlay-type":"","overlay-color":"","overlay-opacity":"","overlay-gradient":""}},"ast-content-background-meta":{"desktop":{"background-color":"var(--ast-global-color-5)","background-image":"","background-repeat":"repeat","background-position":"center center","background-size":"auto","background-attachment":"scroll","background-type":"","background-media":"","overlay-type":"","overlay-color":"","overlay-opacity":"","overlay-gradient":""},"tablet":{"background-color":"var(--ast-global-color-5)","background-image":"","background-repeat":"repeat","background-position":"center center","background-size":"auto","background-attachment":"scroll","background-type":"","background-media":"","overlay-type":"","overlay-color":"","overlay-opacity":"","overlay-gradient":""},"mobile":{"background-color":"var(--ast-global-color-5)","background-image":"","background-repeat":"repeat","background-position":"center center","background-size":"auto","background-attachment":"scroll","background-type":"","background-media":"","overlay-type":"","overlay-color":"","overlay-opacity":"","overlay-gradient":""}}},"pwb-brand":[332],"product_brand":[],"product_cat":[333,367],"product_tag":[],"class_list":{"0":"post-5527","1":"product","2":"type-product","3":"status-publish","4":"has-post-thumbnail","6":"pwb-brand-victron","7":"product_cat-inversores","8":"product_cat-inversores-24-v","9":"desktop-align-left","10":"tablet-align-left","11":"mobile-align-left","12":"ast-product-gallery-layout-horizontal-slider","13":"ast-product-gallery-with-no-image","14":"ast-product-tabs-layout-horizontal","16":"first","17":"instock","18":"taxable","19":"shipping-taxable","20":"purchasable","21":"product-type-simple"},"wcpa_form_fields":null,"brands":[{"id":332,"name":"Victron Energie","slug":"victron"}],"_links":{"self":[{"href":"https:\/\/fvcomponentes.com\/de\/wp-json\/wp\/v2\/product\/5527","targetHints":{"allow":["GET"]}}],"collection":[{"href":"https:\/\/fvcomponentes.com\/de\/wp-json\/wp\/v2\/product"}],"about":[{"href":"https:\/\/fvcomponentes.com\/de\/wp-json\/wp\/v2\/types\/product"}],"replies":[{"embeddable":true,"href":"https:\/\/fvcomponentes.com\/de\/wp-json\/wp\/v2\/comments?post=5527"}],"wp:featuredmedia":[{"embeddable":true,"href":"https:\/\/fvcomponentes.com\/de\/wp-json\/wp\/v2\/media\/5530"}],"wp:attachment":[{"href":"https:\/\/fvcomponentes.com\/de\/wp-json\/wp\/v2\/media?parent=5527"}],"wp:term":[{"taxonomy":"pwb-brand","embeddable":true,"href":"https:\/\/fvcomponentes.com\/de\/wp-json\/wp\/v2\/pwb-brand?post=5527"},{"taxonomy":"product_brand","embeddable":true,"href":"https:\/\/fvcomponentes.com\/de\/wp-json\/wp\/v2\/product_brand?post=5527"},{"taxonomy":"product_cat","embeddable":true,"href":"https:\/\/fvcomponentes.com\/de\/wp-json\/wp\/v2\/product_cat?post=5527"},{"taxonomy":"product_tag","embeddable":true,"href":"https:\/\/fvcomponentes.com\/de\/wp-json\/wp\/v2\/product_tag?post=5527"}],"curies":[{"name":"wp","href":"https:\/\/api.w.org\/{rel}","templated":true}]}}