{"id":4079,"date":"2022-04-25T12:57:58","date_gmt":"2022-04-25T10:57:58","guid":{"rendered":"https:\/\/fvcomponentes.com\/producto\/cargador-baterias-victron-blue-smart-ip22-24-12-1\/"},"modified":"2026-01-15T10:07:16","modified_gmt":"2026-01-15T09:07:16","slug":"victron-blue-smart-ip22-24-12-1-batterieladegerat","status":"publish","type":"product","link":"https:\/\/fvcomponentes.com\/de\/producto\/cargador-baterias-victron-blue-smart-ip22-24-12-1\/","title":{"rendered":"Victron Blue Smart IP22 24\/12 Batterieladeger\u00e4t (1) - BPC241242002"},"content":{"rendered":"<h2>Batterieladeger\u00e4t Victron Blue Smart IP22 24\/12 (1) - BPC241242002<\/h2>\n<p>Das Victron Blue Smart IP22 24\/12 (1) ist das neue professionelle Batterieladeger\u00e4t mit integriertem Bluetooth. Das Blue Smart IP22 Ladeger\u00e4t kann sowohl in Ger\u00e4ten in Ihrer Werkstatt als auch in Kraftfahrzeugen, wie (Oldtimer) Autos, Motorr\u00e4dern, Booten und Wohnmobilen, verwendet werden.<\/p>\n<h3>Bluetooth Smart<\/h3>\n<p>Die kabellose L\u00f6sung zur \u00dcberwachung von Spannung und Stromst\u00e4rke, zum \u00c4ndern von Einstellungen und zum Aktualisieren des Ladeger\u00e4ts, wenn neue Funktionen verf\u00fcgbar werden.<\/p>\n<h3>Hohe Effizienz<\/h3>\n<p>Mit einem Wirkungsgrad von bis zu 94 % erzeugen diese Ladeger\u00e4te bis zu viermal weniger W\u00e4rme als der Industriestandard. Und sobald die Batterie vollst\u00e4ndig geladen ist, sinkt der Stromverbrauch auf 0,5 Watt, f\u00fcnf bis zehn Mal weniger als der Industriestandard.<\/p>\n<h3>6-stufiger Algorithmus f\u00fcr variable Beladung: Pr\u00fcfung - Erstbeladung - Absorption - Rekonditionierung - Floating - Lagerung<\/h3>\n<p>Das Ladeger\u00e4t Victron Blue Smart IP22 24\/12 (1) verf\u00fcgt \u00fcber ein mikroprozessorgesteuertes \"adaptives\" Batteriemanagement. Seine \"adaptive\" Funktion optimiert den Ladevorgang automatisch auf der Grundlage der Nutzung der Batterie.<\/p>\n<h3>Vollst\u00e4ndig programmierbarer Ladealgorithmus<\/h3>\n<p>Mit der Bluetooth-Anwendung k\u00f6nnen die Absorptions-, Erhaltungsund Speicherspannung sowie die Rekonditionierungseinstellung und der Temperaturkompensationswert programmiert werden. Nach der Aktivierung des Expertenmodus erm\u00f6glicht die App die \u00c4nderung nahezu aller vom Ladealgorithmus verwendeten Parameter und Zeitlimits.<\/p>\n<h3>Lagermodus: geringere Alterung und geringerer Wartungsbedarf, wenn die Batterie nicht benutzt wird<\/h3>\n<p>Der Speichermodus wird aktiviert, wenn die Batterie 24 Stunden lang nicht entladen wurde. Im Lagermodus wird die Erhaltungsspannung auf 2,2 V\/Zelle (13,2 V bei 12-V-Batterien) reduziert, um Gasbildung und Korrosion der positiven Platten zu verringern.<\/p>\n<p>Einmal pro Woche wird die Spannung wieder auf das Absorptionsniveau angehoben, um die Batterie \"auszugleichen\". Diese Funktion verhindert die Schichtung des Elektrolyts und die Sulfatierung, die Hauptursachen f\u00fcr einen vorzeitigen Ausfall der Batterie.<\/p>\n<h3>L\u00e4dt auch Lithium-Ionen-Batterien mit Victron Blue Smart Charger IP22 24\/12 (1)<\/h3>\n<p>Lithium-Ionen-Batterien werden mit einem einfachen Algorithmus aus Anfangsladung, Absorption und Float geladen.<\/p>\n<h3>Funktion zur Wiederherstellung einer vollst\u00e4ndig entladenen Batterie<\/h3>\n<p>Das Victron Blue Smart IP22 24\/12 (1) Ladeger\u00e4t beginnt den Ladevorgang auch dann, wenn die Batterie auf Null Volt entladen wurde. Mit der internen Trennfunktion kann es eine vollst\u00e4ndig entladene Lithium-Ionen-Batterie wieder aufladen.<\/p>\n<h3>NIGHT- und LOW-Einstellung<\/h3>\n<p>Wenn die Modi NIGHT oder LOW aktiv sind, wird der Ausgangsstrom auf maximal 50 % der Nennleistung reduziert, und das Ladeger\u00e4t Victron Blue Smart IP22 24\/12 (1) ist v\u00f6llig ger\u00e4uschlos. Der NIGHT-Modus wird nach 8 Stunden automatisch beendet. Der LOW-Modus kann manuell beendet werden.<\/p>\n<h3>Schutz vor \u00dcberhitzung<\/h3>\n<p>Der Ausgangsstrom sinkt, wenn die Temperatur auf 50\u00b0C ansteigt, aber das Blue Smart-Ladeger\u00e4t wird nicht ausfallen.<\/p>\n<h3>Elf LED-Statusanzeigen<\/h3>\n<p>Ladealgorithmus: TEST \/ BULK \/ ABSORPTION \/ RECONDITION \/ FLOAT \/ STORAGE \/ READY MODE Taste zur Einstellung: NORMAL (14,4V) \/ HIGH (14,7V) \/ RECONDITION \/ LI-ION<\/p>\n<h3>Historischer Rekord von 40 Zyklen<\/h3>\n<p>Der Verlaufsbildschirm enth\u00e4lt historische Nutzungsdaten f\u00fcr die gesamte Lebensdauer des Ladeger\u00e4ts und detaillierte Statistiken f\u00fcr die letzten 40 Ladezyklen.<\/p>\n<h3>VE.Smart Networking<\/h3>\n<p>Das VE.Smart Netzwerk ist ein drahtloses Device-to-Device (D2D) Kommunikationsnetzwerk zwischen Victron Produkten, die Bluetooth Smart verwenden.<\/p>\n<h3>Optionale Batteriespannungs- und Temperaturkompensation sowie Stromsensor<\/h3>\n<p>Das VE.Smart Netzwerk er\u00f6ffnet die M\u00f6glichkeit, den Ladevorgang zu optimieren: ein Smart Battery Sense, Smart Battery Monitor oder SmartShunt kann verwendet werden, um die Batteriespannung und -temperatur oder ein oder mehrere Batterieladeger\u00e4te zu \u00fcbermitteln. Ein Smart Battery Monitor oder SmartShunt kann auch den Batteriestrom \u00fcbermitteln.<\/p>\n<h3>Paralleles synchronisiertes Laden<\/h3>\n<p>Bis zu zehn Batterieladeger\u00e4te k\u00f6nnen in einem VE.Smart-Netzwerk synchronisiert werden, damit sie die Batterie so laden, als w\u00e4ren sie ein einziges gro\u00dfes Ladeger\u00e4t. Die Ladeger\u00e4te synchronisieren den Ladealgorithmus miteinander. Sie schalten gleichzeitig von einem Ladezustand in einen anderen, z. B. von der Anfangsladung zur Absorption.<\/p>\n<p>Das parallele, synchronisierte Laden hat mehrere interessante Vorteile:<\/p>\n<p>- Redundanz: Wenn ein Ladeger\u00e4t aus irgendeinem Grund ausf\u00e4llt, werden die anderen Ladeger\u00e4te weiter betrieben.<\/p>\n<p>- Flexibilit\u00e4t: Ein Ladeger\u00e4t muss nur an das Stromnetz angeschlossen werden, wenn mehr Leistung ben\u00f6tigt wird.<\/p>\n<p>- Kosten: Im Allgemeinen kosten mehrere Ladeger\u00e4te mit geringer Leistung weniger als ein einzelnes Hochleistungsladeger\u00e4t.<\/p>\n<p>- Installation: Es kann einfacher sein, mehrere Ladeger\u00e4te mit geringer Leistung auf engem Raum unterzubringen.<\/p>\n<h2>Datenblatt Victron Blue Smart Batterieladeger\u00e4t IP22 24\/12 (1) - BPC241242002<\/h2>\n<p><a href=\"https:\/\/fvcomponentes.com\/wp-content\/uploads\/2022\/04\/Datasheet-Blue-Smart-IP22-Charger-230-VAC-ES.pdf\" target=\"_blank\" rel=\"noopener\">Datenblatt Victron Blue Smart IP22 24\/12 (1) -BPC241242002 Batterieladeger\u00e4t ansehen<\/a><\/p>","protected":false},"excerpt":{"rendered":"<p><strong>Eingangsspannungsbereich:<\/strong> 180 - 265 VAC<br \/>\n<strong>Ladestrom, normaler Modus:<\/strong> 12A<br \/>\n<strong>Ladestrom, Modus NIGHT oder LOW:<\/strong> 6A<br \/>\n<strong>Effizienz:\u00a0<\/strong> 94 %<br \/>\n<strong>Verbrauch im Leerlauf :<\/strong> 0,5 W<br \/>\n<strong>Frequenz<\/strong>: 45 - 65 Hz<br \/>\n<strong>Anzahl der Steckdosen:<\/strong> 1<\/p>","protected":false},"featured_media":4080,"comment_status":"open","ping_status":"closed","template":"","meta":{"site-sidebar-layout":"default","site-content-layout":"default","ast-site-content-layout":"default","site-content-style":"default","site-sidebar-style":"default","ast-global-header-display":"","ast-banner-title-visibility":"","ast-main-header-display":"","ast-hfb-above-header-display":"","ast-hfb-below-header-display":"","ast-hfb-mobile-header-display":"","site-post-title":"","ast-breadcrumbs-content":"","ast-featured-img":"","footer-sml-layout":"","ast-disable-related-posts":"","theme-transparent-header-meta":"default","adv-header-id-meta":"","stick-header-meta":"","header-above-stick-meta":"","header-main-stick-meta":"","header-below-stick-meta":"","astra-migrate-meta-layouts":"set","ast-page-background-enabled":"default","ast-page-background-meta":{"desktop":{"background-color":"var(--ast-global-color-4)","background-image":"","background-repeat":"repeat","background-position":"center center","background-size":"auto","background-attachment":"scroll","background-type":"","background-media":"","overlay-type":"","overlay-color":"","overlay-opacity":"","overlay-gradient":""},"tablet":{"background-color":"","background-image":"","background-repeat":"repeat","background-position":"center center","background-size":"auto","background-attachment":"scroll","background-type":"","background-media":"","overlay-type":"","overlay-color":"","overlay-opacity":"","overlay-gradient":""},"mobile":{"background-color":"","background-image":"","background-repeat":"repeat","background-position":"center center","background-size":"auto","background-attachment":"scroll","background-type":"","background-media":"","overlay-type":"","overlay-color":"","overlay-opacity":"","overlay-gradient":""}},"ast-content-background-meta":{"desktop":{"background-color":"var(--ast-global-color-5)","background-image":"","background-repeat":"repeat","background-position":"center center","background-size":"auto","background-attachment":"scroll","background-type":"","background-media":"","overlay-type":"","overlay-color":"","overlay-opacity":"","overlay-gradient":""},"tablet":{"background-color":"var(--ast-global-color-5)","background-image":"","background-repeat":"repeat","background-position":"center center","background-size":"auto","background-attachment":"scroll","background-type":"","background-media":"","overlay-type":"","overlay-color":"","overlay-opacity":"","overlay-gradient":""},"mobile":{"background-color":"var(--ast-global-color-5)","background-image":"","background-repeat":"repeat","background-position":"center center","background-size":"auto","background-attachment":"scroll","background-type":"","background-media":"","overlay-type":"","overlay-color":"","overlay-opacity":"","overlay-gradient":""}}},"pwb-brand":[332],"product_brand":[],"product_cat":[419,462],"product_tag":[],"class_list":{"0":"post-4079","1":"product","2":"type-product","3":"status-publish","4":"has-post-thumbnail","6":"pwb-brand-victron","7":"product_cat-cargadores-de-baterias","8":"product_cat-cargador-de-baterias-24-v","9":"desktop-align-left","10":"tablet-align-left","11":"mobile-align-left","12":"ast-product-gallery-layout-horizontal-slider","13":"ast-product-tabs-layout-horizontal","15":"first","16":"instock","17":"taxable","18":"shipping-taxable","19":"purchasable","20":"product-type-simple"},"wcpa_form_fields":null,"brands":[{"id":332,"name":"Victron Energie","slug":"victron"}],"_links":{"self":[{"href":"https:\/\/fvcomponentes.com\/de\/wp-json\/wp\/v2\/product\/4079","targetHints":{"allow":["GET"]}}],"collection":[{"href":"https:\/\/fvcomponentes.com\/de\/wp-json\/wp\/v2\/product"}],"about":[{"href":"https:\/\/fvcomponentes.com\/de\/wp-json\/wp\/v2\/types\/product"}],"replies":[{"embeddable":true,"href":"https:\/\/fvcomponentes.com\/de\/wp-json\/wp\/v2\/comments?post=4079"}],"wp:featuredmedia":[{"embeddable":true,"href":"https:\/\/fvcomponentes.com\/de\/wp-json\/wp\/v2\/media\/4080"}],"wp:attachment":[{"href":"https:\/\/fvcomponentes.com\/de\/wp-json\/wp\/v2\/media?parent=4079"}],"wp:term":[{"taxonomy":"pwb-brand","embeddable":true,"href":"https:\/\/fvcomponentes.com\/de\/wp-json\/wp\/v2\/pwb-brand?post=4079"},{"taxonomy":"product_brand","embeddable":true,"href":"https:\/\/fvcomponentes.com\/de\/wp-json\/wp\/v2\/product_brand?post=4079"},{"taxonomy":"product_cat","embeddable":true,"href":"https:\/\/fvcomponentes.com\/de\/wp-json\/wp\/v2\/product_cat?post=4079"},{"taxonomy":"product_tag","embeddable":true,"href":"https:\/\/fvcomponentes.com\/de\/wp-json\/wp\/v2\/product_tag?post=4079"}],"curies":[{"name":"wp","href":"https:\/\/api.w.org\/{rel}","templated":true}]}}