{"id":38681,"date":"2026-04-10T19:09:32","date_gmt":"2026-04-10T17:09:32","guid":{"rendered":"https:\/\/fvcomponentes.com\/?post_type=product&#038;p=38681"},"modified":"2026-04-10T19:16:43","modified_gmt":"2026-04-10T17:16:43","slug":"novotegra-kit-3-module-ballas-73-117824-73-117824-73-117824","status":"publish","type":"product","link":"https:\/\/fvcomponentes.com\/de\/producto\/novotegra-kit-3-modules-ballas-73-117824-73-117824\/","title":{"rendered":"NOVOTEGRA KIT 3 vertikale Dreiecksmodule (73-117824) - 73-117824"},"content":{"rendered":"<p>novotegra-Bausatz f\u00fcr 3 Module mit vertikaler Neigung (15\u00ba-20\u00ba-25\u00ba-30\u00ba). Max. Modulgr\u00f6\u00dfe: 2278 mm x 1134 mm. Dieses System muss auf D\u00e4chern mit einer Neigung von weniger als 5\u00ba installiert werden und mit dem entsprechenden Gewicht beschwert werden (Dokument im Abschnitt ZUS\u00c4TZLICHE DOKUMENTE).<br \/>\nSiehe <strong><a href=\"https:\/\/solarshop.baywa-re.es\/novotegra\/2024-03-14-Kit-triangulos-vertical.pdf\" target=\"_blank\" rel=\"noopener\">MATERIALAUFSCHL\u00dcSSELUNG<\/a><\/strong><\/p>\n<h3>Dokumentation<\/h3>\n<ul style=\"margin-top: 8px;\">\n<li><a href=\"https:\/\/fvcomponentes.com\/wp-content\/uploads\/2026\/04\/Data_Sheet_-10.pdf\" target=\"_blank\" rel=\"noopener\">\ud83d\udcc4 Datenblatt<\/a><\/li>\n<li><a href=\"https:\/\/fvcomponentes.com\/wp-content\/uploads\/2026\/04\/Warranty_Manual_-9.pdf\" target=\"_blank\" rel=\"noopener\">\ud83d\udcc4 Garantie-Handbuch<\/a><\/li>\n<li><a href=\"https:\/\/fvcomponentes.com\/wp-content\/uploads\/2026\/04\/Installation_Manual_-9.pdf\" target=\"_blank\" rel=\"noopener\">\ud83d\udcc4 Installationshandbuch<\/a><\/li>\n<\/ul>","protected":false},"excerpt":{"rendered":"<p>novotegra-Bausatz f\u00fcr 3 Module mit vertikaler Neigung (15\u00ba-20\u00ba-25\u00ba-30\u00ba). Max. Modulgr\u00f6\u00dfe: 2278 mm x 1134 mm. Dieses System muss auf D\u00e4chern mit einer Neigung von weniger als 5\u00ba installiert werden und mit dem entsprechenden Gewicht beschwert werden (Dokument im Abschnitt ZUS\u00c4TZLICHE DOKUMENTE).<br \/>\nSiehe <strong>&lt;a href=\u201dhttps:\/\/so<\/strong><\/p>","protected":false},"featured_media":38680,"comment_status":"open","ping_status":"closed","template":"","meta":{"site-sidebar-layout":"default","site-content-layout":"","ast-site-content-layout":"default","site-content-style":"default","site-sidebar-style":"default","ast-global-header-display":"","ast-banner-title-visibility":"","ast-main-header-display":"","ast-hfb-above-header-display":"","ast-hfb-below-header-display":"","ast-hfb-mobile-header-display":"","site-post-title":"","ast-breadcrumbs-content":"","ast-featured-img":"","footer-sml-layout":"","ast-disable-related-posts":"","theme-transparent-header-meta":"default","adv-header-id-meta":"","stick-header-meta":"","header-above-stick-meta":"","header-main-stick-meta":"","header-below-stick-meta":"","astra-migrate-meta-layouts":"set","ast-page-background-enabled":"default","ast-page-background-meta":{"desktop":{"background-color":"var(--ast-global-color-4)","background-image":"","background-repeat":"repeat","background-position":"center center","background-size":"auto","background-attachment":"scroll","background-type":"","background-media":"","overlay-type":"","overlay-color":"","overlay-opacity":"","overlay-gradient":""},"tablet":{"background-color":"","background-image":"","background-repeat":"repeat","background-position":"center center","background-size":"auto","background-attachment":"scroll","background-type":"","background-media":"","overlay-type":"","overlay-color":"","overlay-opacity":"","overlay-gradient":""},"mobile":{"background-color":"","background-image":"","background-repeat":"repeat","background-position":"center center","background-size":"auto","background-attachment":"scroll","background-type":"","background-media":"","overlay-type":"","overlay-color":"","overlay-opacity":"","overlay-gradient":""}},"ast-content-background-meta":{"desktop":{"background-color":"var(--ast-global-color-5)","background-image":"","background-repeat":"repeat","background-position":"center center","background-size":"auto","background-attachment":"scroll","background-type":"","background-media":"","overlay-type":"","overlay-color":"","overlay-opacity":"","overlay-gradient":""},"tablet":{"background-color":"var(--ast-global-color-5)","background-image":"","background-repeat":"repeat","background-position":"center center","background-size":"auto","background-attachment":"scroll","background-type":"","background-media":"","overlay-type":"","overlay-color":"","overlay-opacity":"","overlay-gradient":""},"mobile":{"background-color":"var(--ast-global-color-5)","background-image":"","background-repeat":"repeat","background-position":"center center","background-size":"auto","background-attachment":"scroll","background-type":"","background-media":"","overlay-type":"","overlay-color":"","overlay-opacity":"","overlay-gradient":""}}},"pwb-brand":[1027],"product_brand":[],"product_cat":[406,398],"product_tag":[],"class_list":{"0":"post-38681","1":"product","2":"type-product","3":"status-publish","4":"has-post-thumbnail","6":"pwb-brand-novotegra","7":"product_cat-estructuras-suelo","8":"product_cat-estructuras-placas-solares","9":"desktop-align-left","10":"tablet-align-left","11":"mobile-align-left","12":"ast-product-gallery-layout-horizontal-slider","13":"ast-product-gallery-with-no-image","14":"ast-product-tabs-layout-horizontal","16":"first","17":"instock","18":"taxable","19":"shipping-taxable","20":"product-type-simple"},"wcpa_form_fields":null,"brands":[{"id":1027,"name":"Novotegra-Strukturen","slug":"novotegra"}],"_links":{"self":[{"href":"https:\/\/fvcomponentes.com\/de\/wp-json\/wp\/v2\/product\/38681","targetHints":{"allow":["GET"]}}],"collection":[{"href":"https:\/\/fvcomponentes.com\/de\/wp-json\/wp\/v2\/product"}],"about":[{"href":"https:\/\/fvcomponentes.com\/de\/wp-json\/wp\/v2\/types\/product"}],"replies":[{"embeddable":true,"href":"https:\/\/fvcomponentes.com\/de\/wp-json\/wp\/v2\/comments?post=38681"}],"wp:featuredmedia":[{"embeddable":true,"href":"https:\/\/fvcomponentes.com\/de\/wp-json\/wp\/v2\/media\/38680"}],"wp:attachment":[{"href":"https:\/\/fvcomponentes.com\/de\/wp-json\/wp\/v2\/media?parent=38681"}],"wp:term":[{"taxonomy":"pwb-brand","embeddable":true,"href":"https:\/\/fvcomponentes.com\/de\/wp-json\/wp\/v2\/pwb-brand?post=38681"},{"taxonomy":"product_brand","embeddable":true,"href":"https:\/\/fvcomponentes.com\/de\/wp-json\/wp\/v2\/product_brand?post=38681"},{"taxonomy":"product_cat","embeddable":true,"href":"https:\/\/fvcomponentes.com\/de\/wp-json\/wp\/v2\/product_cat?post=38681"},{"taxonomy":"product_tag","embeddable":true,"href":"https:\/\/fvcomponentes.com\/de\/wp-json\/wp\/v2\/product_tag?post=38681"}],"curies":[{"name":"wp","href":"https:\/\/api.w.org\/{rel}","templated":true}]}}