{"id":38651,"date":"2026-04-10T19:07:59","date_gmt":"2026-04-10T17:07:59","guid":{"rendered":"https:\/\/fvcomponentes.com\/?post_type=product&#038;p=38651"},"modified":"2026-04-10T19:16:12","modified_gmt":"2026-04-10T17:16:12","slug":"novotegra-bausatz-3-module-in-ara-73-117766-73-117766","status":"publish","type":"product","link":"https:\/\/fvcomponentes.com\/de\/producto\/novotegra-kit-3-modules-in-ara-73-117766-73-117766\/","title":{"rendered":"NOVOTEGRA KIT 3 Module Kachelabdeckung F\u00dcR SILBERNE RAHMENMODULE (73-117766) - 73-117766"},"content":{"rendered":"<p>Novotegra-Aufbausatz f\u00fcr 3 Fliesenmodule F\u00dcR SILBERRAHMENMODULE.<br \/>\nSiehe <strong><a href=\"https:\/\/solarshop.baywa-re.es\/novotegra\/2025-07-23-Kit-residencial-marco-plata.pdf\" target=\"_blank\" rel=\"noopener\">MATERIALAUFSCHL\u00dcSSELUNG<\/a><\/strong><\/p>\n<h3>Dokumentation<\/h3>\n<ul style=\"margin-top: 8px;\">\n<li><a href=\"https:\/\/fvcomponentes.com\/wp-content\/uploads\/2026\/04\/Data_Sheet_-4.pdf\" target=\"_blank\" rel=\"noopener\">\ud83d\udcc4 Datenblatt<\/a><\/li>\n<li><a href=\"https:\/\/fvcomponentes.com\/wp-content\/uploads\/2026\/04\/Warranty_Manual_-3.pdf\" target=\"_blank\" rel=\"noopener\">\ud83d\udcc4 Garantie-Handbuch<\/a><\/li>\n<li><a href=\"https:\/\/fvcomponentes.com\/wp-content\/uploads\/2026\/04\/Installation_Manual_-3.pdf\" target=\"_blank\" rel=\"noopener\">\ud83d\udcc4 Installationshandbuch<\/a><\/li>\n<\/ul>","protected":false},"excerpt":{"rendered":"<p>Novotegra-Aufbausatz f\u00fcr 3 Fliesenmodule F\u00dcR SILBERRAHMENMODULE.<br \/>\nSiehe <strong><a href=\"https:\/\/solarshop.baywa-re.es\/novotegra\/2025-07-23-Kit-residencial-marco-plata.pdf\" target=\"_blank\" rel=\"noopener\">MATERIALAUFSCHL\u00dcSSELUNG<\/a><\/strong><\/p>","protected":false},"featured_media":38650,"comment_status":"open","ping_status":"closed","template":"","meta":{"site-sidebar-layout":"default","site-content-layout":"","ast-site-content-layout":"default","site-content-style":"default","site-sidebar-style":"default","ast-global-header-display":"","ast-banner-title-visibility":"","ast-main-header-display":"","ast-hfb-above-header-display":"","ast-hfb-below-header-display":"","ast-hfb-mobile-header-display":"","site-post-title":"","ast-breadcrumbs-content":"","ast-featured-img":"","footer-sml-layout":"","ast-disable-related-posts":"","theme-transparent-header-meta":"default","adv-header-id-meta":"","stick-header-meta":"","header-above-stick-meta":"","header-main-stick-meta":"","header-below-stick-meta":"","astra-migrate-meta-layouts":"set","ast-page-background-enabled":"default","ast-page-background-meta":{"desktop":{"background-color":"var(--ast-global-color-4)","background-image":"","background-repeat":"repeat","background-position":"center center","background-size":"auto","background-attachment":"scroll","background-type":"","background-media":"","overlay-type":"","overlay-color":"","overlay-opacity":"","overlay-gradient":""},"tablet":{"background-color":"","background-image":"","background-repeat":"repeat","background-position":"center center","background-size":"auto","background-attachment":"scroll","background-type":"","background-media":"","overlay-type":"","overlay-color":"","overlay-opacity":"","overlay-gradient":""},"mobile":{"background-color":"","background-image":"","background-repeat":"repeat","background-position":"center center","background-size":"auto","background-attachment":"scroll","background-type":"","background-media":"","overlay-type":"","overlay-color":"","overlay-opacity":"","overlay-gradient":""}},"ast-content-background-meta":{"desktop":{"background-color":"var(--ast-global-color-5)","background-image":"","background-repeat":"repeat","background-position":"center center","background-size":"auto","background-attachment":"scroll","background-type":"","background-media":"","overlay-type":"","overlay-color":"","overlay-opacity":"","overlay-gradient":""},"tablet":{"background-color":"var(--ast-global-color-5)","background-image":"","background-repeat":"repeat","background-position":"center center","background-size":"auto","background-attachment":"scroll","background-type":"","background-media":"","overlay-type":"","overlay-color":"","overlay-opacity":"","overlay-gradient":""},"mobile":{"background-color":"var(--ast-global-color-5)","background-image":"","background-repeat":"repeat","background-position":"center center","background-size":"auto","background-attachment":"scroll","background-type":"","background-media":"","overlay-type":"","overlay-color":"","overlay-opacity":"","overlay-gradient":""}}},"pwb-brand":[1027],"product_brand":[],"product_cat":[460,398],"product_tag":[],"class_list":{"0":"post-38651","1":"product","2":"type-product","3":"status-publish","4":"has-post-thumbnail","6":"pwb-brand-novotegra","7":"product_cat-estructuras-teja","8":"product_cat-estructuras-placas-solares","9":"desktop-align-left","10":"tablet-align-left","11":"mobile-align-left","12":"ast-product-gallery-layout-horizontal-slider","13":"ast-product-gallery-with-no-image","14":"ast-product-tabs-layout-horizontal","16":"first","17":"instock","18":"taxable","19":"shipping-taxable","20":"product-type-simple"},"wcpa_form_fields":null,"brands":[{"id":1027,"name":"Novotegra-Strukturen","slug":"novotegra"}],"_links":{"self":[{"href":"https:\/\/fvcomponentes.com\/de\/wp-json\/wp\/v2\/product\/38651","targetHints":{"allow":["GET"]}}],"collection":[{"href":"https:\/\/fvcomponentes.com\/de\/wp-json\/wp\/v2\/product"}],"about":[{"href":"https:\/\/fvcomponentes.com\/de\/wp-json\/wp\/v2\/types\/product"}],"replies":[{"embeddable":true,"href":"https:\/\/fvcomponentes.com\/de\/wp-json\/wp\/v2\/comments?post=38651"}],"wp:featuredmedia":[{"embeddable":true,"href":"https:\/\/fvcomponentes.com\/de\/wp-json\/wp\/v2\/media\/38650"}],"wp:attachment":[{"href":"https:\/\/fvcomponentes.com\/de\/wp-json\/wp\/v2\/media?parent=38651"}],"wp:term":[{"taxonomy":"pwb-brand","embeddable":true,"href":"https:\/\/fvcomponentes.com\/de\/wp-json\/wp\/v2\/pwb-brand?post=38651"},{"taxonomy":"product_brand","embeddable":true,"href":"https:\/\/fvcomponentes.com\/de\/wp-json\/wp\/v2\/product_brand?post=38651"},{"taxonomy":"product_cat","embeddable":true,"href":"https:\/\/fvcomponentes.com\/de\/wp-json\/wp\/v2\/product_cat?post=38651"},{"taxonomy":"product_tag","embeddable":true,"href":"https:\/\/fvcomponentes.com\/de\/wp-json\/wp\/v2\/product_tag?post=38651"}],"curies":[{"name":"wp","href":"https:\/\/api.w.org\/{rel}","templated":true}]}}