{"id":38367,"date":"2026-04-10T17:39:39","date_gmt":"2026-04-10T15:39:39","guid":{"rendered":"https:\/\/fvcomponentes.com\/?post_type=product&#038;p=38367"},"modified":"2026-04-10T18:23:37","modified_gmt":"2026-04-10T16:23:37","slug":"fronius-symo-gen24-sc-60-32-121215-4-210-183","status":"publish","type":"product","link":"https:\/\/fvcomponentes.com\/de\/producto\/fronius-symo-gen24-sc-60-32-121215-4-210-183\/","title":{"rendered":"FRONIUS Symo GEN24 SC 6.0 - 4.210.183"},"content":{"rendered":"<p>Fronius Symo GEN24 6.0 SC Wechselrichter, 3-phasig Pac 6000 W, 2 MPPT, PV Point inklusive. Aufr\u00fcstbar mit Fronius UP Software (nicht im Lieferumfang enthalten) f\u00fcr Batterieanschluss und volle Backup-Funktion. Der Fronius Symo GEN24 SC Plus kann auch h\u00f6here Str\u00f6me (Idcmax) verarbeiten, d.h. es k\u00f6nnen PV-Module mit h\u00f6heren Str\u00f6men angeschlossen werden.<\/p>\n<h3>Technische Daten<\/h3>\n<table style=\"width: 100%; border-collapse: collapse; margin-top: 10px;\">\n<tbody>\n<tr>\n<th style=\"text-align: left; padding: 6px 12px; background: #f8f8f8; border: 1px solid #e0e0e0; width: 40%;\">Kommunikation<\/th>\n<td style=\"padding: 6px 12px; border: 1px solid #e0e0e0;\">Ethernet, RS485<\/td>\n<\/tr>\n<tr>\n<th style=\"text-align: left; padding: 6px 12px; background: #f8f8f8; border: 1px solid #e0e0e0; width: 40%;\">Wirkungsgrad (%)<\/th>\n<td style=\"padding: 6px 12px; border: 1px solid #e0e0e0;\">96,6<\/td>\n<\/tr>\n<tr>\n<th style=\"text-align: left; padding: 6px 12px; background: #f8f8f8; border: 1px solid #e0e0e0; width: 40%;\">MPPT-Eing\u00e4nge<\/th>\n<td style=\"padding: 6px 12px; border: 1px solid #e0e0e0;\">2<\/td>\n<\/tr>\n<tr>\n<th style=\"text-align: left; padding: 6px 12px; background: #f8f8f8; border: 1px solid #e0e0e0; width: 40%;\">Phase<\/th>\n<td style=\"padding: 6px 12px; border: 1px solid #e0e0e0;\">3-phasig<\/td>\n<\/tr>\n<tr>\n<th style=\"text-align: left; padding: 6px 12px; background: #f8f8f8; border: 1px solid #e0e0e0; width: 40%;\">Garantie (Jahre)<\/th>\n<td style=\"padding: 6px 12px; border: 1px solid #e0e0e0;\">2<\/td>\n<\/tr>\n<tr>\n<th style=\"text-align: left; padding: 6px 12px; background: #f8f8f8; border: 1px solid #e0e0e0; width: 40%;\">MPN<\/th>\n<td style=\"padding: 6px 12px; border: 1px solid #e0e0e0;\">4,210,183<\/td>\n<\/tr>\n<tr>\n<th style=\"text-align: left; padding: 6px 12px; background: #f8f8f8; border: 1px solid #e0e0e0; width: 40%;\">AC-Leistung (W)<\/th>\n<td style=\"padding: 6px 12px; border: 1px solid #e0e0e0;\">6 000<\/td>\n<\/tr>\n<tr>\n<th style=\"text-align: left; padding: 6px 12px; background: #f8f8f8; border: 1px solid #e0e0e0; width: 40%;\">DC-Leistung (W)<\/th>\n<td style=\"padding: 6px 12px; border: 1px solid #e0e0e0;\">9 000<\/td>\n<\/tr>\n<tr>\n<th style=\"text-align: left; padding: 6px 12px; background: #f8f8f8; border: 1px solid #e0e0e0; width: 40%;\">IP-Schutz<\/th>\n<td style=\"padding: 6px 12px; border: 1px solid #e0e0e0;\">IP66<\/td>\n<\/tr>\n<tr>\n<th style=\"text-align: left; padding: 6px 12px; background: #f8f8f8; border: 1px solid #e0e0e0; width: 40%;\">Gewicht<\/th>\n<td style=\"padding: 6px 12px; border: 1px solid #e0e0e0;\">22,8 kg<\/td>\n<\/tr>\n<tr>\n<th style=\"text-align: left; padding: 6px 12px; background: #f8f8f8; border: 1px solid #e0e0e0; width: 40%;\">Abmessungen (L\u00d7B\u00d7H cm)<\/th>\n<td style=\"padding: 6px 12px; border: 1px solid #e0e0e0;\">59.5 \u00d7 52.9 \u00d7 18.0<\/td>\n<\/tr>\n<\/tbody>\n<\/table>\n<h3>Dokumentation<\/h3>\n<ul style=\"margin-top: 8px;\">\n<li><a href=\"https:\/\/fvcomponentes.com\/wp-content\/uploads\/2026\/04\/Data_Sheet_ES-6.pdf\" target=\"_blank\" rel=\"noopener\">\ud83d\udcc4 Datenblatt (DE)<\/a><\/li>\n<li><a href=\"https:\/\/fvcomponentes.com\/wp-content\/uploads\/2026\/04\/Warranty_Manual_FR-12.pdf\" target=\"_blank\" rel=\"noopener\">\ud83d\udcc4 Garantiehandbuch (FR)<\/a><\/li>\n<li><a href=\"https:\/\/fvcomponentes.com\/wp-content\/uploads\/2026\/04\/Installation_Manual_FR-6.pdf\" target=\"_blank\" rel=\"noopener\">\ud83d\udcc4 Installationshandbuch (FR)<\/a><\/li>\n<\/ul>","protected":false},"excerpt":{"rendered":"<p>Fronius Symo GEN24 6.0 SC Wechselrichter, 3-phasig Pac 6000 W, 2 MPPT, PV Point inklusive. Aufr\u00fcstbar mit Fronius UP Software (nicht im Lieferumfang enthalten) f\u00fcr Batterieanschluss und volle Backup-Funktion. Der Fronius Symo GEN24 SC Plus ist in der Lage, auch h\u00f6here Str\u00f6me (Idcmax) zu verarbeiten, die<\/p>","protected":false},"featured_media":38366,"comment_status":"open","ping_status":"closed","template":"","meta":{"site-sidebar-layout":"default","site-content-layout":"","ast-site-content-layout":"default","site-content-style":"default","site-sidebar-style":"default","ast-global-header-display":"","ast-banner-title-visibility":"","ast-main-header-display":"","ast-hfb-above-header-display":"","ast-hfb-below-header-display":"","ast-hfb-mobile-header-display":"","site-post-title":"","ast-breadcrumbs-content":"","ast-featured-img":"","footer-sml-layout":"","ast-disable-related-posts":"","theme-transparent-header-meta":"default","adv-header-id-meta":"","stick-header-meta":"","header-above-stick-meta":"","header-main-stick-meta":"","header-below-stick-meta":"","astra-migrate-meta-layouts":"set","ast-page-background-enabled":"default","ast-page-background-meta":{"desktop":{"background-color":"var(--ast-global-color-4)","background-image":"","background-repeat":"repeat","background-position":"center center","background-size":"auto","background-attachment":"scroll","background-type":"","background-media":"","overlay-type":"","overlay-color":"","overlay-opacity":"","overlay-gradient":""},"tablet":{"background-color":"","background-image":"","background-repeat":"repeat","background-position":"center center","background-size":"auto","background-attachment":"scroll","background-type":"","background-media":"","overlay-type":"","overlay-color":"","overlay-opacity":"","overlay-gradient":""},"mobile":{"background-color":"","background-image":"","background-repeat":"repeat","background-position":"center center","background-size":"auto","background-attachment":"scroll","background-type":"","background-media":"","overlay-type":"","overlay-color":"","overlay-opacity":"","overlay-gradient":""}},"ast-content-background-meta":{"desktop":{"background-color":"var(--ast-global-color-5)","background-image":"","background-repeat":"repeat","background-position":"center center","background-size":"auto","background-attachment":"scroll","background-type":"","background-media":"","overlay-type":"","overlay-color":"","overlay-opacity":"","overlay-gradient":""},"tablet":{"background-color":"var(--ast-global-color-5)","background-image":"","background-repeat":"repeat","background-position":"center center","background-size":"auto","background-attachment":"scroll","background-type":"","background-media":"","overlay-type":"","overlay-color":"","overlay-opacity":"","overlay-gradient":""},"mobile":{"background-color":"var(--ast-global-color-5)","background-image":"","background-repeat":"repeat","background-position":"center center","background-size":"auto","background-attachment":"scroll","background-type":"","background-media":"","overlay-type":"","overlay-color":"","overlay-opacity":"","overlay-gradient":""}}},"pwb-brand":[344],"product_brand":[],"product_cat":[921,333,345],"product_tag":[],"class_list":{"0":"post-38367","1":"product","2":"type-product","3":"status-publish","4":"has-post-thumbnail","6":"pwb-brand-fronius","7":"product_cat-inversores-autoconsumo-trifasicos","8":"product_cat-inversores","9":"product_cat-inversores-de-autoconsumo","10":"desktop-align-left","11":"tablet-align-left","12":"mobile-align-left","13":"ast-product-gallery-layout-horizontal-slider","14":"ast-product-gallery-with-no-image","15":"ast-product-tabs-layout-horizontal","17":"first","18":"instock","19":"taxable","20":"shipping-taxable","21":"purchasable","22":"product-type-simple"},"wcpa_form_fields":null,"brands":[{"id":344,"name":"Fronius-Wechselrichter","slug":"fronius"}],"_links":{"self":[{"href":"https:\/\/fvcomponentes.com\/de\/wp-json\/wp\/v2\/product\/38367","targetHints":{"allow":["GET"]}}],"collection":[{"href":"https:\/\/fvcomponentes.com\/de\/wp-json\/wp\/v2\/product"}],"about":[{"href":"https:\/\/fvcomponentes.com\/de\/wp-json\/wp\/v2\/types\/product"}],"replies":[{"embeddable":true,"href":"https:\/\/fvcomponentes.com\/de\/wp-json\/wp\/v2\/comments?post=38367"}],"wp:featuredmedia":[{"embeddable":true,"href":"https:\/\/fvcomponentes.com\/de\/wp-json\/wp\/v2\/media\/38366"}],"wp:attachment":[{"href":"https:\/\/fvcomponentes.com\/de\/wp-json\/wp\/v2\/media?parent=38367"}],"wp:term":[{"taxonomy":"pwb-brand","embeddable":true,"href":"https:\/\/fvcomponentes.com\/de\/wp-json\/wp\/v2\/pwb-brand?post=38367"},{"taxonomy":"product_brand","embeddable":true,"href":"https:\/\/fvcomponentes.com\/de\/wp-json\/wp\/v2\/product_brand?post=38367"},{"taxonomy":"product_cat","embeddable":true,"href":"https:\/\/fvcomponentes.com\/de\/wp-json\/wp\/v2\/product_cat?post=38367"},{"taxonomy":"product_tag","embeddable":true,"href":"https:\/\/fvcomponentes.com\/de\/wp-json\/wp\/v2\/product_tag?post=38367"}],"curies":[{"name":"wp","href":"https:\/\/api.w.org\/{rel}","templated":true}]}}