{"id":38170,"date":"2026-04-07T09:46:49","date_gmt":"2026-04-07T07:46:49","guid":{"rendered":"https:\/\/fvcomponentes.com\/?post_type=product&#038;p=38170"},"modified":"2026-04-07T13:52:58","modified_gmt":"2026-04-07T11:52:58","slug":"victron-orion-xs-12-12-70a-1000w-ori12121707070-victron-orion-xs-12-12-70a-verstarkungswandler","status":"publish","type":"product","link":"https:\/\/fvcomponentes.com\/de\/producto\/convertidor-booster-victron-orion-xs-12-12-70a-1000w-ori121217070\/","title":{"rendered":"Wandlerverst\u00e4rker Victron Orion XS 12\/12-70A 1000W - ORI12121707070"},"content":{"rendered":"<h2>CConverter Booster Victron Orion XS 12\/12-70A 1000W - ORI12121707070<\/h2>\n<div>Die neue <strong>DC-DC-Ladeger\u00e4t Victron Orion XS 12\/12-70A<\/strong> (Referenz ORI121217070) ist die leistungsst\u00e4rkste Weiterentwicklung der Orion XS-Reihe von Victron Energy. Mit einer Kapazit\u00e4t von <strong>70 Ampere und 1000W Leistung<\/strong>, Dieser DC-DC-Booster-Wandler ist f\u00fcr Doppelbatteriesysteme in Fahrzeugen, Wohnmobilen, Wohnwagen und Booten konzipiert, die einen maximalen Ladestrom von der Lichtmaschine ben\u00f6tigen.<\/div>\n<div>Dieses adaptive DC-DC-Ladeger\u00e4t mit 70 A verf\u00fcgt \u00fcber die revolution\u00e4re K\u00fchltechnologie von <strong>Aluminium-Leiterplatte (Aluminium PCB)<\/strong>, eine au\u00dfergew\u00f6hnliche Effizienz von <strong>98,5%<\/strong> ohne die Notwendigkeit von L\u00fcftern. Sein l\u00fcfterloses Design sorgt f\u00fcr einen v\u00f6llig ger\u00e4uschlosen Betrieb, ideal f\u00fcr die Installation in den Wohnr\u00e4umen von Campern und Wohnmobilen.<\/div>\n<div>Die <strong>Victron Orion XS 70A<\/strong> ist ein integraler Bestandteil des Victron-\u00d6kosystems und bietet vollst\u00e4ndige \u00dcberwachung und Kontrolle durch <strong>Integrierte Bluetooth- und VE.Direct-Verbindung<\/strong>. Sie ist mit der VictronConnect App kompatibel und erm\u00f6glicht die volle Kontrolle \u00fcber das Ladesystem:<\/div>\n<ul>\n<li><strong>Vollst\u00e4ndig konfigurierbar<\/strong> \u00fcber VictronConnect \u00fcber Bluetooth oder VE.Direct<\/li>\n<li><strong>Erkennung der Motorabschaltung<\/strong> (Engine Shutdown Detection) zum Schutz des Systems<\/li>\n<li><strong>Adaptive Ladealgorithmen<\/strong> f\u00fcr Lithium (LiFePO4), AGM, Gel und Blei-S\u00e4ure-Batterien<\/li>\n<li><strong>1000W Leistung<\/strong> mit 70A Ausgangsstrom<\/li>\n<li><strong>Eingangsbereich 9-17V<\/strong> und Ausgangsbereich 10-17V<\/li>\n<li><strong>Schutzart IP20<\/strong> f\u00fcr Innenanlagen<\/li>\n<li><strong>Unbegrenzte Parallelschaltung<\/strong> zur Skalierung des Ausgangsstroms<\/li>\n<li><strong>Kompatibilit\u00e4t mit intelligenten Lichtmaschinen<\/strong><\/li>\n<\/ul>\n<h3 class=\"productDetails__block-title\"><span class=\"productDetails__block-title-content\">Maximale DC-DC-Leistung: 70 A und 1000 W f\u00fcr die anspruchsvollsten Systeme<\/span><\/h3>\n<div class=\"productDetails__block-description\">\n<div>Die <strong>Orion XS 12\/12-70A<\/strong> ist das leistungsst\u00e4rkste Modell der Orion XS-Familie und \u00fcbertrifft das 50-A-Modell mit einem um 40% h\u00f6heren Ausgangsstrom. Sein <strong>1000 Watt Leistung<\/strong> machen ihn zur idealen L\u00f6sung f\u00fcr Systeme mit Lithium-Batterieb\u00e4nken gro\u00dfer Kapazit\u00e4t, bei denen die Ladeleistung der Lichtmaschine ein kritischer Faktor ist. Die Eingangs- und Ausgangsstr\u00f6me sind in 0,1-A-Schritten konfigurierbar und erm\u00f6glichen so eine pr\u00e4zise Anpassung an die Bed\u00fcrfnisse der jeweiligen Anlage.<\/div>\n<\/div>\n<h3 class=\"productDetails__block-title\"><span class=\"productDetails__block-title-content\">L\u00fcfterlose K\u00fchltechnologie: Wirkungsgrad 98,5%<\/span><\/h3>\n<div class=\"productDetails__block-description\">\n<div>Innovative W\u00e4rmeableitungstechnologie mit <strong>Aluminium-Leiterplatte<\/strong> erm\u00f6glicht dem Victron Orion XS 70A einen l\u00fcfterlosen Betrieb bei voller Leistung bis zu 40\u00b0C. Dieses l\u00fcfterlose Design eliminiert Ger\u00e4usche, reduziert den Wartungsaufwand und erh\u00f6ht die Lebensdauer des Ger\u00e4ts. Mit einem <strong>Wirkungsgrad von 98,5%<\/strong>, Au\u00dferdem sind die W\u00e4rmeverluste minimal, so dass die von der Lichtmaschine auf die Hilfsbatterie \u00fcbertragene Energie optimal genutzt werden kann.<\/div>\n<\/div>\n<h3 class=\"productDetails__block-title\"><span class=\"productDetails__block-title-content\">Intelligente Motorerkennung und Lichtmaschinenschutz<\/span><\/h3>\n<div class=\"productDetails__block-description\">\n<div>Das System <strong>Erkennung von Motorabschaltungen<\/strong> Das im Orion XS 70A integrierte System erkennt automatisch, wenn der Motor l\u00e4uft, und aktiviert die Ladung nur, wenn die Lichtmaschine zur Verf\u00fcgung steht. Diese Funktion sch\u00fctzt die Starterbatterie vor \u00fcberm\u00e4\u00dfiger Entladung und ist besonders wichtig bei Fahrzeugen mit <strong>intelligente Lichtmaschinen<\/strong>, Der DC-DC-Lader passt sein Verhalten so an, dass er die Lichtmaschine nicht \u00fcberlastet. Der DC-DC-Lader passt sein Verhalten so an, dass er die Lichtmaschine nicht \u00fcberlastet und ihre Lebensdauer verl\u00e4ngert.<\/div>\n<\/div>\n<h3 class=\"productDetails__block-title\"><span class=\"productDetails__block-title-content\">Parallelschaltung f\u00fcr Systeme mit hohem Bedarf<\/span><\/h3>\n<div class=\"productDetails__block-description\">\n<div>Es ist m\u00f6glich, eine <strong>Unbegrenzte Anzahl von Orion XS 70A-Ger\u00e4ten in Parallelschaltung<\/strong>, durch Multiplikation des verf\u00fcgbaren Laststroms. Zwei parallel geschaltete Ger\u00e4te liefern 140A (2000W), drei Ger\u00e4te 210A (3000W) und so weiter. Diese Skalierbarkeit macht den Orion XS 70A zur perfekten L\u00f6sung f\u00fcr <strong>Wohnmobile, gro\u00dfe Wohnmobile, Lastwagen und Boote<\/strong> mit gro\u00dfen Lithium-Batterieb\u00e4nken.<\/div>\n<\/div>\n<h3 class=\"productDetails__block-title\"><span class=\"productDetails__block-title-content\">Bluetooth- und VE.Direct-Konnektivit\u00e4t: volle Kontrolle \u00fcber Ihr Smartphone<\/span><\/h3>\n<div class=\"productDetails__block-description\">\n<div>Die <strong>Integriertes Bluetooth<\/strong> Erm\u00f6glicht Konfiguration, \u00dcberwachung und Firmware-Upgrades direkt \u00fcber die App <strong>VictronConnect<\/strong> auf Ihrem Smartphone oder Tablet. Die Verbindung <strong>VE.Direkt<\/strong> erm\u00f6glicht die Integration mit Victron GX-Ger\u00e4ten (Cerbo GX, GX Touch) zur Fern\u00fcberwachung \u00fcber das Portal <strong>VRM (Victron Fernverwaltung)<\/strong>. Alle Ladeinformationen, der Batteriestatus und die Systemdiagnose sind in Echtzeit verf\u00fcgbar.<\/div>\n<\/div>\n<h3 class=\"productDetails__block-title\"><span class=\"productDetails__block-title-content\">Technische Daten des Victron Orion XS 12\/12-70A<\/span><\/h3>\n<div class=\"productDetails__block-description\">\n<table style=\"border-collapse: collapse; width: 100%;\">\n<tbody>\n<tr>\n<td style=\"padding: 8px; border: 1px solid #ddd;\"><strong>Modell<\/strong><\/td>\n<td style=\"padding: 8px; border: 1px solid #ddd;\">Orion XS 12|12-70A<\/td>\n<\/tr>\n<tr>\n<td style=\"padding: 8px; border: 1px solid #ddd;\"><strong>Referenz<\/strong><\/td>\n<td style=\"padding: 8px; border: 1px solid #ddd;\">ORI121217070<\/td>\n<\/tr>\n<tr>\n<td style=\"padding: 8px; border: 1px solid #ddd;\"><strong>Maximale Leistung<\/strong><\/td>\n<td style=\"padding: 8px; border: 1px solid #ddd;\">1000W<\/td>\n<\/tr>\n<tr>\n<td style=\"padding: 8px; border: 1px solid #ddd;\"><strong>Maximaler Ausgangsstrom<\/strong><\/td>\n<td style=\"padding: 8px; border: 1px solid #ddd;\">70A<\/td>\n<\/tr>\n<tr>\n<td style=\"padding: 8px; border: 1px solid #ddd;\"><strong>Eingangsspannungsbereich<\/strong><\/td>\n<td style=\"padding: 8px; border: 1px solid #ddd;\">9 - 17V<\/td>\n<\/tr>\n<tr>\n<td style=\"padding: 8px; border: 1px solid #ddd;\"><strong>Ausgangsspannungsbereich<\/strong><\/td>\n<td style=\"padding: 8px; border: 1px solid #ddd;\">10 - 17V<\/td>\n<\/tr>\n<tr>\n<td style=\"padding: 8px; border: 1px solid #ddd;\"><strong>Wirkungsgrad<\/strong><\/td>\n<td style=\"padding: 8px; border: 1px solid #ddd;\">98,5%<\/td>\n<\/tr>\n<tr>\n<td style=\"padding: 8px; border: 1px solid #ddd;\"><strong>IP-Schutz<\/strong><\/td>\n<td style=\"padding: 8px; border: 1px solid #ddd;\">IP20<\/td>\n<\/tr>\n<tr>\n<td style=\"padding: 8px; border: 1px solid #ddd;\"><strong>Konnektivit\u00e4t<\/strong><\/td>\n<td style=\"padding: 8px; border: 1px solid #ddd;\">Bluetooth + VE.Direct<\/td>\n<\/tr>\n<tr>\n<td style=\"padding: 8px; border: 1px solid #ddd;\"><strong>Betriebstemperatur<\/strong><\/td>\n<td style=\"padding: 8px; border: 1px solid #ddd;\">-20\u00b0C bis +50\u00b0C (volle Leistung bis zu 40\u00b0C)<\/td>\n<\/tr>\n<tr>\n<td style=\"padding: 8px; border: 1px solid #ddd;\"><strong>Gewicht<\/strong><\/td>\n<td style=\"padding: 8px; border: 1px solid #ddd;\">0,6 kg<\/td>\n<\/tr>\n<tr>\n<td style=\"padding: 8px; border: 1px solid #ddd;\"><strong>Abmessungen (H x B x T)<\/strong><\/td>\n<td style=\"padding: 8px; border: 1px solid #ddd;\">50 x 160 x 140 mm<\/td>\n<\/tr>\n<tr>\n<td style=\"padding: 8px; border: 1px solid #ddd;\"><strong>K\u00fchlung<\/strong><\/td>\n<td style=\"padding: 8px; border: 1px solid #ddd;\">L\u00fcfterlos (Aluminium-Leiterplatte)<\/td>\n<\/tr>\n<\/tbody>\n<\/table>\n<\/div>\n<h3 class=\"productDetails__block-title\"><span class=\"productDetails__block-title-content\">Orion XS 70A DC-DC-Ladeger\u00e4t Anwendungen<\/span><\/h3>\n<div class=\"productDetails__block-description\">\n<div>Die <strong>Victron Orion XS Verst\u00e4rker-Wandler 12\/12-70A<\/strong> ist die professionelle DC-DC-Ladel\u00f6sung f\u00fcr:<\/div>\n<ul>\n<li><strong>Wohnmobile und Wohnwagen<\/strong>Schnelles Laden von Lithium-Zusatzbatterien \u00fcber die Lichtmaschine des Fahrzeugs<\/li>\n<li><strong>Wohnmobile<\/strong>Maximale Ladekapazit\u00e4t auf kleinstem Raum.<\/li>\n<li><strong>Gef\u00e4\u00dfe<\/strong>Laden der Servicebatterieb\u00e4nke von der Hauptmaschine aus<\/li>\n<li><strong>Rettungsfahrzeuge und Krankenwagen<\/strong>Hilfsstromversorgungssysteme mit hohem Bedarf<\/li>\n<li><strong>Lastkraftwagen und Nutzfahrzeuge<\/strong>Stromversorgung von Zusatzger\u00e4ten und Komfortsystemen<\/li>\n<li><strong>Mobile Solarsysteme<\/strong>Erg\u00e4nzung zum Solarladen mit Lichtmaschinenversorgung<\/li>\n<\/ul>\n<\/div>\n<div><em>Hinweis: Das Victron Orion XS 12\/12-70A ist ein zuk\u00fcnftiges Produkt. Die Spezifikationen k\u00f6nnen von der endg\u00fcltigen Version des Herstellers abweichen. Voraussichtliches Verf\u00fcgbarkeitsdatum: Q2 2026.<\/em><\/div>","protected":false},"excerpt":{"rendered":"<p><strong>DC-DC-Ladeger\u00e4t Victron Orion XS 12\/12-70A 1000W (ORI121217070)<\/strong><\/p>\n<p>Der leistungsst\u00e4rkste DC-DC-Booster der Orion XS-Reihe.<\/p>\n<p>70 Ampere Ausgangsstrom und 1000W Leistung mit 98,5% Wirkungsgrad.<\/p>\n<p>L\u00fcfterlose Technologie mit Aluminium-Platine, integriertem Bluetooth, VE.Direct, Motorabschalt-Erkennung und unbegrenzter Parallelschaltung.<\/p>\n<p>Ideal f\u00fcr Wohnmobile, Wohnwagen, Boote und Fahrzeuge mit gro\u00dfen Lithium-Batterieb\u00e4nken.<\/p>\n<p><em>Kommendes Produkt - voraussichtliche Verf\u00fcgbarkeit Q2 2026.<\/em><\/p>","protected":false},"featured_media":38173,"comment_status":"open","ping_status":"closed","template":"","meta":{"site-sidebar-layout":"default","site-content-layout":"","ast-site-content-layout":"default","site-content-style":"default","site-sidebar-style":"default","ast-global-header-display":"","ast-banner-title-visibility":"","ast-main-header-display":"","ast-hfb-above-header-display":"","ast-hfb-below-header-display":"","ast-hfb-mobile-header-display":"","site-post-title":"","ast-breadcrumbs-content":"","ast-featured-img":"","footer-sml-layout":"","ast-disable-related-posts":"","theme-transparent-header-meta":"default","adv-header-id-meta":"","stick-header-meta":"","header-above-stick-meta":"","header-main-stick-meta":"","header-below-stick-meta":"","astra-migrate-meta-layouts":"set","ast-page-background-enabled":"default","ast-page-background-meta":{"desktop":{"background-color":"var(--ast-global-color-4)","background-image":"","background-repeat":"repeat","background-position":"center center","background-size":"auto","background-attachment":"scroll","background-type":"","background-media":"","overlay-type":"","overlay-color":"","overlay-opacity":"","overlay-gradient":""},"tablet":{"background-color":"","background-image":"","background-repeat":"repeat","background-position":"center center","background-size":"auto","background-attachment":"scroll","background-type":"","background-media":"","overlay-type":"","overlay-color":"","overlay-opacity":"","overlay-gradient":""},"mobile":{"background-color":"","background-image":"","background-repeat":"repeat","background-position":"center center","background-size":"auto","background-attachment":"scroll","background-type":"","background-media":"","overlay-type":"","overlay-color":"","overlay-opacity":"","overlay-gradient":""}},"ast-content-background-meta":{"desktop":{"background-color":"var(--ast-global-color-5)","background-image":"","background-repeat":"repeat","background-position":"center center","background-size":"auto","background-attachment":"scroll","background-type":"","background-media":"","overlay-type":"","overlay-color":"","overlay-opacity":"","overlay-gradient":""},"tablet":{"background-color":"var(--ast-global-color-5)","background-image":"","background-repeat":"repeat","background-position":"center center","background-size":"auto","background-attachment":"scroll","background-type":"","background-media":"","overlay-type":"","overlay-color":"","overlay-opacity":"","overlay-gradient":""},"mobile":{"background-color":"var(--ast-global-color-5)","background-image":"","background-repeat":"repeat","background-position":"center center","background-size":"auto","background-attachment":"scroll","background-type":"","background-media":"","overlay-type":"","overlay-color":"","overlay-opacity":"","overlay-gradient":""}}},"pwb-brand":[332],"product_brand":[],"product_cat":[898,419,865],"product_tag":[],"class_list":{"0":"post-38170","1":"product","2":"type-product","3":"status-publish","4":"has-post-thumbnail","6":"pwb-brand-victron","7":"product_cat-12v-12v","8":"product_cat-cargadores-de-baterias","9":"product_cat-convertidores","10":"desktop-align-left","11":"tablet-align-left","12":"mobile-align-left","13":"ast-product-gallery-layout-horizontal-slider","14":"ast-product-gallery-with-no-image","15":"ast-product-tabs-layout-horizontal","17":"first","18":"onbackorder","19":"featured","20":"taxable","21":"shipping-taxable","22":"product-type-simple"},"wcpa_form_fields":null,"brands":[{"id":332,"name":"Victron Energie","slug":"victron"}],"_links":{"self":[{"href":"https:\/\/fvcomponentes.com\/de\/wp-json\/wp\/v2\/product\/38170","targetHints":{"allow":["GET"]}}],"collection":[{"href":"https:\/\/fvcomponentes.com\/de\/wp-json\/wp\/v2\/product"}],"about":[{"href":"https:\/\/fvcomponentes.com\/de\/wp-json\/wp\/v2\/types\/product"}],"replies":[{"embeddable":true,"href":"https:\/\/fvcomponentes.com\/de\/wp-json\/wp\/v2\/comments?post=38170"}],"wp:featuredmedia":[{"embeddable":true,"href":"https:\/\/fvcomponentes.com\/de\/wp-json\/wp\/v2\/media\/38173"}],"wp:attachment":[{"href":"https:\/\/fvcomponentes.com\/de\/wp-json\/wp\/v2\/media?parent=38170"}],"wp:term":[{"taxonomy":"pwb-brand","embeddable":true,"href":"https:\/\/fvcomponentes.com\/de\/wp-json\/wp\/v2\/pwb-brand?post=38170"},{"taxonomy":"product_brand","embeddable":true,"href":"https:\/\/fvcomponentes.com\/de\/wp-json\/wp\/v2\/product_brand?post=38170"},{"taxonomy":"product_cat","embeddable":true,"href":"https:\/\/fvcomponentes.com\/de\/wp-json\/wp\/v2\/product_cat?post=38170"},{"taxonomy":"product_tag","embeddable":true,"href":"https:\/\/fvcomponentes.com\/de\/wp-json\/wp\/v2\/product_tag?post=38170"}],"curies":[{"name":"wp","href":"https:\/\/api.w.org\/{rel}","templated":true}]}}