{"id":38168,"date":"2026-04-07T09:07:15","date_gmt":"2026-04-07T07:07:15","guid":{"rendered":"https:\/\/fvcomponentes.com\/?post_type=product&#038;p=38168"},"modified":"2026-04-07T10:51:20","modified_gmt":"2026-04-07T08:51:20","slug":"energiesicherungssatz-victron-multiplus-ii-48-5000-pytes-v5-cerbo-gx-rack-rahmen","status":"publish","type":"product","link":"https:\/\/fvcomponentes.com\/de\/producto\/kit-respaldo-energetico-victron-multiplus-ii-48-5000-pytes-v5-cerbo-gx-rack-bastidor\/","title":{"rendered":"Kit Backup Power Victron MultiPlus II 48\/5000 + Pytes V5 + Cerbo GX + Rack Frame"},"content":{"rendered":"<h2>Kit Backup Power Victron MultiPlus II 48\/5000 + Pytes V5 + Cerbo GX + Rack Frame<\/h2>\n<p>Wir von FVComponentes haben dieses Notstromaggregat mit Victron Energy-Ger\u00e4ten und Pytes-Batterien entwickelt, das in einem offenen Rackschrank montiert ist. Es ist eine All-in-One-L\u00f6sung, die Ihr Zuhause oder Ihr Unternehmen vor Stromausf\u00e4llen und -unterbrechungen sch\u00fctzt. Mit dem Wechselrichter oben und den Batterien unten im Rack haben Sie ein kompaktes, transportables und anschlussfertiges System.<\/p>\n<p>Alles, was Sie tun m\u00fcssen, ist, den Eingang an das Netz oder den Generator und den Ausgang an Ihren Verbrauch anzuschlie\u00dfen. In wenigen Minuten haben Sie eine professionelle und zuverl\u00e4ssige Energieversorgung, ohne dass Bauarbeiten oder komplexe Installationen erforderlich sind.<\/p>\n<p>Dieser Bausatz ist ideal als ESS (Energiespeichersystem) oder Backup-System f\u00fcr netzgekoppelte Anlagen, die bereits \u00fcber Solarmodule verf\u00fcgen. Es erm\u00f6glicht Ihnen, Energie zu speichern, die Energieunabh\u00e4ngigkeit zu erh\u00f6hen und die Versorgung im Falle von Stromausf\u00e4llen zu gew\u00e4hrleisten. Es ist auch perfekt f\u00fcr netzunabh\u00e4ngige Installationen in l\u00e4ndlichen H\u00e4usern, Landh\u00e4usern, Unterk\u00fcnften oder Bauernh\u00f6fen.<\/p>\n<p>Die Kombination von Victron und Pytes ist ein Synonym f\u00fcr Zuverl\u00e4ssigkeit, vollst\u00e4ndige Integration und h\u00f6chste Qualit\u00e4t. Wir haben dieses Kit mit den wesentlichen Komponenten auf einem offenen Rack-Rahmen konfiguriert, damit Sie ein professionelles, transportables und erweiterbares System f\u00fcr die Zukunft haben.<\/p>\n<h3><strong>Was ist im Rack Power Backup Kit enthalten?<\/strong><\/h3>\n<p>Der Bausatz enth\u00e4lt ein 48V 5000VA Wechselrichter-Ladeger\u00e4t, das Cerbo GX \u00dcberwachungssystem, eine Pytes V5 5kWh Batterie, den Open Frame Rack Schrank und die notwendige Verkabelung um alles anzuschlie\u00dfen. Alles vormontiert in einem Rack, das Sie leicht mit einem Hubwagen transportieren k\u00f6nnen.<\/p>\n<p>Die <a href=\"https:\/\/fvcomponentes.com\/de\/produkt\/inversor-cargador-48v-victron-multiplus-ii-48-5000-70a-50a-pmp482505012\/\" target=\"_blank\" rel=\"noopener\">Victron MultiPlus II 48\/5000 - PMP482505010<\/a>, ist ein Wechselrichter-Ladeger\u00e4t, das einen reinen Sinus-Wechselrichter mit einem 70-A-Batterieladeger\u00e4t kombiniert. Dank der PowerAssist-Technologie kann der MultiPlus II den Strom aus einer externen Quelle, z. B. einem Generator, mit Batteriestrom erg\u00e4nzen.<\/p>\n<p>Dies gew\u00e4hrleistet eine stabile Versorgung auch bei Bedarfsspitzen. Es arbeitet mit 48 V und hat 5000 VA (bis zu 4000 W Dauerleistung, je nach Bedingungen). Bei einem Stromausfall schaltet das MultiPlus in weniger als 20 Millisekunden um, sodass Ihre Ger\u00e4te ohne Unterbrechung weiterlaufen.<\/p>\n<p>Dieser Bausatz enth\u00e4lt 2 bis 6 Einheiten des <a href=\"https:\/\/fvcomponentes.com\/de\/produkt\/lithium-batterie-512v-lifepo4-pytes-v5-5-12kwh-110402100135\/\" target=\"_blank\" rel=\"noopener\">51.2V LiFePO4 Pytes V5 5.12kWh Lithium-Batterie - 110402100135<\/a>, speziell f\u00fcr 48-Volt-Systeme entwickelt, die eine hohe Haltbarkeit, Effizienz und Sicherheit in jeder Umgebung gew\u00e4hrleisten. Es bietet ein solides Gleichgewicht zwischen Sicherheit, Haltbarkeit, Leistung und einfacher Installation. Bitte w\u00e4hlen Sie vor der Bestellung die 5,12-kWh-Einheiten aus, die Sie in Ihrem System haben m\u00f6chten.<\/p>\n<p>Der Bausatz enth\u00e4lt die <a href=\"https:\/\/fvcomponentes.com\/de\/produkt\/pylontech-rack-rack-schrank\/\" target=\"_blank\" rel=\"noopener\">Pylontech Rack Rack-Schrank<\/a>, Eine offene Stahlstruktur, in der der Wechselrichter im oberen Teil und die Batterien im unteren Teil untergebracht sind. Dank seiner Konstruktion f\u00fcr den Transport mit einem Gabelhubwagen leicht zu bewegen, mit Abmessungen, die f\u00fcr den Durchgang durch eine Wohnungst\u00fcr geeignet sind, und h\u00f6henverstellbaren, schwingungsd\u00e4mpfenden Gummif\u00fc\u00dfen. Es ist die perfekte L\u00f6sung, um das gesamte System in ein einziges Chassis zu integrieren, das transportiert und angeschlossen werden kann, wo immer es gebraucht wird.<\/p>\n<p>Um alles unter Kontrolle zu halten, enth\u00e4lt das Kit die <a href=\"https:\/\/fvcomponentes.com\/de\/produkt\/victron-cerbo-gx-steuergerat-bpp900451100\/\" target=\"_blank\" rel=\"noopener\">Victron Cerbo GX - BPP900451100<\/a>, die als \u00dcberwachungszentrale des Systems fungiert. Es sammelt alle Informationen \u00fcber die angeschlossenen Ger\u00e4te. Dar\u00fcber hinaus erm\u00f6glicht es Ihnen, die Anlage in Echtzeit sowohl lokal als auch aus der Ferne mit dem Victron VRM-Portal zu betrachten und zu verwalten. Es verf\u00fcgt \u00fcber VE.Bus-, VE.Direct- und VE.Can-Anschl\u00fcsse. Dies erleichtert die Integration von kompatiblen Victron-Ger\u00e4ten und die Leistungs\u00fcberwachung von jedem Ger\u00e4t aus.<\/p>\n<p>Um miteinander zu kommunizieren, haben wir eine <a href=\"https:\/\/fvcomponentes.com\/de\/produkt\/victron-kabel-von-ve-dose-zu-dosenbus-fur-bms-typ-a-5m-ass030710150\/\" target=\"_blank\" rel=\"noopener\">Victron VE.Can zu CAN-Bus Kabel f\u00fcr BMS Typ A 5m - ASS030710150<\/a> zur Verbindung von Pytes V5-Lithiumbatterien mit dem Cerbo.<\/p>\n<p>Dar\u00fcber hinaus haben wir eine <a href=\"https:\/\/fvcomponentes.com\/de\/produkt\/victron-utp-rj45-18m-ass030064950-victron-utp-kabel-ass030064950\/\" target=\"_blank\" rel=\"noopener\">Victron UTP RJ45 1,8m Victron UTP Kabel - ASS030064950<\/a> zur Kommunikation des Wechselrichters mit dem Cerbo-Steuerger\u00e4t.<\/p>\n<p>Schlie\u00dflich liegt ein 2 m langer Batterieverkabelungssatz mit rotem und schwarzem 35-mm\u00b2-Kabel bei, mit M6-Schraubklemmen an den Batterieenden und M8-Schraubklemmen an den Wechselrichterenden. Das Pluskabel wird in zwei L\u00e4ngen (30 cm und 160 cm) geliefert, um die Installation des MEGA-Sicherungshalters mit der entsprechenden Sicherung zu erleichtern. Diese Sicherung sch\u00fctzt die DC-Leitung f\u00fcr eine sicherere und zuverl\u00e4ssigere Installation.<\/p>\n<h3><strong>Im Kit enthaltene Ausr\u00fcstung<\/strong><\/h3>\n<table class=\"w-fit min-w-(--thread-content-width)\">\n<thead>\n<tr>\n<th data-col-size=\"md\">Komponente<\/th>\n<th data-col-size=\"sm\">Code<\/th>\n<th data-col-size=\"xl\">Beschreibung<\/th>\n<\/tr>\n<\/thead>\n<tbody>\n<tr>\n<td data-col-size=\"md\"><strong>Wechselrichter-Ladeger\u00e4t 48V Victron MultiPlus II 48\/5000 70A-50A<\/strong><\/td>\n<td data-col-size=\"sm\"><a href=\"https:\/\/fvcomponentes.com\/de\/produkt\/inversor-cargador-48v-victron-multiplus-ii-48-5000-70a-50a-pmp482505012\/\" target=\"_blank\" rel=\"noopener\">PMP482505010<\/a><\/td>\n<td data-col-size=\"xl\">Wechselrichter-Ladeger\u00e4t mit reiner Welle, PowerAssist-Funktion und automatischer Umschaltung. Kontinuierliche Leistung 4000 W \/ 5000 VA. Eingang 230 V AC und Ausgang 230 V AC. Ladestrom 70 A.<\/td>\n<\/tr>\n<tr>\n<td data-col-size=\"md\"><strong>Pylontech Rack Rack-Schrank<\/strong><\/td>\n<td data-col-size=\"sm\"><a href=\"https:\/\/fvcomponentes.com\/de\/produkt\/pylontech-rack-rack-schrank\/\" target=\"_blank\" rel=\"noopener\">Gestell Gestell<\/a><\/td>\n<td data-col-size=\"xl\">Offene Stahlstruktur f\u00fcr die Montage von Wechselrichter und Batterie. Transportierbar mit Hubwagen. Gr\u00f6\u00dfen passend f\u00fcr Standardt\u00fcren. Einstellbare Antivibrationsf\u00fc\u00dfe.<\/td>\n<\/tr>\n<tr>\n<td data-col-size=\"md\"><strong>Victron Cerbo GX Steuerger\u00e4t<\/strong><\/td>\n<td data-col-size=\"sm\"><a href=\"https:\/\/fvcomponentes.com\/de\/produkt\/victron-cerbo-gx-steuergerat-bpp900451100\/\" target=\"_blank\" rel=\"noopener\">PP900451100<\/a><\/td>\n<td data-col-size=\"xl\">Management- und Kommunikationsger\u00e4t, das die Daten von Wechselrichter, Ladeger\u00e4t, Batterie und Modulen zentralisiert. Erm\u00f6glicht lokale oder Fern\u00fcberwachung \u00fcber das Victron VRM Portal.<\/td>\n<\/tr>\n<tr>\n<td data-col-size=\"md\"><strong>VE.Can zu CAN-Bus Kabel f\u00fcr BMS Typ A (5 m)<\/strong><\/td>\n<td data-col-size=\"sm\"><a href=\"https:\/\/fvcomponentes.com\/de\/produkt\/victron-kabel-von-ve-dose-zu-dosenbus-fur-bms-typ-a-5m-ass030710150\/\" target=\"_blank\" rel=\"noopener\">ASS030710150<\/a><\/td>\n<td data-col-size=\"xl\">Kommunikationskabel f\u00fcr die Verbindung zwischen Cerbo GX und Batterie-BMS.<\/td>\n<\/tr>\n<tr>\n<td data-col-size=\"md\"><strong>UTP-RJ45-Kabel (1,8 m)<\/strong><\/td>\n<td data-col-size=\"sm\"><a href=\"https:\/\/fvcomponentes.com\/de\/produkt\/victron-utp-rj45-18m-ass030064950-victron-utp-kabel-ass030064950\/\" target=\"_blank\" rel=\"noopener\">ASS030064950<\/a><\/td>\n<td data-col-size=\"xl\">Netzwerkkabel f\u00fcr die Verbindung von VE.Bus-Ger\u00e4ten (MultiPlus, Quattro, usw.).<\/td>\n<\/tr>\n<\/tbody>\n<\/table>\n<h2>Pytes V5 Lithium-Batterie: sicher, robust und langlebig<\/h2>\n<p>Das Kit enth\u00e4lt eine 5,12 kWh Pytes V5 Lithium-Batterie, eine perfekte Wahl f\u00fcr 48-Volt-Installationen. Sie verwendet die LiFePO\u2084-Technologie (Lithium-Eisen-Phosphat), die bei t\u00e4glichem Gebrauch weit weniger ausf\u00e4llt und l\u00e4nger h\u00e4lt als Blei-S\u00e4ure-Batterien.<\/p>\n<p>Die Pytes V5-Batterien werden mit prismatischen Zellen gebaut, was sie viel robuster macht als andere Batterien auf dem Markt, die Pouch-Zellen verwenden. Dar\u00fcber hinaus verf\u00fcgt jeder Akku \u00fcber eine Heizplatte, die aktiviert wird, wenn die Umgebungstemperatur unter 10 \u00b0C f\u00e4llt, um eine gute Lade- und Entladeleistung unter kalten Bedingungen zu gew\u00e4hrleisten.<\/p>\n<p>Die Pytes V5-Batterien haben eine Nennkapazit\u00e4t von 5,12 kWh und k\u00f6nnen parallel geschaltet werden, um die Gesamtkapazit\u00e4t des Systems problemlos zu erweitern. Ihr integriertes BMS sch\u00fctzt vor \u00dcberladung, Tiefentladung, \u00dcbertemperatur und Kurzschluss und gew\u00e4hrleistet einen stabilen und zuverl\u00e4ssigen Betrieb.<\/p>\n<p>Die Pytes kommunizieren direkt mit dem Victron-System \u00fcber das im Kit enthaltene VE.Can-CAN-Bus-Kabel f\u00fcr BMS Typ A (5 m), so dass der Cerbo GX Batteriedaten anzeigen kann. Dank dieser Integration k\u00f6nnen Sie jederzeit Parameter wie Ladezustand, Spannung, Temperatur und Zyklen des VRM \u00fcberwachen.<\/p>\n<p>Mit einer Lebensdauer von mehr als 6.000 Zyklen und einem Ladewirkungsgrad von bis zu 98 % ist der Pytes V5 eine zuverl\u00e4ssige, sichere und langlebige Speicherl\u00f6sung f\u00fcr Solarsysteme, insbesondere in Notstromanlagen.<\/p>\n<h2>Rack Rack Cabinet: Ihr Back-up-System in einem einzigen Geh\u00e4use<\/h2>\n<p>Das in diesem Kit enthaltene Rack-Geh\u00e4use ist eine offene Stahlkonstruktion, die das gesamte Back-up-System in eine einzige transportable Einheit integriert. Im Gegensatz zu herk\u00f6mmlichen geschlossenen Geh\u00e4usen erm\u00f6glicht das offene Rack eine optimale nat\u00fcrliche Bel\u00fcftung und einen schnellen Zugang zu allen Komponenten f\u00fcr Wartung oder Erweiterung.<\/p>\n<p>Der Rahmen ist so konzipiert, dass der Victron-Wechselrichter oben und die Pytes-Batterien unten montiert werden k\u00f6nnen, wodurch ein kompaktes und aufger\u00e4umtes System entsteht. Seine Abmessungen sind so berechnet, dass er durch eine Standard-Wohnungseingangst\u00fcr passt, und seine vibrations- und rutschfesten Gummif\u00fc\u00dfe sind in der H\u00f6he verstellbar, um sich an jede Oberfl\u00e4che anzupassen.<\/p>\n<p>Dank der offenen und transportablen Bauweise k\u00f6nnen Sie das komplette System leicht mit einem Hubwagen zum Aufstellungsort transportieren. Sie m\u00fcssen nur den Eingang an das Stromnetz oder den Generator und den Ausgang an den Verbraucher anschlie\u00dfen, um Ihr Energie-Backup betriebsbereit zu machen.<\/p>\n<p>Das Rack unterst\u00fctzt die Installation zus\u00e4tzlicher Batterien in der Zukunft, so dass Sie die Speicherkapazit\u00e4t an Ihre Bed\u00fcrfnisse anpassen k\u00f6nnen, ohne die Struktur zu ver\u00e4ndern.<\/p>\n<h3>Empfohlenes Zubeh\u00f6r (nicht im Lieferumfang enthalten)<\/h3>\n<ul>\n<li>MPPT-Regler Victron SmartSolar 150\/70 oder h\u00f6her<\/li>\n<li>Touchscreen GX Touch 50 oder 70<\/li>\n<\/ul>\n<h2>Empfohlene Anwendungen f\u00fcr das Rack Rack Power Back-Up Kit<\/h2>\n<p>Wir haben dieses Kit speziell f\u00fcr diejenigen entwickelt, die eine <strong>schl\u00fcsselfertiges Energie-Backup-System<\/strong>. Es ist ideal f\u00fcr:<\/p>\n<ul>\n<li><strong>Verdunkelungsschutz:<\/strong> Haushalte und Unternehmen, die auch bei Stromausf\u00e4llen mit Strom versorgt werden wollen.<\/li>\n<li><strong>Backup f\u00fcr Solaranlagen:<\/strong> Selbstverbraucher, die bereits \u00fcber Paneele verf\u00fcgen und einen Reservespeicher ben\u00f6tigen.<\/li>\n<li><strong>Isolierte Behausungen:<\/strong> l\u00e4ndliche H\u00e4user, Unterk\u00fcnfte, landwirtschaftliche Einrichtungen oder abgelegene netzunabh\u00e4ngige Gebiete.<\/li>\n<li><strong>Vor\u00fcbergehende Einrichtungen:<\/strong> Veranstaltungen, Baustellen oder Projekte, die zuverl\u00e4ssige und transportierbare Energie erfordern.<\/li>\n<li><strong>Technische R\u00e4ume und Datenverarbeitungszentren:<\/strong> Backup f\u00fcr kritische Ger\u00e4te, die nicht unterbrochen werden d\u00fcrfen.<\/li>\n<\/ul>\n<p>Das Kit ist eine kompakte L\u00f6sung f\u00fcr den Rack-Einbau, die perfekt dimensioniert und vollst\u00e4ndig mit dem Victron-\u00d6kosystem kompatibel ist und sich sowohl an professionelle Installateure als auch an Benutzer richtet, die ihr eigenes Backup-System aufbauen m\u00f6chten.<\/p>","protected":false},"excerpt":{"rendered":"<p>Netzersatzanlage mit Victron MultiPlus II 5000VA Wechselrichter, montiert in einem offenen Rahmengestell, bestehend aus den folgenden Komponenten:<\/p>","protected":false},"featured_media":17595,"comment_status":"closed","ping_status":"closed","template":"","meta":{"site-sidebar-layout":"default","site-content-layout":"","ast-site-content-layout":"default","site-content-style":"default","site-sidebar-style":"default","ast-global-header-display":"","ast-banner-title-visibility":"","ast-main-header-display":"","ast-hfb-above-header-display":"","ast-hfb-below-header-display":"","ast-hfb-mobile-header-display":"","site-post-title":"","ast-breadcrumbs-content":"","ast-featured-img":"","footer-sml-layout":"","ast-disable-related-posts":"","theme-transparent-header-meta":"default","adv-header-id-meta":"","stick-header-meta":"","header-above-stick-meta":"","header-main-stick-meta":"","header-below-stick-meta":"","astra-migrate-meta-layouts":"set","ast-page-background-enabled":"default","ast-page-background-meta":{"desktop":{"background-color":"var(--ast-global-color-4)","background-image":"","background-repeat":"repeat","background-position":"center center","background-size":"auto","background-attachment":"scroll","background-type":"","background-media":"","overlay-type":"","overlay-color":"","overlay-opacity":"","overlay-gradient":""},"tablet":{"background-color":"","background-image":"","background-repeat":"repeat","background-position":"center center","background-size":"auto","background-attachment":"scroll","background-type":"","background-media":"","overlay-type":"","overlay-color":"","overlay-opacity":"","overlay-gradient":""},"mobile":{"background-color":"","background-image":"","background-repeat":"repeat","background-position":"center center","background-size":"auto","background-attachment":"scroll","background-type":"","background-media":"","overlay-type":"","overlay-color":"","overlay-opacity":"","overlay-gradient":""}},"ast-content-background-meta":{"desktop":{"background-color":"var(--ast-global-color-5)","background-image":"","background-repeat":"repeat","background-position":"center center","background-size":"auto","background-attachment":"scroll","background-type":"","background-media":"","overlay-type":"","overlay-color":"","overlay-opacity":"","overlay-gradient":""},"tablet":{"background-color":"var(--ast-global-color-5)","background-image":"","background-repeat":"repeat","background-position":"center center","background-size":"auto","background-attachment":"scroll","background-type":"","background-media":"","overlay-type":"","overlay-color":"","overlay-opacity":"","overlay-gradient":""},"mobile":{"background-color":"var(--ast-global-color-5)","background-image":"","background-repeat":"repeat","background-position":"center center","background-size":"auto","background-attachment":"scroll","background-type":"","background-media":"","overlay-type":"","overlay-color":"","overlay-opacity":"","overlay-gradient":""}}},"pwb-brand":[1007],"product_brand":[],"product_cat":[464,465],"product_tag":[],"class_list":{"0":"post-38168","1":"product","2":"type-product","3":"status-publish","4":"has-post-thumbnail","6":"pwb-brand-baterias-pytes","7":"product_cat-kits-solares","8":"product_cat-kit-solar-aislada","9":"product_shipping_class-baterias","10":"desktop-align-left","11":"tablet-align-left","12":"mobile-align-left","13":"ast-product-gallery-layout-horizontal-slider","14":"ast-product-tabs-layout-horizontal","16":"first","17":"instock","18":"taxable","19":"shipping-taxable","20":"purchasable","21":"product-type-yith_bundle"},"wcpa_form_fields":null,"brands":[{"id":1007,"name":"Pytes-Batterien","slug":"pytes-batterien"}],"_links":{"self":[{"href":"https:\/\/fvcomponentes.com\/de\/wp-json\/wp\/v2\/product\/38168","targetHints":{"allow":["GET"]}}],"collection":[{"href":"https:\/\/fvcomponentes.com\/de\/wp-json\/wp\/v2\/product"}],"about":[{"href":"https:\/\/fvcomponentes.com\/de\/wp-json\/wp\/v2\/types\/product"}],"replies":[{"embeddable":true,"href":"https:\/\/fvcomponentes.com\/de\/wp-json\/wp\/v2\/comments?post=38168"}],"wp:featuredmedia":[{"embeddable":true,"href":"https:\/\/fvcomponentes.com\/de\/wp-json\/wp\/v2\/media\/17595"}],"wp:attachment":[{"href":"https:\/\/fvcomponentes.com\/de\/wp-json\/wp\/v2\/media?parent=38168"}],"wp:term":[{"taxonomy":"pwb-brand","embeddable":true,"href":"https:\/\/fvcomponentes.com\/de\/wp-json\/wp\/v2\/pwb-brand?post=38168"},{"taxonomy":"product_brand","embeddable":true,"href":"https:\/\/fvcomponentes.com\/de\/wp-json\/wp\/v2\/product_brand?post=38168"},{"taxonomy":"product_cat","embeddable":true,"href":"https:\/\/fvcomponentes.com\/de\/wp-json\/wp\/v2\/product_cat?post=38168"},{"taxonomy":"product_tag","embeddable":true,"href":"https:\/\/fvcomponentes.com\/de\/wp-json\/wp\/v2\/product_tag?post=38168"}],"curies":[{"name":"wp","href":"https:\/\/api.w.org\/{rel}","templated":true}]}}