{"id":3771,"date":"2021-10-01T07:16:10","date_gmt":"2021-10-01T05:16:10","guid":{"rendered":"https:\/\/fvcomponentes.com\/producto\/inversor-victron-multiplus-48-5000va-70-100a-pmp485021010\/"},"modified":"2026-04-04T12:51:56","modified_gmt":"2026-04-04T10:51:56","slug":"wechselrichter-victron-multiplus-48-5000va-70-100a-pmp485021010","status":"publish","type":"product","link":"https:\/\/fvcomponentes.com\/de\/producto\/inversor-victron-multiplus-48-5000va-70-100a-pmp485021010\/","title":{"rendered":"Wechselrichter-Ladeger\u00e4t 48V Victron Multiplus 48\/5000VA 70A-100A - PMP485021010"},"content":{"rendered":"<section class=\"large-padding\">\n<div class=\"productDetail__header\">\n<div class=\"container\">\n<div class=\"productDetail__header__inner\">\n<div class=\"productDetail__content\">\n<div class=\"hidden-xs\">\n<section class=\"large-padding\">\n<div class=\"productDetail__header\">\n<div class=\"container\">\n<div class=\"productDetail__header__inner\">\n<div class=\"productDetail__content\">\n<div class=\"hidden-xs\">\n<h2>Wechselrichter Victron Multiplus 48\/5000VA 70-100A<\/h2>\n<div class=\"productDetail__content-subheader\">\n<h2 class=\"productDetail__content-subheader-icon\">Multifunktional<\/h2>\n<\/div>\n<\/div>\n<div class=\"productDetail__content-desc\">Der neue Victron Multiplus 48\/5000VA 70-100A Wechselrichter wurde entwickelt, um die bisherige MultiPlus Compact Reihe zu ersetzen. Er vereint in einem einzigen kompakten Geh\u00e4use einen leistungsstarken Sinus-Wechselrichter, ein hochentwickeltes Batterieladeger\u00e4t mit variabler Ladetechnologie und einen Hochgeschwindigkeits-AC-Umschalter.<\/div>\n<div><\/div>\n<\/div>\n<\/div>\n<\/div>\n<\/div>\n<\/section>\n<section class=\"productDetails__blocks\">\n<div class=\"container\">\n<div class=\"productDetails__block productDetails__block--image productDetails__block--right\">\n<div class=\"productDetails__block-content\">\n<h3>Paralleler Betrieb<\/h3>\n<p>Bis zu sechs Victron Multiplus 48\/5000VA 70-100A Wechselrichter k\u00f6nnen parallel betrieben werden, um eine h\u00f6here Ausgangsleistung zu erzielen. Zus\u00e4tzlich zur Parallelschaltung k\u00f6nnen drei Ger\u00e4te f\u00fcr einen dreiphasigen Ausgang konfiguriert werden, indem jeder Wechselrichter einer der drei Phasen zugewiesen wird.<\/p>\n<p><strong><img fetchpriority=\"high\" decoding=\"async\" class=\"aligncenter\" src=\"https:\/\/fvcomponentes.com\/wp-content\/uploads\/2022\/11\/Diagrama-Multiplus-trifasico.png\" width=\"735\" height=\"473\" alt=\"\" title=\"\"><img decoding=\"async\" class=\"aligncenter\" src=\"https:\/\/fvcomponentes.com\/wp-content\/uploads\/2022\/11\/Diagrama-Multiplus-Paralelo.png\" width=\"769\" height=\"495\" alt=\"\" title=\"\"><\/strong><\/p>\n<h3 class=\"productDetails__block-title\"><span class=\"productDetails__block-title-content\">Unterbrechungsfreier Wechselstrom (UPS-Funktion)<\/span><\/h3>\n<div class=\"productDetails__block-description\">\n<p>Im Falle eines Stromausfalls oder einer Unterbrechung der Landstromversorgung oder des Generators wird der im Victron Multiplus 48\/5000VA 70-100A Wechselrichter integrierte Wechselrichter automatisch aktiviert und \u00fcbernimmt die Versorgung der angeschlossenen Verbraucher. Dies geschieht so schnell (weniger als 20 Millisekunden), dass Computer und andere elektronische Ger\u00e4te ohne Unterbrechung weiterarbeiten k\u00f6nnen.<\/p>\n<\/div>\n<\/div>\n<\/div>\n<div class=\"productDetails__block productDetails__block--image productDetails__block--left\">\n<div class=\"productDetails__block-content\">\n<h3 class=\"productDetails__block-title\"><span class=\"productDetails__block-title-content\">Fern\u00fcberwachung und -steuerung<\/span><\/h3>\n<div class=\"productDetails__block-description\">\n<p>Bei Anschluss an ein GX-Ger\u00e4t (z. B. ein <a href=\"https:\/\/fvcomponentes.com\/de\/produkt\/victron-cerbo-gx-mk2-bpp900451100-victron-cerbo-mk2-monitor\/\" target=\"_blank\" rel=\"noopener\">Victron Cerbo GX MK2 \u00dcberwachung - BPP900451100<\/a>) k\u00f6nnen Sie den Victron Multiplus Wechselrichter und Ihr(e) System(e) lokal (LAN) oder aus der Ferne \u00fcber das Internet von \u00fcberall auf der Welt mit der kostenlosen VRM App und dem <a href=\"https:\/\/vrm.victronenergy.com\/landingpage\" target=\"_blank\" rel=\"noopener\">kostenloses Portal VRM<\/a>. Der Zugriff kann von einem Telefon, Tablet oder PC mit verschiedenen Betriebssystemen aus erfolgen.<\/p>\n<p>Die Steuerungsm\u00f6glichkeiten sind grenzenlos, von der Einstellung des Victron Multiplus 48\/5000VA 70-100A Wechselrichters bis zum automatischen Start eines Notstromgenerators. Und vieles mehr...<\/p>\n<h3>Bew\u00e4hrte Zuverl\u00e4ssigkeit<\/h3>\n<p>Die Vollbr\u00fccken- und Ringkerntransformator-Topologie hat sich \u00fcber viele Jahre hinweg als zuverl\u00e4ssig erwiesen. Der Wechselrichter ist kurzschlussfest und gegen \u00dcberhitzung, entweder durch \u00dcberlast oder hohe Umgebungstemperatur, gesch\u00fctzt.<\/p>\n<h3>PowerControl - Begrenzte Stromversorgung durch Generator, Landstrom oder Netzstrom<\/h3>\n<p>\u00dcber das Multi Control Panel kann ein maximaler Strom vom Generator oder Landstrom eingestellt werden. Der Victron Multiplus 48\/5000VA 70-100A Wechselrichter \u00fcbernimmt andere AC-Lasten und nutzt den \u00fcbersch\u00fcssigen Strom zum Laden, um eine \u00dcberlastung des Generators oder des Landstroms zu vermeiden.<\/p>\n<h3>PowerAssist - Erh\u00f6ht die elektrische Kapazit\u00e4t der Landstromsteckdose oder des Generators<\/h3>\n<p>Wenn f\u00fcr einen kurzen Zeitraum eine Leistungsspitze ben\u00f6tigt wird, wie es h\u00e4ufig der Fall ist, gleicht der Victron Multiplus 48\/5000VA 70-100A Wechselrichter die m\u00f6glicherweise fehlende Leistung des Netzstroms oder des Generators sofort mit Strom aus der Batterie aus. Wenn die Last reduziert wird, wird die \u00fcbersch\u00fcssige Leistung zum Aufladen der Batterie verwendet.<\/p>\n<h3>Variables vierstufiges Ladeger\u00e4t und Laden von zwei Batterieb\u00e4nken<\/h3>\n<p>Der Hauptausgang versorgt das Batteriesystem \u00fcber eine fortschrittliche \"variable Ladung\"-Software mit einer leistungsstarken Ladung. Die Software passt den automatischen dreistufigen Prozess an die Batteriebedingungen an und f\u00fcgt eine vierte Stufe f\u00fcr l\u00e4ngere Erhaltungsphasen hinzu.<\/p>\n<p>Dar\u00fcber hinaus kann das MultiPlus eine zweite Batterie \u00fcber einen separaten, begrenzten Ladeausgang aufladen, der f\u00fcr das Aufladen einer Starterbatterie \u00fcber den Hauptmotor oder den Generator ausgelegt ist.<\/p>\n<h3>Hohe Startleistung<\/h3>\n<p>Erforderlich f\u00fcr den Start von Lasten mit hohem Einschaltstrom, wie z. B. Konverter f\u00fcr LED-Lampen, Halogenlampen oder Elektrowerkzeuge.<\/p>\n<h3>Suchmodus<\/h3>\n<p>Wenn der Suchmodus aktiviert ist, sinkt der Verbrauch des Wechselrichters im Leerlaufbetrieb um ca. 70%. In diesem Modus schaltet der Victron Inverter 48\/5000VA 70-100A im Wechselrichterbetrieb bei fehlender oder zu geringer Last ab und schaltet alle zwei Sekunden f\u00fcr kurze Zeit wieder ein.<\/p>\n<p>\u00dcbersteigt der Ausgangsstrom einen voreingestellten Wert, arbeitet der Wechselrichter weiter. Andernfalls wird der Wechselrichter wieder abgeschaltet.<\/p>\n<h3>Programmierbares Relais<\/h3>\n<p>Das programmierbare Relais ist standardm\u00e4\u00dfig als Alarmrelais konfiguriert, d.h. das Relais f\u00e4llt im Falle eines Alarms oder Voralarms (Wechselrichter ist zu hei\u00df, Eingangswelligkeit ist fast zu hoch und Batteriespannung ist zu niedrig) ab.<\/p>\n<\/div>\n<\/div>\n<\/div>\n<\/div>\n<\/section>\n<h2>Datenblatt Victron Wechselrichter Multiplus 48\/5000VA 70-100A - PMP485021010<\/h2>\n<\/div>\n<\/div>\n<\/div>\n<div class=\"productDetail__header__inner\">\n<div class=\"productDetail__content\">\n<div class=\"hidden-xs\">\n<section class=\"productDetails__blocks\">\n<div class=\"container\">\n<div class=\"productDetails__block productDetails__block--image productDetails__block--left\">\n<div class=\"productDetails__block-content\">\n<p><a href=\"https:\/\/fvcomponentes.com\/wp-content\/uploads\/2021\/10\/Datasheet-MultiPlus-inverter-charger-800VA-5kVA-ES-1.pdf\" target=\"_blank\" rel=\"noopener\">Victron Multiplus Wechselrichter 48\/5000VA 70-100A Datenblatt anzeigen<\/a><\/p>\n<h2>So konfigurieren Sie Ihr Victron Multiplus II 48\/5000 + Pylontech US5000<\/h2>\n<p>Wenn Sie wissen wollen\u00a0<a href=\"https:\/\/fvcomponentes.com\/de\/einrichtung-des-victron-multiplus-ii-48-5000-pylontech-us5000\/\" target=\"_blank\" rel=\"noopener\">So konfigurieren Sie Ihr Victron Multiplus II 48\/5000 + Pylontech US5000<\/a> Klicken Sie jetzt und erfahren Sie alles dar\u00fcber!<\/p>\n<\/div>\n<\/div>\n<\/div>\n<\/section>\n<\/div>\n<\/div>\n<\/div>\n<\/div>\n<\/div>\n<\/section>","protected":false},"excerpt":{"rendered":"<ul class=\"specification\">\n<li><strong>Kontinuierliche Leistungsabgabe: <\/strong>5000VA<\/li>\n<li><strong>Wechselrichter-Spitzenleistung:<\/strong> 10000W<\/li>\n<li><strong>Betriebsspannung des Wechselrichters:<\/strong> 48V<\/li>\n<li><strong>Wechselrichter-Wirkungsgrad:<\/strong>\u00a0Reine Sinuswelle<\/li>\n<li><strong>Das Gewicht des Investors: <\/strong>18kg<\/li>\n<li><strong>Wechselrichter Abmessungen:<\/strong> 362 x 258 x 218 mm<\/li>\n<\/ul>","protected":false},"featured_media":3772,"comment_status":"open","ping_status":"closed","template":"","meta":{"site-sidebar-layout":"default","site-content-layout":"default","ast-site-content-layout":"default","site-content-style":"default","site-sidebar-style":"default","ast-global-header-display":"","ast-banner-title-visibility":"","ast-main-header-display":"","ast-hfb-above-header-display":"","ast-hfb-below-header-display":"","ast-hfb-mobile-header-display":"","site-post-title":"","ast-breadcrumbs-content":"","ast-featured-img":"","footer-sml-layout":"","ast-disable-related-posts":"","theme-transparent-header-meta":"default","adv-header-id-meta":"","stick-header-meta":"","header-above-stick-meta":"","header-main-stick-meta":"","header-below-stick-meta":"","astra-migrate-meta-layouts":"set","ast-page-background-enabled":"default","ast-page-background-meta":{"desktop":{"background-color":"var(--ast-global-color-4)","background-image":"","background-repeat":"repeat","background-position":"center center","background-size":"auto","background-attachment":"scroll","background-type":"","background-media":"","overlay-type":"","overlay-color":"","overlay-opacity":"","overlay-gradient":""},"tablet":{"background-color":"","background-image":"","background-repeat":"repeat","background-position":"center center","background-size":"auto","background-attachment":"scroll","background-type":"","background-media":"","overlay-type":"","overlay-color":"","overlay-opacity":"","overlay-gradient":""},"mobile":{"background-color":"","background-image":"","background-repeat":"repeat","background-position":"center center","background-size":"auto","background-attachment":"scroll","background-type":"","background-media":"","overlay-type":"","overlay-color":"","overlay-opacity":"","overlay-gradient":""}},"ast-content-background-meta":{"desktop":{"background-color":"var(--ast-global-color-5)","background-image":"","background-repeat":"repeat","background-position":"center center","background-size":"auto","background-attachment":"scroll","background-type":"","background-media":"","overlay-type":"","overlay-color":"","overlay-opacity":"","overlay-gradient":""},"tablet":{"background-color":"var(--ast-global-color-5)","background-image":"","background-repeat":"repeat","background-position":"center center","background-size":"auto","background-attachment":"scroll","background-type":"","background-media":"","overlay-type":"","overlay-color":"","overlay-opacity":"","overlay-gradient":""},"mobile":{"background-color":"var(--ast-global-color-5)","background-image":"","background-repeat":"repeat","background-position":"center center","background-size":"auto","background-attachment":"scroll","background-type":"","background-media":"","overlay-type":"","overlay-color":"","overlay-opacity":"","overlay-gradient":""}}},"pwb-brand":[332],"product_brand":[],"product_cat":[334,333],"product_tag":[],"class_list":{"0":"post-3771","1":"product","2":"type-product","3":"status-publish","4":"has-post-thumbnail","6":"pwb-brand-victron","7":"product_cat-inversores-cargadores-48v","8":"product_cat-inversores","9":"desktop-align-left","10":"tablet-align-left","11":"mobile-align-left","12":"ast-product-gallery-layout-horizontal-slider","13":"ast-product-gallery-with-no-image","14":"ast-product-tabs-layout-horizontal","16":"first","17":"instock","18":"taxable","19":"shipping-taxable","20":"purchasable","21":"product-type-simple"},"wcpa_form_fields":null,"brands":[{"id":332,"name":"Victron Energie","slug":"victron"}],"_links":{"self":[{"href":"https:\/\/fvcomponentes.com\/de\/wp-json\/wp\/v2\/product\/3771","targetHints":{"allow":["GET"]}}],"collection":[{"href":"https:\/\/fvcomponentes.com\/de\/wp-json\/wp\/v2\/product"}],"about":[{"href":"https:\/\/fvcomponentes.com\/de\/wp-json\/wp\/v2\/types\/product"}],"replies":[{"embeddable":true,"href":"https:\/\/fvcomponentes.com\/de\/wp-json\/wp\/v2\/comments?post=3771"}],"wp:featuredmedia":[{"embeddable":true,"href":"https:\/\/fvcomponentes.com\/de\/wp-json\/wp\/v2\/media\/3772"}],"wp:attachment":[{"href":"https:\/\/fvcomponentes.com\/de\/wp-json\/wp\/v2\/media?parent=3771"}],"wp:term":[{"taxonomy":"pwb-brand","embeddable":true,"href":"https:\/\/fvcomponentes.com\/de\/wp-json\/wp\/v2\/pwb-brand?post=3771"},{"taxonomy":"product_brand","embeddable":true,"href":"https:\/\/fvcomponentes.com\/de\/wp-json\/wp\/v2\/product_brand?post=3771"},{"taxonomy":"product_cat","embeddable":true,"href":"https:\/\/fvcomponentes.com\/de\/wp-json\/wp\/v2\/product_cat?post=3771"},{"taxonomy":"product_tag","embeddable":true,"href":"https:\/\/fvcomponentes.com\/de\/wp-json\/wp\/v2\/product_tag?post=3771"}],"curies":[{"name":"wp","href":"https:\/\/api.w.org\/{rel}","templated":true}]}}