{"id":3760,"date":"2021-09-10T06:35:58","date_gmt":"2021-09-10T04:35:58","guid":{"rendered":"https:\/\/fvcomponentes.com\/producto\/regulador-victron-smartsolar-mppt-150-85-tr-ve-can-scc115085411\/"},"modified":"2026-04-04T11:18:56","modified_gmt":"2026-04-04T09:18:56","slug":"regler-victron-smartsolar-mppt-150-85-tr-ve-can-scc115085411","status":"publish","type":"product","link":"https:\/\/fvcomponentes.com\/de\/producto\/regulador-victron-smartsolar-mppt-150-85-tr-ve-can-scc115085411\/","title":{"rendered":"Steuerger\u00e4t Victron SmartSolar MPPT 150\/85 -Tr VE.Can - SCC115085411"},"content":{"rendered":"<h2>Victron Energy Victron SmartSolar MPPT 150\/85 Tr VE.Can Regler<\/h2>\n<div>Mit dem Victron SmartSolar MPPT 150\/85-Tr Laderegler k\u00f6nnen Sie einen Ladestrom von bis zu 70 Ampere und eine PV-Spannung von bis zu 250 Volt nutzen. Der Victron SmartSolar150\/85-Tr MPPT-Laderegler kann eine Batterie mit einer niedrigeren Nennspannung von PV-Paneelen mit einer h\u00f6heren Nennspannung von mindestens +5 V laden. Der SmartSolar-Regler stellt die Nennspannung der Batterie automatisch auf 12, 24, 36 oder 48 V ein, sobald er an den Regler angeschlossen ist.<\/div>\n<p><strong>Ultraschnelles Maximum Power Point Tracking (MPPT)<\/strong><br \/>\nInsbesondere bei bew\u00f6lktem Himmel, wenn sich die Lichtintensit\u00e4t st\u00e4ndig \u00e4ndert, verbessert ein ultraschneller MPPT-Regler die Energieernte um bis zu 30 % im Vergleich zu PWM-Ladereglern und um bis zu 10 % im Vergleich zu langsameren MPPT-Reglern.<\/p>\n<p><strong>Erweiterte Maximum Power Point-Erkennung bei teilweiser Bew\u00f6lkung<\/strong><br \/>\nBei teilweiser Bew\u00f6lkung k\u00f6nnen auf der Lastspannungskurve zwei oder mehr maximale Leistungspunkte (MPP) auftreten. Herk\u00f6mmliche MPPTs w\u00e4hlen normalerweise einen lokalen MPP, der nicht unbedingt der optimale MPP ist. Der innovative Algorithmus von SmartSolar maximiert immer die Energieernte durch die Auswahl des optimalen MPP.<\/p>\n<p><strong>Au\u00dfergew\u00f6hnliche Umwandlungseffizienz<\/strong><br \/>\nL\u00fcfterlos. Maximaler Wirkungsgrad \u00fcbersteigt 98 %.<\/p>\n<p><strong>Flexibler Ladealgorithmus<\/strong><br \/>\nEin vollst\u00e4ndig programmierbarer Ladealgorithmus und acht vorprogrammierte Ladealgorithmen, die mit einem Drehschalter ausgew\u00e4hlt werden k\u00f6nnen (weitere Informationen im Handbuch).<\/p>\n<p><strong>Umfassender elektronischer Schutz<\/strong><br \/>\n\u00dcberhitzungsschutz und Leistungsreduzierung bei hohen Temperaturen. Kurzschluss- und Verpolungsschutz f\u00fcr PV-Paneele. PV-R\u00fcckstromschutz.<\/p>\n<p><strong>Integriertes Bluetooth Smart<\/strong><br \/>\nDie drahtlose L\u00f6sung f\u00fcr die Konfiguration, \u00dcberwachung, Aktualisierung und Synchronisierung von SmartSolar-Ladereglern.<\/p>\n<p><strong>Interner Temperatursensor und optionaler externer Sensor f\u00fcr Batteriespannung, Temperatur und Strom \u00fcber Bluetooth<\/strong><br \/>\nEin Smart Battery Sense-Sensor, BMV-712 Smart Battery Monitor oder SmartShunt kann verwendet werden, um Batteriespannung und -temperatur (und Strom, im Falle eines BMV-712 oder SmartShunt) an einen oder mehrere SmartSolar-Laderegler zu \u00fcbertragen.<\/p>\n<p><strong>Funktion zur Wiederherstellung einer vollst\u00e4ndig entladenen Batterie<\/strong><br \/>\nBeginnt mit dem Laden, auch wenn die Batterie auf Null Volt entladen ist. Stellt die Verbindung zu einer vollst\u00e4ndig entladenen Lithium-Ionen-Batterie mit interner Trennungsfunktion wieder her.<\/p>\n<p><strong>VE.Can: die Multi-Controller-L\u00f6sung<\/strong><br \/>\nBis zu 25 Ger\u00e4te k\u00f6nnen mit VE.Can und bis zu 10 Ger\u00e4te mit Bluetooth synchronisiert werden.<\/p>\n<p><strong>VE.Direct oder VE.Can<\/strong><br \/>\nF\u00fcr eine kabelgebundene Datenverbindung zu einem Color Control GX-Panel, anderen GX-Produkten, einem PC oder anderen Ger\u00e4ten.<\/p>\n<p><strong>Fernbedienung ein\/aus<\/strong><br \/>\nZum Beispiel zum Anschluss an ein VE.BUS BMS.<\/p>\n<p><strong>Programmierbares Relais<\/strong><br \/>\nEs kann so programmiert werden, dass ein Alarm oder andere Ereignisse geplant werden.<\/p>\n<p><strong>Optional: SmartSolar anschlie\u00dfbarer LCD-Bildschirm<\/strong><br \/>\nEntfernen Sie einfach den Gummischutz vom Stecker an der Vorderseite des Controllers und schlie\u00dfen Sie das Display an.<\/p>\n<h2>Datenblatt Victron SmartSolar MPPT 150\/85 -Tr VE.Can Controller - SCC115085411<\/h2>\n<p><a href=\"https:\/\/fvcomponentes.com\/wp-content\/uploads\/2024\/07\/Ficha-tecnica-Regulador-Victron-SmartSolar-MPPT-150-70-a-150-100.pdf\" target=\"_blank\" rel=\"noopener\">Victron SmartSolar MPPT 150\/85 -Tr VE.Can - SCC115085411 Datenblatt anzeigen<\/a><\/p>\n<h2>Handbuch Victron SmartSolar MPPT 150\/85 Regulator -Tr VE.Can - SCC115085411<\/h2>\n<p><a href=\"https:\/\/fvcomponentes.com\/wp-content\/uploads\/2025\/10\/29694-MPPT_solar_charger_manual-pdf-es-9.pdf\" target=\"_blank\" rel=\"noopener\">Victron SmartSolar MPPT 150\/85 -Tr VE.Can Controller Handbuch anzeigen - SCC115085411<\/a><\/p>","protected":false},"excerpt":{"rendered":"<ul>\n<li><span style=\"color: #99cc00\"><strong>Bluetooth-Ausstattung.<\/strong><\/span><\/li>\n<li><strong>Verwaltung durch <a href=\"https:\/\/play.google.com\/store\/apps\/details?id=com.victronenergy.victronconnect&amp;pcampaignid=web_share\" target=\"_blank\" rel=\"noopener\">VictronConnect App<\/a><\/strong><\/li>\n<li><strong>Spannung der Batterie;<\/strong>\u00a012\/24\/48 V Automatische Auswahl<\/li>\n<li><strong>Last Nennstrom;<\/strong> 85 A<\/li>\n<li><strong>Maximale Leistung PV, 12V;<\/strong>\u00a0 1200 W<\/li>\n<li><strong>Maximale Leistung PV, 24V<\/strong>; 2400 W<\/li>\n<li><strong>Maximale Leistung PV, 36V<\/strong>; 3600 W<\/li>\n<li><strong>Maximale Leistung PV, 48V<\/strong>; 4900 W<\/li>\n<\/ul>","protected":false},"featured_media":31098,"comment_status":"open","ping_status":"closed","template":"","meta":{"site-sidebar-layout":"default","site-content-layout":"default","ast-site-content-layout":"default","site-content-style":"default","site-sidebar-style":"default","ast-global-header-display":"","ast-banner-title-visibility":"","ast-main-header-display":"","ast-hfb-above-header-display":"","ast-hfb-below-header-display":"","ast-hfb-mobile-header-display":"","site-post-title":"","ast-breadcrumbs-content":"","ast-featured-img":"","footer-sml-layout":"","ast-disable-related-posts":"","theme-transparent-header-meta":"default","adv-header-id-meta":"","stick-header-meta":"","header-above-stick-meta":"","header-main-stick-meta":"","header-below-stick-meta":"","astra-migrate-meta-layouts":"set","ast-page-background-enabled":"default","ast-page-background-meta":{"desktop":{"background-color":"var(--ast-global-color-4)","background-image":"","background-repeat":"repeat","background-position":"center center","background-size":"auto","background-attachment":"scroll","background-type":"","background-media":"","overlay-type":"","overlay-color":"","overlay-opacity":"","overlay-gradient":""},"tablet":{"background-color":"","background-image":"","background-repeat":"repeat","background-position":"center center","background-size":"auto","background-attachment":"scroll","background-type":"","background-media":"","overlay-type":"","overlay-color":"","overlay-opacity":"","overlay-gradient":""},"mobile":{"background-color":"","background-image":"","background-repeat":"repeat","background-position":"center center","background-size":"auto","background-attachment":"scroll","background-type":"","background-media":"","overlay-type":"","overlay-color":"","overlay-opacity":"","overlay-gradient":""}},"ast-content-background-meta":{"desktop":{"background-color":"var(--ast-global-color-5)","background-image":"","background-repeat":"repeat","background-position":"center center","background-size":"auto","background-attachment":"scroll","background-type":"","background-media":"","overlay-type":"","overlay-color":"","overlay-opacity":"","overlay-gradient":""},"tablet":{"background-color":"var(--ast-global-color-5)","background-image":"","background-repeat":"repeat","background-position":"center center","background-size":"auto","background-attachment":"scroll","background-type":"","background-media":"","overlay-type":"","overlay-color":"","overlay-opacity":"","overlay-gradient":""},"mobile":{"background-color":"var(--ast-global-color-5)","background-image":"","background-repeat":"repeat","background-position":"center center","background-size":"auto","background-attachment":"scroll","background-type":"","background-media":"","overlay-type":"","overlay-color":"","overlay-opacity":"","overlay-gradient":""}}},"pwb-brand":[332],"product_brand":[],"product_cat":[353,371],"product_tag":[],"class_list":{"0":"post-3760","1":"product","2":"type-product","3":"status-publish","4":"has-post-thumbnail","6":"pwb-brand-victron","7":"product_cat-reguladores-de-carga-solares","8":"product_cat-reguladores-mppt","9":"desktop-align-left","10":"tablet-align-left","11":"mobile-align-left","12":"ast-product-gallery-layout-horizontal-slider","13":"ast-product-tabs-layout-horizontal","15":"first","16":"instock","17":"taxable","18":"shipping-taxable","19":"purchasable","20":"product-type-simple"},"wcpa_form_fields":null,"brands":[{"id":332,"name":"Victron Energie","slug":"victron"}],"_links":{"self":[{"href":"https:\/\/fvcomponentes.com\/de\/wp-json\/wp\/v2\/product\/3760","targetHints":{"allow":["GET"]}}],"collection":[{"href":"https:\/\/fvcomponentes.com\/de\/wp-json\/wp\/v2\/product"}],"about":[{"href":"https:\/\/fvcomponentes.com\/de\/wp-json\/wp\/v2\/types\/product"}],"replies":[{"embeddable":true,"href":"https:\/\/fvcomponentes.com\/de\/wp-json\/wp\/v2\/comments?post=3760"}],"wp:featuredmedia":[{"embeddable":true,"href":"https:\/\/fvcomponentes.com\/de\/wp-json\/wp\/v2\/media\/31098"}],"wp:attachment":[{"href":"https:\/\/fvcomponentes.com\/de\/wp-json\/wp\/v2\/media?parent=3760"}],"wp:term":[{"taxonomy":"pwb-brand","embeddable":true,"href":"https:\/\/fvcomponentes.com\/de\/wp-json\/wp\/v2\/pwb-brand?post=3760"},{"taxonomy":"product_brand","embeddable":true,"href":"https:\/\/fvcomponentes.com\/de\/wp-json\/wp\/v2\/product_brand?post=3760"},{"taxonomy":"product_cat","embeddable":true,"href":"https:\/\/fvcomponentes.com\/de\/wp-json\/wp\/v2\/product_cat?post=3760"},{"taxonomy":"product_tag","embeddable":true,"href":"https:\/\/fvcomponentes.com\/de\/wp-json\/wp\/v2\/product_tag?post=3760"}],"curies":[{"name":"wp","href":"https:\/\/api.w.org\/{rel}","templated":true}]}}