{"id":3750,"date":"2021-08-13T09:53:20","date_gmt":"2021-08-13T07:53:20","guid":{"rendered":"https:\/\/fvcomponentes.com\/producto\/regulador-victron-bluesolar-mppt-150-45-scc115045222\/"},"modified":"2026-04-08T21:33:34","modified_gmt":"2026-04-08T19:33:34","slug":"regler-victron-bluesolar-mppt-150-45-scc115045222","status":"publish","type":"product","link":"https:\/\/fvcomponentes.com\/de\/producto\/regulador-victron-bluesolar-mppt-150-45-scc115045222\/","title":{"rendered":"Victron BlueSolar MPPT 150\/45 Steuerger\u00e4t - SCC115045222"},"content":{"rendered":"<h2>Victron BlueSolar MPPT 150\/45 Steuerger\u00e4t - SCC115045222<\/h2>\n<div>Mit dem Victron BlueSolar MPPT 150\/45 Regler k\u00f6nnen Sie einen Ladestrom von bis zu 45 Ampere und eine PV-Spannung von bis zu 150 Volt genie\u00dfen.<\/div>\n<div>Der Victron BlueSolar 150\/45 MPPT-Laderegler kann eine Batterie mit einer niedrigeren Nennspannung aus PV-Paneelen mit einer h\u00f6heren Nennspannung von mindestens +5 V laden.<\/div>\n<div>Der BlueSolar Regler stellt die Nennspannung der Batterie automatisch auf 12, 24, 36 oder 48 V ein, sobald sie an den Regler angeschlossen ist.<\/div>\n<p><strong>Ultraschnelles Maximum Power Point Tracking (MPPT)<\/strong><br \/>\nInsbesondere bei bew\u00f6lktem Himmel, wenn sich die Lichtintensit\u00e4t st\u00e4ndig \u00e4ndert, kann ein ultraschneller MPPT-Regler die Energieernte um bis zu 30% verbessern, verglichen mit 30% bei bew\u00f6lktem Himmel.<br \/>\nmit PWM-Ladereglern und um bis zu 10% im Vergleich zu langsameren MPPT-Reglern.<\/p>\n<p><strong>Erweiterte Maximum Power Point-Erkennung bei teilweiser Bew\u00f6lkung<\/strong><br \/>\nBei teilweiser Bew\u00f6lkung k\u00f6nnen auf der Lastspannungskurve zwei oder mehr maximale Leistungspunkte (MPP) auftreten. Herk\u00f6mmliche MPPTs w\u00e4hlen normalerweise einen lokalen MPP, der nicht unbedingt der optimale MPP ist. Der innovative Algorithmus von SmartSolar maximiert immer die Energieernte durch die Auswahl des optimalen MPP.<\/p>\n<p><strong>Au\u00dfergew\u00f6hnliche Umwandlungseffizienz<\/strong><br \/>\nL\u00fcfterlos. Der maximale Wirkungsgrad \u00fcbertrifft 98%.<\/p>\n<p><strong>Flexibler Ladealgorithmus<\/strong><br \/>\nEin vollst\u00e4ndig programmierbarer Ladealgorithmus (siehe die Software-Seite des <a href=\"https:\/\/www.victronenergy.com.es\/\" target=\"_blank\" rel=\"noopener\">Victron<\/a>) und acht vorprogrammierte Ladealgorithmen, die mit einem Drehw\u00e4hler ausgew\u00e4hlt werden k\u00f6nnen.<br \/>\n(siehe Handbuch f\u00fcr weitere Informationen).<\/p>\n<p><strong>Umfassender elektronischer Schutz<\/strong><br \/>\n\u00dcberhitzungsschutz und Leistungsreduzierung bei hohen Temperaturen. Kurzschluss- und Verpolungsschutz f\u00fcr PV-Paneele. PV-R\u00fcckstromschutz.<\/p>\n<p><strong>Interner Temperatursensor<\/strong><br \/>\nKompensiert die Absorptions- und Auftriebsspannung in Abh\u00e4ngigkeit von der Temperatur.<\/p>\n<p><strong>Optionaler externer Batteriespannungs- und Temperatursensor \u00fcber Bluetooth<\/strong><br \/>\nEin Smart Battery Sense Sensor oder BMV-712 Smart Battery Monitor kann verwendet werden, um Batteriespannung und -temperatur an einen oder mehrere SmartSolar Laderegler zu \u00fcbermitteln.<\/p>\n<p><strong>Funktion zur Wiederherstellung einer vollst\u00e4ndig entladenen Batterie<\/strong><br \/>\nEs beginnt mit dem Laden, auch wenn die Batterie auf Null Volt entladen ist.<br \/>\nEs muss sich an eine vollst\u00e4ndig entladene Lithium-Ionen-Batterie mit interner Abschaltfunktion anschlie\u00dfen lassen.<\/p>\n<p><strong>VE.Direkt<\/strong><br \/>\nF\u00fcr eine kabelgebundene Datenverbindung zu einem Color Control GX, anderen GX-Produkten, PC oder anderen Ger\u00e4ten.<\/p>\n<p><strong>Fernbedienung ein\/aus<\/strong><br \/>\nZum Beispiel zum Anschluss an ein VE.BUS BMS.<\/p>\n<p><strong>Programmierbares Relais<\/strong><br \/>\nEs kann programmiert werden (z. B. mit einem Smartphone), um einen Alarm oder andere Ereignisse auszul\u00f6sen.<\/p>\n<h2>Datenblatt Victron BlueSolar MPPT 150\/45 Regler - SCC115045222<\/h2>\n<p><a href=\"https:\/\/fvcomponentes.com\/wp-content\/uploads\/2025\/10\/Datasheet-BlueSolar-charge-controller-MPPT-150-35-150-45-ES.pdf\" target=\"_blank\" rel=\"noopener\">Victron BlueSolar MPPT 150\/45 Controller Datenblatt anzeigen - SCC115045222<\/a><\/p>\n<h2>Handbuch Victron BlueSolar MPPT 150\/45 Regler - SCC115045222<\/h2>\n<p><a href=\"https:\/\/fvcomponentes.com\/wp-content\/uploads\/2025\/10\/29694-MPPT_solar_charger_manual-pdf-es-6.pdf\" target=\"_blank\" rel=\"noopener\">Victron BlueSolar MPPT 150\/45 Controller Handbuch anzeigen - SCC115045222<\/a><\/p>","protected":false},"excerpt":{"rendered":"<ul>\n<li><strong><span style=\"color: #ff0000\">Ger\u00e4te ohne Bluetooth\u00a0<\/span><\/strong><\/li>\n<li><strong>Modell mit Bluetooth: <a href=\"https:\/\/fvcomponentes.com\/de\/produkt\/regler-victron-smartsolar-mppt-100-45-scc115045212\/\">Victron SmartSolar MPPT 150\/45 Steuerger\u00e4t - SCC115045212<\/a><\/strong><\/li>\n<li><strong>Spannung der Batterie;<\/strong>\u00a012\/24\/48 V Automatische Auswahl<\/li>\n<li><strong>Last Nennstrom;<\/strong> 45 A<\/li>\n<li><strong>Maximale Leistung PV, 12V;<\/strong>\u00a0 650 W<\/li>\n<li><strong>Maximale Leistung PV, 24V<\/strong>; 1.300 W<\/li>\n<li><strong>Maximale Leistung PV, 48V<\/strong>; 2.600 W<\/li>\n<\/ul>","protected":false},"featured_media":3751,"comment_status":"open","ping_status":"closed","template":"","meta":{"site-sidebar-layout":"default","site-content-layout":"default","ast-site-content-layout":"default","site-content-style":"default","site-sidebar-style":"default","ast-global-header-display":"","ast-banner-title-visibility":"","ast-main-header-display":"","ast-hfb-above-header-display":"","ast-hfb-below-header-display":"","ast-hfb-mobile-header-display":"","site-post-title":"","ast-breadcrumbs-content":"","ast-featured-img":"","footer-sml-layout":"","ast-disable-related-posts":"","theme-transparent-header-meta":"default","adv-header-id-meta":"","stick-header-meta":"","header-above-stick-meta":"","header-main-stick-meta":"","header-below-stick-meta":"","astra-migrate-meta-layouts":"set","ast-page-background-enabled":"default","ast-page-background-meta":{"desktop":{"background-color":"var(--ast-global-color-4)","background-image":"","background-repeat":"repeat","background-position":"center center","background-size":"auto","background-attachment":"scroll","background-type":"","background-media":"","overlay-type":"","overlay-color":"","overlay-opacity":"","overlay-gradient":""},"tablet":{"background-color":"","background-image":"","background-repeat":"repeat","background-position":"center center","background-size":"auto","background-attachment":"scroll","background-type":"","background-media":"","overlay-type":"","overlay-color":"","overlay-opacity":"","overlay-gradient":""},"mobile":{"background-color":"","background-image":"","background-repeat":"repeat","background-position":"center center","background-size":"auto","background-attachment":"scroll","background-type":"","background-media":"","overlay-type":"","overlay-color":"","overlay-opacity":"","overlay-gradient":""}},"ast-content-background-meta":{"desktop":{"background-color":"var(--ast-global-color-5)","background-image":"","background-repeat":"repeat","background-position":"center center","background-size":"auto","background-attachment":"scroll","background-type":"","background-media":"","overlay-type":"","overlay-color":"","overlay-opacity":"","overlay-gradient":""},"tablet":{"background-color":"var(--ast-global-color-5)","background-image":"","background-repeat":"repeat","background-position":"center center","background-size":"auto","background-attachment":"scroll","background-type":"","background-media":"","overlay-type":"","overlay-color":"","overlay-opacity":"","overlay-gradient":""},"mobile":{"background-color":"var(--ast-global-color-5)","background-image":"","background-repeat":"repeat","background-position":"center center","background-size":"auto","background-attachment":"scroll","background-type":"","background-media":"","overlay-type":"","overlay-color":"","overlay-opacity":"","overlay-gradient":""}}},"pwb-brand":[332],"product_brand":[],"product_cat":[353,371],"product_tag":[],"class_list":{"0":"post-3750","1":"product","2":"type-product","3":"status-publish","4":"has-post-thumbnail","6":"pwb-brand-victron","7":"product_cat-reguladores-de-carga-solares","8":"product_cat-reguladores-mppt","9":"desktop-align-left","10":"tablet-align-left","11":"mobile-align-left","12":"ast-product-gallery-layout-horizontal-slider","13":"ast-product-gallery-with-no-image","14":"ast-product-tabs-layout-horizontal","16":"first","17":"instock","18":"taxable","19":"shipping-taxable","20":"purchasable","21":"product-type-simple"},"wcpa_form_fields":null,"brands":[{"id":332,"name":"Victron Energie","slug":"victron"}],"_links":{"self":[{"href":"https:\/\/fvcomponentes.com\/de\/wp-json\/wp\/v2\/product\/3750","targetHints":{"allow":["GET"]}}],"collection":[{"href":"https:\/\/fvcomponentes.com\/de\/wp-json\/wp\/v2\/product"}],"about":[{"href":"https:\/\/fvcomponentes.com\/de\/wp-json\/wp\/v2\/types\/product"}],"replies":[{"embeddable":true,"href":"https:\/\/fvcomponentes.com\/de\/wp-json\/wp\/v2\/comments?post=3750"}],"wp:featuredmedia":[{"embeddable":true,"href":"https:\/\/fvcomponentes.com\/de\/wp-json\/wp\/v2\/media\/3751"}],"wp:attachment":[{"href":"https:\/\/fvcomponentes.com\/de\/wp-json\/wp\/v2\/media?parent=3750"}],"wp:term":[{"taxonomy":"pwb-brand","embeddable":true,"href":"https:\/\/fvcomponentes.com\/de\/wp-json\/wp\/v2\/pwb-brand?post=3750"},{"taxonomy":"product_brand","embeddable":true,"href":"https:\/\/fvcomponentes.com\/de\/wp-json\/wp\/v2\/product_brand?post=3750"},{"taxonomy":"product_cat","embeddable":true,"href":"https:\/\/fvcomponentes.com\/de\/wp-json\/wp\/v2\/product_cat?post=3750"},{"taxonomy":"product_tag","embeddable":true,"href":"https:\/\/fvcomponentes.com\/de\/wp-json\/wp\/v2\/product_tag?post=3750"}],"curies":[{"name":"wp","href":"https:\/\/api.w.org\/{rel}","templated":true}]}}