{"id":3742,"date":"2021-08-04T10:57:03","date_gmt":"2021-08-04T08:57:03","guid":{"rendered":"https:\/\/fvcomponentes.com\/producto\/monitorizacion-victron-gx-touch-70-bpp900455070\/"},"modified":"2026-04-08T21:34:36","modified_gmt":"2026-04-08T19:34:36","slug":"victron-gx-beruhrungsbildschirm-touchscreen-70-bpp900455070","status":"publish","type":"product","link":"https:\/\/fvcomponentes.com\/de\/producto\/pantalla-tactil-victron-gx-touch-70-bpp900455070\/","title":{"rendered":"Touchscreen Victron GX Touch 70 - BPP900455070"},"content":{"rendered":"<h2>Touchscreen Victron GX Touch 70<\/h2>\n<p>Der Sieben-Zoll-Touchscreen, ein Zubeh\u00f6rteil des Cerbo GX, gibt Ihnen einen sofortigen \u00dcberblick \u00fcber das System und erm\u00f6glicht es Ihnen, Parameter im Handumdrehen anzupassen. Schlie\u00dfen Sie den Cerbo GX einfach mit einem Kabel an: Sein ultraflaches, wasserdichtes Design, die hervorragende Montagekonfiguration und die einfache Installation bieten Ihnen gro\u00dfe Flexibilit\u00e4t bei der Gestaltung eines \u00fcbersichtlichen Panels.<\/p>\n<p><a href=\"https:\/\/www.youtube.com\/watch?v=3wheKaU2_qw&amp;feature=youtu.be\" target=\"_blank\" rel=\"noopener\">Sie k\u00f6nnen sich das neue Video ansehen<\/a> die alles erkl\u00e4rt, was Sie \u00fcber die Installation der neuen Produkte Cerbo GX und GX Touch 70 wissen m\u00fcssen.<\/p>\n<h3 class=\"productDetails__block-title\"><span class=\"productDetails__block-title-content\">Einfache Montage<\/span><\/h3>\n<div class=\"productDetails__block-description\">\n<p>Der 7\u2033 GX Touch ist so optimiert, dass er die Anforderungen professioneller Installateure mehr als erf\u00fcllt. Der Bildschirm l\u00e4sst sich einfach auf ein Bedienfeld schrauben, sodass keine perfekten L\u00f6cher mehr geschnitten werden m\u00fcssen, und er wird mit einem einzigen Kabel angeschlossen, ohne dass ein B\u00fcndel von Kabeln zum Bedienfeld verlegt werden muss.<\/p>\n<h3>GX Touch 70 und Cerbo GX<\/h3>\n<p>Dieses Display ist das Gegenst\u00fcck zum Cerbo GX, der v\u00f6llig neuen Kommunikationszentrale, die eine nahtlose Steuerung des Systems jederzeit und von \u00fcberall aus erm\u00f6glicht und die Systemleistung maximiert.<\/p>\n<p>Durch einfaches Verbinden \u00fcber das Victron Remote Management (VRM)-Portal oder durch direkten Zugriff \u00fcber den GX Touch 70, ein Multifunktionsdisplay oder die VictronConnect App, dank seiner Bluetooth-F\u00e4higkeit. Es vereint das Beste an Konnektivit\u00e4t und definiert intelligente Energiel\u00f6sungen in jeder Hinsicht neu.<\/p>\n<\/div>\n<h2>Datenblatt Victron GX Touch 70 Display - BPP900455070<\/h2>\n<div class=\"productDetails__block-description\">\n<p><a href=\"https:\/\/fvcomponentes.com\/wp-content\/uploads\/2021\/03\/Datasheet-Cerbo-GX-GX-Touch-ES.pdf\" target=\"_blank\" rel=\"noopener\">Siehe das technische Datenblatt Victron GX Touch 70 - BPP900455070<\/a><\/p>\n<\/div>","protected":false},"excerpt":{"rendered":"<p>Technische Daten:<\/p>\n<ul>\n<li>Zubeh\u00f6r-Display f\u00fcr den Cerbo GX.<\/li>\n<li>7\u2033-Touchscreen, der einen sofortigen \u00dcberblick \u00fcber das System bietet und Anpassungen an der Konfiguration erm\u00f6glicht.<\/li>\n<li>Wasserdichtes Design.<\/li>\n<li>Die Konfiguration ist f\u00fcr die Montage von oben geeignet.<\/li>\n<li>Inklusive Montagezubeh\u00f6r.<\/li>\n<li>Bildschirmaufl\u00f6sung 1024 x 600.<\/li>\n<\/ul>","protected":false},"featured_media":3302,"comment_status":"open","ping_status":"closed","template":"","meta":{"site-sidebar-layout":"default","site-content-layout":"default","ast-site-content-layout":"default","site-content-style":"default","site-sidebar-style":"default","ast-global-header-display":"","ast-banner-title-visibility":"","ast-main-header-display":"","ast-hfb-above-header-display":"","ast-hfb-below-header-display":"","ast-hfb-mobile-header-display":"","site-post-title":"","ast-breadcrumbs-content":"","ast-featured-img":"","footer-sml-layout":"","ast-disable-related-posts":"","theme-transparent-header-meta":"default","adv-header-id-meta":"","stick-header-meta":"","header-above-stick-meta":"","header-main-stick-meta":"","header-below-stick-meta":"","astra-migrate-meta-layouts":"set","ast-page-background-enabled":"default","ast-page-background-meta":{"desktop":{"background-color":"var(--ast-global-color-4)","background-image":"","background-repeat":"repeat","background-position":"center center","background-size":"auto","background-attachment":"scroll","background-type":"","background-media":"","overlay-type":"","overlay-color":"","overlay-opacity":"","overlay-gradient":""},"tablet":{"background-color":"","background-image":"","background-repeat":"repeat","background-position":"center center","background-size":"auto","background-attachment":"scroll","background-type":"","background-media":"","overlay-type":"","overlay-color":"","overlay-opacity":"","overlay-gradient":""},"mobile":{"background-color":"","background-image":"","background-repeat":"repeat","background-position":"center center","background-size":"auto","background-attachment":"scroll","background-type":"","background-media":"","overlay-type":"","overlay-color":"","overlay-opacity":"","overlay-gradient":""}},"ast-content-background-meta":{"desktop":{"background-color":"var(--ast-global-color-5)","background-image":"","background-repeat":"repeat","background-position":"center center","background-size":"auto","background-attachment":"scroll","background-type":"","background-media":"","overlay-type":"","overlay-color":"","overlay-opacity":"","overlay-gradient":""},"tablet":{"background-color":"var(--ast-global-color-5)","background-image":"","background-repeat":"repeat","background-position":"center center","background-size":"auto","background-attachment":"scroll","background-type":"","background-media":"","overlay-type":"","overlay-color":"","overlay-opacity":"","overlay-gradient":""},"mobile":{"background-color":"var(--ast-global-color-5)","background-image":"","background-repeat":"repeat","background-position":"center center","background-size":"auto","background-attachment":"scroll","background-type":"","background-media":"","overlay-type":"","overlay-color":"","overlay-opacity":"","overlay-gradient":""}}},"pwb-brand":[332],"product_brand":[],"product_cat":[333,351,934],"product_tag":[],"class_list":{"0":"post-3742","1":"product","2":"type-product","3":"status-publish","4":"has-post-thumbnail","6":"pwb-brand-victron","7":"product_cat-inversores","8":"product_cat-accesorios","9":"product_cat-monitorizacion","10":"desktop-align-left","11":"tablet-align-left","12":"mobile-align-left","13":"ast-product-gallery-layout-horizontal-slider","14":"ast-product-tabs-layout-horizontal","16":"first","17":"instock","18":"taxable","19":"shipping-taxable","20":"purchasable","21":"product-type-simple"},"wcpa_form_fields":null,"brands":[{"id":332,"name":"Victron Energie","slug":"victron"}],"_links":{"self":[{"href":"https:\/\/fvcomponentes.com\/de\/wp-json\/wp\/v2\/product\/3742","targetHints":{"allow":["GET"]}}],"collection":[{"href":"https:\/\/fvcomponentes.com\/de\/wp-json\/wp\/v2\/product"}],"about":[{"href":"https:\/\/fvcomponentes.com\/de\/wp-json\/wp\/v2\/types\/product"}],"replies":[{"embeddable":true,"href":"https:\/\/fvcomponentes.com\/de\/wp-json\/wp\/v2\/comments?post=3742"}],"wp:featuredmedia":[{"embeddable":true,"href":"https:\/\/fvcomponentes.com\/de\/wp-json\/wp\/v2\/media\/3302"}],"wp:attachment":[{"href":"https:\/\/fvcomponentes.com\/de\/wp-json\/wp\/v2\/media?parent=3742"}],"wp:term":[{"taxonomy":"pwb-brand","embeddable":true,"href":"https:\/\/fvcomponentes.com\/de\/wp-json\/wp\/v2\/pwb-brand?post=3742"},{"taxonomy":"product_brand","embeddable":true,"href":"https:\/\/fvcomponentes.com\/de\/wp-json\/wp\/v2\/product_brand?post=3742"},{"taxonomy":"product_cat","embeddable":true,"href":"https:\/\/fvcomponentes.com\/de\/wp-json\/wp\/v2\/product_cat?post=3742"},{"taxonomy":"product_tag","embeddable":true,"href":"https:\/\/fvcomponentes.com\/de\/wp-json\/wp\/v2\/product_tag?post=3742"}],"curies":[{"name":"wp","href":"https:\/\/api.w.org\/{rel}","templated":true}]}}