{"id":3729,"date":"2021-08-04T07:54:56","date_gmt":"2021-08-04T05:54:56","guid":{"rendered":"https:\/\/fvcomponentes.com\/producto\/inversor-victron-phoenix-12v-3000va-pin123020000\/"},"modified":"2026-04-04T12:51:40","modified_gmt":"2026-04-04T10:51:40","slug":"wechselrichter-victron-phoenix-12v-3000va-pin123020000","status":"publish","type":"product","link":"https:\/\/fvcomponentes.com\/de\/producto\/inversor-victron-phoenix-12v-3000va-pin123020000\/","title":{"rendered":"Wechselrichter Victron Phoenix 12V 3000VA - PIN123020000"},"content":{"rendered":"<h3>SinusMax - \u00dcberlegene Konstruktion<\/h3>\n<p>Der Victron Phoenix Wechselrichter 12V 3000VA wurde f\u00fcr den professionellen Einsatz entwickelt und eignet sich, wie alle Phoenix Wechselrichter, f\u00fcr zahlreiche Anwendungen. Das Kriterium bei der Entwicklung war, einen echten Sinus-Wechselrichter mit optimiertem Wirkungsgrad herzustellen, ohne dabei Kompromisse bei der Leistung einzugehen. Durch den Einsatz der Hochfrequenz-Hybridtechnologie ist ein Produkt von h\u00f6chster Qualit\u00e4t entstanden, das kompakte Abmessungen und ein geringes Gewicht aufweist und in der Lage ist, jede Last problemlos mit Strom zu versorgen.<\/p>\n<h3>Zus\u00e4tzliche Startkraft<\/h3>\n<p>Eines der einzigartigen Merkmale der SinusMax-Technologie ist ihre sehr hohe Startleistung. Herk\u00f6mmliche Hochfrequenztechnik bietet diese au\u00dfergew\u00f6hnliche Leistung nicht. Phoenix-Wechselrichter sind jedoch gut geeignet, um schwierige Lasten wie K\u00fchlschr\u00e4nke, Kompressoren, Elektromotoren und \u00e4hnliche Ger\u00e4te zu betreiben.<\/p>\n<h3>Praktisch unbegrenzte Leistung dank Parallel- und Drehstrombetrieb.<\/h3>\n<p>Bis zu 6 Wechselrichtereinheiten k\u00f6nnen parallel betrieben werden, um eine h\u00f6here Ausgangsleistung zu erzielen. Sechs 24\/3000-Ger\u00e4te liefern zum Beispiel 15 kW \/ 18 kVA Ausgangsleistung. Eine Konfiguration f\u00fcr dreiphasigen Betrieb ist ebenfalls m\u00f6glich.<\/p>\n<h3>Kommunikationsschnittstelle<\/h3>\n<p>Diese gr\u00f6\u00dferen Phoenix-Wechselrichtermodelle sind mit einem VE.Bus-Anschluss ausgestattet. Alles, was Sie f\u00fcr den Anschluss an Ihren PC ben\u00f6tigen, ist die MK3-USB VE.Bus-zu-USB-Schnittstelle. Zusammen mit VictronConnect oder der Software VEConfigure, die kostenlos von der Victron-Website heruntergeladen werden kann, k\u00f6nnen alle Parameter des Wechselrichters angepasst werden. Dazu geh\u00f6ren Ausgangsspannung und -frequenz, \u00dcber- oder Unterspannungseinstellungen und die Programmierung des Relais. Dieses Relais kann z.B. dazu verwendet werden, verschiedene Alarme zu signalisieren oder einen Generator zu starten. Die Wechselrichter k\u00f6nnen auch an ein GX-Ger\u00e4t (z. B. Cerbo GX) zur \u00dcberwachung und Steuerung angeschlossen werden.<\/p>\n<h2>Datenblatt Victron Phoenix Wechselrichter 12V 3000VA - PIN123020000<\/h2>\n<p><a href=\"https:\/\/fvcomponentes.com\/wp-content\/uploads\/2021\/08\/phoenix-3000.pdf\" target=\"_blank\" rel=\"noopener\">Victron Phoenix Wechselrichter 12V 3000VA - PIN123020000 Datenblatt anzeigen<\/a><\/p>","protected":false},"excerpt":{"rendered":"<ul class=\"specification\">\n<li><strong>Spannung:<\/strong> 12V<\/li>\n<li><strong>Kontinuierliche Leistungsabgabe:<\/strong> 3000VA<\/li>\n<li><strong>Spitzenleistung:<\/strong> 6000W<\/li>\n<li><strong>Gewicht:\u00a0<\/strong>18kg<\/li>\n<li><strong>Abmessungen: <\/strong>362 x 258 x 218 mm<\/li>\n<\/ul>","protected":false},"featured_media":3730,"comment_status":"open","ping_status":"closed","template":"","meta":{"site-sidebar-layout":"default","site-content-layout":"default","ast-site-content-layout":"default","site-content-style":"default","site-sidebar-style":"default","ast-global-header-display":"","ast-banner-title-visibility":"","ast-main-header-display":"","ast-hfb-above-header-display":"","ast-hfb-below-header-display":"","ast-hfb-mobile-header-display":"","site-post-title":"","ast-breadcrumbs-content":"","ast-featured-img":"","footer-sml-layout":"","ast-disable-related-posts":"","theme-transparent-header-meta":"default","adv-header-id-meta":"","stick-header-meta":"","header-above-stick-meta":"","header-main-stick-meta":"","header-below-stick-meta":"","astra-migrate-meta-layouts":"set","ast-page-background-enabled":"default","ast-page-background-meta":{"desktop":{"background-color":"var(--ast-global-color-4)","background-image":"","background-repeat":"repeat","background-position":"center center","background-size":"auto","background-attachment":"scroll","background-type":"","background-media":"","overlay-type":"","overlay-color":"","overlay-opacity":"","overlay-gradient":""},"tablet":{"background-color":"","background-image":"","background-repeat":"repeat","background-position":"center center","background-size":"auto","background-attachment":"scroll","background-type":"","background-media":"","overlay-type":"","overlay-color":"","overlay-opacity":"","overlay-gradient":""},"mobile":{"background-color":"","background-image":"","background-repeat":"repeat","background-position":"center center","background-size":"auto","background-attachment":"scroll","background-type":"","background-media":"","overlay-type":"","overlay-color":"","overlay-opacity":"","overlay-gradient":""}},"ast-content-background-meta":{"desktop":{"background-color":"var(--ast-global-color-5)","background-image":"","background-repeat":"repeat","background-position":"center center","background-size":"auto","background-attachment":"scroll","background-type":"","background-media":"","overlay-type":"","overlay-color":"","overlay-opacity":"","overlay-gradient":""},"tablet":{"background-color":"var(--ast-global-color-5)","background-image":"","background-repeat":"repeat","background-position":"center center","background-size":"auto","background-attachment":"scroll","background-type":"","background-media":"","overlay-type":"","overlay-color":"","overlay-opacity":"","overlay-gradient":""},"mobile":{"background-color":"var(--ast-global-color-5)","background-image":"","background-repeat":"repeat","background-position":"center center","background-size":"auto","background-attachment":"scroll","background-type":"","background-media":"","overlay-type":"","overlay-color":"","overlay-opacity":"","overlay-gradient":""}}},"pwb-brand":[332],"product_brand":[],"product_cat":[364,333],"product_tag":[],"class_list":{"0":"post-3729","1":"product","2":"type-product","3":"status-publish","4":"has-post-thumbnail","6":"pwb-brand-victron","7":"product_cat-inversores-12-v","8":"product_cat-inversores","9":"desktop-align-left","10":"tablet-align-left","11":"mobile-align-left","12":"ast-product-gallery-layout-horizontal-slider","13":"ast-product-tabs-layout-horizontal","15":"first","16":"instock","17":"taxable","18":"shipping-taxable","19":"purchasable","20":"product-type-simple"},"wcpa_form_fields":null,"brands":[{"id":332,"name":"Victron Energie","slug":"victron"}],"_links":{"self":[{"href":"https:\/\/fvcomponentes.com\/de\/wp-json\/wp\/v2\/product\/3729","targetHints":{"allow":["GET"]}}],"collection":[{"href":"https:\/\/fvcomponentes.com\/de\/wp-json\/wp\/v2\/product"}],"about":[{"href":"https:\/\/fvcomponentes.com\/de\/wp-json\/wp\/v2\/types\/product"}],"replies":[{"embeddable":true,"href":"https:\/\/fvcomponentes.com\/de\/wp-json\/wp\/v2\/comments?post=3729"}],"wp:featuredmedia":[{"embeddable":true,"href":"https:\/\/fvcomponentes.com\/de\/wp-json\/wp\/v2\/media\/3730"}],"wp:attachment":[{"href":"https:\/\/fvcomponentes.com\/de\/wp-json\/wp\/v2\/media?parent=3729"}],"wp:term":[{"taxonomy":"pwb-brand","embeddable":true,"href":"https:\/\/fvcomponentes.com\/de\/wp-json\/wp\/v2\/pwb-brand?post=3729"},{"taxonomy":"product_brand","embeddable":true,"href":"https:\/\/fvcomponentes.com\/de\/wp-json\/wp\/v2\/product_brand?post=3729"},{"taxonomy":"product_cat","embeddable":true,"href":"https:\/\/fvcomponentes.com\/de\/wp-json\/wp\/v2\/product_cat?post=3729"},{"taxonomy":"product_tag","embeddable":true,"href":"https:\/\/fvcomponentes.com\/de\/wp-json\/wp\/v2\/product_tag?post=3729"}],"curies":[{"name":"wp","href":"https:\/\/api.w.org\/{rel}","templated":true}]}}