{"id":3702,"date":"2021-08-02T14:53:11","date_gmt":"2021-08-02T12:53:11","guid":{"rendered":"https:\/\/fvcomponentes.com\/producto\/inversor-victron-phoenix-12v-1600va-smart-pin122160000\/"},"modified":"2026-04-04T12:50:33","modified_gmt":"2026-04-04T10:50:33","slug":"wechselrichter-victron-phoenix-12v-1600va-smart-pin122161000","status":"publish","type":"product","link":"https:\/\/fvcomponentes.com\/de\/producto\/inversor-victron-phoenix-12v-1600va-smart-pin122161000\/","title":{"rendered":"Wechselrichter Victron Phoenix 12V 1600VA Smart - PIN122161000"},"content":{"rendered":"<h2>Victron Phoenix 12V 1600VA Smart Wechselrichter<\/h2>\n<p>Der Victron Phoenix 12V 1600VA Smart Inverter ist ein effizienter und zuverl\u00e4ssiger Wechselrichter. Er basiert auf der bew\u00e4hrten Phoenix-Wechselrichterplattform und verf\u00fcgt jetzt \u00fcber ein neues, schlankeres Design in einem Ganzmetallgeh\u00e4use. Erh\u00e4ltlich sind Modelle mit 1600VA, 2000VA, 3000VA und 5000VA f\u00fcr 12-, 24- oder 48-Volt-Systeme.<\/p>\n<p>Es ist leistungsstark genug, um die g\u00e4ngigsten Ger\u00e4te in Ihrem Auto, Boot, Wohnwagen oder sogar in Ihrem Haus zu betreiben. Dank seines Ringkerntransformators verf\u00fcgt es \u00fcber eine hohe Kapazit\u00e4t zur Bew\u00e4ltigung von Leistungsspitzen, eine stabile Spannung und Frequenz sowie eine hochwertige Sinuswelle.<\/p>\n<p>Die Installation ist jetzt viel einfacher als fr\u00fcher, mit Klemmen, die f\u00fcr den Installateur viel besser zug\u00e4nglich sind, was eine professionellere Ausf\u00fchrung erm\u00f6glicht.<\/p>\n<p>Dank integriertem Bluetooth ist die Konfiguration Ihres Hochleistungswechselrichters einfacher denn je. Konfigurieren Sie Alarme, Alarmrelais, Spannungsausf\u00e4lle, Ausgangsspannung, Frequenz, \u00d6ko-Modus und mehr - alles \u00fcber die App. <a href=\"https:\/\/www.victronenergy.com.es\/panel-systems-remote-monitoring\/victronconnect\" target=\"_blank\" rel=\"noopener\">VictronConnect.<\/a><\/p>\n<h3>Integriertes Bluetooth: vollst\u00e4ndig konfigurierbar mit einem Tablet oder Smartphone<\/h3>\n<p>- Alarm bei niedriger Batteriespannung<br \/>\n- Abschaltung und Neustart bei niedriger Batteriespannung.<br \/>\n- Dynamische Abschaltung: lastabh\u00e4ngige Abschaltstufe<br \/>\n- Ausgangsspannung: 210 - 245V<br \/>\n- Frequenz: 50 Hz oder 60 Hz<br \/>\n- ECO-Modus ein\/aus und ECO-Modus F\u00fcllstandssensor<br \/>\n- Alarmrelais<\/p>\n<h5>Nachbereitung:<\/h5>\n<p>- Eingangs- und Ausgangsspannung, Last und Alarme<\/p>\n<h3>VE.Direkter Kommunikationsanschluss<\/h3>\n<p>Der VE.Direct-Anschluss kann an einen Computer angeschlossen werden (ein VE.Direct-Schnittstellenkabel ist erforderlich), um dieselben Parameter zu konfigurieren und zu \u00fcberwachen.<\/p>\n<h3>Bew\u00e4hrte Zuverl\u00e4ssigkeit<\/h3>\n<p>Die Vollbr\u00fccken- und Ringkerntransformator-Topologie hat ihre Zuverl\u00e4ssigkeit \u00fcber viele Jahre hinweg bewiesen.<br \/>\nDie Wechselrichter sind kurzschlussfest und gegen \u00dcberhitzung, sei es durch \u00dcberlast oder hohe Umgebungstemperatur, gesch\u00fctzt.<\/p>\n<h3>Hohe Startleistung<\/h3>\n<p>Erforderlich f\u00fcr den Start von Verbrauchern wie Konvertern f\u00fcr LED-Lampen, Halogenlampen oder Elektrowerkzeuge.<\/p>\n<h3>ECO-Modus<\/h3>\n<p>Im ECO-Modus schaltet der Wechselrichter in den Standby-Modus, wenn die Last unter einen voreingestellten Wert f\u00e4llt. Im Standby-Modus wird der Wechselrichter alle 2,5 Sekunden kurz aktiviert (einstellbar).<br \/>\n\u00dcbersteigt die Last den eingestellten Wert, bleibt der Wechselrichter eingeschaltet.<\/p>\n<h3>Ferngesteuerter Ein\/Aus-Schalter<\/h3>\n<p>Ein ferngesteuerter Ein\/Aus-Schalter oder ein Relais kann an einen zweiphasigen Anschluss angeschlossen werden.<br \/>\nAlternativ kann die H-Klemme (links) des zweiphasigen Steckers mit dem Pluspol der Batterie oder die L-Klemme (rechts) des zweiphasigen Steckers mit dem Minuspol der Batterie (oder z. B. mit dem Fahrgestell eines Fahrzeugs) verbunden werden.<\/p>\n<h2>Datenblatt Victron Phoenix Wechselrichter 12V 1600VA Smart - PIN122161000<\/h2>\n<p><a href=\"https:\/\/fvcomponentes.com\/wp-content\/uploads\/2021\/08\/Datasheet-Phoenix-Inverter-Smart-1600VA-5000VA-ES.pdf\" target=\"_blank\" rel=\"noopener\">Victron Phoenix Wechselrichter 12V \/ 1600VA Smart - PIN122161000 Datenblatt anzeigen<\/a><\/p>","protected":false},"excerpt":{"rendered":"<ul class=\"specification\">\n<li><strong>Spannung:<\/strong> 12V<\/li>\n<li><strong>Kontinuierliche Leistungsabgabe:<\/strong> 1600VA<\/li>\n<li><strong>Spitzenleistung:<\/strong> 3000W<\/li>\n<li><strong>Gewicht:<\/strong> 13Kg<\/li>\n<li><strong>Abmessungen:<\/strong> 485 x 219 x 125 mm<\/li>\n<\/ul>\n<p>&nbsp;<\/p>","protected":false},"featured_media":3703,"comment_status":"open","ping_status":"closed","template":"","meta":{"site-sidebar-layout":"default","site-content-layout":"default","ast-site-content-layout":"default","site-content-style":"default","site-sidebar-style":"default","ast-global-header-display":"","ast-banner-title-visibility":"","ast-main-header-display":"","ast-hfb-above-header-display":"","ast-hfb-below-header-display":"","ast-hfb-mobile-header-display":"","site-post-title":"","ast-breadcrumbs-content":"","ast-featured-img":"","footer-sml-layout":"","ast-disable-related-posts":"","theme-transparent-header-meta":"default","adv-header-id-meta":"","stick-header-meta":"","header-above-stick-meta":"","header-main-stick-meta":"","header-below-stick-meta":"","astra-migrate-meta-layouts":"set","ast-page-background-enabled":"default","ast-page-background-meta":{"desktop":{"background-color":"var(--ast-global-color-4)","background-image":"","background-repeat":"repeat","background-position":"center center","background-size":"auto","background-attachment":"scroll","background-type":"","background-media":"","overlay-type":"","overlay-color":"","overlay-opacity":"","overlay-gradient":""},"tablet":{"background-color":"","background-image":"","background-repeat":"repeat","background-position":"center center","background-size":"auto","background-attachment":"scroll","background-type":"","background-media":"","overlay-type":"","overlay-color":"","overlay-opacity":"","overlay-gradient":""},"mobile":{"background-color":"","background-image":"","background-repeat":"repeat","background-position":"center center","background-size":"auto","background-attachment":"scroll","background-type":"","background-media":"","overlay-type":"","overlay-color":"","overlay-opacity":"","overlay-gradient":""}},"ast-content-background-meta":{"desktop":{"background-color":"var(--ast-global-color-5)","background-image":"","background-repeat":"repeat","background-position":"center center","background-size":"auto","background-attachment":"scroll","background-type":"","background-media":"","overlay-type":"","overlay-color":"","overlay-opacity":"","overlay-gradient":""},"tablet":{"background-color":"var(--ast-global-color-5)","background-image":"","background-repeat":"repeat","background-position":"center center","background-size":"auto","background-attachment":"scroll","background-type":"","background-media":"","overlay-type":"","overlay-color":"","overlay-opacity":"","overlay-gradient":""},"mobile":{"background-color":"var(--ast-global-color-5)","background-image":"","background-repeat":"repeat","background-position":"center center","background-size":"auto","background-attachment":"scroll","background-type":"","background-media":"","overlay-type":"","overlay-color":"","overlay-opacity":"","overlay-gradient":""}}},"pwb-brand":[332],"product_brand":[],"product_cat":[364,333],"product_tag":[],"class_list":{"0":"post-3702","1":"product","2":"type-product","3":"status-publish","4":"has-post-thumbnail","6":"pwb-brand-victron","7":"product_cat-inversores-12-v","8":"product_cat-inversores","9":"desktop-align-left","10":"tablet-align-left","11":"mobile-align-left","12":"ast-product-gallery-layout-horizontal-slider","13":"ast-product-tabs-layout-horizontal","15":"first","16":"instock","17":"taxable","18":"shipping-taxable","19":"purchasable","20":"product-type-simple"},"wcpa_form_fields":null,"brands":[{"id":332,"name":"Victron Energie","slug":"victron"}],"_links":{"self":[{"href":"https:\/\/fvcomponentes.com\/de\/wp-json\/wp\/v2\/product\/3702","targetHints":{"allow":["GET"]}}],"collection":[{"href":"https:\/\/fvcomponentes.com\/de\/wp-json\/wp\/v2\/product"}],"about":[{"href":"https:\/\/fvcomponentes.com\/de\/wp-json\/wp\/v2\/types\/product"}],"replies":[{"embeddable":true,"href":"https:\/\/fvcomponentes.com\/de\/wp-json\/wp\/v2\/comments?post=3702"}],"wp:featuredmedia":[{"embeddable":true,"href":"https:\/\/fvcomponentes.com\/de\/wp-json\/wp\/v2\/media\/3703"}],"wp:attachment":[{"href":"https:\/\/fvcomponentes.com\/de\/wp-json\/wp\/v2\/media?parent=3702"}],"wp:term":[{"taxonomy":"pwb-brand","embeddable":true,"href":"https:\/\/fvcomponentes.com\/de\/wp-json\/wp\/v2\/pwb-brand?post=3702"},{"taxonomy":"product_brand","embeddable":true,"href":"https:\/\/fvcomponentes.com\/de\/wp-json\/wp\/v2\/product_brand?post=3702"},{"taxonomy":"product_cat","embeddable":true,"href":"https:\/\/fvcomponentes.com\/de\/wp-json\/wp\/v2\/product_cat?post=3702"},{"taxonomy":"product_tag","embeddable":true,"href":"https:\/\/fvcomponentes.com\/de\/wp-json\/wp\/v2\/product_tag?post=3702"}],"curies":[{"name":"wp","href":"https:\/\/api.w.org\/{rel}","templated":true}]}}