{"id":37017,"date":"2026-04-27T12:31:01","date_gmt":"2026-04-27T10:31:01","guid":{"rendered":"https:\/\/fvcomponentes.com\/?post_type=product&#038;p=37017"},"modified":"2026-04-27T13:16:31","modified_gmt":"2026-04-27T11:16:31","slug":"solarmodul-ja-solar-450w-jam54d41-lb-bifacial-voll-schwarz-31-120184","status":"publish","type":"product","link":"https:\/\/fvcomponentes.com\/de\/producto\/placa-solar-ja-solar-450w-jam54d41-lb-bifacial-full-black-31-120184\/","title":{"rendered":"JA Solar 450W Solarmodul JAM54D41-LB Bifacial Vollschwarz - 31-120184"},"content":{"rendered":"<h2><span dir=\"auto\" style=\"vertical-align: inherit;\"><span dir=\"auto\" style=\"vertical-align: inherit;\">JA Solar 450W Solarmodul JAM54D41-LB Bifacial Vollschwarz - 31-120184<\/span><\/span><\/h2>\n<p>Das 450-W-Solarmodul von JA Solar ist ein Hochleistungs-Photovoltaikmodul, das f\u00fcr eine \u00fcberragende Energieerzeugung und dauerhafte Zuverl\u00e4ssigkeit entwickelt wurde.<br \/>\nEs verbindet fortschrittliche Fertigungstechnologien mit moderner und eleganter \u00c4sthetik und ist damit eine vielseitige und effiziente L\u00f6sung f\u00fcr eine Vielzahl von Photovoltaikanlagen.<\/p>\n<p>Diese Karte geh\u00f6rt zur Deep Blue 4.0 Pro Serie, einer Serie, die f\u00fcr diejenigen entwickelt wurde, die ein hochwertiges Modul mit hoher Haltbarkeit suchen, das dank der bifacialen Doppelglas-Technologie eine zus\u00e4tzliche Leistung bietet.<br \/>\nEs ist eine sehr interessante Option f\u00fcr den anspruchsvollen Eigenverbrauch in Privathaushalten sowie f\u00fcr gewerbliche Installationen, bei denen der Ertrag pro Quadratmeter maximiert werden soll, ohne auf ein sauberes Erscheinungsbild zu verzichten.<\/p>\n<p>Bei diesem Modell werden die n-Typ-Technologie und ein Halbzellendesign mit 108 Zellen (6\u00d718) verwendet, wodurch das Verhalten des Panels bei Teilschatten verbessert und interne Verluste reduziert werden.<br \/>\nUnter Bedingungen mit einer zus\u00e4tzlichen r\u00fcckw\u00e4rtigen Bestrahlungsst\u00e4rke von 10% kann dieses Modul seine effektive Ausgangsleistung erheblich steigern.<\/p>\n<p>Mit einer Nennleistung von 450 W und einem Wirkungsgrad von 22,5 % maximiert dieses Solarmodul die Energieproduktion pro Quadratmeter, reduziert die Anzahl der ben\u00f6tigten Module und optimiert die verf\u00fcgbare Fl\u00e4che auf dem Dach.<\/p>\n<h2>Die wichtigsten Merkmale des JA Solar 450W-Solarmoduls<\/h2>\n<h3>Fortschrittliche Technologie<\/h3>\n<p>Dieses Solarmodul verwendet monokristalline Solarzellen des Typs N mit bifazialer Technologie, die eine Energiegewinnung sowohl von der Vorder- als auch von der R\u00fcckseite erm\u00f6glicht.<\/p>\n<p>Seine Technologie bietet wichtige Vorteile wie:<\/p>\n<ul>\n<li>Verringerung der lichtinduzierten Degradation (LID), was die Produktionsstabilit\u00e4t im Laufe der Zeit verbessert.<\/li>\n<li>Verbessert die Leistung bei geringer Sonneneinstrahlung oder in Anlagen mit reflektierenden Oberfl\u00e4chen.<\/li>\n<li>Bessere Leistung bei hohen Temperaturen.<\/li>\n<li>Gr\u00f6\u00dfere langfristige Produktionsstabilit\u00e4t.<\/li>\n<\/ul>\n<p>Diese bifaciale Technologie erm\u00f6glicht die Nutzung von Licht, das von wei\u00dfen D\u00e4chern oder hellen Oberfl\u00e4chen, Kies oder reflektierenden B\u00f6den, erh\u00f6hten Strukturen und oberirdischen Anlagen reflektiert wird.<\/p>\n<p>Unter g\u00fcnstigen Bedingungen kann dadurch die Wirkleistung des Moduls gegen\u00fcber dem Nennwert erh\u00f6ht werden, was den Jahresertrag der Anlage verbessert.<\/p>\n<h3>Design und \u00c4sthetik<\/h3>\n<p>Das Solarmodul besteht aus hochwertigen Materialien und einer doppelt verglasten Struktur.<\/p>\n<p>Die Full Black-Konfiguration (beide Zellen, Rahmen und R\u00fcckseite in Schwarz) sorgt nicht nur f\u00fcr ein einheitlicheres und unauff\u00e4lligeres Erscheinungsbild, sondern wird auch wegen ihrer Langlebigkeit und mechanischen Stabilit\u00e4t besonders gesch\u00e4tzt.<\/p>\n<p>Das Halbzellendesign (108 geteilte Zellen) reduziert die internen Widerstandsverluste und verbessert die Leistung bei teilweiser Verschattung, wodurch der Gesamtwirkungsgrad des Moduls erh\u00f6ht wird.<\/p>\n<p>Dank ihrer 1,6 mm + 1,6 mm Glas-Glas-Konstruktion bietet diese Platte ein hohes Ma\u00df an Schutz:<\/p>\n<ul>\n<li>Erh\u00f6hte mechanische Festigkeit<\/li>\n<li>Verbesserte Feuchtigkeits- und Korrosionsbest\u00e4ndigkeit<\/li>\n<li>Erh\u00f6hte langfristige strukturelle Stabilit\u00e4t<\/li>\n<li>Weniger Verschlechterung im Laufe der Jahre.<\/li>\n<\/ul>\n<p>Dar\u00fcber hinaus bieten das Design und die Installation eine IP68-gesch\u00fctzte Anschlussdose, MC4-EVO2-kompatible Steckverbinder und 1200 mm lange Kabel f\u00fcr eine einfache Installation.<\/p>\n<h3>Hohe Leistung und Effizienz<\/h3>\n<p>Das JA-Solarmodul ist f\u00fcr eine Nennleistung von 450 W ausgelegt. Da es sich jedoch um ein bifaziales Modul handelt, kann sich seine tats\u00e4chliche Leistung bei R\u00fcckstrahlung erh\u00f6hen.<\/p>\n<p>Somit bliebe f\u00fcr dieses 450-W-Solarmodul eine ungef\u00e4hre Leistung von 486 W \u00fcbrig, was das zus\u00e4tzliche Potenzial an g\u00fcnstigen Standorten zeigt.<\/p>\n<p>Sie zeichnet sich auch durch ihre hohe Energieeffizienz von 22,5 % aus, was bedeutet, dass sie einen h\u00f6heren Anteil des verf\u00fcgbaren Sonnenlichts in nutzbaren Strom umwandelt.<br \/>\nAuf diese Weise kann mehr Energie pro installiertem Quadratmeter gewonnen werden, was die Anzahl der ben\u00f6tigten Paneele reduziert und somit sowohl den Platzbedarf als auch die Installationskosten optimiert.<\/p>\n<h3>Optimierte Leistung<\/h3>\n<p>Dieses Solarmodul ist so konzipiert, dass es seine Leistung unter einer Vielzahl von Umweltbedingungen beibeh\u00e4lt:<\/p>\n<ul>\n<li><strong>Gro\u00dfer Betriebstemperaturbereich (-40\u00ba C bis +85\u00ba C)<\/strong>, Dadurch wird sichergestellt, dass das Solarmodul sowohl in kalten als auch in hei\u00dfen Klimazonen zuverl\u00e4ssig funktioniert.<\/li>\n<li><strong>Niedriger Temperaturkoeffizient (-0,29 %\/\u00b0C in Leistung)<\/strong>, Das bedeutet, dass der Leistungsverlust an hei\u00dfen Tagen im Vergleich zu Modulen mit \u00e4lteren Technologien geringer ist, so dass auch im Sommer eine stabile Leistung gew\u00e4hrleistet ist.<\/li>\n<\/ul>\n<p>Diese Eigenschaften sorgen daf\u00fcr, dass die Platte ihre Leistungsf\u00e4higkeit auch unter ung\u00fcnstigen Bedingungen beibeh\u00e4lt, was zu einer stabileren und kontinuierlichen Produktion \u00fcber einen l\u00e4ngeren Zeitraum f\u00fchrt.<\/p>\n<p>Dar\u00fcber hinaus erlaubt das 450W JA-Solarmodul in Installationen mit langen Strings eine maximale Systemspannung von 1500 V DC und eine maximale Serienabsicherung von 30A.<\/p>\n<h3>St\u00e4rke und Haltbarkeit<\/h3>\n<p>Das Solarmodul besteht aus hochwertigen Materialien und einer Doppelverglasung, die die mechanische Widerstandsf\u00e4higkeit gegen\u00fcber Umwelteinfl\u00fcssen (wie starkem Wind oder Schnee) erh\u00f6ht und die Gesamtlebensdauer des Moduls verbessert.<\/p>\n<p>Seine Widerstandsf\u00e4higkeit betr\u00e4gt 5400Pa f\u00fcr die Frontbeladung und 2400PA f\u00fcr die Heckbeladung.<br \/>\nDiese Eigenschaften erm\u00f6glichen die Installation in anspruchsvollen Umgebungen in v\u00f6lliger Sicherheit.<\/p>\n<p>Dar\u00fcber hinaus verringert die eingesetzte Technologie die Degradation des Moduls im Laufe der Zeit (1% im ersten Jahr und 0,4% pro Jahr), was bedeutet, dass die tats\u00e4chliche Produktion im Jahr 30 des Betriebs immer noch betr\u00e4chtlich sein wird.<\/p>\n<p>Dies garantiert eine stabile und vorhersehbare Produktion \u00fcber Jahrzehnte.<\/p>\n<h2>Vorteile des JA Solar 450W Solarmoduls JAM54D41-LB Bifacial Full Black - 31-120184<\/h2>\n<p>Dieses Solarmodul hat die folgenden Vorteile:<\/p>\n<ul>\n<li><strong>Bifaciale Technologie: <\/strong>erzeugt Energie von beiden Seiten, was die Gesamtenergieproduktion erh\u00f6ht.<\/li>\n<li><strong>Hohe Energieproduktion:<\/strong> hohe Nennleistung (450 W) und hohe Energieeffizienz (22,5%).<\/li>\n<li><strong>Verwendung von N-Typ-Zellen:<\/strong> die Leistung zu verbessern und eine gr\u00f6\u00dfere Stabilit\u00e4t in der Produktion im Laufe der Zeit zu bieten.<\/li>\n<li>C<strong>Robuste und langlebige Konstruktion (Glas-Glas):<\/strong> Die doppelte Glasschicht verbessert die mechanische Widerstandsf\u00e4higkeit gegen Wind, Schnee und andere Umwelteinfl\u00fcsse. H\u00e4lt Frontlasten von bis zu 5400 Pa und R\u00fccklasten von 2400 Pa stand.<\/li>\n<li><strong>Vollkommen schwarze \u00c4sthetik: <\/strong>gibt ein eleganteres und einheitlicheres Aussehen.<\/li>\n<li><strong>Effiziente Produktion auch bei Bew\u00f6lkung oder geringer Sonneneinstrahlung<\/strong><\/li>\n<li><strong>Niedriger Temperaturkoeffizient:<\/strong> weniger Leistungsverlust bei hohen Temperaturen.<\/li>\n<li><strong>Hohe Widerstandsf\u00e4higkeit und zertifizierte Zuverl\u00e4ssigkeit:<\/strong> minimale Verschlechterung im Laufe der Zeit, was zu einer stabilen und vorhersehbaren Energieerzeugung f\u00fchrt.<\/li>\n<li><strong>Vielseitigkeit der Nutzung:<\/strong>\u00a0Geeignet f\u00fcr private, gewerbliche und industrielle Anlagen.<\/li>\n<\/ul>\n<h2>Anwendungen und Einsatzm\u00f6glichkeiten des JA Solar 450W-Solarmoduls<\/h2>\n<p>Aufgrund seines Formats, seines Wirkungsgrads und seiner Bifazialit\u00e4t ist dieses Solarmodul besonders geeignet f\u00fcr:<\/p>\n<ul>\n<li>Einfamilienh\u00e4user auf der Suche nach der \u00c4sthetik von Full Black.<\/li>\n<li>Hocheffiziente Wohnanlagen mit Eigenverbrauch, bei denen das Ziel die Optimierung der pro Quadratmeter erzeugten Energie ist.<\/li>\n<li>Industrielle und gewerbliche D\u00e4cher (Lager, B\u00fcros, Logistikzentren), die leistungsstarke und zuverl\u00e4ssige Module erfordern.<\/li>\n<li>Installationen auf hellen oder reflektierenden Oberfl\u00e4chen, bei denen das bifaciale System eine h\u00f6here Leistung bietet.<\/li>\n<li>\u00c4sthetisch integrierte Systeme an Fassaden oder D\u00e4chern mit einem einheitlichen optischen Erscheinungsbild.<\/li>\n<li>Projekte, die Doppelglas wegen seiner Robustheit und mechanischen Stabilit\u00e4t sch\u00e4tzen.<\/li>\n<li>Netzgekoppelte Systeme bis zu 1500V.<\/li>\n<\/ul>\n<h2>Technische Informationen \u00fcber das JA Solar 450W Solarmodul JAM54D41-LB Bifacial Full Black - 31-120184<\/h2>\n<p><a href=\"https:\/\/fvcomponentes.com\/wp-content\/uploads\/2026\/02\/ficha-tecnica-Placa-solar-JA-450W-JAM54D41-LB-Bifacial-Full-Black.pdf\" target=\"_blank\" rel=\"noopener\">Datenblatt JA Solar 450W Solarmodul\u00a0<\/a><\/p>\n<p><a href=\"https:\/\/fvcomponentes.com\/wp-content\/uploads\/2026\/02\/Manual-de-instalacion-Placa-solar-JA-450W-JAM54D41-LB-Bifacial-Full-Black.pdf\" target=\"_blank\" rel=\"noopener\">JA Solar 450W Solarmodule Handbuch<\/a><\/p>","protected":false},"excerpt":{"rendered":"<p><strong>Nicht verf\u00fcgbar, n\u00e4chste Verf\u00fcgbarkeit in der Woche 29\/06 - 05\/07<\/strong><\/p>\n<ul>\n<li><span dir=\"auto\" style=\"vertical-align: inherit;\"><span dir=\"auto\" style=\"vertical-align: inherit;\">Leistung: 450 W<\/span><\/span><\/li>\n<li>Modultyp: Bifacial<\/li>\n<li>Zelltyp: Monokristallin<\/li>\n<li>Anzahl der Zellen: 108 (6 x 18)<\/li>\n<li><span dir=\"auto\" style=\"vertical-align: inherit;\"><span dir=\"auto\" style=\"vertical-align: inherit;\">Zellen: 182 mm (54)<\/span><\/span><\/li>\n<li>Technologie: TOPCon N-Type<\/li>\n<li>Wirkungsgrad: 22.5%<\/li>\n<li><span dir=\"auto\" style=\"vertical-align: inherit;\"><span dir=\"auto\" style=\"vertical-align: inherit;\">PMAX Temperaturkoeffizient: -0,3 %\/K<\/span><\/span><\/li>\n<li>Gestellfarbe: Schwarz<\/li>\n<li>Glasart: Dual Glass<\/li>\n<li>Abmessungen: 176,2 x 113,4 x 3 cm<\/li>\n<li>Gewicht: 22 kg<\/li>\n<li>Kabel: 1.200mm mit Steckern MC4-EVO2<\/li>\n<li>Gr\u00f6\u00dfe des Kabelquerschnitts: 4 mm\u00b2 (IEC), 12 AWG (UL)<\/li>\n<li><span dir=\"auto\" style=\"vertical-align: inherit;\"><span dir=\"auto\" style=\"vertical-align: inherit;\">Isc (A): 14,48<\/span><\/span><\/li>\n<li><span dir=\"auto\" style=\"vertical-align: inherit;\"><span dir=\"auto\" style=\"vertical-align: inherit;\">Stimme (V): 39,3<\/span><\/span><\/li>\n<li>Produktgarantie: 25 Jahre<\/li>\n<\/ul>","protected":false},"featured_media":37018,"comment_status":"closed","ping_status":"closed","template":"","meta":{"site-sidebar-layout":"default","site-content-layout":"","ast-site-content-layout":"default","site-content-style":"default","site-sidebar-style":"default","ast-global-header-display":"","ast-banner-title-visibility":"","ast-main-header-display":"","ast-hfb-above-header-display":"","ast-hfb-below-header-display":"","ast-hfb-mobile-header-display":"","site-post-title":"","ast-breadcrumbs-content":"","ast-featured-img":"","footer-sml-layout":"","ast-disable-related-posts":"","theme-transparent-header-meta":"default","adv-header-id-meta":"","stick-header-meta":"","header-above-stick-meta":"","header-main-stick-meta":"","header-below-stick-meta":"","astra-migrate-meta-layouts":"set","ast-page-background-enabled":"default","ast-page-background-meta":{"desktop":{"background-color":"var(--ast-global-color-4)","background-image":"","background-repeat":"repeat","background-position":"center center","background-size":"auto","background-attachment":"scroll","background-type":"","background-media":"","overlay-type":"","overlay-color":"","overlay-opacity":"","overlay-gradient":""},"tablet":{"background-color":"","background-image":"","background-repeat":"repeat","background-position":"center center","background-size":"auto","background-attachment":"scroll","background-type":"","background-media":"","overlay-type":"","overlay-color":"","overlay-opacity":"","overlay-gradient":""},"mobile":{"background-color":"","background-image":"","background-repeat":"repeat","background-position":"center center","background-size":"auto","background-attachment":"scroll","background-type":"","background-media":"","overlay-type":"","overlay-color":"","overlay-opacity":"","overlay-gradient":""}},"ast-content-background-meta":{"desktop":{"background-color":"var(--ast-global-color-5)","background-image":"","background-repeat":"repeat","background-position":"center center","background-size":"auto","background-attachment":"scroll","background-type":"","background-media":"","overlay-type":"","overlay-color":"","overlay-opacity":"","overlay-gradient":""},"tablet":{"background-color":"var(--ast-global-color-5)","background-image":"","background-repeat":"repeat","background-position":"center center","background-size":"auto","background-attachment":"scroll","background-type":"","background-media":"","overlay-type":"","overlay-color":"","overlay-opacity":"","overlay-gradient":""},"mobile":{"background-color":"var(--ast-global-color-5)","background-image":"","background-repeat":"repeat","background-position":"center center","background-size":"auto","background-attachment":"scroll","background-type":"","background-media":"","overlay-type":"","overlay-color":"","overlay-opacity":"","overlay-gradient":""}}},"pwb-brand":[885],"product_brand":[],"product_cat":[459,395],"product_tag":[],"class_list":{"0":"post-37017","1":"product","2":"type-product","3":"status-publish","4":"has-post-thumbnail","6":"pwb-brand-ja-solar","7":"product_cat-placas-solares-autoconsumo","8":"product_cat-placas-solares","9":"product_shipping_class-placas-solares-grandes","10":"desktop-align-left","11":"tablet-align-left","12":"mobile-align-left","13":"ast-product-gallery-layout-horizontal-slider","14":"ast-product-tabs-layout-horizontal","16":"first","17":"instock","18":"taxable","19":"shipping-taxable","20":"purchasable","21":"product-type-simple"},"wcpa_form_fields":null,"brands":[{"id":885,"name":"Sonnenkollektoren JA Solar","slug":"solar-ja"}],"_links":{"self":[{"href":"https:\/\/fvcomponentes.com\/de\/wp-json\/wp\/v2\/product\/37017","targetHints":{"allow":["GET"]}}],"collection":[{"href":"https:\/\/fvcomponentes.com\/de\/wp-json\/wp\/v2\/product"}],"about":[{"href":"https:\/\/fvcomponentes.com\/de\/wp-json\/wp\/v2\/types\/product"}],"replies":[{"embeddable":true,"href":"https:\/\/fvcomponentes.com\/de\/wp-json\/wp\/v2\/comments?post=37017"}],"wp:featuredmedia":[{"embeddable":true,"href":"https:\/\/fvcomponentes.com\/de\/wp-json\/wp\/v2\/media\/37018"}],"wp:attachment":[{"href":"https:\/\/fvcomponentes.com\/de\/wp-json\/wp\/v2\/media?parent=37017"}],"wp:term":[{"taxonomy":"pwb-brand","embeddable":true,"href":"https:\/\/fvcomponentes.com\/de\/wp-json\/wp\/v2\/pwb-brand?post=37017"},{"taxonomy":"product_brand","embeddable":true,"href":"https:\/\/fvcomponentes.com\/de\/wp-json\/wp\/v2\/product_brand?post=37017"},{"taxonomy":"product_cat","embeddable":true,"href":"https:\/\/fvcomponentes.com\/de\/wp-json\/wp\/v2\/product_cat?post=37017"},{"taxonomy":"product_tag","embeddable":true,"href":"https:\/\/fvcomponentes.com\/de\/wp-json\/wp\/v2\/product_tag?post=37017"}],"curies":[{"name":"wp","href":"https:\/\/api.w.org\/{rel}","templated":true}]}}