{"id":37003,"date":"2026-04-27T12:30:46","date_gmt":"2026-04-27T10:30:46","guid":{"rendered":"https:\/\/fvcomponentes.com\/?post_type=product&#038;p=37003"},"modified":"2026-04-27T13:13:03","modified_gmt":"2026-04-27T11:13:03","slug":"solarmodul-longi-540w-hi-mox10-lr7-60hvh-31-119725","status":"publish","type":"product","link":"https:\/\/fvcomponentes.com\/de\/producto\/placa-solar-longi-540w-hi-mox10-lr7-60hvh-31-119725\/","title":{"rendered":"LONGi Sonnenkollektor 540W Hi-MOX10 LR7-60HVH - 31-119725"},"content":{"rendered":"<h2>LONGi Sonnenkollektor 540W Hi-MOX10 LR7-60HVH - 31-119725<\/h2>\n<p>Das Solarmodul LONGi 540W Hi-MO X10 LR7-60HVH ist ein Hochleistungs-Photovoltaikmodul mit hohem Wirkungsgrad, das entwickelt wurde, um viel Strom f\u00fcr private, gewerbliche und industrielle Anlagen zu erzeugen.<\/p>\n<p>Diese von LONGi Solar hergestellte Platte kombiniert Hightech-Zellen, hohe Energieeffizienz und bew\u00e4hrte Langzeitzuverl\u00e4ssigkeit, was sie aufgrund ihrer hohen Leistung und langfristigen Haltbarkeit zu einer der wettbewerbsf\u00e4higsten Optionen auf dem heutigen Solarstrommarkt macht.<\/p>\n<p>Dar\u00fcber hinaus beinhaltet es technologische Fortschritte, die die Stromerzeugung auch unter realen Betriebsbedingungen maximieren, wo Faktoren wie Temperatur, variable Strahlung oder elektrische Verluste die Endleistung des Systems direkt beeinflussen.<\/p>\n<h2>Die wichtigsten Eigenschaften des LONGi 540W Solarpanels<\/h2>\n<h3>Fortschrittliche Technologie und hohe Effizienz<\/h3>\n<p>Die Platte verwendet N-Typ-Zellen mit <strong>HPBC-Technologie<\/strong> (Hybrid Passivated Back Contact) und der Hi-MO X10 Serie, die eine <strong>sehr hoher Wirkungsgrad von 23,9 %<\/strong>.<br \/>\nDas bedeutet, dass sie einen gro\u00dfen Teil des Sonnenlichts in nutzbaren Strom umwandelt.<\/p>\n<p>Die Hi-MO X10-Serie von LONGi beinhaltet die modernste monokristalline Technologie, die den Umwandlungswirkungsgrad verbessert und die internen Modulverluste reduziert.<\/p>\n<p>Das Design dieses Paneels mit r\u00fcckseitigen Anschl\u00fcssen in den Zellen erm\u00f6glicht eine bessere Leistung bei sehr hei\u00dfem Wetter, eine h\u00f6here Energieproduktion bei bew\u00f6lktem Wetter, eine bessere Nutzung des Lichts im Allgemeinen und weniger Energieverlust.<\/p>\n<p>Das Ergebnis ist eine stabilere und berechenbarere Energieerzeugung \u00fcber das ganze Jahr hinweg.<\/p>\n<p>Das bedeutet, dass sie auch unter weniger idealen Umgebungsbedingungen, z. B. bei geringer Sonneneinstrahlung oder zu Randzeiten, funktioniert und gute Leistungen erbringt.<\/p>\n<h3>Hohe Leistung<\/h3>\n<p>Mit einer Nennleistung von 540 W zeichnet sich dieses Solarmodul dadurch aus, dass es eine h\u00f6here Energiemenge pro installierter Einheit erzeugt, was es erm\u00f6glicht:<\/p>\n<ul>\n<li>Weniger Platten, um die gew\u00fcnschte Leistung zu erzielen.<\/li>\n<li>Erzeugt mehr Energie als herk\u00f6mmliche Sonnenkollektoren.<\/li>\n<li>Optimieren Sie den verf\u00fcgbaren Platz, insbesondere auf D\u00e4chern oder begrenzten Fl\u00e4chen.<\/li>\n<li>Reduzieren Sie die Kosten f\u00fcr den Aufbau und die Verkabelung sowie die Montagekosten, indem Sie weniger Platten installieren.<\/li>\n<\/ul>\n<p>Mit dieser Leistung ist er auch f\u00fcr Eigenverbrauchsanlagen mit hohem Energiebedarf oder f\u00fcr gewerbliche Anlagen ideal.<br \/>\nDar\u00fcber hinaus bietet dieses Modell bei Projekten, bei denen der Platz begrenzt ist oder bei denen es darum geht, die Produktion pro Quadratmeter zu maximieren, einen klaren Wettbewerbsvorteil.<\/p>\n<h3>Hoher thermischer Wirkungsgrad<\/h3>\n<p>Einer der wichtigsten Faktoren, die sich auf Solarmodule auswirken, ist die Hitze. Wenn die Temperatur steigt, sinkt in der Regel die Produktion.<\/p>\n<p>Das Solarmodul LONGi 540W ist jedoch so konzipiert, dass dieser Verlust geringer ist als bei \u00e4lteren Modulen, so dass es in hei\u00dfen Klimazonen oder w\u00e4hrend der Sommermonate ein besseres Produktionsniveau beibehalten kann.<br \/>\nDies ist besonders wichtig bei Anlagen in Gebieten mit hoher Sonneneinstrahlung.<\/p>\n<p>Dar\u00fcber hinaus hat diese Karte einen weiten Betriebstemperaturbereich von -40\u2103 bis +85\u2103.<\/p>\n<h3>Langfristige Haltbarkeit<\/h3>\n<p>Die LONGi Hi-MO X10 Solarmodule sind so konzipiert, dass sie eine hohe mechanische und umweltbedingte Widerstandsf\u00e4higkeit aufweisen, so dass sie widerstandsf\u00e4hig sind:<\/p>\n<ul>\n<li>Hohe Windlasten bis zu 2400 Pa.<\/li>\n<li>Schneelasten bis zu <span style=\"font-size: 16px;\">5400 Pa.<\/span><\/li>\n<li>Hagelschlag.<\/li>\n<li>L\u00e4ngerer Kontakt mit UV-Strahlung.<\/li>\n<li>Umgebungen mit hoher Luftfeuchtigkeit.<\/li>\n<\/ul>\n<p>Diese Merkmale gew\u00e4hrleisten eine stabile Leistung in Gebieten mit anspruchsvollen klimatischen Bedingungen und eine lange Lebensdauer der Anlage.<\/p>\n<h3 data-start=\"2991\" data-end=\"3075\">Minimale Verschlechterung<\/h3>\n<p>Dieses Solarmodul ist f\u00fcr einen sehr geringen Leistungsverlust ausgelegt, mit weniger als 1 % Verlust im ersten Jahr und minimaler j\u00e4hrlicher Verschlechterung in den Folgejahren.<br \/>\nMit anderen Worten: Sie wird auch in 20 bis 25 Jahren noch reichlich Energie produzieren.<\/p>\n<p>Es handelt sich um eine Platte, die 25-30 Jahre auf dem Dach verbleiben kann, ohne dass Sie sich darum k\u00fcmmern m\u00fcssen.<\/p>\n<p>Dar\u00fcber hinaus ist er mit Systemen bis zu 1500 V kompatibel, was lange String-Konfigurationen und die effiziente Planung gr\u00f6\u00dferer Anlagen erm\u00f6glicht.<\/p>\n<h3>Robuste Konstruktion<\/h3>\n<p>Das Solarmodul LONGi 540W Hi-MO X10 hat eine Standardgr\u00f6\u00dfe (1990 \u00d7 1134 \u00d7 30 mm) f\u00fcr moderne Hochleistungsanlagen und ein Gewicht von 25 kg, was eine einfache und sichere Installation erm\u00f6glicht.<\/p>\n<p>Die Kapselung aus geh\u00e4rtetem Glas und der Rahmen aus eloxiertem Aluminium bieten Schutz vor St\u00f6\u00dfen, Korrosion und l\u00e4ngerer Einwirkung, so dass sowohl die physische Integrit\u00e4t als auch die Effizienz des Moduls \u00fcber lange Zeit erhalten bleiben.<\/p>\n<p>Es hat auch:<\/p>\n<ul>\n<li>120 Einzelzellen sind in einem kompakten Format angeordnet, um die Energiegewinnung zu maximieren.<\/li>\n<li>MC4-EVO2-Steckverbinder, die eine zuverl\u00e4ssige Verbindung erm\u00f6glichen.<\/li>\n<li>Kabell\u00e4nge von 1400 mm, f\u00fcr eine einfache Installation und Positionierung.<\/li>\n<\/ul>\n<p>Es handelt sich also um ein Hochleistungs-Solarmodul f\u00fcr Projekte, die auf Effizienz, Zuverl\u00e4ssigkeit und Raumoptimierung ausgerichtet sind.<\/p>\n<h2>Die wichtigsten Vorteile des Solarmoduls LONGi 540W Hi-MOX10 LR7-60HVH - 31-119725<\/h2>\n<p>Dieses Longi-Solarmodul hat einige hervorragende Vorteile, die da w\u00e4ren:<\/p>\n<ul>\n<li>Sehr leistungsstark mit hoher Ausgangsleistung (540 W).<\/li>\n<li>Erzeugt mehr Energie pro Quadratmeter.<\/li>\n<li>Verringerung der Anzahl der erforderlichen Module.<\/li>\n<li>Ausgezeichnete Leistung bei hohen Temperaturen.<\/li>\n<li>Bessere Leistung bei geringer Bestrahlung.<\/li>\n<li>N-Typ und HPBC-Technologie<\/li>\n<li>Minimaler Leistungsverlust im Laufe der Zeit.<\/li>\n<li>Entwickelt f\u00fcr lange Lebensdauer und Energiestabilit\u00e4t.<\/li>\n<\/ul>\n<h2>Typische Anwendungen und Verwendungen des Solarmoduls LONGi 540W<\/h2>\n<p>Das Solarmodul LONGi 540W Hi-MO X10 ist besonders geeignet f\u00fcr:<\/p>\n<ul>\n<li>Hochleistungs-Wohnanlagen.<\/li>\n<li>Kommerzielle Projekte<span style=\"font-size: 16px;\"> und den industriellen Eigenverbrauch.<\/span><\/li>\n<li>Aufdach- oder Freifl\u00e4chensolaranlagen<\/li>\n<li>Installationen am Boden.<\/li>\n<li>Projekte, bei denen das Ziel darin besteht, die Produktion mit einer kleineren installierten Fl\u00e4che zu maximieren.<\/li>\n<li>Netzgekoppelte Photovoltaikanlagen mit Optimierung der Auslegung gro\u00dfer Strings.<\/li>\n<\/ul>\n<h2>Technische Informationen \u00fcber das LONGi Solarpanel 540W Hi-MOX10 LR7-60HVH - 31-119725<\/h2>\n<p><a href=\"https:\/\/fvcomponentes.com\/wp-content\/uploads\/2026\/02\/Ficha-tecnica-Placa-solar-LONGi-540W-Hi-MOX10-LR7-60HVH-LR7-60HVH-540M.pdf\" target=\"_blank\" rel=\"noopener\">Datenblatt des Solarmoduls LONGi 540W<\/a><\/p>\n<p><a href=\"https:\/\/fvcomponentes.com\/wp-content\/uploads\/2026\/02\/Manual-Placa-solar-LONGi-540W-Hi-MOX10-LR7-60HVH-LR7-60HVH-540M.pdf\" target=\"_blank\" rel=\"noopener\">LONGi 540W Solarmodul Installationshandbuch<\/a><\/p>\n<p><a href=\"https:\/\/fvcomponentes.com\/wp-content\/uploads\/2026\/02\/Manual-de-operacion-y-mantenimiento-Placa-Solar-LONGi-540W-Hi-MO-X10-LR7-60HVH.pdf\" target=\"_blank\" rel=\"noopener\">Betriebs- und Wartungshandbuch f\u00fcr die Solarmodule LONGi 540W<\/a><\/p>","protected":false},"excerpt":{"rendered":"<ul>\n<li>Leistung: 540 W<\/li>\n<li>Modultyp: Monofacial<\/li>\n<li>Zellen: 120 (60)<\/li>\n<li>Technologie: HPBC n-Typ<\/li>\n<li>Wirkungsgrad: 23.9%<\/li>\n<li>PMAX Koeffizient Temp: -0,26%\/K<\/li>\n<li>Gestellfarbe: Silber<\/li>\n<li>Glasart: Einfaches Glas<\/li>\n<li>Betriebstemperatur: -40\u2103 - +85\u2103<\/li>\n<li>Abmessungen: 199 x 113,4 x 3 cm<\/li>\n<li>Gewicht: 25,3 kg<\/li>\n<li>Kabel: 1 400mm mit Steckern MC4-EVO2<\/li>\n<li>Isc (A): 15,25<\/li>\n<li>Voc (V): 44,88<\/li>\n<li>Produktgarantie: 25 Jahre<\/li>\n<\/ul>","protected":false},"featured_media":37004,"comment_status":"closed","ping_status":"closed","template":"","meta":{"site-sidebar-layout":"default","site-content-layout":"","ast-site-content-layout":"default","site-content-style":"default","site-sidebar-style":"default","ast-global-header-display":"","ast-banner-title-visibility":"","ast-main-header-display":"","ast-hfb-above-header-display":"","ast-hfb-below-header-display":"","ast-hfb-mobile-header-display":"","site-post-title":"","ast-breadcrumbs-content":"","ast-featured-img":"","footer-sml-layout":"","ast-disable-related-posts":"","theme-transparent-header-meta":"default","adv-header-id-meta":"","stick-header-meta":"","header-above-stick-meta":"","header-main-stick-meta":"","header-below-stick-meta":"","astra-migrate-meta-layouts":"set","ast-page-background-enabled":"default","ast-page-background-meta":{"desktop":{"background-color":"var(--ast-global-color-4)","background-image":"","background-repeat":"repeat","background-position":"center center","background-size":"auto","background-attachment":"scroll","background-type":"","background-media":"","overlay-type":"","overlay-color":"","overlay-opacity":"","overlay-gradient":""},"tablet":{"background-color":"","background-image":"","background-repeat":"repeat","background-position":"center center","background-size":"auto","background-attachment":"scroll","background-type":"","background-media":"","overlay-type":"","overlay-color":"","overlay-opacity":"","overlay-gradient":""},"mobile":{"background-color":"","background-image":"","background-repeat":"repeat","background-position":"center center","background-size":"auto","background-attachment":"scroll","background-type":"","background-media":"","overlay-type":"","overlay-color":"","overlay-opacity":"","overlay-gradient":""}},"ast-content-background-meta":{"desktop":{"background-color":"var(--ast-global-color-5)","background-image":"","background-repeat":"repeat","background-position":"center center","background-size":"auto","background-attachment":"scroll","background-type":"","background-media":"","overlay-type":"","overlay-color":"","overlay-opacity":"","overlay-gradient":""},"tablet":{"background-color":"var(--ast-global-color-5)","background-image":"","background-repeat":"repeat","background-position":"center center","background-size":"auto","background-attachment":"scroll","background-type":"","background-media":"","overlay-type":"","overlay-color":"","overlay-opacity":"","overlay-gradient":""},"mobile":{"background-color":"var(--ast-global-color-5)","background-image":"","background-repeat":"repeat","background-position":"center center","background-size":"auto","background-attachment":"scroll","background-type":"","background-media":"","overlay-type":"","overlay-color":"","overlay-opacity":"","overlay-gradient":""}}},"pwb-brand":[886],"product_brand":[],"product_cat":[395,459],"product_tag":[],"class_list":{"0":"post-37003","1":"product","2":"type-product","3":"status-publish","4":"has-post-thumbnail","6":"pwb-brand-longi-solar","7":"product_cat-placas-solares","8":"product_cat-placas-solares-autoconsumo","9":"product_shipping_class-placas-solares-grandes","10":"desktop-align-left","11":"tablet-align-left","12":"mobile-align-left","13":"ast-product-gallery-layout-horizontal-slider","14":"ast-product-tabs-layout-horizontal","16":"first","17":"instock","18":"taxable","19":"shipping-taxable","20":"purchasable","21":"product-type-simple"},"wcpa_form_fields":null,"brands":[{"id":886,"name":"Longi-Sonnenkollektoren","slug":"solar-longi"}],"_links":{"self":[{"href":"https:\/\/fvcomponentes.com\/de\/wp-json\/wp\/v2\/product\/37003","targetHints":{"allow":["GET"]}}],"collection":[{"href":"https:\/\/fvcomponentes.com\/de\/wp-json\/wp\/v2\/product"}],"about":[{"href":"https:\/\/fvcomponentes.com\/de\/wp-json\/wp\/v2\/types\/product"}],"replies":[{"embeddable":true,"href":"https:\/\/fvcomponentes.com\/de\/wp-json\/wp\/v2\/comments?post=37003"}],"wp:featuredmedia":[{"embeddable":true,"href":"https:\/\/fvcomponentes.com\/de\/wp-json\/wp\/v2\/media\/37004"}],"wp:attachment":[{"href":"https:\/\/fvcomponentes.com\/de\/wp-json\/wp\/v2\/media?parent=37003"}],"wp:term":[{"taxonomy":"pwb-brand","embeddable":true,"href":"https:\/\/fvcomponentes.com\/de\/wp-json\/wp\/v2\/pwb-brand?post=37003"},{"taxonomy":"product_brand","embeddable":true,"href":"https:\/\/fvcomponentes.com\/de\/wp-json\/wp\/v2\/product_brand?post=37003"},{"taxonomy":"product_cat","embeddable":true,"href":"https:\/\/fvcomponentes.com\/de\/wp-json\/wp\/v2\/product_cat?post=37003"},{"taxonomy":"product_tag","embeddable":true,"href":"https:\/\/fvcomponentes.com\/de\/wp-json\/wp\/v2\/product_tag?post=37003"}],"curies":[{"name":"wp","href":"https:\/\/api.w.org\/{rel}","templated":true}]}}