{"id":3700,"date":"2021-08-02T10:23:16","date_gmt":"2021-08-02T08:23:16","guid":{"rendered":"https:\/\/fvcomponentes.com\/producto\/inversor-victron-phoenix-compact-24v-2000va-cin242200000\/"},"modified":"2026-01-15T10:10:49","modified_gmt":"2026-01-15T09:10:49","slug":"wechselrichter-victron-phoenix-kompakt-24v-2000va-cin242200000","status":"publish","type":"product","link":"https:\/\/fvcomponentes.com\/de\/producto\/inversor-victron-phoenix-compact-24v-2000va-cin242200000\/","title":{"rendered":"Wechselrichter Victron Phoenix Compact 24V 2000VA - CIN242200000"},"content":{"rendered":"<h2>Wechselrichter Victron Phoenix Compact 24V 2000VA<\/h2>\n<p>Der Phoenix Compact 24V 2000VA Wechselrichter von Victron wurde f\u00fcr den professionellen Einsatz entwickelt und eignet sich, wie die gesamte Produktpalette, f\u00fcr zahlreiche Anwendungen. Das Kriterium bei der Entwicklung war, einen echten Sinus-Wechselrichter mit optimiertem Wirkungsgrad zu entwickeln, ohne dabei Kompromisse bei der Leistung einzugehen. Durch den Einsatz der Hochfrequenz-Hybridtechnologie ist ein Produkt von h\u00f6chster Qualit\u00e4t entstanden, das kompakt und leicht ist und jede Last problemlos mit Strom versorgen kann.<\/p>\n<h3>Zus\u00e4tzliche Startkraft<\/h3>\n<p>Eines der einzigartigen Merkmale der SinusMax-Technologie ist ihre sehr hohe Startleistung. Herk\u00f6mmliche Hochfrequenztechnik bietet diese au\u00dfergew\u00f6hnliche Leistung nicht. Phoenix-Wechselrichter sind jedoch gut geeignet, um schwierige Lasten wie K\u00fchlschr\u00e4nke, Kompressoren, Elektromotoren und \u00e4hnliche Ger\u00e4te zu betreiben.<\/p>\n<h3>Praktisch unbegrenzte Leistung dank Parallel- und Dreiphasenbetrieb<\/h3>\n<p>Bis zu 6 Phoenix-Ger\u00e4te k\u00f6nnen parallel betrieben werden, um eine h\u00f6here Ausgangsleistung zu erzielen. Sechs 24\/5000-Ger\u00e4te liefern zum Beispiel 24 kW \/ 30 kVA Ausgangsleistung. Eine Konfiguration f\u00fcr dreiphasigen Betrieb ist ebenfalls m\u00f6glich.<\/p>\n<h3>Kommunikationsschnittstelle<\/h3>\n<p>Diese gr\u00f6\u00dferen Phoenix-Wechselrichtermodelle sind mit einem VE.Bus-Anschluss ausgestattet. F\u00fcr den Anschluss an Ihren PC ben\u00f6tigen Sie lediglich die Schnittstelle. <a href=\"https:\/\/fvcomponentes.com\/de\/produkt\/victron-ve-mk3-usb-schnittstelle-interface-link\/\" target=\"_blank\" rel=\"noopener\">MK3-USB VE.Bus zu USB<\/a>. Zusammen mit VictronConnect oder der Software VEConfigure, die kostenlos von der Victron-Website heruntergeladen werden kann, k\u00f6nnen alle Parameter des Wechselrichters individuell angepasst werden. Dazu geh\u00f6ren Ausgangsspannung und -frequenz, \u00dcber- oder Unterspannungseinstellungen und die Programmierung des Relais. Dieses Relais kann z.B. dazu verwendet werden, verschiedene Alarme zu signalisieren oder einen Generator zu starten. Wechselrichter k\u00f6nnen auch an ein GX-Ger\u00e4t angeschlossen werden (z. B. an das <a href=\"https:\/\/fvcomponentes.com\/de\/produkt\/victron-cerbo-gx-mk2-bpp900451100-victron-cerbo-mk2-monitor\/\" target=\"_blank\" rel=\"noopener\">Victron Cerbo GX MK2 \u00dcberwachung - BPP900451100<\/a>) zur \u00dcberwachung und Kontrolle.<\/p>\n<h2>Datenblatt Victron Phoenix Kompakt-Wechselrichter 24V 2000VA - CIN242200000<\/h2>\n<p><a href=\"https:\/\/fvcomponentes.com\/wp-content\/uploads\/2021\/08\/inversor-compact.pdf\" target=\"_blank\" rel=\"noopener\">Siehe Datenblatt Victron Phoenix Kompakt-Wechselrichter 24V 2000VA - CIN242200000<\/a><\/p>","protected":false},"excerpt":{"rendered":"<ul class=\"specification\">\n<li><strong>Kontinuierliche Leistungsabgabe: <\/strong>2000VA<\/li>\n<li><strong>Spitzenleistung:<\/strong> 4000W<\/li>\n<li><strong>Anspannung:<\/strong> 24V<\/li>\n<li><strong>Parallel- und Dreiphasenbetrieb.\u00a0<\/strong><\/li>\n<\/ul>","protected":false},"featured_media":3701,"comment_status":"open","ping_status":"closed","template":"","meta":{"site-sidebar-layout":"default","site-content-layout":"default","ast-site-content-layout":"default","site-content-style":"default","site-sidebar-style":"default","ast-global-header-display":"","ast-banner-title-visibility":"","ast-main-header-display":"","ast-hfb-above-header-display":"","ast-hfb-below-header-display":"","ast-hfb-mobile-header-display":"","site-post-title":"","ast-breadcrumbs-content":"","ast-featured-img":"","footer-sml-layout":"","ast-disable-related-posts":"","theme-transparent-header-meta":"default","adv-header-id-meta":"","stick-header-meta":"","header-above-stick-meta":"","header-main-stick-meta":"","header-below-stick-meta":"","astra-migrate-meta-layouts":"set","ast-page-background-enabled":"default","ast-page-background-meta":{"desktop":{"background-color":"var(--ast-global-color-4)","background-image":"","background-repeat":"repeat","background-position":"center center","background-size":"auto","background-attachment":"scroll","background-type":"","background-media":"","overlay-type":"","overlay-color":"","overlay-opacity":"","overlay-gradient":""},"tablet":{"background-color":"","background-image":"","background-repeat":"repeat","background-position":"center center","background-size":"auto","background-attachment":"scroll","background-type":"","background-media":"","overlay-type":"","overlay-color":"","overlay-opacity":"","overlay-gradient":""},"mobile":{"background-color":"","background-image":"","background-repeat":"repeat","background-position":"center center","background-size":"auto","background-attachment":"scroll","background-type":"","background-media":"","overlay-type":"","overlay-color":"","overlay-opacity":"","overlay-gradient":""}},"ast-content-background-meta":{"desktop":{"background-color":"var(--ast-global-color-5)","background-image":"","background-repeat":"repeat","background-position":"center center","background-size":"auto","background-attachment":"scroll","background-type":"","background-media":"","overlay-type":"","overlay-color":"","overlay-opacity":"","overlay-gradient":""},"tablet":{"background-color":"var(--ast-global-color-5)","background-image":"","background-repeat":"repeat","background-position":"center center","background-size":"auto","background-attachment":"scroll","background-type":"","background-media":"","overlay-type":"","overlay-color":"","overlay-opacity":"","overlay-gradient":""},"mobile":{"background-color":"var(--ast-global-color-5)","background-image":"","background-repeat":"repeat","background-position":"center center","background-size":"auto","background-attachment":"scroll","background-type":"","background-media":"","overlay-type":"","overlay-color":"","overlay-opacity":"","overlay-gradient":""}}},"pwb-brand":[332],"product_brand":[],"product_cat":[367,333],"product_tag":[],"class_list":{"0":"post-3700","1":"product","2":"type-product","3":"status-publish","4":"has-post-thumbnail","6":"pwb-brand-victron","7":"product_cat-inversores-24-v","8":"product_cat-inversores","9":"desktop-align-left","10":"tablet-align-left","11":"mobile-align-left","12":"ast-product-gallery-layout-horizontal-slider","13":"ast-product-gallery-with-no-image","14":"ast-product-tabs-layout-horizontal","16":"first","17":"instock","18":"taxable","19":"shipping-taxable","20":"purchasable","21":"product-type-simple"},"wcpa_form_fields":null,"brands":[{"id":332,"name":"Victron Energie","slug":"victron"}],"_links":{"self":[{"href":"https:\/\/fvcomponentes.com\/de\/wp-json\/wp\/v2\/product\/3700","targetHints":{"allow":["GET"]}}],"collection":[{"href":"https:\/\/fvcomponentes.com\/de\/wp-json\/wp\/v2\/product"}],"about":[{"href":"https:\/\/fvcomponentes.com\/de\/wp-json\/wp\/v2\/types\/product"}],"replies":[{"embeddable":true,"href":"https:\/\/fvcomponentes.com\/de\/wp-json\/wp\/v2\/comments?post=3700"}],"wp:featuredmedia":[{"embeddable":true,"href":"https:\/\/fvcomponentes.com\/de\/wp-json\/wp\/v2\/media\/3701"}],"wp:attachment":[{"href":"https:\/\/fvcomponentes.com\/de\/wp-json\/wp\/v2\/media?parent=3700"}],"wp:term":[{"taxonomy":"pwb-brand","embeddable":true,"href":"https:\/\/fvcomponentes.com\/de\/wp-json\/wp\/v2\/pwb-brand?post=3700"},{"taxonomy":"product_brand","embeddable":true,"href":"https:\/\/fvcomponentes.com\/de\/wp-json\/wp\/v2\/product_brand?post=3700"},{"taxonomy":"product_cat","embeddable":true,"href":"https:\/\/fvcomponentes.com\/de\/wp-json\/wp\/v2\/product_cat?post=3700"},{"taxonomy":"product_tag","embeddable":true,"href":"https:\/\/fvcomponentes.com\/de\/wp-json\/wp\/v2\/product_tag?post=3700"}],"curies":[{"name":"wp","href":"https:\/\/api.w.org\/{rel}","templated":true}]}}