{"id":36985,"date":"2026-02-20T09:25:03","date_gmt":"2026-02-20T08:25:03","guid":{"rendered":"https:\/\/fvcomponentes.com\/?post_type=product&#038;p=36985"},"modified":"2026-04-28T15:29:37","modified_gmt":"2026-04-28T13:29:37","slug":"fronius-argeno-1250-mit-afci-32-119600-4-210-471","status":"publish","type":"product","link":"https:\/\/fvcomponentes.com\/de\/producto\/fronius-argeno-1250-with-afci-32-119600-4-210-471\/","title":{"rendered":"FRONIUS Argeno 125.0 mit AFCI - 4.210.471"},"content":{"rendered":"<p>Fronius Argeno 125.0 Wechselrichter mit AFCI-Funktion. Mit 10 MPPT. Integrierte und austauschbare \u00dcberspannungsschutzger\u00e4te Typ 1+2. DC-\u00dcberdimensionierung bis zu 200% m\u00f6glich.<\/p>\n<p>DERZEIT NUR F\u00dcR PORTUGAL ZERTIFIZIERT<\/p>\n<h3>Technische Daten<\/h3>\n<table style=\"width: 100%; border-collapse: collapse; margin-top: 10px;\">\n<tbody>\n<tr>\n<th style=\"text-align: left; padding: 6px 12px; background: #f8f8f8; border: 1px solid #e0e0e0; width: 40%;\">Kommunikation<\/th>\n<td style=\"padding: 6px 12px; border: 1px solid #e0e0e0;\">Ethernet<\/td>\n<\/tr>\n<tr>\n<th style=\"text-align: left; padding: 6px 12px; background: #f8f8f8; border: 1px solid #e0e0e0; width: 40%;\">Wirkungsgrad (%)<\/th>\n<td style=\"padding: 6px 12px; border: 1px solid #e0e0e0;\">98,7<\/td>\n<\/tr>\n<tr>\n<th style=\"text-align: left; padding: 6px 12px; background: #f8f8f8; border: 1px solid #e0e0e0; width: 40%;\">MPPT-Eing\u00e4nge<\/th>\n<td style=\"padding: 6px 12px; border: 1px solid #e0e0e0;\">10<\/td>\n<\/tr>\n<tr>\n<th style=\"text-align: left; padding: 6px 12px; background: #f8f8f8; border: 1px solid #e0e0e0; width: 40%;\">Phase<\/th>\n<td style=\"padding: 6px 12px; border: 1px solid #e0e0e0;\">3-phasig<\/td>\n<\/tr>\n<tr>\n<th style=\"text-align: left; padding: 6px 12px; background: #f8f8f8; border: 1px solid #e0e0e0; width: 40%;\">Garantie (Jahre)<\/th>\n<td style=\"padding: 6px 12px; border: 1px solid #e0e0e0;\">5<\/td>\n<\/tr>\n<tr>\n<th style=\"text-align: left; padding: 6px 12px; background: #f8f8f8; border: 1px solid #e0e0e0; width: 40%;\">MPN<\/th>\n<td style=\"padding: 6px 12px; border: 1px solid #e0e0e0;\">4,210,471<\/td>\n<\/tr>\n<tr>\n<th style=\"text-align: left; padding: 6px 12px; background: #f8f8f8; border: 1px solid #e0e0e0; width: 40%;\">AC-Leistung (W)<\/th>\n<td style=\"padding: 6px 12px; border: 1px solid #e0e0e0;\">125 000<\/td>\n<\/tr>\n<tr>\n<th style=\"text-align: left; padding: 6px 12px; background: #f8f8f8; border: 1px solid #e0e0e0; width: 40%;\">DC-Leistung (W)<\/th>\n<td style=\"padding: 6px 12px; border: 1px solid #e0e0e0;\">250 000<\/td>\n<\/tr>\n<tr>\n<th style=\"text-align: left; padding: 6px 12px; background: #f8f8f8; border: 1px solid #e0e0e0; width: 40%;\">IP-Schutz<\/th>\n<td style=\"padding: 6px 12px; border: 1px solid #e0e0e0;\">IP66<\/td>\n<\/tr>\n<tr>\n<th style=\"text-align: left; padding: 6px 12px; background: #f8f8f8; border: 1px solid #e0e0e0; width: 40%;\">Gewicht<\/th>\n<td style=\"padding: 6px 12px; border: 1px solid #e0e0e0;\">90,0 kg<\/td>\n<\/tr>\n<tr>\n<th style=\"text-align: left; padding: 6px 12px; background: #f8f8f8; border: 1px solid #e0e0e0; width: 40%;\">Abmessungen (L\u00d7B\u00d7H cm)<\/th>\n<td style=\"padding: 6px 12px; border: 1px solid #e0e0e0;\">107.0 \u00d7 75.5 \u00d7 33.0<\/td>\n<\/tr>\n<\/tbody>\n<\/table>\n<h3>Dokumentation<\/h3>\n<ul style=\"margin-top: 8px;\">\n<li><a href=\"https:\/\/fvcomponentes.com\/wp-content\/uploads\/2026\/04\/Data_Sheet_NL-4.pdf\" target=\"_blank\" rel=\"noopener\">\ud83d\udcc4 Datenblatt (NL)<\/a><\/li>\n<li><a href=\"https:\/\/fvcomponentes.com\/wp-content\/uploads\/2026\/04\/Warranty_Manual_NL-10.pdf\" target=\"_blank\" rel=\"noopener\">\ud83d\udcc4 Garantiehandbuch (NL)<\/a><\/li>\n<li><a href=\"https:\/\/fvcomponentes.com\/wp-content\/uploads\/2026\/04\/Installation_Manual_EN-15.pdf\" target=\"_blank\" rel=\"noopener\">\ud83d\udcc4 Installationshandbuch (EN)<\/a><\/li>\n<\/ul>","protected":false},"excerpt":{"rendered":"<p>Fronius Argeno 125.0 Wechselrichter mit AFCI-Funktion. Mit 10 MPPT. Integrierte und austauschbare \u00dcberspannungsschutzger\u00e4te Typ 1+2. DC-\u00dcberdimensionierung bis zu 200% m\u00f6glich.<\/p>\n<p>DERZEIT NUR F\u00dcR PORTUGAL ZERTIFIZIERT<\/p>","protected":false},"featured_media":39204,"comment_status":"closed","ping_status":"closed","template":"","meta":{"site-sidebar-layout":"default","site-content-layout":"","ast-site-content-layout":"default","site-content-style":"default","site-sidebar-style":"default","ast-global-header-display":"","ast-banner-title-visibility":"","ast-main-header-display":"","ast-hfb-above-header-display":"","ast-hfb-below-header-display":"","ast-hfb-mobile-header-display":"","site-post-title":"","ast-breadcrumbs-content":"","ast-featured-img":"","footer-sml-layout":"","ast-disable-related-posts":"","theme-transparent-header-meta":"default","adv-header-id-meta":"","stick-header-meta":"","header-above-stick-meta":"","header-main-stick-meta":"","header-below-stick-meta":"","astra-migrate-meta-layouts":"set","ast-page-background-enabled":"default","ast-page-background-meta":{"desktop":{"background-color":"var(--ast-global-color-4)","background-image":"","background-repeat":"repeat","background-position":"center center","background-size":"auto","background-attachment":"scroll","background-type":"","background-media":"","overlay-type":"","overlay-color":"","overlay-opacity":"","overlay-gradient":""},"tablet":{"background-color":"","background-image":"","background-repeat":"repeat","background-position":"center center","background-size":"auto","background-attachment":"scroll","background-type":"","background-media":"","overlay-type":"","overlay-color":"","overlay-opacity":"","overlay-gradient":""},"mobile":{"background-color":"","background-image":"","background-repeat":"repeat","background-position":"center center","background-size":"auto","background-attachment":"scroll","background-type":"","background-media":"","overlay-type":"","overlay-color":"","overlay-opacity":"","overlay-gradient":""}},"ast-content-background-meta":{"desktop":{"background-color":"var(--ast-global-color-5)","background-image":"","background-repeat":"repeat","background-position":"center center","background-size":"auto","background-attachment":"scroll","background-type":"","background-media":"","overlay-type":"","overlay-color":"","overlay-opacity":"","overlay-gradient":""},"tablet":{"background-color":"var(--ast-global-color-5)","background-image":"","background-repeat":"repeat","background-position":"center center","background-size":"auto","background-attachment":"scroll","background-type":"","background-media":"","overlay-type":"","overlay-color":"","overlay-opacity":"","overlay-gradient":""},"mobile":{"background-color":"var(--ast-global-color-5)","background-image":"","background-repeat":"repeat","background-position":"center center","background-size":"auto","background-attachment":"scroll","background-type":"","background-media":"","overlay-type":"","overlay-color":"","overlay-opacity":"","overlay-gradient":""}}},"pwb-brand":[],"product_brand":[],"product_cat":[17],"product_tag":[],"class_list":{"0":"post-36985","1":"product","2":"type-product","3":"status-publish","4":"has-post-thumbnail","6":"product_cat-sin-categorizar","7":"desktop-align-left","8":"tablet-align-left","9":"mobile-align-left","10":"ast-product-gallery-layout-horizontal-slider","11":"ast-product-gallery-with-no-image","12":"ast-product-tabs-layout-horizontal","14":"first","15":"instock","16":"taxable","17":"shipping-taxable","18":"purchasable","19":"product-type-simple"},"wcpa_form_fields":null,"brands":[],"_links":{"self":[{"href":"https:\/\/fvcomponentes.com\/de\/wp-json\/wp\/v2\/product\/36985","targetHints":{"allow":["GET"]}}],"collection":[{"href":"https:\/\/fvcomponentes.com\/de\/wp-json\/wp\/v2\/product"}],"about":[{"href":"https:\/\/fvcomponentes.com\/de\/wp-json\/wp\/v2\/types\/product"}],"replies":[{"embeddable":true,"href":"https:\/\/fvcomponentes.com\/de\/wp-json\/wp\/v2\/comments?post=36985"}],"wp:featuredmedia":[{"embeddable":true,"href":"https:\/\/fvcomponentes.com\/de\/wp-json\/wp\/v2\/media\/39204"}],"wp:attachment":[{"href":"https:\/\/fvcomponentes.com\/de\/wp-json\/wp\/v2\/media?parent=36985"}],"wp:term":[{"taxonomy":"pwb-brand","embeddable":true,"href":"https:\/\/fvcomponentes.com\/de\/wp-json\/wp\/v2\/pwb-brand?post=36985"},{"taxonomy":"product_brand","embeddable":true,"href":"https:\/\/fvcomponentes.com\/de\/wp-json\/wp\/v2\/product_brand?post=36985"},{"taxonomy":"product_cat","embeddable":true,"href":"https:\/\/fvcomponentes.com\/de\/wp-json\/wp\/v2\/product_cat?post=36985"},{"taxonomy":"product_tag","embeddable":true,"href":"https:\/\/fvcomponentes.com\/de\/wp-json\/wp\/v2\/product_tag?post=36985"}],"curies":[{"name":"wp","href":"https:\/\/api.w.org\/{rel}","templated":true}]}}