{"id":36938,"date":"2026-03-09T07:05:21","date_gmt":"2026-03-09T06:05:21","guid":{"rendered":"https:\/\/fvcomponentes.com\/?post_type=product&#038;p=36938"},"modified":"2026-04-07T10:39:55","modified_gmt":"2026-04-07T08:39:55","slug":"grundausstattung-isoliert-victron-multiplus-ii-48-5000-pytes-v5-cerbo-gx-box-v-box-ic-pytes","status":"publish","type":"product","link":"https:\/\/fvcomponentes.com\/de\/producto\/kit-basico-aislada-victron-multiplus-ii-48-5000-pytes-v5-cerbo-gx-caja-v-box-ic-pytes\/","title":{"rendered":"Grundausstattung Isoliert Victron Multiplus II 48\/5000 + Pytes V5 + Cerbo GX + V-BOX-IC Pytes Box"},"content":{"rendered":"<h2>Grundausstattung Isoliert Victron Multiplus II 48\/5000 + Pytes V5 + Cerbo GX + V-BOX-IC Pytes Box<\/h2>\n<p>Wir von FVComponentes haben dieses Basis-Kit mit Victron Energy-Ger\u00e4ten und Pytes-Batterien f\u00fcr netzunabh\u00e4ngige Installationen vorbereitet, die mehr Leistung und Autonomie erfordern. Es handelt sich um eine L\u00f6sung, die eine stabile und sichere Energieversorgung an Orten erm\u00f6glicht, die nicht an das Stromnetz angeschlossen sind. Zum Beispiel in l\u00e4ndlichen H\u00e4usern, Landh\u00e4usern, Unterk\u00fcnften, landwirtschaftlichen Betrieben, Solarpumpensystemen, Telekommunikationsanlagen oder anderen Installationen in abgelegenen Gebieten.<\/p>\n<p>Dieser Bausatz ist auch eine hervorragende Option als ESS (Energiespeichersystem) oder Backup-System f\u00fcr netzgekoppelte Anlagen, die bereits \u00fcber Solarzellen verf\u00fcgen. Es kann Energie speichern, die Energieunabh\u00e4ngigkeit erh\u00f6hen und die Versorgung im Falle von Stromausf\u00e4llen gew\u00e4hrleisten. Dar\u00fcber hinaus hat er eine h\u00f6here Ausgangsleistung. Dadurch eignet es sich f\u00fcr einen anspruchsvolleren Verbrauch.<\/p>\n<p>Die Kombination von Victron und Pytes ist ein Synonym f\u00fcr Zuverl\u00e4ssigkeit, vollst\u00e4ndige Integration und h\u00f6chste Qualit\u00e4t. Wir haben diesen Bausatz mit den wesentlichen Komponenten konfiguriert, damit Sie mit einer soliden und professionellen Basis starten k\u00f6nnen. Dar\u00fcber hinaus lassen wir die M\u00f6glichkeit offen, die Kapazit\u00e4t in der Zukunft zu erweitern, sowohl bei den Batterien als auch bei der Solarerzeugung.<\/p>\n<h2>Was ist im Victron-Starterkit f\u00fcr netzunabh\u00e4ngige Ger\u00e4te enthalten?<\/h2>\n<p data-start=\"663\" data-end=\"948\">Das Kit enth\u00e4lt einen 48V 5000VA Wechselrichter-Lader, das Cerbo \u00dcberwachungssystem, eine Pytes V5 5kWh Batterie, die Pytes V-BOX-IC Box und die notwendige Verkabelung, um alles anzuschlie\u00dfen.<\/p>\n<p data-start=\"663\" data-end=\"948\">Die <a href=\"https:\/\/fvcomponentes.com\/de\/produkt\/wechselrichter-victron-multiplus-ii-5000va-48v-70a50a\/\" target=\"_blank\" rel=\"noopener\">Victron MultiPlus II 48\/5000 - PMP482505010, <\/a>ist ein Wechselrichter-Ladeger\u00e4t, das einen reinen Sinus-Wechselrichter mit einem 70-A-Batterieladeger\u00e4t kombiniert. Dank der PowerAssist-Technologie kann der MultiPlus II den Strom aus einer externen Quelle, z. B. einem Generator, mit Batteriestrom erg\u00e4nzen.<\/p>\n<p data-start=\"663\" data-end=\"948\">Dies gew\u00e4hrleistet eine stabile Versorgung auch bei Bedarfsspitzen. Er arbeitet mit 48 V und hat 5000 VA (bis zu 4000 W Dauerleistung, je nach Bedingungen). Dies ist ideal f\u00fcr die Versorgung von Haushaltsger\u00e4ten.<\/p>\n<p data-start=\"663\" data-end=\"948\">Dieser Bausatz enth\u00e4lt ein <a href=\"https:\/\/fvcomponentes.com\/de\/produkt\/lithium-batterie-512v-lifepo4-pytes-v5-5-12kwh-110402100135\/\" target=\"_blank\" rel=\"noopener\">51.2V LiFePO4 Pytes V5 5.12kWh Lithium-Batterie - 110402100135<\/a>, speziell f\u00fcr 48-Volt-Systeme entwickelt, gew\u00e4hrleistet hohe Haltbarkeit, Effizienz und Sicherheit in jeder Umgebung - ideal f\u00fcr H\u00e4user mit Solarmodulen sowie f\u00fcr gesch\u00e4ftliche oder technische Umgebungen. Sie bietet au\u00dferdem ein solides Gleichgewicht zwischen Sicherheit, Haltbarkeit, Leistung und einfacher Installation.<\/p>\n<p data-start=\"663\" data-end=\"948\">Sie umfasst auch die <a href=\"https:\/\/fvcomponentes.com\/de\/produkt\/v-box-ic-pytes-fur-v5-und-v5%ce%b1-plus-batterien-110409100163\/\" target=\"_blank\" rel=\"noopener\">V-BOX-IC Pytes Box - 110409100163<\/a>, Der Pytes V5 und V5\u03b1 PLUS ist eine Metallstruktur, die speziell f\u00fcr die sichere und geordnete Unterbringung der Pytes V5 und V5\u03b1 PLUS Batterien entwickelt wurde.<\/p>\n<p data-start=\"663\" data-end=\"948\">Durch die Einbeziehung dieser Box wird der Bausatz zu einer vollst\u00e4ndigeren L\u00f6sung, bereit f\u00fcr die endg\u00fcltige Installation. Dies gilt insbesondere f\u00fcr Wohn- oder Technikr\u00e4ume.<\/p>\n<p data-start=\"663\" data-end=\"948\">Um alles unter Kontrolle zu halten, enth\u00e4lt das Kit die <a href=\"https:\/\/fvcomponentes.com\/de\/produkt\/victron-cerbo-gx-steuergerat-bpp900451100\/\" target=\"_blank\" rel=\"noopener\">Victron Cerbo GX - BPP900451100<\/a>, die als \u00dcberwachungszentrale des Systems fungiert. Es sammelt alle Informationen \u00fcber die angeschlossenen Ger\u00e4te. Dar\u00fcber hinaus k\u00f6nnen Sie die Anlage in Echtzeit sowohl lokal als auch aus der Ferne \u00fcber das Victron VRM-Portal anzeigen und verwalten.<br \/>\nEs verf\u00fcgt \u00fcber VE.Bus, VE.Direct und VE.Can Anschl\u00fcsse. Dies macht es einfach, kompatible Victron-Ger\u00e4te zu integrieren und die Leistung von jedem Ger\u00e4t aus zu \u00fcberwachen.<\/p>\n<p data-start=\"663\" data-end=\"948\">Um miteinander zu kommunizieren, haben wir eine\u00a0<a href=\"https:\/\/fvcomponentes.com\/de\/produkt\/victron-kabel-von-ve-dose-zu-dosenbus-fur-bms-typ-a-5m-ass030710150\/\" target=\"_blank\" rel=\"noopener\">Victron VE.Can zu CAN-Bus Kabel f\u00fcr BMS Typ A 5m - ASS030710150<\/a> zur Verbindung von Pytes V5-Lithiumbatterien mit dem Cerbo.<\/p>\n<p data-start=\"663\" data-end=\"948\">Dar\u00fcber hinaus haben wir eine <a href=\"https:\/\/fvcomponentes.com\/de\/produkt\/victron-utp-rj45-18m-ass030064950-victron-utp-kabel-ass030064950\/\" target=\"_blank\" rel=\"noopener\">Victron UTP RJ45 1,8m Victron UTP Kabel - ASS030064950<\/a> zur Kommunikation des Wechselrichters mit dem Cerbo-Steuerger\u00e4t.<\/p>\n<p data-start=\"663\" data-end=\"948\">Schlie\u00dflich liegt ein 2 m langer Batterieverkabelungssatz mit 35 m rotem und schwarzem Kabel bei, mit M6-Schraubklemmen an den Batterieenden und M8-Schraubklemmen an den Wechselrichterenden. Das Pluskabel wird in zwei L\u00e4ngen geliefert (30 cm und 160 cm), um die Installation des MEGA-Sicherungshalters mit der entsprechenden Sicherung zu erleichtern. Diese Sicherung sch\u00fctzt die DC-Leitung f\u00fcr eine sicherere und zuverl\u00e4ssigere Installation.<\/p>\n<h3><strong data-start=\"1004\" data-end=\"1029\">Inklusive Victron-Ausr\u00fcstung<\/strong><\/h3>\n<div class=\"_tableContainer_1rjym_1\">\n<div class=\"group _tableWrapper_1rjym_13 flex w-fit flex-col-reverse\">\n<table class=\"w-fit min-w-(--thread-content-width)\" data-start=\"1031\" data-end=\"2371\">\n<thead data-start=\"1031\" data-end=\"1077\">\n<tr data-start=\"1031\" data-end=\"1077\">\n<th data-start=\"1031\" data-end=\"1044\" data-col-size=\"md\">Komponente<\/th>\n<th data-start=\"1044\" data-end=\"1062\" data-col-size=\"sm\">Code<\/th>\n<th data-start=\"1062\" data-end=\"1077\" data-col-size=\"xl\">Beschreibung<\/th>\n<\/tr>\n<\/thead>\n<tbody data-start=\"1127\" data-end=\"2371\">\n<tr data-start=\"1127\" data-end=\"1392\">\n<td data-start=\"1127\" data-end=\"1194\" data-col-size=\"md\"><strong>Wechselrichter-Ladeger\u00e4t 48V Victron MultiPlus II 48\/5000 70A-50A<\/strong><\/td>\n<td data-start=\"1194\" data-end=\"1209\" data-col-size=\"sm\"><a href=\"https:\/\/fvcomponentes.com\/de\/produkt\/wechselrichter-victron-multiplus-ii-5000va-48v-70a50a\/\" target=\"_blank\" rel=\"noopener\">PMP482505010<\/a><\/td>\n<td data-start=\"1209\" data-end=\"1392\" data-col-size=\"xl\">Wechselrichter-Ladeger\u00e4t mit reiner Welle, PowerAssist-Funktion und automatischer Umschaltung. Kontinuierliche Leistung 4000 W \/ 5000 VA. Eingang 230 V AC und Ausgang 230 V AC. Ladestrom 70 A.<\/td>\n<\/tr>\n<tr data-start=\"1393\" data-end=\"1626\">\n<td data-start=\"1393\" data-end=\"1438\" data-col-size=\"md\"><strong data-start=\"1395\" data-end=\"1437\">Victron Cerbo GX Steuerger\u00e4t<\/strong><\/td>\n<td data-start=\"1438\" data-end=\"1453\" data-col-size=\"sm\"><a href=\"https:\/\/fvcomponentes.com\/de\/produkt\/victron-cerbo-gx-steuergerat-bpp900451100\/\" target=\"_blank\" rel=\"noopener\">PP900451100<\/a><\/td>\n<td data-start=\"1453\" data-end=\"1626\" data-col-size=\"xl\">Management- und Kommunikationsger\u00e4t, das die Daten von Wechselrichter, Ladeger\u00e4t, Batterie und Modulen zentralisiert. Erm\u00f6glicht lokale oder Fern\u00fcberwachung \u00fcber das Victron VRM Portal.<\/td>\n<\/tr>\n<tr data-start=\"1627\" data-end=\"1810\">\n<td data-start=\"1627\" data-end=\"1678\" data-col-size=\"md\"><strong data-start=\"1629\" data-end=\"1677\">VE.Can zu CAN-Bus Kabel f\u00fcr BMS Typ A (5 m)<\/strong><\/td>\n<td data-start=\"1678\" data-end=\"1693\" data-col-size=\"sm\"><a href=\"https:\/\/fvcomponentes.com\/de\/produkt\/victron-kabel-von-ve-dose-zu-dosenbus-fur-bms-typ-a-5m-ass030710150\/\" target=\"_blank\" rel=\"noopener\">ASS030710150<\/a><\/td>\n<td data-start=\"1693\" data-end=\"1810\" data-col-size=\"xl\">Kommunikationskabel f\u00fcr die Verbindung zwischen Cerbo GX und Batterie-BMS<\/td>\n<\/tr>\n<tr data-start=\"1811\" data-end=\"1938\">\n<td data-start=\"1811\" data-end=\"1841\" data-col-size=\"md\"><strong data-start=\"1941\" data-end=\"1967\">UTP-RJ45-Kabel (1,8 m)<\/strong><\/td>\n<td data-start=\"1841\" data-end=\"1856\" data-col-size=\"sm\"><a href=\"https:\/\/fvcomponentes.com\/de\/produkt\/victron-utp-rj45-18m-ass030064950-victron-utp-kabel-ass030064950\/\" target=\"_blank\" rel=\"noopener\">ASS030064950<\/a><\/td>\n<td data-start=\"1856\" data-end=\"1938\" data-col-size=\"xl\">Netzwerkkabel f\u00fcr die Verbindung von VE.Bus-Ger\u00e4ten (MultiPlus, Quattro, usw.).<\/td>\n<\/tr>\n<\/tbody>\n<\/table>\n<h2 data-start=\"87\" data-end=\"151\">Pytes V5 Lithium-Batterie: sicher, robust und langlebig<\/h2>\n<p data-start=\"153\" data-end=\"479\">Der Bausatz enth\u00e4lt eine 5,12 kWh gro\u00dfe Pytes V5-Lithiumbatterie, eine perfekte Wahl f\u00fcr 48-Volt-Installationen. Wie andere aktuelle Lithium-Batterien verwendet sie die LiFePO\u2084-Technologie (Lithium-Eisen-Phosphat), die bei t\u00e4glichem Gebrauch weitaus weniger ausf\u00e4llt und l\u00e4nger h\u00e4lt als Blei-S\u00e4ure-Batterien.<\/p>\n<p data-start=\"481\" data-end=\"777\">Die Pytes V5-Batterien werden mit prismatischen Zellen gebaut, was sie viel robuster macht als andere Batterien auf dem Markt, die Pouch-Zellen verwenden. Dar\u00fcber hinaus verf\u00fcgt jeder Akku \u00fcber eine Heizplatte, die aktiviert wird, wenn die Umgebungstemperatur unter 10 \u00b0C f\u00e4llt, um eine gute Lade- und Entladeleistung unter kalten Bedingungen zu gew\u00e4hrleisten.<\/p>\n<p data-start=\"779\" data-end=\"1109\">Die Pytes V5-Batterien haben eine Nennkapazit\u00e4t von 5,12 kWh und k\u00f6nnen parallel geschaltet werden, um die Gesamtkapazit\u00e4t des Systems problemlos zu erweitern. Ihr integriertes BMS sch\u00fctzt vor \u00dcberladung, Tiefentladung, \u00dcbertemperatur und Kurzschluss und gew\u00e4hrleistet einen stabilen und zuverl\u00e4ssigen Betrieb.<\/p>\n<p data-start=\"1111\" data-end=\"1493\">Die Pytes kommunizieren direkt mit dem Victron-System \u00fcber das im Kit enthaltene VE.Can-CAN-Bus-Kabel f\u00fcr BMS Typ A (5 m), so dass der Cerbo GX Batteriedaten anzeigen kann. Dank dieser Integration k\u00f6nnen Sie jederzeit Parameter wie Ladezustand, Spannung, Temperatur und Zyklen des VRM \u00fcberwachen.<\/p>\n<p data-start=\"1495\" data-end=\"1728\">Mit einer Lebensdauer von mehr als 6.000 Zyklen und einem Ladewirkungsgrad von bis zu 98 % ist der Pytes V5 eine zuverl\u00e4ssige, sichere und langlebige Speicherl\u00f6sung f\u00fcr Solarsysteme, insbesondere in netzunabh\u00e4ngigen Anlagen.<\/p>\n<h2 data-start=\"1495\" data-end=\"1728\">V-BOX-IC Pytes Box f\u00fcr V5 und V5\u03b1 PLUS Batterien: kompakt und robust.<\/h2>\n<p data-start=\"146\" data-end=\"436\">Die Pytes V-BOX-IC ist eine Aufbewahrungsbox f\u00fcr den Innenbereich, die speziell f\u00fcr die Batterien Pytes V5 und V5\u03b1 PLUS entwickelt wurde. Ihr Zweck ist einfach: Schutz, Ordnung und Erleichterung der Installation Ihrer Batteriemodule in einem Solarenergiespeichersystem.<\/p>\n<p data-start=\"438\" data-end=\"688\">Aus verzinktem Stahl und mit passiver Bel\u00fcftung bietet er eine kompakte, sichere und modulare L\u00f6sung, ideal f\u00fcr Installationen in Wohnungen, technischen R\u00e4umen oder industriellen Umgebungen, wo eine saubere und professionelle Integration erforderlich ist.<\/p>\n<p data-start=\"690\" data-end=\"957\">In der V-BOX-IC k\u00f6nnen bis zu 3 Batterien installiert werden, die mit einer einzigen Einheit eine Gesamtkapazit\u00e4t von etwa 15 kWh erreichen. Damit eignet sie sich perfekt f\u00fcr den solaren Eigenverbrauch, Back-up-Systeme f\u00fcr Stromausf\u00e4lle, netzunabh\u00e4ngige Inselsysteme und skalierbare Innenraumprojekte.<\/p>\n<h3 data-start=\"3923\" data-end=\"3972\"><strong data-start=\"3930\" data-end=\"3972\">Empfohlenes Zubeh\u00f6r (nicht im Lieferumfang enthalten)<\/strong><\/h3>\n<ul>\n<li data-start=\"3976\" data-end=\"4029\"><a href=\"https:\/\/fvcomponentes.com\/de\/produktkategorie\/solarladeregler\/mppt-regler\/\" target=\"_blank\" rel=\"noopener\">MPPT-Regler Victron SmartSolar 150\/70 oder h\u00f6her<\/a><\/li>\n<li data-start=\"3976\" data-end=\"4029\"><a href=\"https:\/\/fvcomponentes.com\/de\/produkt\/victron-gx-beruhrungsbildschirm-50\/\" target=\"_blank\" rel=\"noopener\">Touchscreen GX Touch 50 oder 70<\/a><\/li>\n<\/ul>\n<h2 data-start=\"5476\" data-end=\"5512\"><strong data-start=\"5483\" data-end=\"5512\">Empfohlene Anwendungen f\u00fcr Victron Multiplus II 48\/5000 + Pytes V5 + Cerbo GX + Pytes V-BOX-IC box<\/strong><\/h2>\n<p data-start=\"5514\" data-end=\"5835\">Wir haben diesen Bausatz f\u00fcr isolierte Wohnungen, l\u00e4ndliche H\u00e4user, landwirtschaftliche Anlagen, Solarpumpensysteme, Back-up-Systeme oder Elektrifizierungsprojekte in abgelegenen Gebieten mit m\u00e4\u00dfigem Verbrauch entwickelt.<\/p>\n<p data-start=\"5514\" data-end=\"5835\">Das Kit ist eine kompakte, perfekt dimensionierte L\u00f6sung, die vollst\u00e4ndig mit dem Victron-\u00d6kosystem kompatibel ist und sich sowohl an Installateure als auch an Heimwerker richtet, die ihr eigenes System aufbauen m\u00f6chten.<\/p>\n<\/div>\n<\/div>","protected":false},"excerpt":{"rendered":"<p>Isolierter Bausatz mit 5000VA Victron Multiplus II Wechselrichter, bestehend aus den folgenden Komponenten:<\/p>","protected":false},"featured_media":36984,"comment_status":"closed","ping_status":"closed","template":"","meta":{"site-sidebar-layout":"default","site-content-layout":"","ast-site-content-layout":"default","site-content-style":"default","site-sidebar-style":"default","ast-global-header-display":"","ast-banner-title-visibility":"","ast-main-header-display":"","ast-hfb-above-header-display":"","ast-hfb-below-header-display":"","ast-hfb-mobile-header-display":"","site-post-title":"","ast-breadcrumbs-content":"","ast-featured-img":"","footer-sml-layout":"","ast-disable-related-posts":"","theme-transparent-header-meta":"default","adv-header-id-meta":"","stick-header-meta":"","header-above-stick-meta":"","header-main-stick-meta":"","header-below-stick-meta":"","astra-migrate-meta-layouts":"set","ast-page-background-enabled":"default","ast-page-background-meta":{"desktop":{"background-color":"var(--ast-global-color-4)","background-image":"","background-repeat":"repeat","background-position":"center center","background-size":"auto","background-attachment":"scroll","background-type":"","background-media":"","overlay-type":"","overlay-color":"","overlay-opacity":"","overlay-gradient":""},"tablet":{"background-color":"","background-image":"","background-repeat":"repeat","background-position":"center center","background-size":"auto","background-attachment":"scroll","background-type":"","background-media":"","overlay-type":"","overlay-color":"","overlay-opacity":"","overlay-gradient":""},"mobile":{"background-color":"","background-image":"","background-repeat":"repeat","background-position":"center center","background-size":"auto","background-attachment":"scroll","background-type":"","background-media":"","overlay-type":"","overlay-color":"","overlay-opacity":"","overlay-gradient":""}},"ast-content-background-meta":{"desktop":{"background-color":"var(--ast-global-color-5)","background-image":"","background-repeat":"repeat","background-position":"center center","background-size":"auto","background-attachment":"scroll","background-type":"","background-media":"","overlay-type":"","overlay-color":"","overlay-opacity":"","overlay-gradient":""},"tablet":{"background-color":"var(--ast-global-color-5)","background-image":"","background-repeat":"repeat","background-position":"center center","background-size":"auto","background-attachment":"scroll","background-type":"","background-media":"","overlay-type":"","overlay-color":"","overlay-opacity":"","overlay-gradient":""},"mobile":{"background-color":"var(--ast-global-color-5)","background-image":"","background-repeat":"repeat","background-position":"center center","background-size":"auto","background-attachment":"scroll","background-type":"","background-media":"","overlay-type":"","overlay-color":"","overlay-opacity":"","overlay-gradient":""}}},"pwb-brand":[1007],"product_brand":[],"product_cat":[464,465],"product_tag":[],"class_list":{"0":"post-36938","1":"product","2":"type-product","3":"status-publish","4":"has-post-thumbnail","6":"pwb-brand-baterias-pytes","7":"product_cat-kits-solares","8":"product_cat-kit-solar-aislada","9":"product_shipping_class-baterias","10":"desktop-align-left","11":"tablet-align-left","12":"mobile-align-left","13":"ast-product-gallery-layout-horizontal-slider","14":"ast-product-gallery-with-no-image","15":"ast-product-tabs-layout-horizontal","17":"first","18":"instock","19":"taxable","20":"shipping-taxable","21":"purchasable","22":"product-type-yith_bundle"},"wcpa_form_fields":null,"brands":[{"id":1007,"name":"Pytes-Batterien","slug":"pytes-batterien"}],"_links":{"self":[{"href":"https:\/\/fvcomponentes.com\/de\/wp-json\/wp\/v2\/product\/36938","targetHints":{"allow":["GET"]}}],"collection":[{"href":"https:\/\/fvcomponentes.com\/de\/wp-json\/wp\/v2\/product"}],"about":[{"href":"https:\/\/fvcomponentes.com\/de\/wp-json\/wp\/v2\/types\/product"}],"replies":[{"embeddable":true,"href":"https:\/\/fvcomponentes.com\/de\/wp-json\/wp\/v2\/comments?post=36938"}],"wp:featuredmedia":[{"embeddable":true,"href":"https:\/\/fvcomponentes.com\/de\/wp-json\/wp\/v2\/media\/36984"}],"wp:attachment":[{"href":"https:\/\/fvcomponentes.com\/de\/wp-json\/wp\/v2\/media?parent=36938"}],"wp:term":[{"taxonomy":"pwb-brand","embeddable":true,"href":"https:\/\/fvcomponentes.com\/de\/wp-json\/wp\/v2\/pwb-brand?post=36938"},{"taxonomy":"product_brand","embeddable":true,"href":"https:\/\/fvcomponentes.com\/de\/wp-json\/wp\/v2\/product_brand?post=36938"},{"taxonomy":"product_cat","embeddable":true,"href":"https:\/\/fvcomponentes.com\/de\/wp-json\/wp\/v2\/product_cat?post=36938"},{"taxonomy":"product_tag","embeddable":true,"href":"https:\/\/fvcomponentes.com\/de\/wp-json\/wp\/v2\/product_tag?post=36938"}],"curies":[{"name":"wp","href":"https:\/\/api.w.org\/{rel}","templated":true}]}}