{"id":36703,"date":"2026-02-11T12:09:10","date_gmt":"2026-02-11T11:09:10","guid":{"rendered":"https:\/\/fvcomponentes.com\/?post_type=product&#038;p=36703"},"modified":"2026-02-18T12:31:34","modified_gmt":"2026-02-18T11:31:34","slug":"bmu-modul-512kw-pytes-hv48100-hochspannungsakku-pack-pytes-hv48100-akku-pack","status":"publish","type":"product","link":"https:\/\/fvcomponentes.com\/de\/producto\/modulo-bmu-512kw-bateria-pytes-hv48100-high-voltage-battery-pack\/","title":{"rendered":"Pytes Battery BMU Modul (Batterie) 5,12kW HV48100 Hochspannungsbatteriepaket"},"content":{"rendered":"<h2>Pytes Battery BMU Modul (Batterie) 5,12kW HV48100 Hochspannungsbatteriepaket<\/h2>\n<p>Die Pytes HV48100 BMU (Batterie) ist ein Hochspannungs-Energiespeichermodul, das f\u00fcr den anspruchsvollen Energiebedarf von Photovoltaikanlagen und Notstromsystemen entwickelt wurde. Es ist auch ideal f\u00fcr hybride Installationen, kommerzielle und industrielle Anwendungen und Selbstverbrauchsstromsysteme.<\/p>\n<p>Mit einer Kapazit\u00e4t von 5,12 kWh pro Batteriemodul und einer Spannung von 51,2 V vereint diese BMU hohe Sicherheit, lange Lebensdauer, Energieeffizienz, Modularit\u00e4t und Skalierbarkeit. Au\u00dferdem bietet sie eine hohe Leistung bei jedem Lade- und Entladezyklus.<\/p>\n<p>Es ist daher als vielseitiges, robustes und professionelles Batteriemodul positioniert, das sich in zahlreiche Konfigurationen integrieren l\u00e4sst und den anspruchsvollen Energiebedarf in intelligent gesteuerten Systemen erf\u00fcllt.<\/p>\n<h2>Hauptmerkmale des BMU-Moduls (Batterie) HV48100<\/h2>\n<h3>Fortschrittliche Hochspannungstechnik<\/h3>\n<p>Die BMU HV48100 verwendet Lithium-Eisenphosphat-Zellen der Klasse A (LiFePO\u2084), die f\u00fcr ihre hohe thermische Stabilit\u00e4t, geringe Entz\u00fcndungsgefahr und hohe Dauerbelastbarkeit bekannt sind.<\/p>\n<p>Dieses Batteriemodul ist f\u00fcr den Einsatz in Hochspannungssystemen konzipiert. Dies erm\u00f6glicht eine h\u00f6here Energieumwandlungseffizienz und eine erhebliche Reduzierung der Energieverluste. Au\u00dferdem erreicht es eine geringere Stromst\u00e4rke bei gleicher Leistung und eine bessere Kompatibilit\u00e4t mit Hochspannungs-Hybridwechselrichtern.<\/p>\n<p>Dank dieser Konfiguration kann die HV48100 BMU im Vergleich zu Niederspannungsl\u00f6sungen eine stabilere und effizientere Leistung erzielen.<\/p>\n<h3>Integriertes BMS<\/h3>\n<p>Die BMU verf\u00fcgt \u00fcber ein intelligentes Batteriemanagementsystem (BMS), das Parameter wie Spannung, Strom, Temperatur und Zellstatus in Echtzeit \u00fcberwacht und steuert.<br \/>\nDas BMS sch\u00fctzt auch vor \u00dcberlastungen, \u00dcberentladungen, Kurzschl\u00fcssen und ung\u00fcnstigen thermischen Bedingungen.<br \/>\nAu\u00dferdem gleicht es die Batteriezellen automatisch aus und optimiert so die Lebensdauer der Batterie.<\/p>\n<p>Au\u00dferdem verf\u00fcgt es \u00fcber CAN- und RS485-Kommunikationsprotokolle, die mit den meisten Wechselrichtern und Steuerungen auf dem Markt kompatibel sind.<\/p>\n<p>Daher verbessert dieses integrierte BMS die Betriebssicherheit des Batteriemoduls und die Gesamteffizienz des Systems. Au\u00dferdem gew\u00e4hrleistet es einen sicheren Betrieb auch unter anspruchsvollen Bedingungen.<\/p>\n<h3>Au\u00dfergew\u00f6hnliche Nutzungsdauer<\/h3>\n<p>Das HV48100 BMU ist ein Batteriemodul, das f\u00fcr mehr als 6.000 Lade-\/Entladezyklen (bei normalem Gebrauch) ausgelegt ist und einen Wirkungsgrad von 95% aufweist.<br \/>\nDar\u00fcber hinaus beh\u00e4lt er auch nach langer Zeit des Dauerbetriebs eine hohe Nutzkapazit\u00e4t.<\/p>\n<p>Diese Eigenschaft macht sie perfekt f\u00fcr Installationen in Haushalten mit t\u00e4glichem Gebrauch. Sie ist auch ideal f\u00fcr gewerbliche oder industrielle Installationen, bei denen die Batterie mit konstanten Lasten und variablen Anforderungen arbeitet.<\/p>\n<h3>Skalierbarkeit<\/h3>\n<p>Das Design der BMU erm\u00f6glicht die Konfiguration von modularen Systemen, wobei mehrere Module in Reihe geschaltet werden k\u00f6nnen, um die Gesamtkapazit\u00e4t des Systems zu erh\u00f6hen.<\/p>\n<p>Jedes Batteriemodul hat eine Kapazit\u00e4t von 5,12 kWh, so dass Sie mit der Installation eines einzigen Batteriemoduls beginnen k\u00f6nnen. Es ist dann m\u00f6glich, das System auf bis zu 8 Module in Reihe zu erweitern. So lassen sich Systeme mit bis zu 40,96 kWh konfigurieren.<\/p>\n<p>Dadurch eignet sich die Pytes HV48100-Batterie sowohl f\u00fcr kleine Hausinstallationen als auch f\u00fcr gr\u00f6\u00dfere gewerbliche Projekte.<\/p>\n<h3>Kompakte Bauweise<\/h3>\n<p>Dieses BMU ist f\u00fcr den Einbau in ein eigenes Geh\u00e4use vorgesehen, das <a href=\"https:\/\/fvcomponentes.com\/de\/produkt\/pytes-19-rack-schrank-fur-hv48100-akku-batterie-akku-bmu\/\" target=\"_blank\" rel=\"noopener\">Pytes 19\u2033 Rack-Schrank<\/a>. Dieser Schrank hat ein 19-Zoll-Rack-Format und l\u00e4sst sich daher leicht und sauber integrieren.<\/p>\n<p>Dar\u00fcber hinaus optimiert die kompakte Bauweise den verf\u00fcgbaren Platz und vereinfacht die Wartung.<\/p>\n<h2>Hauptvorteile des Pytes BMU (Batterie)-Moduls 5,12kW HV48100 Hochspannungsbatteriepack<\/h2>\n<p>Die wichtigsten Vorteile dieses BMU sind die folgenden:<\/p>\n<ul>\n<li>Nennkapazit\u00e4t pro Batteriemodul von 5,12 kWh.<\/li>\n<li>Skalierbarkeit auf bis zu 8 in Reihe geschaltete Module, wodurch sich die Kapazit\u00e4t auf 40,96 kWh erh\u00f6ht.<\/li>\n<li>Hochspannungstechnik.<\/li>\n<li>Integriertes BMS-System.<\/li>\n<li>H\u00f6chste Sicherheit.<\/li>\n<li>Modularer Aufbau.<\/li>\n<li>Hohe Effizienz und Betriebsstabilit\u00e4t.<\/li>\n<li>Der Schutz geht von den Zellen aus.<\/li>\n<li>Lange Nutzungsdauer.<\/li>\n<\/ul>\n<h2>Kompatibilit\u00e4t des BMU-Moduls (Batterie) HV48100<\/h2>\n<p>Die Batterie HV48100 ist f\u00fcr die Kommunikation mit Wechselrichtern \u00fcber CAN- und RS485-Protokolle ausgelegt und ist bei entsprechender Konfiguration mit einer Vielzahl von Hybrid- und Hochspannungswechselrichtern kompatibel.<\/p>\n<p>Diese BMU ist kompatibel mit Marken wie Victron, Sol-Ark, Solis, Sinexcel, Deye, Megarevo, Ingteam und Afore.<\/p>\n<h2>Technische Informationen f\u00fcr Pytes Batteriemodul BMU (Batterie) 5,12kW HV48100 Hochspannungsbatteriepaket<\/h2>\n<p><a href=\"https:\/\/fvcomponentes.com\/wp-content\/uploads\/2026\/02\/Ficha-tecnica-de-la-HV48100.pdf\" target=\"_blank\" rel=\"noopener\">BMU (Batterie) Modul HV48100 Datenblatt<\/a><\/p>\n<p><a href=\"https:\/\/fvcomponentes.com\/wp-content\/uploads\/2026\/02\/Manual-de-la-HV48100.pdf\" target=\"_blank\" rel=\"noopener\">BMU (Batterie) Modul Handbuch HV48100<\/a><\/p>","protected":false},"excerpt":{"rendered":"<p><strong><span style=\"color: #ff0000\">Es ist unbedingt erforderlich, die <a href=\"https:\/\/fvcomponentes.com\/de\/produkt\/bcu-batterie-modul-pytes-hv-48100-bcu-batterie-steuergerat\/\" target=\"_blank\" rel=\"noopener\">BCU Pytes HV48100<\/a> f\u00fcr seinen Betrieb.<\/span><\/strong><\/p>\n<ul>\n<li>Zellentyp: LiFePO\u2084-Zelle<\/li>\n<li>Nennenergie: 5,12 kWh<\/li>\n<li>Nennspannung: 51,2 V<\/li>\n<li>Nennkapazit\u00e4t: 100 Ah<\/li>\n<li>Kontinuierlicher Lade-\/Entladestrom: 50 Adc<\/li>\n<li>Spannungsbereich: 45,5 - 58 V<\/li>\n<li>Ausladungstiefe: 80%<\/li>\n<li>Wirkungsgrad: 95%<\/li>\n<li>Kommunikation: CAN, RS485<\/li>\n<li>Lebenszyklus: \u22656000 Zyklen<\/li>\n<li>Betriebstemperatur -20 \u00b0C ~ +60 \u00b0C<\/li>\n<li>Lagertemperatur -30 \u00b0C ~ +60 \u00b0C<\/li>\n<\/ul>","protected":false},"featured_media":36895,"comment_status":"closed","ping_status":"closed","template":"","meta":{"site-sidebar-layout":"default","site-content-layout":"","ast-site-content-layout":"default","site-content-style":"default","site-sidebar-style":"default","ast-global-header-display":"","ast-banner-title-visibility":"","ast-main-header-display":"","ast-hfb-above-header-display":"","ast-hfb-below-header-display":"","ast-hfb-mobile-header-display":"","site-post-title":"","ast-breadcrumbs-content":"","ast-featured-img":"","footer-sml-layout":"","ast-disable-related-posts":"","theme-transparent-header-meta":"default","adv-header-id-meta":"","stick-header-meta":"","header-above-stick-meta":"","header-main-stick-meta":"","header-below-stick-meta":"","astra-migrate-meta-layouts":"set","ast-page-background-enabled":"default","ast-page-background-meta":{"desktop":{"background-color":"var(--ast-global-color-4)","background-image":"","background-repeat":"repeat","background-position":"center center","background-size":"auto","background-attachment":"scroll","background-type":"","background-media":"","overlay-type":"","overlay-color":"","overlay-opacity":"","overlay-gradient":""},"tablet":{"background-color":"","background-image":"","background-repeat":"repeat","background-position":"center center","background-size":"auto","background-attachment":"scroll","background-type":"","background-media":"","overlay-type":"","overlay-color":"","overlay-opacity":"","overlay-gradient":""},"mobile":{"background-color":"","background-image":"","background-repeat":"repeat","background-position":"center center","background-size":"auto","background-attachment":"scroll","background-type":"","background-media":"","overlay-type":"","overlay-color":"","overlay-opacity":"","overlay-gradient":""}},"ast-content-background-meta":{"desktop":{"background-color":"var(--ast-global-color-5)","background-image":"","background-repeat":"repeat","background-position":"center center","background-size":"auto","background-attachment":"scroll","background-type":"","background-media":"","overlay-type":"","overlay-color":"","overlay-opacity":"","overlay-gradient":""},"tablet":{"background-color":"var(--ast-global-color-5)","background-image":"","background-repeat":"repeat","background-position":"center center","background-size":"auto","background-attachment":"scroll","background-type":"","background-media":"","overlay-type":"","overlay-color":"","overlay-opacity":"","overlay-gradient":""},"mobile":{"background-color":"var(--ast-global-color-5)","background-image":"","background-repeat":"repeat","background-position":"center center","background-size":"auto","background-attachment":"scroll","background-type":"","background-media":"","overlay-type":"","overlay-color":"","overlay-opacity":"","overlay-gradient":""}}},"pwb-brand":[1007],"product_brand":[],"product_cat":[340,379],"product_tag":[],"class_list":{"0":"post-36703","1":"product","2":"type-product","3":"status-publish","4":"has-post-thumbnail","6":"pwb-brand-baterias-pytes","7":"product_cat-baterias","8":"product_cat-baterias-de-litio-de-alto-voltaje","9":"product_shipping_class-baterias","10":"desktop-align-left","11":"tablet-align-left","12":"mobile-align-left","13":"ast-product-gallery-layout-horizontal-slider","14":"ast-product-tabs-layout-horizontal","16":"first","17":"instock","18":"taxable","19":"shipping-taxable","20":"purchasable","21":"product-type-simple"},"wcpa_form_fields":null,"brands":[{"id":1007,"name":"Pytes-Batterien","slug":"pytes-batterien"}],"_links":{"self":[{"href":"https:\/\/fvcomponentes.com\/de\/wp-json\/wp\/v2\/product\/36703","targetHints":{"allow":["GET"]}}],"collection":[{"href":"https:\/\/fvcomponentes.com\/de\/wp-json\/wp\/v2\/product"}],"about":[{"href":"https:\/\/fvcomponentes.com\/de\/wp-json\/wp\/v2\/types\/product"}],"replies":[{"embeddable":true,"href":"https:\/\/fvcomponentes.com\/de\/wp-json\/wp\/v2\/comments?post=36703"}],"wp:featuredmedia":[{"embeddable":true,"href":"https:\/\/fvcomponentes.com\/de\/wp-json\/wp\/v2\/media\/36895"}],"wp:attachment":[{"href":"https:\/\/fvcomponentes.com\/de\/wp-json\/wp\/v2\/media?parent=36703"}],"wp:term":[{"taxonomy":"pwb-brand","embeddable":true,"href":"https:\/\/fvcomponentes.com\/de\/wp-json\/wp\/v2\/pwb-brand?post=36703"},{"taxonomy":"product_brand","embeddable":true,"href":"https:\/\/fvcomponentes.com\/de\/wp-json\/wp\/v2\/product_brand?post=36703"},{"taxonomy":"product_cat","embeddable":true,"href":"https:\/\/fvcomponentes.com\/de\/wp-json\/wp\/v2\/product_cat?post=36703"},{"taxonomy":"product_tag","embeddable":true,"href":"https:\/\/fvcomponentes.com\/de\/wp-json\/wp\/v2\/product_tag?post=36703"}],"curies":[{"name":"wp","href":"https:\/\/api.w.org\/{rel}","templated":true}]}}