{"id":36702,"date":"2026-02-11T12:07:43","date_gmt":"2026-02-11T11:07:43","guid":{"rendered":"https:\/\/fvcomponentes.com\/?post_type=product&#038;p=36702"},"modified":"2026-02-18T12:40:42","modified_gmt":"2026-02-18T11:40:42","slug":"bcu-batterie-modul-pytes-hv-48100-bcu-batterie-steuergerat","status":"publish","type":"product","link":"https:\/\/fvcomponentes.com\/de\/producto\/modulo-bcu-bateria-pytes-hv-48100-bcu-battery-control-unit\/","title":{"rendered":"Pytes Batterie-BCU-Modul HV48100 BCU (Batterie-Steuereinheit)"},"content":{"rendered":"<h2>Pytes Batterie-BCU-Modul HV48100 BCU (Batterie-Steuereinheit)<\/h2>\n<p>Das BCU-Modul HV48100 ist die zentrale Steuereinheit des Hochspannungsspeichersystems HV48100 und dient der Verwaltung, Koordinierung und \u00dcberwachung des Betriebs des Hochspannungsspeichersystems HV48100. <a href=\"https:\/\/fvcomponentes.com\/de\/produkt\/bmu-modul-512kw-pytes-hv48100-hochspannungsakku-pack-pytes-hv48100-akku-pack\/\" target=\"_blank\" rel=\"noopener\">Batteriemodule (BMU)<\/a> in Photovoltaikanlagen, Hybridsystemen und Notstromanwendungen f\u00fcr Privathaushalte, Gewerbe und Industrie.<\/p>\n<p>Diese Komponente ist f\u00fcr den ordnungsgem\u00e4\u00dfen Betrieb des Batteriesystems unerl\u00e4sslich, da sie die Kommunikation, Sicherheit und Leistung aller angeschlossenen Batteriemodule koordiniert.<\/p>\n<p>Die BCU ist das Gehirn des Systems und gew\u00e4hrleistet einen stabilen, sicheren und effizienten Betrieb, indem sie Informationen sammelt, die Sicherheitslogik des Systems implementiert, den Betrieb der BMU-Module organisiert und mit dem Wechselrichter kommuniziert, um ein stabiles, effizientes und sicheres Laden\/Entladen zu gew\u00e4hrleisten.<\/p>\n<h2>Hauptmerkmale des BCU-Moduls HV48100<\/h2>\n<h3>Kontrolle, Koordination und Sicherheit<\/h3>\n<p>In einem modularen Hochspannungssystem wie dem HV48100 ist eine Steuereinheit unerl\u00e4sslich, die das Verhalten aller Batteriemodule synchronisiert und gew\u00e4hrleistet, dass das System innerhalb sicherer Parameter arbeitet.<\/p>\n<p>Die BCU HV48100 k\u00fcmmert sich um sehr wichtige Funktionen wie:<\/p>\n<ul>\n<li>Beaufsichtigung und \u00dcberwachung des Gesamtstatus des Systems, damit es effizient und korrekt funktioniert.<\/li>\n<li><span style=\"font-size: 16px\">Verwaltung des Lade- und Entladevorgangs der Batterien und Koordinierung der Kommunikation aller BMUs, damit die Energie stabil und gesch\u00fctzt geliefert wird.<\/span><\/li>\n<li>Aktivieren Sie den Systemschutz<\/li>\n<li>\u00dcbermittlung von Informationen an den Wechselrichter oder das \u00dcberwachungssystem<\/li>\n<\/ul>\n<p>Dank dieser zentralen Verwaltung arbeitet das System synchron und ausgewogen und optimiert die Gesamtleistung des Energiespeichers.<\/p>\n<h3>\u00dcberwachung und erweiterte Sicherheit<\/h3>\n<p>Diese BCU \u00fcberwacht kontinuierlich die Gesamtspannung, den Lade- und Entladestrom, die Temperatur, den Betriebsstatus sowie Alarme und Ereignisse, sowohl f\u00fcr das System als auch f\u00fcr jedes einzelne Batteriemodul.<\/p>\n<p>Werden unerw\u00fcnschte Zust\u00e4nde wie \u00dcberlastung\/\u00dcberentladung oder abnormale Betriebssituationen erkannt, aktiviert die BCU Schutzmechanismen, um Sch\u00e4den an den Batterien oder der Anlage zu verhindern. Dies gew\u00e4hrleistet die Sicherheit sowohl des Systems als auch der angeschlossenen Ger\u00e4te.<\/p>\n<h3>Effizienter Betrieb<\/h3>\n<p>Die BCU hat einen Steuerspannungsbereich von 200 V bis 870 V und einen Eigenverbrauch von 7,56 W, was zur Gesamteffizienz der Energiespeicherung beitr\u00e4gt. Dies ist besonders wichtig in Anlagen, in denen das System viele Stunden lang aktiv ist.<\/p>\n<h3>Effiziente und zuverl\u00e4ssige Verwaltung<\/h3>\n<p>In Hochspannungsspeichersystemen wie dem HV48100 ist die Koordination zwischen den Batteriemodulen entscheidend.<\/p>\n<p>Die Pytes HV48100 BCU gew\u00e4hrleistet ein genaues, sicheres und optimiertes Systemmanagement und tr\u00e4gt zur Verl\u00e4ngerung der Lebensdauer der HV48100 BMU (Batteriemodule) bei. Au\u00dferdem verbessert sie die Energiestabilit\u00e4t.<\/p>\n<p>Damit wird dieses Ger\u00e4t zu einem unverzichtbaren Bestandteil jeder batteriegest\u00fctzten Installation von Pytes HV48100.<\/p>\n<h3>Modularer Aufbau und Schrankintegration<\/h3>\n<p>Die BCU HV48100 ist vorbereitet f\u00fcr den Einbau in die <a href=\"https:\/\/fvcomponentes.com\/de\/produkt\/pytes-19-rack-schrank-fur-hv48100-akku-batterie-akku-bmu\/\" target=\"_blank\" rel=\"noopener\">Pytes 19\u2033 Rack-Schrank<\/a>, Dies erleichtert die Integration mit den HV48100 BMU-Modulen (Batterien).<br \/>\nSein kompaktes und professionelles Design erm\u00f6glicht eine saubere, sichere und wartungsfreundliche Installation.<\/p>\n<p>Dar\u00fcber hinaus bietet das Layout der Vorderseite einen einfachen Zugang zu den Anzeigen und Kommunikationsanschl\u00fcssen.<\/p>\n<p>Mit Abmessungen von 484 \u00d7 510 \u00d7 140 mm und einem Gewicht von 13,3 kg ist es eine solide Einheit, die f\u00fcr eine strukturierte Montage bereit ist.<\/p>\n<h2>Die wichtigsten Vorteile des Pytes Batterie-BCU-Moduls HV48100 BCU (Battery Control Unit)<\/h2>\n<p>Die wichtigsten Vorteile dieser BCU sind die folgenden:<\/p>\n<ul>\n<li>Zentrale Steuereinheit f\u00fcr HV48100-Systeme<\/li>\n<li>Intelligentes und synchronisiertes Management von BMU-Modulen (Batterien) HV48100<\/li>\n<li>Erweiterter Systemschutz<\/li>\n<li>Kontinuierliche \u00dcberwachung der elektrischen Parameter<\/li>\n<li>Installation in einem eigenen Schrank, dem Pytes 19\u2033 Rack Cabinet f\u00fcr HV48100<\/li>\n<\/ul>\n<h2>Technische Informationen zum Pytes Battery BCU Module HV48100 BCU (Battery Control Unit)<\/h2>\n<p><a href=\"https:\/\/fvcomponentes.com\/wp-content\/uploads\/2026\/02\/Ficha-tecnica-de-la-HV48100.pdf\" target=\"_blank\" rel=\"noopener\">BCU-Modul HV48100 Datenblatt<\/a><\/p>\n<p><a href=\"https:\/\/fvcomponentes.com\/wp-content\/uploads\/2026\/02\/Manual-de-la-HV48100.pdf\" target=\"_blank\" rel=\"noopener\">HV48100 BCU-Modul Handbuch<\/a><\/p>","protected":false},"excerpt":{"rendered":"<p><span style=\"color: #ff0000\"><strong>Wesentlich f\u00fcr den Betrieb des <a href=\"https:\/\/fvcomponentes.com\/de\/produkt\/bmu-modul-512kw-pytes-hv48100-hochspannungsakku-pack-pytes-hv48100-akku-pack\/\" target=\"_blank\" rel=\"noopener\">BMU-Module (Batterie) HV48100<\/a><\/strong><\/span><\/p>\n<ul>\n<li>Betriebsspannung des Reglers: 200 V ~ 870 V<\/li>\n<li>Eigenverbrauch an Energie: 7,56 W<\/li>\n<li>Kommunikation: CAN, RS485, potentialfreier Kontakt, WiFi<\/li>\n<\/ul>","protected":false},"featured_media":36918,"comment_status":"closed","ping_status":"closed","template":"","meta":{"site-sidebar-layout":"default","site-content-layout":"","ast-site-content-layout":"default","site-content-style":"default","site-sidebar-style":"default","ast-global-header-display":"","ast-banner-title-visibility":"","ast-main-header-display":"","ast-hfb-above-header-display":"","ast-hfb-below-header-display":"","ast-hfb-mobile-header-display":"","site-post-title":"","ast-breadcrumbs-content":"","ast-featured-img":"","footer-sml-layout":"","ast-disable-related-posts":"","theme-transparent-header-meta":"default","adv-header-id-meta":"","stick-header-meta":"","header-above-stick-meta":"","header-main-stick-meta":"","header-below-stick-meta":"","astra-migrate-meta-layouts":"set","ast-page-background-enabled":"default","ast-page-background-meta":{"desktop":{"background-color":"var(--ast-global-color-4)","background-image":"","background-repeat":"repeat","background-position":"center center","background-size":"auto","background-attachment":"scroll","background-type":"","background-media":"","overlay-type":"","overlay-color":"","overlay-opacity":"","overlay-gradient":""},"tablet":{"background-color":"","background-image":"","background-repeat":"repeat","background-position":"center center","background-size":"auto","background-attachment":"scroll","background-type":"","background-media":"","overlay-type":"","overlay-color":"","overlay-opacity":"","overlay-gradient":""},"mobile":{"background-color":"","background-image":"","background-repeat":"repeat","background-position":"center center","background-size":"auto","background-attachment":"scroll","background-type":"","background-media":"","overlay-type":"","overlay-color":"","overlay-opacity":"","overlay-gradient":""}},"ast-content-background-meta":{"desktop":{"background-color":"var(--ast-global-color-5)","background-image":"","background-repeat":"repeat","background-position":"center center","background-size":"auto","background-attachment":"scroll","background-type":"","background-media":"","overlay-type":"","overlay-color":"","overlay-opacity":"","overlay-gradient":""},"tablet":{"background-color":"var(--ast-global-color-5)","background-image":"","background-repeat":"repeat","background-position":"center center","background-size":"auto","background-attachment":"scroll","background-type":"","background-media":"","overlay-type":"","overlay-color":"","overlay-opacity":"","overlay-gradient":""},"mobile":{"background-color":"var(--ast-global-color-5)","background-image":"","background-repeat":"repeat","background-position":"center center","background-size":"auto","background-attachment":"scroll","background-type":"","background-media":"","overlay-type":"","overlay-color":"","overlay-opacity":"","overlay-gradient":""}}},"pwb-brand":[1007],"product_brand":[],"product_cat":[340,379],"product_tag":[],"class_list":{"0":"post-36702","1":"product","2":"type-product","3":"status-publish","4":"has-post-thumbnail","6":"pwb-brand-baterias-pytes","7":"product_cat-baterias","8":"product_cat-baterias-de-litio-de-alto-voltaje","9":"desktop-align-left","10":"tablet-align-left","11":"mobile-align-left","12":"ast-product-gallery-layout-horizontal-slider","13":"ast-product-tabs-layout-horizontal","15":"first","16":"instock","17":"taxable","18":"shipping-taxable","19":"purchasable","20":"product-type-simple"},"wcpa_form_fields":null,"brands":[{"id":1007,"name":"Pytes-Batterien","slug":"pytes-batterien"}],"_links":{"self":[{"href":"https:\/\/fvcomponentes.com\/de\/wp-json\/wp\/v2\/product\/36702","targetHints":{"allow":["GET"]}}],"collection":[{"href":"https:\/\/fvcomponentes.com\/de\/wp-json\/wp\/v2\/product"}],"about":[{"href":"https:\/\/fvcomponentes.com\/de\/wp-json\/wp\/v2\/types\/product"}],"replies":[{"embeddable":true,"href":"https:\/\/fvcomponentes.com\/de\/wp-json\/wp\/v2\/comments?post=36702"}],"wp:featuredmedia":[{"embeddable":true,"href":"https:\/\/fvcomponentes.com\/de\/wp-json\/wp\/v2\/media\/36918"}],"wp:attachment":[{"href":"https:\/\/fvcomponentes.com\/de\/wp-json\/wp\/v2\/media?parent=36702"}],"wp:term":[{"taxonomy":"pwb-brand","embeddable":true,"href":"https:\/\/fvcomponentes.com\/de\/wp-json\/wp\/v2\/pwb-brand?post=36702"},{"taxonomy":"product_brand","embeddable":true,"href":"https:\/\/fvcomponentes.com\/de\/wp-json\/wp\/v2\/product_brand?post=36702"},{"taxonomy":"product_cat","embeddable":true,"href":"https:\/\/fvcomponentes.com\/de\/wp-json\/wp\/v2\/product_cat?post=36702"},{"taxonomy":"product_tag","embeddable":true,"href":"https:\/\/fvcomponentes.com\/de\/wp-json\/wp\/v2\/product_tag?post=36702"}],"curies":[{"name":"wp","href":"https:\/\/api.w.org\/{rel}","templated":true}]}}