{"id":36699,"date":"2026-02-11T12:05:20","date_gmt":"2026-02-11T11:05:20","guid":{"rendered":"https:\/\/fvcomponentes.com\/?post_type=product&#038;p=36699"},"modified":"2026-02-18T12:28:52","modified_gmt":"2026-02-18T11:28:52","slug":"pytes-19-rack-schrank-fur-hv48100-akku-batterie-akku-bmu","status":"publish","type":"product","link":"https:\/\/fvcomponentes.com\/de\/producto\/armario-pytes-19-rack-cabinet-for-hv48100-battery-pack-battery-bmu\/","title":{"rendered":"Pytes 19\u2033 Rack Cabinet Schrank f\u00fcr HV48100 Batteriepack\/ Batterie BMU"},"content":{"rendered":"<h2>Pytes 19\u2033 Rack Cabinet Schrank f\u00fcr HV48100 Batteriepack\/ Batterie BMU<\/h2>\n<p>Der Pytes 19\u2033 Rack Cabinet wurde entwickelt, um Ihre Produkte sicher unterzubringen, zu organisieren und zu sch\u00fctzen. <a href=\"https:\/\/fvcomponentes.com\/de\/produkt\/bmu-modul-512kw-pytes-hv48100-hochspannungsakku-pack-pytes-hv48100-akku-pack\/\" target=\"_blank\" rel=\"noopener\">HV48100 Batteriemodule<\/a> von Pytes und seine <a href=\"https:\/\/fvcomponentes.com\/de\/produkt\/bcu-batterie-modul-pytes-hv-48100-bcu-batterie-steuergerat\/\" target=\"_blank\" rel=\"noopener\">Steuereinheit (BCU)<\/a>.<br \/>\nDar\u00fcber hinaus verf\u00fcgt es \u00fcber eine robuste Konstruktion und die Schutzart IP20.<\/p>\n<p>Dank seines 19-Zoll-Standardformats lassen sich die Batterien in ein professionelles Rack integrieren.<br \/>\nDies erleichtert die Installation, Wartung und Erweiterung des Systems, wenn die Kapazit\u00e4t erh\u00f6ht werden muss.<\/p>\n<p>Dieses Rack bietet mehrstufigen Sicherheitsschutz, zuverl\u00e4ssige Leistung und flexible Konfiguration.<br \/>\nAu\u00dferdem bietet es eine stabile Leistung \u00fcber einen breiten Temperaturbereich von -20 \u00b0C bis 60 \u00b0C.<\/p>\n<h2>Hauptmerkmale des Pytes 19\u2033 Rack Cabinet<\/h2>\n<h3>Robustes Design und Konstruktion<\/h3>\n<p>Das 19\"-Geh\u00e4use von Pytes besteht aus hochfestem Stahl und einer verst\u00e4rkten Struktur, die St\u00e4rke und Stabilit\u00e4t gew\u00e4hrleistet, um das HV48100-System vor versehentlichen St\u00f6\u00dfen, Vibrationen und m\u00e4\u00dfigen Umweltbedingungen zu sch\u00fctzen.<\/p>\n<p>Die standardm\u00e4\u00dfige 19-Zoll-Abdeckung (482,6 mm) erm\u00f6glicht es, bis zu 8 HV48100-Batteriemodule ordentlich vertikal zu stapeln.<\/p>\n<p>Das Design umfasst abnehmbare Seiten- und Frontplatten, was die Installation und Wartung der Batteriemodule vereinfacht.<br \/>\nAuch der Zugang zu Kabeln und Anschl\u00fcssen ist gut organisiert.<\/p>\n<p>Diese Art von Struktur vermeidet Improvisationen bei der Montage und sorgt f\u00fcr eine sichere und \u00e4sthetisch ansprechende Umgebung f\u00fcr Batteriesysteme.<\/p>\n<h3>Sicherheit<\/h3>\n<p>Sicherheit ist ein grundlegender Aspekt eines Hochspannungsbatterieschranks, daher tr\u00e4gt das Design des HV48100-Batterieschranks zum Schutz der HV48100-Batteriemodule bei:<\/p>\n<ul>\n<li>A <strong>Frontplatte mit Rei\u00dfverschluss<\/strong> (optional mit Schl\u00fcssel), um unbefugten Zugriff zu verhindern.<\/li>\n<li><strong>Kontrollierter und organisierter Zugang<\/strong>, Dadurch wird das Risiko eines versehentlichen Kontakts oder einer St\u00f6rung zwischen Kabeln und Ger\u00e4ten verringert.<\/li>\n<li><strong>Isolierte L\u00f6cher und T\u00fcllen<\/strong>, Die Isolierung der Leiter wird gesch\u00fctzt und die M\u00f6glichkeit einer mechanischen Besch\u00e4digung verringert.<\/li>\n<li><strong>Sichere Befestigungen f\u00fcr jedes Modul<\/strong>, Die Verbindung der Anschl\u00fcsse muss so erfolgen, dass Verschiebungen oder Spannungen vermieden werden.<\/li>\n<\/ul>\n<p>Diese Merkmale tragen zur Aufrechterhaltung angemessener Sicherheitsbedingungen bei, um die Lebensdauer der internen Komponenten zu verl\u00e4ngern.<\/p>\n<h3>Bel\u00fcftung<\/h3>\n<p>Der Pytes 19\u2033-Rackschrank verf\u00fcgt \u00fcber eine passive Bel\u00fcftung an den Seiten und an der Oberseite, die die nat\u00fcrliche Ableitung der von den Ger\u00e4ten erzeugten W\u00e4rme erm\u00f6glicht.<\/p>\n<p>Dar\u00fcber hinaus besteht die M\u00f6glichkeit, eine aktive Bel\u00fcftung (z. B. Ventilatoren oder W\u00e4rmemanagementsysteme) zu integrieren, falls die Installation dies erfordert.<\/p>\n<h3>Interne Organisation<\/h3>\n<p>Dieser Pytes-Schrank ist so organisiert, dass die HV48100-Batteriemodule \u00fcbersichtlich und professionell angeordnet werden k\u00f6nnen. Sein Inneres umfasst:<\/p>\n<ul>\n<li><strong>Standard EIA-Montageschienen<\/strong>, zur pr\u00e4zisen Positionierung der Batteriemodule.<\/li>\n<li><strong>Platz f\u00fcr eine geordnete Verkabelung<\/strong>, mit Verankerungspunkten f\u00fcr Kabelbinder und Kabelmanagement.<\/li>\n<li><strong>Verstellbare Tabletts<\/strong> die es erm\u00f6glichen, die innere Organisation des Geh\u00e4uses je nach Anzahl der zu installierenden Module oder Zubeh\u00f6rteile anzupassen.<\/li>\n<li><strong>Zugang von vorne und hinten<\/strong>, Dies erleichtert den Anschluss und die Wartung, ohne dass die gesamte Baugruppe demontiert werden muss.<\/li>\n<\/ul>\n<p>Diese interne Organisation macht den Schrank vielseitig einsetzbar und eignet sich sowohl f\u00fcr Neuinstallationen als auch f\u00fcr die Erweiterung bestehender Systeme.<\/p>\n<h3>Modularer Aufbau<\/h3>\n<p>Das Pytes 19\u2033 Rack Cabinet erm\u00f6glicht einen modularen Aufbau, so dass das System jederzeit erweitert werden kann.<\/p>\n<h2>Vorteile von Pytes 19\u2033 Rack Cabinet f\u00fcr HV48100 Batteriepack\/Batterie BMU<\/h2>\n<p>Die Vorteile dieses Schranks sind wie folgt:<\/p>\n<ul>\n<li>Standard 19-Zoll-Ausf\u00fchrung.<\/li>\n<li><span style=\"font-size: 16px\">Ordentlicher und professioneller Einbau.<\/span><\/li>\n<li>Robuste und sichere Struktur.<\/li>\n<li>Vorbereitet f\u00fcr HV48100 Batteriemodule.<\/li>\n<li>Erleichtert k\u00fcnftige Erweiterungen.<\/li>\n<li>Sie verbessert die Sicherheit und Zug\u00e4nglichkeit des Systems.<\/li>\n<li>Internes Kabelmanagement und verstellbare Kabelkan\u00e4le.<\/li>\n<li>Zug\u00e4nglichkeit von vorne und hinten f\u00fcr die Wartung.<\/li>\n<li>Passive und aktive Bel\u00fcftungsm\u00f6glichkeiten.<\/li>\n<\/ul>\n<h2>Anwendungen und Einsatzm\u00f6glichkeiten des Pytes 19\u2033 Rack Cabinet<\/h2>\n<p>Dieser Schrank ist ideal f\u00fcr den Einsatz in:<\/p>\n<ul>\n<li>Eigenverbrauchsanlagen f\u00fcr Privathaushalte mit Hochspannungsspeichern.<\/li>\n<li>Anlagen mit Energiesicherung.<\/li>\n<li>Netzgekoppelte Hybridsysteme.<\/li>\n<li>Gewerbliche oder industrielle Systeme, die eine zuverl\u00e4ssige und geordnete Lagerung erfordern.<\/li>\n<\/ul>\n<h2>Technische Informationen f\u00fcr Pytes 19\u2033 Rack Cabinet f\u00fcr HV48100 Batteriepack\/ Batterie BMU<\/h2>\n<p><a href=\"https:\/\/fvcomponentes.com\/wp-content\/uploads\/2026\/02\/Armario-Pytes-19-Rack-Cabinet-for-HV48100-battery-pack-battery-BMU.pdf\" target=\"_blank\" rel=\"noopener\">Pytes 19\u2033 Rack Cabinet Technisches Datenblatt<\/a><\/p>\n<p><a href=\"https:\/\/fvcomponentes.com\/wp-content\/uploads\/2026\/02\/Manual-Armario-Pytes-19-Rack-Cabinet-for-HV48100-battery-pack-battery-BMU.pdf\" target=\"_blank\" rel=\"noopener\">Pytes 19\u2033 Rack Cabinet Handbuch<\/a><\/p>","protected":false},"excerpt":{"rendered":"<ul>\n<li>Kompatibilit\u00e4t: Module <a href=\"https:\/\/fvcomponentes.com\/de\/produkt\/bmu-modul-512kw-pytes-hv48100-hochspannungsakku-pack-pytes-hv48100-akku-pack\/\" target=\"_blank\" rel=\"noopener\">BMU (Batterien)<\/a> y <a href=\"https:\/\/fvcomponentes.com\/de\/produkt\/bcu-batterie-modul-pytes-hv-48100-bcu-batterie-steuergerat\/\" target=\"_blank\" rel=\"noopener\">BCU<\/a> Pytes HV48100<\/li>\n<li>Skalierbarkeit: bis zu 8 Batteriemodule pro Geh\u00e4use<\/li>\n<li>Betriebstemperatur: -20 \u00b0C - +60 \u00b0C<\/li>\n<li>Schutzart: IP20<\/li>\n<li>Kommunikation: CAN, RS485, potentialfreier Kontakt, WiFi<\/li>\n<\/ul>","protected":false},"featured_media":36860,"comment_status":"closed","ping_status":"closed","template":"","meta":{"site-sidebar-layout":"default","site-content-layout":"","ast-site-content-layout":"default","site-content-style":"default","site-sidebar-style":"default","ast-global-header-display":"","ast-banner-title-visibility":"","ast-main-header-display":"","ast-hfb-above-header-display":"","ast-hfb-below-header-display":"","ast-hfb-mobile-header-display":"","site-post-title":"","ast-breadcrumbs-content":"","ast-featured-img":"","footer-sml-layout":"","ast-disable-related-posts":"","theme-transparent-header-meta":"default","adv-header-id-meta":"","stick-header-meta":"","header-above-stick-meta":"","header-main-stick-meta":"","header-below-stick-meta":"","astra-migrate-meta-layouts":"set","ast-page-background-enabled":"default","ast-page-background-meta":{"desktop":{"background-color":"var(--ast-global-color-4)","background-image":"","background-repeat":"repeat","background-position":"center center","background-size":"auto","background-attachment":"scroll","background-type":"","background-media":"","overlay-type":"","overlay-color":"","overlay-opacity":"","overlay-gradient":""},"tablet":{"background-color":"","background-image":"","background-repeat":"repeat","background-position":"center center","background-size":"auto","background-attachment":"scroll","background-type":"","background-media":"","overlay-type":"","overlay-color":"","overlay-opacity":"","overlay-gradient":""},"mobile":{"background-color":"","background-image":"","background-repeat":"repeat","background-position":"center center","background-size":"auto","background-attachment":"scroll","background-type":"","background-media":"","overlay-type":"","overlay-color":"","overlay-opacity":"","overlay-gradient":""}},"ast-content-background-meta":{"desktop":{"background-color":"var(--ast-global-color-5)","background-image":"","background-repeat":"repeat","background-position":"center center","background-size":"auto","background-attachment":"scroll","background-type":"","background-media":"","overlay-type":"","overlay-color":"","overlay-opacity":"","overlay-gradient":""},"tablet":{"background-color":"var(--ast-global-color-5)","background-image":"","background-repeat":"repeat","background-position":"center center","background-size":"auto","background-attachment":"scroll","background-type":"","background-media":"","overlay-type":"","overlay-color":"","overlay-opacity":"","overlay-gradient":""},"mobile":{"background-color":"var(--ast-global-color-5)","background-image":"","background-repeat":"repeat","background-position":"center center","background-size":"auto","background-attachment":"scroll","background-type":"","background-media":"","overlay-type":"","overlay-color":"","overlay-opacity":"","overlay-gradient":""}}},"pwb-brand":[1007],"product_brand":[],"product_cat":[414,340],"product_tag":[],"class_list":{"0":"post-36699","1":"product","2":"type-product","3":"status-publish","4":"has-post-thumbnail","6":"pwb-brand-baterias-pytes","7":"product_cat-armarios-rack-para-baterias","8":"product_cat-baterias","9":"product_shipping_class-paquetes-voluminosos","10":"desktop-align-left","11":"tablet-align-left","12":"mobile-align-left","13":"ast-product-gallery-layout-horizontal-slider","14":"ast-product-tabs-layout-horizontal","16":"first","17":"instock","18":"taxable","19":"shipping-taxable","20":"purchasable","21":"product-type-simple"},"wcpa_form_fields":null,"brands":[{"id":1007,"name":"Pytes-Batterien","slug":"pytes-batterien"}],"_links":{"self":[{"href":"https:\/\/fvcomponentes.com\/de\/wp-json\/wp\/v2\/product\/36699","targetHints":{"allow":["GET"]}}],"collection":[{"href":"https:\/\/fvcomponentes.com\/de\/wp-json\/wp\/v2\/product"}],"about":[{"href":"https:\/\/fvcomponentes.com\/de\/wp-json\/wp\/v2\/types\/product"}],"replies":[{"embeddable":true,"href":"https:\/\/fvcomponentes.com\/de\/wp-json\/wp\/v2\/comments?post=36699"}],"wp:featuredmedia":[{"embeddable":true,"href":"https:\/\/fvcomponentes.com\/de\/wp-json\/wp\/v2\/media\/36860"}],"wp:attachment":[{"href":"https:\/\/fvcomponentes.com\/de\/wp-json\/wp\/v2\/media?parent=36699"}],"wp:term":[{"taxonomy":"pwb-brand","embeddable":true,"href":"https:\/\/fvcomponentes.com\/de\/wp-json\/wp\/v2\/pwb-brand?post=36699"},{"taxonomy":"product_brand","embeddable":true,"href":"https:\/\/fvcomponentes.com\/de\/wp-json\/wp\/v2\/product_brand?post=36699"},{"taxonomy":"product_cat","embeddable":true,"href":"https:\/\/fvcomponentes.com\/de\/wp-json\/wp\/v2\/product_cat?post=36699"},{"taxonomy":"product_tag","embeddable":true,"href":"https:\/\/fvcomponentes.com\/de\/wp-json\/wp\/v2\/product_tag?post=36699"}],"curies":[{"name":"wp","href":"https:\/\/api.w.org\/{rel}","templated":true}]}}