{"id":36562,"date":"2026-02-05T15:13:53","date_gmt":"2026-02-05T14:13:53","guid":{"rendered":"https:\/\/fvcomponentes.com\/?post_type=product&#038;p=36562"},"modified":"2026-02-13T15:11:02","modified_gmt":"2026-02-13T14:11:02","slug":"magnetotermico-cc-alpha-500vdc-2p-63a-curva-c-6ka-epb63mdc2c63","status":"publish","type":"product","link":"https:\/\/fvcomponentes.com\/de\/producto\/magnetotermico-cc-alpha-500vdc-2p-63a-curva-c-6ka-epb63mdc2c63\/","title":{"rendered":"DC-Leitungsschutzschalter Alpha+ 500VDC 2P, 63A, C-Kurve 6kA - EPB63MDC2C63"},"content":{"rendered":"<h2>DC-Leitungsschutzschalter Alpha+ 500VDC 2P, 63A, C-Kurve 6kA - EPB63MDC2C63<\/h2>\n<p>Der Maxge Alpha+ 500 VDC 2P, 63A DC MCB ist ein Schutzschalter, der speziell f\u00fcr Hochstrom-Gleichstromkreise (DC) entwickelt wurde.<\/p>\n<p>Mit einer Nennspannung von 500 VDC, einem Nennstrom von 63 A und einer zweipoligen (2P) Konfiguration bietet dieser Schutzschalter einen umfassenden und zuverl\u00e4ssigen Schutz gegen anhaltende \u00dcberlastungen und pl\u00f6tzliche Kurzschl\u00fcsse und sorgt so f\u00fcr Sicherheit, Robustheit und Leistung in modernen elektrischen Anlagen, die mit Dauerstrom betrieben werden.<\/p>\n<p>Dank seines Ausschaltverm\u00f6gens von 6 kA kann der Leistungsschalter Kurzschlussstr\u00f6me von bis zu 6.000 Ampere sicher unterbrechen und so sowohl die Anlage als auch die angeschlossenen Ger\u00e4te sch\u00fctzen.<br \/>\nEs ist daher eine ideale Wahl f\u00fcr Anwendungen, bei denen eine hohe Leitf\u00e4higkeit und ein zuverl\u00e4ssiger Schutz gegen elektrische St\u00f6rungen erforderlich sind.<\/p>\n<p>Dieser MCB geh\u00f6rt zur Alpha+ DC-Familie von Maxge, einer Produktreihe, die f\u00fcr die besonderen Anforderungen des Gleichstroms entwickelt wurde, bei dem das Fehlen von Nulldurchg\u00e4ngen und das Management von Lichtb\u00f6gen spezielle Technologien und Designs erfordern.<\/p>\n<h2>Hauptmerkmale des Alpha+ DC MCB 500VDC 2P, 20A<\/h2>\n<h3>Vollst\u00e4ndiger bipolarer Schutz<\/h3>\n<p>Sein ein <strong>2-poliger MCB (2P)<\/strong>, Der Gleichstromkreis kann gleichzeitig von den beiden Hauptleitern (Plus und Minus) getrennt werden, was die Betriebssicherheit erh\u00f6ht und die Wartung erleichtert.<\/p>\n<p>Dies ist besonders bei Gleichstromanlagen wichtig, da es im Falle eines Fehlers eine vollst\u00e4ndige Isolierung des Systems gew\u00e4hrleistet und elektrische Gefahren reduziert.<\/p>\n<h3>Anspruchsvolle hohe Stromlasten<\/h3>\n<p>Mit einem <strong>Nennstrom 63 Ampere<\/strong>, Dieser Leistungsschalter ist f\u00fcr den Schutz von Stromkreisen mit hoher Leistungsbelastung ausgelegt, die gro\u00dfe Photovoltaik-Strings, Hilfsstromkreise von Wechselrichtern, Industrieanlagen und anspruchsvolle Lasten speisen.<\/p>\n<p>Wenn die Kabel richtig dimensioniert sind, garantiert dieser Schutzschalter einen sicheren, stabilen und kontinuierlichen Betrieb des Stromkreises.<\/p>\n<h3>Gleichgewicht zwischen Schutz und Stabilit\u00e4t<\/h3>\n<p>Der Alpha+ 500VDC 2P, 63A DC-Schutzschalter enth\u00e4lt einen <strong>Brennkurve C, <\/strong>der so ausgelegt ist, dass er m\u00e4\u00dfige Stromspitzen verkraftet, ohne dass es zu einer vorzeitigen Ausl\u00f6sung kommt.<\/p>\n<p>Die C-Kurve bietet ein optimales Gleichgewicht zwischen Empfindlichkeit und Toleranz und gew\u00e4hrleistet einen wirksamen Schutz gegen gef\u00e4hrliche \u00dcberstr\u00f6me und \u00dcberlastungen, ohne den normalen Betrieb der Anlage zu beeintr\u00e4chtigen.<\/p>\n<p>Dadurch werden Fehlausl\u00f6sungen vermieden, aber der Schutz gegen echte Kurzschl\u00fcsse wird nicht verringert.<br \/>\nDar\u00fcber hinaus ist die Installation stabiler.<\/p>\n<p>Er eignet sich daher f\u00fcr Stromkreise mit m\u00e4\u00dfigen Anlaufspitzen, wie z. B. Photovoltaikanlagen, Batterieb\u00e4nke, elektronische Ger\u00e4te, Netzteile und kleine Gleichstrommotoren.<\/p>\n<h3>Hohe Widerstandsf\u00e4higkeit<\/h3>\n<p>Ihr <strong>6 kA Ausschaltverm\u00f6gen<\/strong> bedeutet, dass dieser Schutzschalter in der Lage ist, Kurzschlussstr\u00f6me von bis zu 6.000 Ampere sicher zu unterbrechen, ohne Schaden zu nehmen oder seine Schutzwirkung zu verlieren.<\/p>\n<p>Diese Schneidleistung bietet ein angemessenes Ma\u00df an Sicherheit und Zuverl\u00e4ssigkeit bei den meisten anspruchsvollen Anwendungen.<\/p>\n<p>Mit anderen Worten: Dieser Schutzschalter bietet einen zuverl\u00e4ssigen Schutz f\u00fcr den t\u00e4glichen Gebrauch.<\/p>\n<h3>Sicherheit in Gleichstromanlagen (DC)<\/h3>\n<p>Bei Gleichstrom ist die Unterbrechung des Stromkreises anspruchsvoller als bei Wechselstrom, da es keinen nat\u00fcrlichen Nulldurchgang gibt.<\/p>\n<p>Aus diesem Grund ist dieser Leistungsschalter mit <strong>interne Lichtbogenl\u00f6schanlagen<\/strong> angepasst an DC, was einen sicheren und dauerhaften Schnitt garantiert.<\/p>\n<p>Somit bietet dieser Schutzschalter eine robuste und zuverl\u00e4ssige L\u00f6sung f\u00fcr den Schutz von Gleichstromanlagen mit Str\u00f6men bis zu 40A.<\/p>\n<h3>Schnelle Installation und praktisches Design<\/h3>\n<p>Der Alpha+ 500VDC 2P, 63A DC-Leistungsschalter ist konzipiert f\u00fcr <strong>Montage auf DIN-Schiene<\/strong>, Er l\u00e4sst sich schnell und einfach in jeder Standardschalttafel installieren.<\/p>\n<p>Ihr <strong>kompakte 36 mm breite Ausf\u00fchrung<\/strong> (18 mm pro Pol), tr\u00e4gt zur Optimierung des Platzangebots im Rahmen bei und bietet <strong>Fenster f\u00fcr Schaltkreismarker<\/strong> y <strong>eine visuelle Statussignalisierung (ein\/aus)<\/strong>, Der zu sch\u00fctzende Stromkreis kann leicht identifiziert werden.<\/p>\n<p>Dar\u00fcber hinaus hat es eine <strong>Terminals<\/strong> die f\u00fcr Kabel vorbereitet sind, die f\u00fcr diesen Strom geeignet sind (<strong>25<\/strong> <strong>mm\u00b2 f\u00fcr flexible Kabel und 35mm\u00b2 f\u00fcr starre Kabel<\/strong>).<br \/>\nDies gew\u00e4hrleistet feste, sichere und dauerhafte Verbindungen.<\/p>\n<h2>Alpha+ 500VDC 2P, 63A, C-Kurve, 6kA - EPB63MDC2C63 DC-Leistungsschalter - Betrieb und Anwendungen<\/h2>\n<p>Dieser Schutzschalter sch\u00fctzt den Stromkreis durch zwei sich erg\u00e4nzende Systeme:<\/p>\n<ul>\n<li><strong>Thermischer Schutz (\u00dcberlast):<\/strong> wirkt, wenn der Strom \u00fcber einen l\u00e4ngeren Zeitraum sichere Werte \u00fcberschreitet, und verhindert so eine \u00fcberm\u00e4\u00dfige Erw\u00e4rmung der Leiter und m\u00f6gliche Sch\u00e4den an den Ger\u00e4ten oder Brandgefahr.<\/li>\n<li><strong>Magnetischer Schutz (Kurzschluss):<\/strong> reagiert fast augenblicklich auf sehr hohe Str\u00f6me, unterbricht die Versorgung und sch\u00fctzt die Anlage vor schwerwiegenden Fehlern.<\/li>\n<\/ul>\n<p>Auf diese Weise sch\u00fctzt der Leistungsschalter sowohl vor progressiven Stromanstiegen als auch vor pl\u00f6tzlichen Fehlern und gew\u00e4hrleistet eine schnelle und effektive Reaktion.<\/p>\n<h2>Die wichtigsten Vorteile des Alpha+ DC MCB 500VDC 2P, 63A<\/h2>\n<p>Dieser Schutzschalter hat folgende Vorteile:<\/p>\n<ul>\n<li><strong>Sicherer DC-Betrieb:<\/strong><span style=\"font-size: 16px\"> garantiert eine korrekte L\u00f6schung von anhaltenden Lichtb\u00f6gen bei Gleichstrom.<\/span><\/li>\n<li><strong>Optimiert f\u00fcr Gleichstrom bis zu 500 V: <\/strong>bietet Sicherheit in Anlagen mit hohen Spannungen.<\/li>\n<li><strong>2-polig zur vollst\u00e4ndigen Unterbrechung des Gleichstromkreises: <\/strong>verbessert die Sicherheit bei Wartung und Betrieb.<\/li>\n<li><strong>Ausgeglichene C-Kurve:<\/strong> \u00fcbersteht \u00fcbliche Anlaufspitzen, ohne st\u00f6rende Ausl\u00f6sungen.<\/li>\n<li><strong>Hohe Schnittleistung:<\/strong> Sein Wert von 6 kA erm\u00f6glicht es, Stromkreise mit hohen Sicherheitsanforderungen zu sch\u00fctzen.<\/li>\n<li><strong>Schnelle und modulare Installation:<\/strong> ist einfach auf DIN-Schienen zu montieren und erm\u00f6glicht so ordentliche Erweiterungen.<\/li>\n<li><strong>Integrierter \u00dcberlast- und Kurzschlussschutz<\/strong>Kombination aus thermischem und magnetischem Schutz.<\/li>\n<li><strong>Reduziert den Kontaktverschlei\u00df und verl\u00e4ngert die Lebensdauer:<\/strong> dank technischer L\u00f6sungen zur Lichtbogenkontrolle und angepasster Geometrien.<\/li>\n<\/ul>\n<h2>Technische Informationen f\u00fcr Alpha+ 500VDC 2P, 63A, C-Kurve, 6kA DC-Schutzschalter - EPB63MDC2C63<\/h2>\n<p><a href=\"https:\/\/fvcomponentes.com\/wp-content\/uploads\/2026\/02\/es_fichas-tecnicas_ficha_tecnica_epb63mdc-1.pdf\" target=\"_blank\" rel=\"noopener\">Alpha+ 500VDC 2P, 63A DC Schutzschalter Datenblatt<\/a><\/p>","protected":false},"excerpt":{"rendered":"<ul>\n<li>Nennspannung: 500VDC<\/li>\n<li>Nennstrom: 63A<\/li>\n<li>Anzahl der Pole: 2P<\/li>\n<li>Ausl\u00f6sekurve C<\/li>\n<li>Ausschaltverm\u00f6gen: 6kA<\/li>\n<li>Montage: DIN-Schiene<\/li>\n<li>Anwendung: Schutz von Gleichstromkreisen<\/li>\n<li>Minimale Betriebsspannung: 12VDC<\/li>\n<li>Internationale Norm EN\/IEC60947-2<\/li>\n<li>Lokale Statussignalisierung<\/li>\n<li>Fenster f\u00fcr Schaltkreismarker<\/li>\n<li>Klemmenanschluss f\u00fcr Kupferkabel: 25mm\u00b2 bei flexiblen Kabeln und 35mm\u00b2 bei starren Kabeln<\/li>\n<li>Abmessungen: 36 mm (18 mm pro Pol)<\/li>\n<li>Erm\u00f6glicht die Anbringung von Zubeh\u00f6r und Betriebsmitteln<\/li>\n<li>Geeignet f\u00fcr die Sektionierung<\/li>\n<li>Arbeitstemperatur: von -5\u00baC bis + 40\u00baC.<\/li>\n<\/ul>","protected":false},"featured_media":36799,"comment_status":"closed","ping_status":"closed","template":"","meta":{"site-sidebar-layout":"default","site-content-layout":"","ast-site-content-layout":"default","site-content-style":"default","site-sidebar-style":"default","ast-global-header-display":"","ast-banner-title-visibility":"","ast-main-header-display":"","ast-hfb-above-header-display":"","ast-hfb-below-header-display":"","ast-hfb-mobile-header-display":"","site-post-title":"","ast-breadcrumbs-content":"","ast-featured-img":"","footer-sml-layout":"","ast-disable-related-posts":"","theme-transparent-header-meta":"default","adv-header-id-meta":"","stick-header-meta":"","header-above-stick-meta":"","header-main-stick-meta":"","header-below-stick-meta":"","astra-migrate-meta-layouts":"set","ast-page-background-enabled":"default","ast-page-background-meta":{"desktop":{"background-color":"var(--ast-global-color-4)","background-image":"","background-repeat":"repeat","background-position":"center center","background-size":"auto","background-attachment":"scroll","background-type":"","background-media":"","overlay-type":"","overlay-color":"","overlay-opacity":"","overlay-gradient":""},"tablet":{"background-color":"","background-image":"","background-repeat":"repeat","background-position":"center center","background-size":"auto","background-attachment":"scroll","background-type":"","background-media":"","overlay-type":"","overlay-color":"","overlay-opacity":"","overlay-gradient":""},"mobile":{"background-color":"","background-image":"","background-repeat":"repeat","background-position":"center center","background-size":"auto","background-attachment":"scroll","background-type":"","background-media":"","overlay-type":"","overlay-color":"","overlay-opacity":"","overlay-gradient":""}},"ast-content-background-meta":{"desktop":{"background-color":"var(--ast-global-color-5)","background-image":"","background-repeat":"repeat","background-position":"center center","background-size":"auto","background-attachment":"scroll","background-type":"","background-media":"","overlay-type":"","overlay-color":"","overlay-opacity":"","overlay-gradient":""},"tablet":{"background-color":"var(--ast-global-color-5)","background-image":"","background-repeat":"repeat","background-position":"center center","background-size":"auto","background-attachment":"scroll","background-type":"","background-media":"","overlay-type":"","overlay-color":"","overlay-opacity":"","overlay-gradient":""},"mobile":{"background-color":"var(--ast-global-color-5)","background-image":"","background-repeat":"repeat","background-position":"center center","background-size":"auto","background-attachment":"scroll","background-type":"","background-media":"","overlay-type":"","overlay-color":"","overlay-opacity":"","overlay-gradient":""}}},"pwb-brand":[1018],"product_brand":[],"product_cat":[990,410],"product_tag":[],"class_list":{"0":"post-36562","1":"product","2":"type-product","3":"status-publish","4":"has-post-thumbnail","6":"pwb-brand-maxge","7":"product_cat-magnetotermicos","8":"product_cat-material-electrico","9":"desktop-align-left","10":"tablet-align-left","11":"mobile-align-left","12":"ast-product-gallery-layout-horizontal-slider","13":"ast-product-gallery-with-no-image","14":"ast-product-tabs-layout-horizontal","16":"first","17":"instock","18":"taxable","19":"shipping-taxable","20":"purchasable","21":"product-type-simple"},"wcpa_form_fields":null,"brands":[{"id":1018,"name":"Maxge Elektrische Schutzeinrichtungen","slug":"maxge"}],"_links":{"self":[{"href":"https:\/\/fvcomponentes.com\/de\/wp-json\/wp\/v2\/product\/36562","targetHints":{"allow":["GET"]}}],"collection":[{"href":"https:\/\/fvcomponentes.com\/de\/wp-json\/wp\/v2\/product"}],"about":[{"href":"https:\/\/fvcomponentes.com\/de\/wp-json\/wp\/v2\/types\/product"}],"replies":[{"embeddable":true,"href":"https:\/\/fvcomponentes.com\/de\/wp-json\/wp\/v2\/comments?post=36562"}],"wp:featuredmedia":[{"embeddable":true,"href":"https:\/\/fvcomponentes.com\/de\/wp-json\/wp\/v2\/media\/36799"}],"wp:attachment":[{"href":"https:\/\/fvcomponentes.com\/de\/wp-json\/wp\/v2\/media?parent=36562"}],"wp:term":[{"taxonomy":"pwb-brand","embeddable":true,"href":"https:\/\/fvcomponentes.com\/de\/wp-json\/wp\/v2\/pwb-brand?post=36562"},{"taxonomy":"product_brand","embeddable":true,"href":"https:\/\/fvcomponentes.com\/de\/wp-json\/wp\/v2\/product_brand?post=36562"},{"taxonomy":"product_cat","embeddable":true,"href":"https:\/\/fvcomponentes.com\/de\/wp-json\/wp\/v2\/product_cat?post=36562"},{"taxonomy":"product_tag","embeddable":true,"href":"https:\/\/fvcomponentes.com\/de\/wp-json\/wp\/v2\/product_tag?post=36562"}],"curies":[{"name":"wp","href":"https:\/\/api.w.org\/{rel}","templated":true}]}}