{"id":36560,"date":"2026-02-05T15:10:54","date_gmt":"2026-02-05T14:10:54","guid":{"rendered":"https:\/\/fvcomponentes.com\/?post_type=product&#038;p=36560"},"modified":"2026-02-13T13:55:29","modified_gmt":"2026-02-13T12:55:29","slug":"magnetotermico-cc-alpha-500vdc-2p-25a-gebogen-c-6ka-epb63mdc2c25","status":"publish","type":"product","link":"https:\/\/fvcomponentes.com\/de\/producto\/magnetotermico-cc-alpha-500vdc-2p-25a-curva-c-6ka-epb63mdc2c25\/","title":{"rendered":"DC-Leistungsschalter Alpha+ 500VDC 2P, 25A, C-Kurve 6kA - EPB63MDC2C25"},"content":{"rendered":"<h2>DC-Leistungsschalter Alpha+ 500VDC 2P, 25A, C-Kurve 6kA - EPB63MDC2C25<\/h2>\n<p>Der Maxge Alpha+ 500 VDC 2P, 25 A DC-Leistungsschalter ist ein Leistungsschalter, der speziell f\u00fcr den Schutz von Gleichstromkreisen in Hochspannungs-Gleichstromanlagen entwickelt wurde.<\/p>\n<p>Mit einer Bemessungsspannung von 500 VDC, einem Bemessungsstrom von 25 A und einer zweipoligen (2P) Konfiguration bietet dieser Leistungsschalter einen wirksamen Schutz gegen \u00dcberlast und Kurzschluss, wobei er ein Gleichgewicht zwischen Empfindlichkeit und Robustheit herstellt, um einen zuverl\u00e4ssigen und sicheren Schutz zu bieten, der an die Anforderungen mittlerer und anspruchsvoller elektrischer Anlagen angepasst ist.<\/p>\n<p>Dar\u00fcber hinaus verf\u00fcgt er \u00fcber ein Ausschaltverm\u00f6gen von 6 kA, wodurch er Fehlerstr\u00f6me von bis zu 6.000 Ampere sicher unterbrechen kann.<br \/>\nSie garantiert daher die Unversehrtheit der Schalttafel und den Schutz der angeschlossenen Ger\u00e4te auch unter schweren Kurzschlussbedingungen.<\/p>\n<p>Dieser Leistungsschalter geh\u00f6rt zur Familie Alpha+ DC, einer Baureihe, die nach technischen Kriterien entwickelt wurde, die sich an den besonderen Merkmalen des Gleichstroms orientieren, wo das Fehlen von Nulldurchg\u00e4ngen des Signals und das Fortbestehen von Lichtb\u00f6gen eine spezifische Konstruktion erfordern, um eine effiziente Fehlerunterbrechung zu gew\u00e4hrleisten.<\/p>\n<h2>Hauptmerkmale des Alpha+ DC MCB 500VDC 2P, 25A<\/h2>\n<h3>Vollst\u00e4ndiger bipolarer Schutz<\/h3>\n<p>Sein ein <strong>2-poliger MCB (2P)<\/strong>, Der Gleichstromkreis kann gleichzeitig von den beiden Hauptleitern (Plus und Minus) getrennt werden, was die Betriebssicherheit erh\u00f6ht und die Wartung erleichtert.<\/p>\n<p>Dies ist besonders bei Gleichstromanlagen wichtig, da es im Falle eines Fehlers eine vollst\u00e4ndige Isolierung des Systems gew\u00e4hrleistet und elektrische Gefahren reduziert.<\/p>\n<h3>Anspruchsvollere Lasten<\/h3>\n<p>Mit einem <strong>25 Ampere Nennstrom<\/strong>, Dieser Schutzschalter ist f\u00fcr Leitungen mit h\u00f6herem Verbrauch als die Standardstromkreise von 16 A oder 20 A ausgelegt.<\/p>\n<p>Er wird h\u00e4ufig zum Schutz von Schaltkreisen mit m\u00e4\u00dfig hohem Stromverbrauch, von Hilfsstromversorgungen oder bestimmten Lasten innerhalb komplexerer Systeme eingesetzt.<\/p>\n<p>Vorausgesetzt, die Installation ist richtig dimensioniert (ausreichender Kabelquerschnitt und zus\u00e4tzliche Schutzvorrichtungen).<span style=\"font-size: 16px\">, Der Schutzschalter gew\u00e4hrleistet einen stabilen, sicheren Betrieb ohne unn\u00f6tige Ausf\u00e4lle.<\/span><\/p>\n<h3>Gleichgewicht zwischen Schutz und Stabilit\u00e4t<\/h3>\n<p>Der DC Alpha+ 500VDC 2P, 25A DC-Schutzschalter verf\u00fcgt \u00fcber einen <strong>Brennkurve C, <\/strong>der so ausgelegt ist, dass er m\u00e4\u00dfige Stromspitzen verkraftet, ohne dass es zu einer vorzeitigen Ausl\u00f6sung kommt.<\/p>\n<p>Die C-Kurve bietet ein optimales Gleichgewicht zwischen Empfindlichkeit und Toleranz und gew\u00e4hrleistet einen wirksamen Schutz gegen gef\u00e4hrliche \u00dcberstr\u00f6me und \u00dcberlastungen, ohne den normalen Betrieb der Anlage zu beeintr\u00e4chtigen.<\/p>\n<p>Dadurch werden Fehlausl\u00f6sungen vermieden, aber der Schutz gegen echte Kurzschl\u00fcsse wird nicht verringert.<br \/>\nDar\u00fcber hinaus ist die Installation stabiler<\/p>\n<p>Er eignet sich daher f\u00fcr Stromkreise mit m\u00e4\u00dfigen Anlaufspitzen, wie z. B. Photovoltaikanlagen, Batterieb\u00e4nke, Wechselrichter, elektronische Ger\u00e4te und DC-Energiespeichersysteme.<\/p>\n<h3>Hohe Kurzschlussfestigkeit<\/h3>\n<p>Ihr <strong>6 kA Ausschaltverm\u00f6gen<\/strong> bedeutet, dass er gro\u00dfe Kurzschl\u00fcsse von bis zu 6.000 Ampere sicher unterbrechen kann, ohne dass es zu Sch\u00e4den oder Eigenschaftsverlusten kommt.<\/p>\n<p>Dieser Wert gew\u00e4hrleistet ein angemessenes und sicheres Schutzniveau f\u00fcr die meisten industriellen oder kommerziellen Gleichstromanwendungen (DC).<\/p>\n<p>Es bietet ein gutes Ma\u00df an Sicherheit und Schutz f\u00fcr die meisten g\u00e4ngigen Niederspannungs-Gleichstrominstallationen.<\/p>\n<h3>Sicherheit in Gleichstromanlagen (DC)<\/h3>\n<p>Die Unterbrechung von Gleichstrom ist anspruchsvoller als die von Wechselstrom, da es keinen Nulldurchgang gibt.<\/p>\n<p>Aus diesem Grund ist dieser Schutzschalter mit<strong> Lichtbogen-L\u00f6schanlagen<\/strong> geeignet f\u00fcr DC, garantiert einen sicheren und dauerhaften Schnitt.<\/p>\n<p>Damit bietet der Alpha+ DC-MCB eine robuste, zuverl\u00e4ssige und sofort einsatzbereite L\u00f6sung f\u00fcr den effektiven Schutz elektrischer Gleichstromsysteme.<\/p>\n<h3>Einfache Installation und kompakte Bauweise<\/h3>\n<p>Der DC Alpha+ 2P, 25A ist konzipiert f\u00fcr <strong>Montage auf DIN-Schiene<\/strong>, Dies erm\u00f6glicht eine schnelle und saubere Installation in jeder Schalttafel und beg\u00fcnstigt die Erweiterung und Organisation der Verteilung.<\/p>\n<p>Ihr <strong>Terminals<\/strong> bereit sind, Kabel mit einem f\u00fcr diese Stromst\u00e4rke geeigneten Querschnitt aufzunehmen (<strong>16mm\u00b2 bei flexiblen Kabeln und 25mm\u00b2 bei starren Kabeln<\/strong>). Dies garantiert feste und sichere Verbindungen, ohne \u00dcberhitzung oder falsche Kontakte.<\/p>\n<p>Dar\u00fcber hinaus hat es eine <strong>kompakte 36 mm breite Ausf\u00fchrung<\/strong> (18 mm pro Pol), und es verf\u00fcgt \u00fcber <strong>Fenster f\u00fcr Schaltkreismarker<\/strong> y <strong>eine visuelle Statussignalisierung (ein\/aus)<\/strong>, Der zu sch\u00fctzende Stromkreis kann leicht identifiziert werden.<br \/>\nDaher bietet es eine schnelle Diagnose und ist sehr einfach zu warten.<\/p>\n<h2>Alpha+ 500VDC 2P, 25A, C-Kurve, 6kA - EPB63MDC2C25 DC-Leistungsschalter - Betrieb und Anwendungen<\/h2>\n<p>Dieser Schutzschalter sch\u00fctzt den Stromkreis durch zwei sich erg\u00e4nzende Systeme:<\/p>\n<ul>\n<li><strong>Thermischer Schutz (\u00dcberlast):<\/strong> wirkt, wenn der Strom \u00fcber einen l\u00e4ngeren Zeitraum sichere Werte \u00fcberschreitet, und verhindert so eine \u00fcberm\u00e4\u00dfige Erw\u00e4rmung der Leiter und m\u00f6gliche Sch\u00e4den an den Ger\u00e4ten oder Brandgefahr.<\/li>\n<li><strong>Magnetischer Schutz (Kurzschluss):<\/strong> reagiert fast augenblicklich auf sehr hohe Str\u00f6me, unterbricht die Versorgung und sch\u00fctzt die Anlage vor schwerwiegenden Fehlern.<\/li>\n<\/ul>\n<p>Auf diese Weise sch\u00fctzt der Leistungsschalter sowohl vor progressiven Stromanstiegen als auch vor pl\u00f6tzlichen Fehlern und gew\u00e4hrleistet eine schnelle und effektive Reaktion.<\/p>\n<h2>Hauptvorteile des DC Alpha+ 500VDC 2P, 25A DC-Schutzschalters<\/h2>\n<p>Dieser Schutzschalter hat folgende Vorteile:<\/p>\n<ul>\n<li><strong>Sicherer DC-Betrieb:<\/strong><span style=\"font-size: 16px\"> garantiert eine korrekte L\u00f6schung von anhaltenden Lichtb\u00f6gen bei Gleichstrom.<\/span><\/li>\n<li><strong>Optimiert f\u00fcr Gleichstrom bis zu 500 V: <\/strong>bietet mehr Sicherheit und Kontrolle in Anlagen, die mit hohen Gleichspannungen arbeiten.<\/li>\n<li><strong>2-polig zur vollst\u00e4ndigen Unterbrechung des Gleichstromkreises: <\/strong>verbessert die Sicherheit bei Wartung und Betrieb.<\/li>\n<li><strong>Ausgeglichene C-Kurve:<\/strong> vertr\u00e4gt vor\u00fcbergehende Stromst\u00f6\u00dfe, ohne unn\u00f6tig auszul\u00f6sen.<\/li>\n<li><strong>Hohe Schaltleistung von 6 kA:<\/strong> erm\u00f6glicht einen wirksamen Schutz der Stromkreise vor gr\u00f6\u00dferen Stromausf\u00e4llen.<\/li>\n<li><strong>Vielseitige Installation:<\/strong> l\u00e4sst sich leicht auf DIN-Schienen montieren und erm\u00f6glicht so Modularit\u00e4t und Ordnung in der Schalttafel.<\/li>\n<li><strong>Doppelter thermischer und magnetischer Schutz:<\/strong> integriert einen sicheren Schutz gegen \u00dcberlast und Kurzschluss.<\/li>\n<li><strong>Reduziert den Kontaktverschlei\u00df und verl\u00e4ngert die Lebensdauer:<\/strong> dank technischer L\u00f6sungen zur Lichtbogenkontrolle und angepasster Geometrien.<\/li>\n<\/ul>\n<h2>Technische Informationen f\u00fcr Alpha+ 500VDC 2P, 25A, C-Kurve, 6kA DC-Schutzschalter - EPB63MDC2C25<\/h2>\n<p><a href=\"https:\/\/fvcomponentes.com\/wp-content\/uploads\/2026\/02\/es_fichas-tecnicas_ficha_tecnica_epb63mdc-1.pdf\" target=\"_blank\" rel=\"noopener\">Datenblatt Magnetotermico DC Alpha+ 500VDC 2P, 25A<\/a><\/p>","protected":false},"excerpt":{"rendered":"<ul>\n<li>Nennspannung: 500VDC<\/li>\n<li>Nennstrom: 25A<\/li>\n<li>Anzahl der Pole: 2P<\/li>\n<li>Ausl\u00f6sekurve C<\/li>\n<li>Ausschaltverm\u00f6gen: 6kA<\/li>\n<li>Montage: DIN-Schiene<\/li>\n<li>Anwendung: Schutz von Gleichstromkreisen<\/li>\n<li>Minimale Betriebsspannung: 12VDC<\/li>\n<li>Internationale Norm EN\/IEC60947-2<\/li>\n<li>Lokale Statussignalisierung<\/li>\n<li>Fenster f\u00fcr Schaltkreismarker<\/li>\n<li>Klemmenanschluss f\u00fcr Kupferkabel: 16mm\u00b2 bei flexiblen Kabeln und 25mm\u00b2 bei starren Kabeln<\/li>\n<li>Abmessungen: 36 mm (18 mm pro Pol)<\/li>\n<li>Erm\u00f6glicht die Anbringung von Zubeh\u00f6r und Betriebsmitteln<\/li>\n<li>Geeignet f\u00fcr die Sektionierung<\/li>\n<li>Arbeitstemperatur: von -5\u00baC bis + 40\u00baC.<\/li>\n<\/ul>","protected":false},"featured_media":36794,"comment_status":"closed","ping_status":"closed","template":"","meta":{"site-sidebar-layout":"default","site-content-layout":"","ast-site-content-layout":"default","site-content-style":"default","site-sidebar-style":"default","ast-global-header-display":"","ast-banner-title-visibility":"","ast-main-header-display":"","ast-hfb-above-header-display":"","ast-hfb-below-header-display":"","ast-hfb-mobile-header-display":"","site-post-title":"","ast-breadcrumbs-content":"","ast-featured-img":"","footer-sml-layout":"","ast-disable-related-posts":"","theme-transparent-header-meta":"default","adv-header-id-meta":"","stick-header-meta":"","header-above-stick-meta":"","header-main-stick-meta":"","header-below-stick-meta":"","astra-migrate-meta-layouts":"set","ast-page-background-enabled":"default","ast-page-background-meta":{"desktop":{"background-color":"var(--ast-global-color-4)","background-image":"","background-repeat":"repeat","background-position":"center center","background-size":"auto","background-attachment":"scroll","background-type":"","background-media":"","overlay-type":"","overlay-color":"","overlay-opacity":"","overlay-gradient":""},"tablet":{"background-color":"","background-image":"","background-repeat":"repeat","background-position":"center center","background-size":"auto","background-attachment":"scroll","background-type":"","background-media":"","overlay-type":"","overlay-color":"","overlay-opacity":"","overlay-gradient":""},"mobile":{"background-color":"","background-image":"","background-repeat":"repeat","background-position":"center center","background-size":"auto","background-attachment":"scroll","background-type":"","background-media":"","overlay-type":"","overlay-color":"","overlay-opacity":"","overlay-gradient":""}},"ast-content-background-meta":{"desktop":{"background-color":"var(--ast-global-color-5)","background-image":"","background-repeat":"repeat","background-position":"center center","background-size":"auto","background-attachment":"scroll","background-type":"","background-media":"","overlay-type":"","overlay-color":"","overlay-opacity":"","overlay-gradient":""},"tablet":{"background-color":"var(--ast-global-color-5)","background-image":"","background-repeat":"repeat","background-position":"center center","background-size":"auto","background-attachment":"scroll","background-type":"","background-media":"","overlay-type":"","overlay-color":"","overlay-opacity":"","overlay-gradient":""},"mobile":{"background-color":"var(--ast-global-color-5)","background-image":"","background-repeat":"repeat","background-position":"center center","background-size":"auto","background-attachment":"scroll","background-type":"","background-media":"","overlay-type":"","overlay-color":"","overlay-opacity":"","overlay-gradient":""}}},"pwb-brand":[1018],"product_brand":[],"product_cat":[990,410],"product_tag":[],"class_list":{"0":"post-36560","1":"product","2":"type-product","3":"status-publish","4":"has-post-thumbnail","6":"pwb-brand-maxge","7":"product_cat-magnetotermicos","8":"product_cat-material-electrico","9":"desktop-align-left","10":"tablet-align-left","11":"mobile-align-left","12":"ast-product-gallery-layout-horizontal-slider","13":"ast-product-gallery-with-no-image","14":"ast-product-tabs-layout-horizontal","16":"first","17":"instock","18":"taxable","19":"shipping-taxable","20":"purchasable","21":"product-type-simple"},"wcpa_form_fields":null,"brands":[{"id":1018,"name":"Maxge Elektrische Schutzeinrichtungen","slug":"maxge"}],"_links":{"self":[{"href":"https:\/\/fvcomponentes.com\/de\/wp-json\/wp\/v2\/product\/36560","targetHints":{"allow":["GET"]}}],"collection":[{"href":"https:\/\/fvcomponentes.com\/de\/wp-json\/wp\/v2\/product"}],"about":[{"href":"https:\/\/fvcomponentes.com\/de\/wp-json\/wp\/v2\/types\/product"}],"replies":[{"embeddable":true,"href":"https:\/\/fvcomponentes.com\/de\/wp-json\/wp\/v2\/comments?post=36560"}],"wp:featuredmedia":[{"embeddable":true,"href":"https:\/\/fvcomponentes.com\/de\/wp-json\/wp\/v2\/media\/36794"}],"wp:attachment":[{"href":"https:\/\/fvcomponentes.com\/de\/wp-json\/wp\/v2\/media?parent=36560"}],"wp:term":[{"taxonomy":"pwb-brand","embeddable":true,"href":"https:\/\/fvcomponentes.com\/de\/wp-json\/wp\/v2\/pwb-brand?post=36560"},{"taxonomy":"product_brand","embeddable":true,"href":"https:\/\/fvcomponentes.com\/de\/wp-json\/wp\/v2\/product_brand?post=36560"},{"taxonomy":"product_cat","embeddable":true,"href":"https:\/\/fvcomponentes.com\/de\/wp-json\/wp\/v2\/product_cat?post=36560"},{"taxonomy":"product_tag","embeddable":true,"href":"https:\/\/fvcomponentes.com\/de\/wp-json\/wp\/v2\/product_tag?post=36560"}],"curies":[{"name":"wp","href":"https:\/\/api.w.org\/{rel}","templated":true}]}}