{"id":36558,"date":"2026-02-05T15:07:09","date_gmt":"2026-02-05T14:07:09","guid":{"rendered":"https:\/\/fvcomponentes.com\/?post_type=product&#038;p=36558"},"modified":"2026-02-13T11:58:36","modified_gmt":"2026-02-13T10:58:36","slug":"magnetotermico-cc-alpha-500vdc-2p-16a-curva-c-6ka-epb63mdc2c16","status":"publish","type":"product","link":"https:\/\/fvcomponentes.com\/de\/producto\/magnetotermico-cc-alpha-500vdc-2p-16a-curva-c-6ka-epb63mdc2c16\/","title":{"rendered":"DC-Leistungsschalter Alpha+ 500VDC 2P, 16A, C-Kurve 6kA - EPB63MDC2C16"},"content":{"rendered":"<h2>DC-Leistungsschalter Alpha+ 500VDC 2P, 16A, C-Kurve 6kA - EPB63MDC2C16<\/h2>\n<p>Der Maxge Alpha+ 500VDC 2P, 16A DC-Leistungsschalter ist ein Leistungsschalter, der speziell f\u00fcr den Schutz von Gleichstromkreisen (DC) entwickelt wurde und Sicherheit, Robustheit und Zuverl\u00e4ssigkeit in modernen DC-Anwendungen wie Photovoltaikanlagen, Batteriesystemen, erneuerbaren Energien und anderen industriellen DC-Anwendungen bietet.<\/p>\n<p>Mit einer Nennspannung von 500 VDC, einem Strom von 16 A und einer 2-poligen (2P) Konfiguration gew\u00e4hrleistet dieses Ger\u00e4t einen wirksamen Schutz gegen \u00dcberlastungen und Kurzschl\u00fcsse in den anspruchsvollsten elektrischen Anlagen.<\/p>\n<p>Dar\u00fcber hinaus verf\u00fcgt er \u00fcber ein Ausschaltverm\u00f6gen von 6 kA, das es ihm erm\u00f6glicht, hohe Fehlerstr\u00f6me sicher zu unterbrechen und sowohl die Anlage als auch die angeschlossenen Ger\u00e4te zu sch\u00fctzen.<\/p>\n<p>Dieser Leistungsschalter geh\u00f6rt zur Familie Alpha+ DC, die unter Ber\u00fccksichtigung der technischen Anforderungen des Gleichstroms entwickelt wurde, bei dem das Fehlen eines Nulldurchgangs des elektrischen Signals und das m\u00f6gliche Fortbestehen von Lichtb\u00f6gen eine spezielle Konstruktion erfordern, um Fehlerstr\u00f6me wirksamer zu unterbrechen als herk\u00f6mmliche Leistungsschalter f\u00fcr Wechselstrom.<\/p>\n<h2>Hauptmerkmale des Alpha+ 500VDC 2P, 16A DC-Leistungsschalters DC Alpha+ 500VDC 2P, 16A<\/h2>\n<h3>Vollst\u00e4ndiger Schutz von Phase und Nullleiter<\/h3>\n<p>Sein von<strong> 2-polig (2P)<\/strong>, Dieser Leistungsschalter sch\u00fctzt und trennt gleichzeitig die Phase und den Nullleiter. Dadurch wird sichergestellt, dass der Stromkreis vollst\u00e4ndig isoliert ist, wenn der Schutzschalter manuell ausgel\u00f6st oder ausgeschaltet wird, was die Sicherheit bei Wartungs- oder Instandhaltungsarbeiten an der elektrischen Anlage erh\u00f6ht.<\/p>\n<p>Diese Art des Schutzes ist besonders in Gleichstromanlagen zu empfehlen, wo es notwendig ist, beide Pole zu unterbrechen, um eine vollst\u00e4ndige Trennung des Stromkreises zu gew\u00e4hrleisten.<\/p>\n<p>Daher ist dieses Modell ideal f\u00fcr Anwendungen, bei denen ein h\u00f6heres Ma\u00df an Sicherheit beim Schalten von Stromkreisen erforderlich ist.<\/p>\n<h3>Typische Verwendung in Hausinstallationen<\/h3>\n<p>Mit einem <strong>Nennstrom 16 Ampere<\/strong>, Dieser Schutzschalter ist ideal f\u00fcr Stromkreise mit m\u00e4\u00dfigem Verbrauch und eignet sich f\u00fcr Zwischenlasten oder Teilstromkreise in komplexeren Systemen.<\/p>\n<p>Bei ordnungsgem\u00e4\u00dfer Installation garantiert der Leistungsschalter einen stabilen und sicheren Betrieb ohne unn\u00f6tige Ausf\u00e4lle.<\/p>\n<h3>Stabilit\u00e4t ohne l\u00e4stiges Ausl\u00f6sen<\/h3>\n<p>Die <strong>Brennkurve C<\/strong> erm\u00f6glicht es dem Schutzschalter, m\u00e4\u00dfige Stromspitzen, wie sie z. B. beim Einschalten bestimmter elektrischer Ger\u00e4te auftreten, zu bew\u00e4ltigen, ohne unn\u00f6tige Ausl\u00f6sungen zu verursachen.<\/p>\n<p>Das bedeutet weniger ungeplante Ausf\u00e4lle, h\u00f6heren Nutzungskomfort und guten Schutz vor echten \u00dcberlastungen und Kurzschl\u00fcssen.<\/p>\n<p>Daher ist die C-Kurve eine der am h\u00e4ufigsten verwendeten Kurven in allgemeinen Anlagen.<\/p>\n<h3>Hohe Widerstandsf\u00e4higkeit<\/h3>\n<p>Ihr <strong>6 kA Ausschaltverm\u00f6gen<\/strong> bedeutet, dass dieser Schutzschalter in der Lage ist, Kurzschlussstr\u00f6me von bis zu 6.000 Ampere sicher zu unterbrechen, ohne Schaden zu nehmen oder seine Schutzwirkung zu verlieren.<\/p>\n<p>Dieses Ausschaltverm\u00f6gen bietet ein angemessenes Ma\u00df an Sicherheit und Zuverl\u00e4ssigkeit f\u00fcr die meisten Gleichstromanwendungen mit geringer\/mittlerer Leistung.<\/p>\n<p>Mit anderen Worten: Dieser Schutzschalter bietet einen zuverl\u00e4ssigen Schutz f\u00fcr den t\u00e4glichen Gebrauch.<\/p>\n<h3>Sicherheit in Gleichstromanlagen (DC)<\/h3>\n<p>Die Unterbrechung von Gleichstrom ist anspruchsvoller als die von Wechselstrom, da es keinen Nulldurchgang gibt.<\/p>\n<p>Aus diesem Grund ist dieser Schutzschalter mit <strong>Lichtbogen-L\u00f6schanlagen<\/strong> geeignet f\u00fcr DC, garantiert einen sicheren und dauerhaften Schnitt.<\/p>\n<p>Damit bietet der Alpha+ DC-MCB eine robuste, zuverl\u00e4ssige und sofort einsatzbereite L\u00f6sung f\u00fcr den effektiven Schutz elektrischer Gleichstromsysteme.<\/p>\n<h3>Schnelle Installation und praktisches Design<\/h3>\n<p>Der Alpha+ 500VDC 2P, 16A DC-Leistungsschalter ist konzipiert f\u00fcr <strong>Montage auf DIN-Schiene<\/strong>, Er l\u00e4sst sich schnell und einfach in jeder Standardschalttafel installieren.<\/p>\n<p>Ihr <strong>kompakte 36 mm breite Ausf\u00fchrung<\/strong> (18 mm pro Pol), tr\u00e4gt zur Optimierung des Platzangebots im Rahmen bei und bietet <strong>Fenster f\u00fcr Schaltkreismarker<\/strong> y <strong>eine visuelle Statussignalisierung (ein\/aus)<\/strong>, Der zu sch\u00fctzende Stromkreis kann leicht identifiziert werden.<\/p>\n<p>Dar\u00fcber hinaus hat es eine <strong>Terminals<\/strong> die f\u00fcr Kabel vorbereitet sind, die f\u00fcr diesen Strom geeignet sind (<strong>16mm\u00b2 bei flexiblen Kabeln und 25mm\u00b2 bei starren Kabeln<\/strong>).<br \/>\nDies gew\u00e4hrleistet feste, sichere und dauerhafte Verbindungen.<\/p>\n<h2>Alpha+ 500VDC 2P, 16A, C-Kurve, 6kA - EPB63MDC2C16 DC-Leistungsschalter - Betrieb und Anwendungen<\/h2>\n<p>Dieser Schutzschalter sch\u00fctzt den Stromkreis durch zwei sich erg\u00e4nzende Systeme:<\/p>\n<ul>\n<li><strong>Thermischer Schutz (\u00dcberlast):<\/strong> wirkt, wenn der Strom \u00fcber einen l\u00e4ngeren Zeitraum sichere Werte \u00fcberschreitet, und verhindert so eine \u00fcberm\u00e4\u00dfige Erw\u00e4rmung der Leiter und m\u00f6gliche Sch\u00e4den an den Ger\u00e4ten oder Brandgefahr.<\/li>\n<li><strong>Magnetischer Schutz (Kurzschluss):<\/strong> reagiert fast augenblicklich auf sehr hohe Str\u00f6me, unterbricht die Versorgung und sch\u00fctzt die Anlage vor schwerwiegenden Fehlern.<\/li>\n<\/ul>\n<p>Auf diese Weise sch\u00fctzt der Leistungsschalter sowohl vor progressiven Stromanstiegen als auch vor pl\u00f6tzlichen Fehlern und gew\u00e4hrleistet eine schnelle und effektive Reaktion.<\/p>\n<h2>Hauptvorteile des DC Alpha+ 500VDC 2P, 16A DC-Schutzschalters<\/h2>\n<p>Dieser Schutzschalter hat folgende Vorteile:<\/p>\n<ul>\n<li><strong>Sicherer DC-Betrieb:<\/strong><span style=\"font-size: 16px\"> garantiert eine korrekte L\u00f6schung von anhaltenden Lichtb\u00f6gen bei Gleichstrom.<\/span><\/li>\n<li><strong>Optimiert f\u00fcr Gleichstrom bis zu 500 V: <\/strong>bietet Sicherheit in Anlagen mit hohen Spannungen.<\/li>\n<li><strong>2-polig zur vollst\u00e4ndigen Unterbrechung des Gleichstromkreises: <\/strong>verbessert die Sicherheit bei Wartung und Betrieb.<\/li>\n<li><strong>Ausgeglichene C-Kurve:<\/strong> \u00fcbersteht \u00fcbliche Anlaufspitzen, ohne st\u00f6rende Ausl\u00f6sungen.<\/li>\n<li><strong>Hohe Schnittleistung:<\/strong> Sein Wert von 6 kA erm\u00f6glicht es, Stromkreise mit hohen Sicherheitsanforderungen zu sch\u00fctzen.<\/li>\n<li><strong>Schnelle und modulare Installation:<\/strong> ist einfach auf DIN-Schienen zu montieren und erm\u00f6glicht so ordentliche Erweiterungen.<\/li>\n<li><strong>Integrierter \u00dcberlast- und Kurzschlussschutz<\/strong>Kombination aus thermischem und magnetischem Schutz.<\/li>\n<li><strong>Reduziert den Kontaktverschlei\u00df und verl\u00e4ngert die Lebensdauer:<\/strong> dank technischer L\u00f6sungen zur Lichtbogenkontrolle und angepasster Geometrien.<\/li>\n<\/ul>\n<h2>Technische Informationen f\u00fcr Alpha+ 500VDC 2P, 16A, C-Kurve, 6kA DC-Schutzschalter - EPB63MDC2C16<\/h2>\n<p><a href=\"https:\/\/fvcomponentes.com\/wp-content\/uploads\/2026\/02\/es_fichas-tecnicas_ficha_tecnica_epb63mdc-1.pdf\" target=\"_blank\" rel=\"noopener\">Alpha+ 500VDC 2P, 16A DC Schutzschalter Datenblatt<\/a><\/p>","protected":false},"excerpt":{"rendered":"<ul>\n<li>Nennspannung: 500VDC<\/li>\n<li>Nennstrom: 16A<\/li>\n<li>Anzahl der Pole: 2P<\/li>\n<li>Ausl\u00f6sekurve C<\/li>\n<li>Ausschaltverm\u00f6gen: 6kA<\/li>\n<li>Montage: DIN-Schiene<\/li>\n<li>Anwendung: Schutz von Gleichstromkreisen<\/li>\n<li>Minimale Betriebsspannung: 12VDC<\/li>\n<li>Internationale Norm EN\/IEC60947-2<\/li>\n<li>Lokale Statussignalisierung<\/li>\n<li>Fenster f\u00fcr Schaltkreismarker<\/li>\n<li>Klemmenanschluss f\u00fcr Kupferkabel: 16mm\u00b2 bei flexiblen Kabeln und 25mm\u00b2 bei starren Kabeln<\/li>\n<li>Abmessungen: 36 mm (18 mm pro Pol)<\/li>\n<li>Erm\u00f6glicht die Anbringung von Zubeh\u00f6r und Betriebsmitteln<\/li>\n<li>Geeignet f\u00fcr die Sektionierung<\/li>\n<li>Arbeitstemperatur: von -5\u00baC bis + 40\u00baC.<\/li>\n<\/ul>","protected":false},"featured_media":36780,"comment_status":"closed","ping_status":"closed","template":"","meta":{"site-sidebar-layout":"default","site-content-layout":"","ast-site-content-layout":"default","site-content-style":"default","site-sidebar-style":"default","ast-global-header-display":"","ast-banner-title-visibility":"","ast-main-header-display":"","ast-hfb-above-header-display":"","ast-hfb-below-header-display":"","ast-hfb-mobile-header-display":"","site-post-title":"","ast-breadcrumbs-content":"","ast-featured-img":"","footer-sml-layout":"","ast-disable-related-posts":"","theme-transparent-header-meta":"default","adv-header-id-meta":"","stick-header-meta":"","header-above-stick-meta":"","header-main-stick-meta":"","header-below-stick-meta":"","astra-migrate-meta-layouts":"set","ast-page-background-enabled":"default","ast-page-background-meta":{"desktop":{"background-color":"var(--ast-global-color-4)","background-image":"","background-repeat":"repeat","background-position":"center center","background-size":"auto","background-attachment":"scroll","background-type":"","background-media":"","overlay-type":"","overlay-color":"","overlay-opacity":"","overlay-gradient":""},"tablet":{"background-color":"","background-image":"","background-repeat":"repeat","background-position":"center center","background-size":"auto","background-attachment":"scroll","background-type":"","background-media":"","overlay-type":"","overlay-color":"","overlay-opacity":"","overlay-gradient":""},"mobile":{"background-color":"","background-image":"","background-repeat":"repeat","background-position":"center center","background-size":"auto","background-attachment":"scroll","background-type":"","background-media":"","overlay-type":"","overlay-color":"","overlay-opacity":"","overlay-gradient":""}},"ast-content-background-meta":{"desktop":{"background-color":"var(--ast-global-color-5)","background-image":"","background-repeat":"repeat","background-position":"center center","background-size":"auto","background-attachment":"scroll","background-type":"","background-media":"","overlay-type":"","overlay-color":"","overlay-opacity":"","overlay-gradient":""},"tablet":{"background-color":"var(--ast-global-color-5)","background-image":"","background-repeat":"repeat","background-position":"center center","background-size":"auto","background-attachment":"scroll","background-type":"","background-media":"","overlay-type":"","overlay-color":"","overlay-opacity":"","overlay-gradient":""},"mobile":{"background-color":"var(--ast-global-color-5)","background-image":"","background-repeat":"repeat","background-position":"center center","background-size":"auto","background-attachment":"scroll","background-type":"","background-media":"","overlay-type":"","overlay-color":"","overlay-opacity":"","overlay-gradient":""}}},"pwb-brand":[1018],"product_brand":[],"product_cat":[990,410],"product_tag":[],"class_list":{"0":"post-36558","1":"product","2":"type-product","3":"status-publish","4":"has-post-thumbnail","6":"pwb-brand-maxge","7":"product_cat-magnetotermicos","8":"product_cat-material-electrico","9":"desktop-align-left","10":"tablet-align-left","11":"mobile-align-left","12":"ast-product-gallery-layout-horizontal-slider","13":"ast-product-gallery-with-no-image","14":"ast-product-tabs-layout-horizontal","16":"first","17":"instock","18":"taxable","19":"shipping-taxable","20":"purchasable","21":"product-type-simple"},"wcpa_form_fields":null,"brands":[{"id":1018,"name":"Maxge Elektrische Schutzeinrichtungen","slug":"maxge"}],"_links":{"self":[{"href":"https:\/\/fvcomponentes.com\/de\/wp-json\/wp\/v2\/product\/36558","targetHints":{"allow":["GET"]}}],"collection":[{"href":"https:\/\/fvcomponentes.com\/de\/wp-json\/wp\/v2\/product"}],"about":[{"href":"https:\/\/fvcomponentes.com\/de\/wp-json\/wp\/v2\/types\/product"}],"replies":[{"embeddable":true,"href":"https:\/\/fvcomponentes.com\/de\/wp-json\/wp\/v2\/comments?post=36558"}],"wp:featuredmedia":[{"embeddable":true,"href":"https:\/\/fvcomponentes.com\/de\/wp-json\/wp\/v2\/media\/36780"}],"wp:attachment":[{"href":"https:\/\/fvcomponentes.com\/de\/wp-json\/wp\/v2\/media?parent=36558"}],"wp:term":[{"taxonomy":"pwb-brand","embeddable":true,"href":"https:\/\/fvcomponentes.com\/de\/wp-json\/wp\/v2\/pwb-brand?post=36558"},{"taxonomy":"product_brand","embeddable":true,"href":"https:\/\/fvcomponentes.com\/de\/wp-json\/wp\/v2\/product_brand?post=36558"},{"taxonomy":"product_cat","embeddable":true,"href":"https:\/\/fvcomponentes.com\/de\/wp-json\/wp\/v2\/product_cat?post=36558"},{"taxonomy":"product_tag","embeddable":true,"href":"https:\/\/fvcomponentes.com\/de\/wp-json\/wp\/v2\/product_tag?post=36558"}],"curies":[{"name":"wp","href":"https:\/\/api.w.org\/{rel}","templated":true}]}}