{"id":36556,"date":"2026-02-05T15:05:10","date_gmt":"2026-02-05T14:05:10","guid":{"rendered":"https:\/\/fvcomponentes.com\/?post_type=product&#038;p=36556"},"modified":"2026-02-13T11:39:25","modified_gmt":"2026-02-13T10:39:25","slug":"magnetotermico-cc-alpha-250vdc-1p-10a-curva-c-6ka-epb63mdc1c10","status":"publish","type":"product","link":"https:\/\/fvcomponentes.com\/de\/producto\/magnetotermico-cc-alpha-250vdc-1p-10a-curva-c-6ka-epb63mdc1c10\/","title":{"rendered":"DC-Leitungsschutzschalter Alpha+ 250VDC 1P, 10A, C-Kurve 6kA - EPB63MDC1C10"},"content":{"rendered":"<h2>DC-Leitungsschutzschalter Alpha+ 250VDC 1P, 10A, C-Kurve 6kA - EPB63MDC1C10<\/h2>\n<p>Der Maxge Alpha+ 250VDC 1P, 10A DC Leistungsschalter ist ein Leistungsschalter, der f\u00fcr den Schutz von Gleichstromkreisen (DC) entwickelt wurde.<\/p>\n<p>Mit einer Nennspannung von 250 VDC, einem Strom von 10 A und einer C-Kurve bietet er einen zuverl\u00e4ssigen und effizienten Schutz gegen \u00dcberlastungen und Kurzschl\u00fcsse und vereint Empfindlichkeit, Robustheit und Kompatibilit\u00e4t in elektrischen Niederspannungsanlagen.<\/p>\n<p>Dieser Leistungsschalter geh\u00f6rt zur Alpha+ DC-Familie, die sich durch Komponenten auszeichnet, die an die besonderen Anforderungen von Gleichstrom angepasst sind.<br \/>\nAu\u00dferdem vereint es thermischen und magnetischen Schutz in einem einzigen Ger\u00e4t.<\/p>\n<p>Dank seines Ausschaltverm\u00f6gens von 6 kA kann der Leistungsschalter hohe Fehlerstr\u00f6me unterbrechen, ohne die Sicherheit der Anlage zu gef\u00e4hrden.<br \/>\nEs ist daher eine zuverl\u00e4ssige L\u00f6sung sowohl f\u00fcr Neuinstallationen als auch f\u00fcr Erweiterungen und Wartung.<\/p>\n<h2>Hauptmerkmale des Alpha+ DC-Leistungsschalters 250VDC 1P, 10A<\/h2>\n<h3>Individueller Schutz<\/h3>\n<p>Dieser Schutzschalter ist hergestellt aus <strong>1 Pol (1P)<\/strong>, Dies erm\u00f6glicht den individuellen Schutz einer einzelnen aktiven Leitung in Gleichstromkreisen und erleichtert die Integration in modulare und skalierbare Systeme.<\/p>\n<p>Diese Konfiguration ist ideal f\u00fcr einzelne Leitungen in Gleichstromsystemen und bietet eine kompakte und effiziente L\u00f6sung.<\/p>\n<h3>Typische Verwendung in Hausinstallationen<\/h3>\n<p>Mit einem <strong>10 Ampere Nennstrom<\/strong>, Dieser Schutzschalter ist ideal f\u00fcr Stromkreise mit geringem Verbrauch, Hilfsger\u00e4te, spezifische Lasten oder einzelne Abzweigungen innerhalb gr\u00f6\u00dferer Systeme.<\/p>\n<p>Bei ordnungsgem\u00e4\u00dfer Installation garantiert der Leistungsschalter einen stabilen und sicheren Betrieb ohne unn\u00f6tige Ausf\u00e4lle.<\/p>\n<h3>Stabilit\u00e4t ohne l\u00e4stiges Ausl\u00f6sen<\/h3>\n<p>Die <strong>Brennkurve C<\/strong> erm\u00f6glicht es dem Schutzschalter, m\u00e4\u00dfige Stromspitzen, wie sie z. B. beim Einschalten bestimmter elektrischer Ger\u00e4te auftreten, zu bew\u00e4ltigen, ohne unn\u00f6tige Ausl\u00f6sungen zu verursachen.<\/p>\n<p>Das bedeutet weniger ungeplante Ausf\u00e4lle, h\u00f6heren Nutzungskomfort und guten Schutz vor echten \u00dcberlastungen und Kurzschl\u00fcssen.<\/p>\n<p>Daher ist die C-Kurve eine der am h\u00e4ufigsten verwendeten Kurven in allgemeinen Anlagen.<\/p>\n<h3>Hohe Widerstandsf\u00e4higkeit<\/h3>\n<p>Ihr <strong>6 kA Ausschaltverm\u00f6gen<\/strong> bedeutet, dass dieser Schutzschalter in der Lage ist, Kurzschlussstr\u00f6me von bis zu 6.000 Ampere sicher zu unterbrechen, ohne Schaden zu nehmen oder seine Schutzwirkung zu verlieren.<\/p>\n<p>Dieses Ausschaltverm\u00f6gen bietet ein angemessenes Ma\u00df an Sicherheit und Zuverl\u00e4ssigkeit f\u00fcr die meisten Gleichstromanwendungen mit geringer\/mittlerer Leistung.<\/p>\n<p>Mit anderen Worten: Dieser Schutzschalter bietet einen zuverl\u00e4ssigen Schutz f\u00fcr den t\u00e4glichen Gebrauch.<\/p>\n<h3>Sicherheit in Gleichstromanlagen (DC)<\/h3>\n<p>Die Unterbrechung von Gleichstrom ist anspruchsvoller als die von Wechselstrom, da es keinen Nulldurchgang gibt.<\/p>\n<p>Aus diesem Grund ist dieser Schutzschalter mit <strong>Lichtbogen-L\u00f6schanlagen<\/strong> geeignet f\u00fcr DC, garantiert einen sicheren und dauerhaften Schnitt.<\/p>\n<p>Damit bietet der Alpha+ DC-MCB eine robuste, zuverl\u00e4ssige und sofort einsatzbereite L\u00f6sung f\u00fcr den effektiven Schutz elektrischer Gleichstromsysteme.<\/p>\n<h3>Schnelle Installation und praktisches Design<\/h3>\n<p>Der Alpha+ DC-Leistungsschalter 250VDC 1P, 10A ist konzipiert f\u00fcr <strong>Montage auf DIN-Schiene<\/strong>, Er l\u00e4sst sich schnell und einfach in jeder Standardschalttafel installieren.<\/p>\n<p>Ihr <strong>kompaktes 18mm breites Design<\/strong>, Das neue, einfach zu bedienende System tr\u00e4gt zur Optimierung des verf\u00fcgbaren Platzes auf dem Rahmen bei und bietet <strong>Fenster f\u00fcr Schaltkreismarker<\/strong> y <strong>eine visuelle Statussignalisierung (ein\/aus)<\/strong>, Der zu sch\u00fctzende Stromkreis kann leicht identifiziert werden.<\/p>\n<p>Dar\u00fcber hinaus hat es eine <strong>Terminals<\/strong> die f\u00fcr Kabel vorbereitet sind, die f\u00fcr diesen Strom geeignet sind (<strong>16mm\u00b2 bei flexiblen Kabeln und 25mm\u00b2 bei starren Kabeln<\/strong>).<br \/>\nDies gew\u00e4hrleistet feste und sichere Verbindungen.<\/p>\n<h2>Alpha+ 250VDC 1P, 10A, C-Kurve, 6kA DC-Schutzschalter - EPB63MDC1C10<\/h2>\n<p>Dieser Schutzschalter sch\u00fctzt den Stromkreis auf zwei Arten:<\/p>\n<ul>\n<li><strong>Thermischer Schutz (\u00dcberlast):<\/strong> schaltet bei anhaltender \u00dcberlastung den Strom ab und verhindert so sowohl eine \u00dcberhitzung der Kabel als auch m\u00f6gliche Sch\u00e4den an der Anlage.<\/li>\n<li><strong>Magnetischer Schutz (Kurzschluss):<\/strong> spricht bei einem starken Kurzschluss fast sofort an. In diesem Fall unterbricht der Schutzschalter die Stromzufuhr und sch\u00fctzt sowohl die Anlage als auch die angeschlossenen Ger\u00e4te.<\/li>\n<\/ul>\n<p>Es ist eine ideale L\u00f6sung f\u00fcr Schalttafeln in Wohnungen, kleinen Gesch\u00e4ften und B\u00fcros, Beleuchtungsstromkreise und Steckdosen sowie f\u00fcr Hilfsschutzeinrichtungen.<\/p>\n<h2>Die wichtigsten Vorteile des Alpha+ DC-Leistungsschalters 250VDC 1P, 10A<\/h2>\n<p>Dieser Schutzschalter hat folgende Vorteile:<\/p>\n<ul>\n<li><strong>Integrierter \u00dcberlast- und Kurzschlussschutz<\/strong>Kombination aus thermischem und magnetischem Schutz<\/li>\n<li><strong>Sicherer DC-Betrieb:<\/strong><span style=\"font-size: 16px\"> garantiert eine korrekte L\u00f6schung von anhaltenden Lichtb\u00f6gen bei Gleichstrom.<\/span><\/li>\n<li><strong>Ausgeglichene C-Kurve:<\/strong> geeignet f\u00fcr Mischlasten mit regelm\u00e4\u00dfigen Anlaufspitzen.<\/li>\n<li><strong>Hohe Schnittleistung:<\/strong> Sein Wert von 6 kA erm\u00f6glicht es, Stromkreise mit hohen Sicherheitsanforderungen zu sch\u00fctzen.<\/li>\n<li><strong>Schnelle und modulare Installation:<\/strong> ist einfach auf DIN-Schienen zu montieren und erm\u00f6glicht so ordentliche Erweiterungen.<\/li>\n<li><strong>Reduziert den Kontaktverschlei\u00df und verl\u00e4ngert die Lebensdauer:<\/strong> dank technischer L\u00f6sungen zur Lichtbogenkontrolle und angepasster Geometrien.<\/li>\n<\/ul>\n<h2>Technische Informationen f\u00fcr Alpha+ DC-Leistungsschalter 250VDC 1P, 10A, C-Kurve 6kA - EPB63MDC1C10<\/h2>\n<p><a href=\"https:\/\/fvcomponentes.com\/wp-content\/uploads\/2026\/02\/es_fichas-tecnicas_ficha_tecnica_epb63mdc-1.pdf\" target=\"_blank\" rel=\"noopener\">Datenblatt DC Alpha+ 250VDC 1P, 10A DC-Schutzschalter<\/a><\/p>","protected":false},"excerpt":{"rendered":"<ul>\n<li>Pole: 1<\/li>\n<li>Betriebsspannung: 250 VDC<\/li>\n<li>Nennstrom: 10 Ampere<\/li>\n<li>Ausschaltverm\u00f6gen: 6kA<\/li>\n<li>Minimale Betriebsspannung: 12V DC<\/li>\n<li>Internationale Norm EN\/IEC60947-2<\/li>\n<li>Lokale Statussignalisierung<\/li>\n<li>Fenster f\u00fcr Schaltkreismarker<\/li>\n<li>Abmessungen: 1 Modul pro Pol (18 mm)<\/li>\n<li>Klemmenanschluss f\u00fcr Kupferkabel: 16mm\u00b2 bei flexiblen Kabeln und 25mm\u00b2 bei starren Kabeln<\/li>\n<li>Erm\u00f6glicht die Anbringung von Zubeh\u00f6r und Betriebsmitteln<\/li>\n<li>Geeignet f\u00fcr die Sektionierung<\/li>\n<li>Arbeitstemperatur: von -5\u00baC bis + 40\u00baC.<\/li>\n<\/ul>","protected":false},"featured_media":36777,"comment_status":"closed","ping_status":"closed","template":"","meta":{"site-sidebar-layout":"default","site-content-layout":"","ast-site-content-layout":"default","site-content-style":"default","site-sidebar-style":"default","ast-global-header-display":"","ast-banner-title-visibility":"","ast-main-header-display":"","ast-hfb-above-header-display":"","ast-hfb-below-header-display":"","ast-hfb-mobile-header-display":"","site-post-title":"","ast-breadcrumbs-content":"","ast-featured-img":"","footer-sml-layout":"","ast-disable-related-posts":"","theme-transparent-header-meta":"default","adv-header-id-meta":"","stick-header-meta":"","header-above-stick-meta":"","header-main-stick-meta":"","header-below-stick-meta":"","astra-migrate-meta-layouts":"set","ast-page-background-enabled":"default","ast-page-background-meta":{"desktop":{"background-color":"var(--ast-global-color-4)","background-image":"","background-repeat":"repeat","background-position":"center center","background-size":"auto","background-attachment":"scroll","background-type":"","background-media":"","overlay-type":"","overlay-color":"","overlay-opacity":"","overlay-gradient":""},"tablet":{"background-color":"","background-image":"","background-repeat":"repeat","background-position":"center center","background-size":"auto","background-attachment":"scroll","background-type":"","background-media":"","overlay-type":"","overlay-color":"","overlay-opacity":"","overlay-gradient":""},"mobile":{"background-color":"","background-image":"","background-repeat":"repeat","background-position":"center center","background-size":"auto","background-attachment":"scroll","background-type":"","background-media":"","overlay-type":"","overlay-color":"","overlay-opacity":"","overlay-gradient":""}},"ast-content-background-meta":{"desktop":{"background-color":"var(--ast-global-color-5)","background-image":"","background-repeat":"repeat","background-position":"center center","background-size":"auto","background-attachment":"scroll","background-type":"","background-media":"","overlay-type":"","overlay-color":"","overlay-opacity":"","overlay-gradient":""},"tablet":{"background-color":"var(--ast-global-color-5)","background-image":"","background-repeat":"repeat","background-position":"center center","background-size":"auto","background-attachment":"scroll","background-type":"","background-media":"","overlay-type":"","overlay-color":"","overlay-opacity":"","overlay-gradient":""},"mobile":{"background-color":"var(--ast-global-color-5)","background-image":"","background-repeat":"repeat","background-position":"center center","background-size":"auto","background-attachment":"scroll","background-type":"","background-media":"","overlay-type":"","overlay-color":"","overlay-opacity":"","overlay-gradient":""}}},"pwb-brand":[1018],"product_brand":[],"product_cat":[990,410],"product_tag":[],"class_list":{"0":"post-36556","1":"product","2":"type-product","3":"status-publish","4":"has-post-thumbnail","6":"pwb-brand-maxge","7":"product_cat-magnetotermicos","8":"product_cat-material-electrico","9":"desktop-align-left","10":"tablet-align-left","11":"mobile-align-left","12":"ast-product-gallery-layout-horizontal-slider","13":"ast-product-gallery-with-no-image","14":"ast-product-tabs-layout-horizontal","16":"first","17":"instock","18":"taxable","19":"shipping-taxable","20":"purchasable","21":"product-type-simple"},"wcpa_form_fields":null,"brands":[{"id":1018,"name":"Maxge Elektrische Schutzeinrichtungen","slug":"maxge"}],"_links":{"self":[{"href":"https:\/\/fvcomponentes.com\/de\/wp-json\/wp\/v2\/product\/36556","targetHints":{"allow":["GET"]}}],"collection":[{"href":"https:\/\/fvcomponentes.com\/de\/wp-json\/wp\/v2\/product"}],"about":[{"href":"https:\/\/fvcomponentes.com\/de\/wp-json\/wp\/v2\/types\/product"}],"replies":[{"embeddable":true,"href":"https:\/\/fvcomponentes.com\/de\/wp-json\/wp\/v2\/comments?post=36556"}],"wp:featuredmedia":[{"embeddable":true,"href":"https:\/\/fvcomponentes.com\/de\/wp-json\/wp\/v2\/media\/36777"}],"wp:attachment":[{"href":"https:\/\/fvcomponentes.com\/de\/wp-json\/wp\/v2\/media?parent=36556"}],"wp:term":[{"taxonomy":"pwb-brand","embeddable":true,"href":"https:\/\/fvcomponentes.com\/de\/wp-json\/wp\/v2\/pwb-brand?post=36556"},{"taxonomy":"product_brand","embeddable":true,"href":"https:\/\/fvcomponentes.com\/de\/wp-json\/wp\/v2\/product_brand?post=36556"},{"taxonomy":"product_cat","embeddable":true,"href":"https:\/\/fvcomponentes.com\/de\/wp-json\/wp\/v2\/product_cat?post=36556"},{"taxonomy":"product_tag","embeddable":true,"href":"https:\/\/fvcomponentes.com\/de\/wp-json\/wp\/v2\/product_tag?post=36556"}],"curies":[{"name":"wp","href":"https:\/\/api.w.org\/{rel}","templated":true}]}}