{"id":36434,"date":"2026-02-02T10:22:33","date_gmt":"2026-02-02T09:22:33","guid":{"rendered":"https:\/\/fvcomponentes.com\/?post_type=product&#038;p=36434"},"modified":"2026-02-11T14:37:06","modified_gmt":"2026-02-11T13:37:06","slug":"zylindrische-sicherung-10x38mm-6a-1000vdc-spezial-photovoltaik-maxge-mg10pv06","status":"publish","type":"product","link":"https:\/\/fvcomponentes.com\/de\/producto\/fusible-cilindrico-10x38mm-6a-1000vdc-especial-fotovoltaica-maxge-mg10pv06\/","title":{"rendered":"Zylindrische Sicherung 10x38mm 6A 1000VDC - Spezial-Photovoltaik - Maxge MG10PV06"},"content":{"rendered":"<h2>Zylindrische Sicherung 10x38mm 6A 1000VDC - Spezial-Photovoltaik - Maxge MG10PV06<\/h2>\n<p>Die zylindrische Maxge-Sicherung 10x38mm 6A 1000VDC ist eine elektrische Schutzsicherung, die speziell f\u00fcr Photovoltaikanlagen entwickelt wurde und einen sicheren und zuverl\u00e4ssigen Schutz bietet.<\/p>\n<p>Diese Sicherung ist so konzipiert, dass sie den Stromkreis bei \u00dcberschreiten des Stromgrenzwertes unterbricht und so Sch\u00e4den an Kabeln, Wechselrichtern oder Solaranlagen verhindert.<br \/>\nEr wird in Gleichstromkreisen eingesetzt, um Solarmodule und Photovoltaik-Strings vor \u00dcberstrom und Kurzschluss zu sch\u00fctzen.<\/p>\n<p>Es hat auch die Funktion, einen fehlerhaften Strang innerhalb einer Anlage zu isolieren und die Brandgefahr im Falle eines Fehlers zu verringern.<\/p>\n<p>Dank seiner <strong>Standardformat 10\u00d738 mm<\/strong>, seine <strong>6-Ampere-Messger\u00e4t<\/strong> und seine <strong>Kapazit\u00e4t<\/strong> zu arbeiten, bis <strong>1000V Gleichstrom<\/strong>, ist eine ideale L\u00f6sung f\u00fcr den Schutz von Solarmodulstr\u00e4ngen, Unterstr\u00e4ngen innerhalb von Modulen und anderen Elementen des Solarsystems.<\/p>\n<p>Dieser Sicherungstyp wurde speziell f\u00fcr den Einsatz in Solarenergieanlagen entwickelt, in denen die elektrischen Bedingungen anspruchsvoller sind als in herk\u00f6mmlichen Wechselstromanlagen.<\/p>\n<p>Kurz gesagt, die zylindrische Sicherung Maxge 10x38mm 6A 1000VDC ist eine sichere und spezifische L\u00f6sung f\u00fcr den Schutz von Photovoltaikanlagen, die den korrekten Betrieb der Solarstrings garantiert und die Sicherheit des Systems gegen elektrische Ausf\u00e4lle bei Gleichstrom erh\u00f6ht.<\/p>","protected":false},"excerpt":{"rendered":"<ul>\n<li><strong>Maximale Intensit\u00e4t:<\/strong> 6A<\/li>\n<li><strong>Maximale Spannung:<\/strong> 1000V<\/li>\n<li><strong>Scherkraft:<\/strong> 20kA<\/li>\n<li><strong>Abmessungen:<\/strong> 10 mm Durchmesser \u00d7 38 mm L\u00e4nge<\/li>\n<li><strong>Standard:<\/strong> IEC60269-6<\/li>\n<li><strong>Speziell f\u00fcr Gleichstrom und Fotovoltaik<\/strong><\/li>\n<\/ul>","protected":false},"featured_media":36708,"comment_status":"closed","ping_status":"closed","template":"","meta":{"site-sidebar-layout":"default","site-content-layout":"","ast-site-content-layout":"default","site-content-style":"default","site-sidebar-style":"default","ast-global-header-display":"","ast-banner-title-visibility":"","ast-main-header-display":"","ast-hfb-above-header-display":"","ast-hfb-below-header-display":"","ast-hfb-mobile-header-display":"","site-post-title":"","ast-breadcrumbs-content":"","ast-featured-img":"","footer-sml-layout":"","ast-disable-related-posts":"","theme-transparent-header-meta":"default","adv-header-id-meta":"","stick-header-meta":"","header-above-stick-meta":"","header-main-stick-meta":"","header-below-stick-meta":"","astra-migrate-meta-layouts":"set","ast-page-background-enabled":"default","ast-page-background-meta":{"desktop":{"background-color":"var(--ast-global-color-4)","background-image":"","background-repeat":"repeat","background-position":"center center","background-size":"auto","background-attachment":"scroll","background-type":"","background-media":"","overlay-type":"","overlay-color":"","overlay-opacity":"","overlay-gradient":""},"tablet":{"background-color":"","background-image":"","background-repeat":"repeat","background-position":"center center","background-size":"auto","background-attachment":"scroll","background-type":"","background-media":"","overlay-type":"","overlay-color":"","overlay-opacity":"","overlay-gradient":""},"mobile":{"background-color":"","background-image":"","background-repeat":"repeat","background-position":"center center","background-size":"auto","background-attachment":"scroll","background-type":"","background-media":"","overlay-type":"","overlay-color":"","overlay-opacity":"","overlay-gradient":""}},"ast-content-background-meta":{"desktop":{"background-color":"var(--ast-global-color-5)","background-image":"","background-repeat":"repeat","background-position":"center center","background-size":"auto","background-attachment":"scroll","background-type":"","background-media":"","overlay-type":"","overlay-color":"","overlay-opacity":"","overlay-gradient":""},"tablet":{"background-color":"var(--ast-global-color-5)","background-image":"","background-repeat":"repeat","background-position":"center center","background-size":"auto","background-attachment":"scroll","background-type":"","background-media":"","overlay-type":"","overlay-color":"","overlay-opacity":"","overlay-gradient":""},"mobile":{"background-color":"var(--ast-global-color-5)","background-image":"","background-repeat":"repeat","background-position":"center center","background-size":"auto","background-attachment":"scroll","background-type":"","background-media":"","overlay-type":"","overlay-color":"","overlay-opacity":"","overlay-gradient":""}}},"pwb-brand":[1018],"product_brand":[],"product_cat":[987,862,410],"product_tag":[],"class_list":{"0":"post-36434","1":"product","2":"type-product","3":"status-publish","4":"has-post-thumbnail","6":"pwb-brand-maxge","7":"product_cat-fusibles-cilindricos","8":"product_cat-fusibles","9":"product_cat-material-electrico","10":"desktop-align-left","11":"tablet-align-left","12":"mobile-align-left","13":"ast-product-gallery-layout-horizontal-slider","14":"ast-product-gallery-with-no-image","15":"ast-product-tabs-layout-horizontal","17":"first","18":"instock","19":"taxable","20":"shipping-taxable","21":"purchasable","22":"product-type-simple"},"wcpa_form_fields":null,"brands":[{"id":1018,"name":"Maxge Elektrische Schutzeinrichtungen","slug":"maxge"}],"_links":{"self":[{"href":"https:\/\/fvcomponentes.com\/de\/wp-json\/wp\/v2\/product\/36434","targetHints":{"allow":["GET"]}}],"collection":[{"href":"https:\/\/fvcomponentes.com\/de\/wp-json\/wp\/v2\/product"}],"about":[{"href":"https:\/\/fvcomponentes.com\/de\/wp-json\/wp\/v2\/types\/product"}],"replies":[{"embeddable":true,"href":"https:\/\/fvcomponentes.com\/de\/wp-json\/wp\/v2\/comments?post=36434"}],"wp:featuredmedia":[{"embeddable":true,"href":"https:\/\/fvcomponentes.com\/de\/wp-json\/wp\/v2\/media\/36708"}],"wp:attachment":[{"href":"https:\/\/fvcomponentes.com\/de\/wp-json\/wp\/v2\/media?parent=36434"}],"wp:term":[{"taxonomy":"pwb-brand","embeddable":true,"href":"https:\/\/fvcomponentes.com\/de\/wp-json\/wp\/v2\/pwb-brand?post=36434"},{"taxonomy":"product_brand","embeddable":true,"href":"https:\/\/fvcomponentes.com\/de\/wp-json\/wp\/v2\/product_brand?post=36434"},{"taxonomy":"product_cat","embeddable":true,"href":"https:\/\/fvcomponentes.com\/de\/wp-json\/wp\/v2\/product_cat?post=36434"},{"taxonomy":"product_tag","embeddable":true,"href":"https:\/\/fvcomponentes.com\/de\/wp-json\/wp\/v2\/product_tag?post=36434"}],"curies":[{"name":"wp","href":"https:\/\/api.w.org\/{rel}","templated":true}]}}