{"id":3641,"date":"2021-07-28T11:04:51","date_gmt":"2021-07-28T09:04:51","guid":{"rendered":"https:\/\/fvcomponentes.com\/producto\/bateria-de-litio-victron-superpack-12-8v-60ah-m6-bat512060705\/"},"modified":"2026-01-15T10:09:34","modified_gmt":"2026-01-15T09:09:34","slug":"victron-superpack-12-8v-60ah-m6-lithium-batterie-bat512060705","status":"publish","type":"product","link":"https:\/\/fvcomponentes.com\/de\/producto\/bateria-de-litio-victron-superpack-12-8v-60ah-m6-bat512060705\/","title":{"rendered":"Victron SuperPack Lithium-Batterie 12.8V-60Ah (M6) - BAT512060705"},"content":{"rendered":"<h2>Victron SuperPack Lithium Batterie 12.8V-60Ah (M6)<\/h2>\n<h2>Integriertes BMS und Sicherheitsschalter<\/h2>\n<p>Batterien der SuperPack-Serie, wie die Victron SuperPack 12,8V-60Ah Lithium-Batterie, sind sehr einfach zu installieren und erfordern keine zus\u00e4tzlichen Komponenten.<br \/>\nDer interne Schalter trennt die Batterie bei \u00fcberm\u00e4\u00dfiger Entladung, \u00dcberladung oder zu niedriger bzw. zu hoher Temperatur.<\/p>\n<h3>Missbrauchssicher<\/h3>\n<p>Eine Blei-S\u00e4ure-Batterie wird durch Sulfatierung vorzeitig ausfallen:<br \/>\n- wenn es \u00fcber einen l\u00e4ngeren Zeitraum im Defizitmodus betrieben wird (d. h. wenn die Batterie selten oder nie vollst\u00e4ndig geladen wird).<br \/>\n- wenn sie teilweise oder, schlimmer noch, vollst\u00e4ndig entladen sind.<\/p>\n<p>Ein Lithium-Ionen-Akku muss nicht vollst\u00e4ndig aufgeladen werden. Ihre Lebensdauer wird sogar verbessert, wenn sie nicht vollst\u00e4ndig, sondern nur teilweise aufgeladen wird. Dies ist ein entscheidender Vorteil von Lithium-Ionen-Batterien gegen\u00fcber Blei-S\u00e4ure-Batterien.<\/p>\n<p>SuperPack-Batterien von <a href=\"https:\/\/www.victronenergy.com.es\/\" target=\"_blank\" rel=\"noopener\">Victron<\/a> muss den Lade- oder Entladestrom unterbrechen, wenn die maximale Nennkapazit\u00e4t \u00fcberschritten wird.<\/p>\n<h3>Effiziente<\/h3>\n<p>Bei einigen Anwendungen (insbesondere bei netzunabh\u00e4ngigen Anwendungen) kann die Energieeffizienz von entscheidender Bedeutung sein.<br \/>\nDer Wirkungsgrad einer typischen Bleis\u00e4urebatterie \u00fcber den gesamten Zyklus (Entladung von 100 % auf 0 % und Wiederaufladung auf 100 %) betr\u00e4gt 80 %.<br \/>\nDer Wirkungsgrad einer Lithium-Ionen-Batterie \u00fcber den gesamten Zyklus betr\u00e4gt 92 %.<\/p>\n<p>Der Ladevorgang von Blei-S\u00e4ure-Batterien wird besonders ineffizient, wenn der Ladezustand von 80 % erreicht ist, was in Solarsystemen, die Energiereserven f\u00fcr mehrere Tage ben\u00f6tigen, zu Wirkungsgraden von 50 % oder sogar weniger f\u00fchrt (Batterien mit einem Ladezustand zwischen 70 % und 100 %).<\/p>\n<p>Im Gegensatz dazu erreicht eine Lithium-Ionen-Batterie unter milden Entladebedingungen immer noch einen Wirkungsgrad von 90 %.<\/p>\n<h3>Kann parallel geschaltet werden<\/h3>\n<p>Die Batterien k\u00f6nnen parallel geschaltet werden. Eine Reihenschaltung ist nicht m\u00f6glich.<br \/>\nNur in vertikaler Position verwenden.<\/p>\n<h2>Datenblatt Victron SuperPack 12.8V-60Ah (M6) Lithium-Batterie - BAT512060705<\/h2>\n<p><a href=\"https:\/\/fvcomponentes.com\/wp-content\/uploads\/2021\/07\/Datasheet-128V-256-Lithium-SuperPack-ES-1.pdf\" target=\"_blank\" rel=\"noopener\">Victron SuperPack 12.8V-60Ah (M6) Lithium-Batterie Datenblatt anzeigen - BAT512060705<\/a><\/p>","protected":false},"excerpt":{"rendered":"<ul>\n<li><strong>Nennspannung:<\/strong> 12.8 V<\/li>\n<li><strong>Nennkapazit\u00e4t bei 25\u00ba:<\/strong> 60 Ah<\/li>\n<li><strong>Anzahl der Zyklen bis 80%: <\/strong>2500<\/li>\n<li><strong>Maximaler Laststrom:<\/strong> 30 A<\/li>\n<\/ul>\n<p>&nbsp;<\/p>\n<p>&nbsp;<\/p>","protected":false},"featured_media":3642,"comment_status":"open","ping_status":"closed","template":"","meta":{"site-sidebar-layout":"default","site-content-layout":"default","ast-site-content-layout":"default","site-content-style":"default","site-sidebar-style":"default","ast-global-header-display":"","ast-banner-title-visibility":"","ast-main-header-display":"","ast-hfb-above-header-display":"","ast-hfb-below-header-display":"","ast-hfb-mobile-header-display":"","site-post-title":"","ast-breadcrumbs-content":"","ast-featured-img":"","footer-sml-layout":"","ast-disable-related-posts":"","theme-transparent-header-meta":"default","adv-header-id-meta":"","stick-header-meta":"","header-above-stick-meta":"","header-main-stick-meta":"","header-below-stick-meta":"","astra-migrate-meta-layouts":"set","ast-page-background-enabled":"default","ast-page-background-meta":{"desktop":{"background-color":"var(--ast-global-color-4)","background-image":"","background-repeat":"repeat","background-position":"center center","background-size":"auto","background-attachment":"scroll","background-type":"","background-media":"","overlay-type":"","overlay-color":"","overlay-opacity":"","overlay-gradient":""},"tablet":{"background-color":"","background-image":"","background-repeat":"repeat","background-position":"center center","background-size":"auto","background-attachment":"scroll","background-type":"","background-media":"","overlay-type":"","overlay-color":"","overlay-opacity":"","overlay-gradient":""},"mobile":{"background-color":"","background-image":"","background-repeat":"repeat","background-position":"center center","background-size":"auto","background-attachment":"scroll","background-type":"","background-media":"","overlay-type":"","overlay-color":"","overlay-opacity":"","overlay-gradient":""}},"ast-content-background-meta":{"desktop":{"background-color":"var(--ast-global-color-5)","background-image":"","background-repeat":"repeat","background-position":"center center","background-size":"auto","background-attachment":"scroll","background-type":"","background-media":"","overlay-type":"","overlay-color":"","overlay-opacity":"","overlay-gradient":""},"tablet":{"background-color":"var(--ast-global-color-5)","background-image":"","background-repeat":"repeat","background-position":"center center","background-size":"auto","background-attachment":"scroll","background-type":"","background-media":"","overlay-type":"","overlay-color":"","overlay-opacity":"","overlay-gradient":""},"mobile":{"background-color":"var(--ast-global-color-5)","background-image":"","background-repeat":"repeat","background-position":"center center","background-size":"auto","background-attachment":"scroll","background-type":"","background-media":"","overlay-type":"","overlay-color":"","overlay-opacity":"","overlay-gradient":""}}},"pwb-brand":[332],"product_brand":[],"product_cat":[431,340],"product_tag":[],"class_list":{"0":"post-3641","1":"product","2":"type-product","3":"status-publish","4":"has-post-thumbnail","6":"pwb-brand-victron","7":"product_cat-baterias-litio-12v","8":"product_cat-baterias","9":"product_shipping_class-baterias","10":"desktop-align-left","11":"tablet-align-left","12":"mobile-align-left","13":"ast-product-gallery-layout-horizontal-slider","14":"ast-product-tabs-layout-horizontal","16":"first","17":"instock","18":"taxable","19":"shipping-taxable","20":"purchasable","21":"product-type-simple"},"wcpa_form_fields":null,"brands":[{"id":332,"name":"Victron Energie","slug":"victron"}],"_links":{"self":[{"href":"https:\/\/fvcomponentes.com\/de\/wp-json\/wp\/v2\/product\/3641","targetHints":{"allow":["GET"]}}],"collection":[{"href":"https:\/\/fvcomponentes.com\/de\/wp-json\/wp\/v2\/product"}],"about":[{"href":"https:\/\/fvcomponentes.com\/de\/wp-json\/wp\/v2\/types\/product"}],"replies":[{"embeddable":true,"href":"https:\/\/fvcomponentes.com\/de\/wp-json\/wp\/v2\/comments?post=3641"}],"wp:featuredmedia":[{"embeddable":true,"href":"https:\/\/fvcomponentes.com\/de\/wp-json\/wp\/v2\/media\/3642"}],"wp:attachment":[{"href":"https:\/\/fvcomponentes.com\/de\/wp-json\/wp\/v2\/media?parent=3641"}],"wp:term":[{"taxonomy":"pwb-brand","embeddable":true,"href":"https:\/\/fvcomponentes.com\/de\/wp-json\/wp\/v2\/pwb-brand?post=3641"},{"taxonomy":"product_brand","embeddable":true,"href":"https:\/\/fvcomponentes.com\/de\/wp-json\/wp\/v2\/product_brand?post=3641"},{"taxonomy":"product_cat","embeddable":true,"href":"https:\/\/fvcomponentes.com\/de\/wp-json\/wp\/v2\/product_cat?post=3641"},{"taxonomy":"product_tag","embeddable":true,"href":"https:\/\/fvcomponentes.com\/de\/wp-json\/wp\/v2\/product_tag?post=3641"}],"curies":[{"name":"wp","href":"https:\/\/api.w.org\/{rel}","templated":true}]}}