{"id":36312,"date":"2026-01-29T20:22:09","date_gmt":"2026-01-29T19:22:09","guid":{"rendered":"https:\/\/fvcomponentes.com\/?post_type=product&#038;p=36312"},"modified":"2026-01-30T12:28:44","modified_gmt":"2026-01-30T11:28:44","slug":"pytes-pi-lv1-512v-1024kwh-lifepo4-lithium-batterie-pytes-pi-lv1-512v-1024kwh-lifepo4","status":"publish","type":"product","link":"https:\/\/fvcomponentes.com\/de\/producto\/bateria-de-litio-pytes-pi-lv1-512v-1024kwh-lifepo4\/","title":{"rendered":"51,2V\/10,24kWh LiFePO4 Pytes Pi LV1 Lithium-Batterie"},"content":{"rendered":"<h2>51,2V\/10,24kWh LiFePO4 Pytes Pi LV1 Lithium-Batterie<\/h2>\n<p>Die Pi LV1-Batterie ist eine kompakte, robuste und skalierbare Energiespeicherl\u00f6sung. Sie kombiniert hohe Sicherheit, einfache Installation und Skalierbarkeit.<br \/>\nEs ist sowohl f\u00fcr private als auch f\u00fcr gewerbliche Installationen vorgesehen.<\/p>\n<p>Sie ist ideal f\u00fcr die Maximierung des solaren Eigenverbrauchs, die Sicherstellung einer zuverl\u00e4ssigen Energieversorgung oder den Entwurf modularer Systeme mit h\u00f6herer Kapazit\u00e4t.<\/p>\n<p>Seine LiFePO\u2084-Technologie (Lithium-Eisenphosphat) bietet hohe Sicherheit, lange Lebensdauer und thermische Stabilit\u00e4t auch in rauen Umgebungen.<br \/>\nSein Plug-and-Play-Design und seine Kompatibilit\u00e4t mit modernen Hybridsystemen machen ihn attraktiv.<br \/>\nEs ist ideal f\u00fcr alle, die eine effiziente, zuverl\u00e4ssige und skalierbare Speicherung suchen.<\/p>\n<p>Der Pytes Pi LV1 10,24 kWh hat eine Nennspannung von 51,2 V und eine Kapazit\u00e4t von 200 Ah. Er bietet eine zuverl\u00e4ssige und effiziente Energiespeicherung.<br \/>\nDas Modul ist skalierbar, so dass mehrere Einheiten parallel angeschlossen werden k\u00f6nnen. Dies erh\u00f6ht die Speicherkapazit\u00e4t.<\/p>\n<p>Sein fortschrittliches Managementsystem (BMS) gew\u00e4hrleistet einen sicheren Betrieb. Es \u00fcberwacht Zellbalance, Spannung und Temperatur.<br \/>\nAu\u00dferdem bietet es Schutz vor \u00dcberlastungen, \u00dcberentladungen und Kurzschl\u00fcssen.<\/p>\n<h2>Merkmale des Pytes Pi LV1-Akkus<\/h2>\n<h3>Modulares und stapelbares Design<\/h3>\n<p>Die Pi LV1-Batterie ist modular aufgebaut und stapelbar.<\/p>\n<p>Diese Pytes Pi LV1-Batteriemodulkonfiguration hat eine Kapazit\u00e4t von 10,24 kWh und bietet eine vielseitige und skalierbare Energiespeicherl\u00f6sung.<\/p>\n<p>Dar\u00fcber hinaus entspricht sein Design nicht nur den Anforderungen von Solar-Home-Systemen, sondern erm\u00f6glicht auch eine h\u00f6here Dauerleistung und effiziente Spitzenwerte, wenn mehrere Module kombiniert werden.<\/p>\n<h3>Fortschrittliche Technologie und Sicherheit<\/h3>\n<p>Der Pytes Pi LV1-Akku verwendet LFP-Zellen (LiFePO\u2084), die f\u00fcr ihre thermische Stabilit\u00e4t, ihr geringeres \u00dcberhitzungsrisiko und ihre l\u00e4ngere Lebensdauer im Vergleich zu anderen Lithium-Chemien bekannt sind.<\/p>\n<p>Es verf\u00fcgt \u00fcber eine robuste interne Struktur mit eingebautem BMS (vor Ort am einzelnen Modul getestet).<br \/>\nSch\u00fctzt vor \u00dcberlast, \u00dcberstrom und Zellunsymmetrie und sorgt f\u00fcr einen zuverl\u00e4ssigen und sicheren Betrieb.<\/p>\n<p>Dar\u00fcber hinaus sind ein Schalter und Sicherungen integriert, was den Schutz und die Wartung des Systems vereinfacht.<\/p>\n<p>Der Pi LV1 ist in gro\u00dfem Umfang nach UL9540A zertifiziert. Dies gew\u00e4hrleistet ein h\u00f6heres Ma\u00df an Sicherheit und Schutz.<br \/>\nAu\u00dferdem wird das Genehmigungsverfahren mit den zust\u00e4ndigen Beh\u00f6rden vor Ort gestrafft, so dass Genehmigungen schneller und einfacher erteilt werden k\u00f6nnen.<\/p>\n<h3>Skalierbarkeit und Konfiguration<\/h3>\n<p>Die Pi LV1-Batterie kann mit zus\u00e4tzlichen Modulen parallel erweitert werden, insbesondere verf\u00fcgt die 10,24 kWh-Batterie \u00fcber zwei 5,12 kWh-Module.<\/p>\n<p>Durch die Erh\u00f6hung der Anzahl der Einheiten steigen auch die maximale Entladekapazit\u00e4t und die nutzbare Leistung des Gesamtsystems. So passt es sich an h\u00f6here Lasten an<\/p>\n<h3>Dauer und Effizienz<\/h3>\n<p>Diese Batterie hat eine Lebensdauer von \u22656000 Zyklen bei 90 % Entladetiefe (DOD), was viele Jahre t\u00e4glichen Betriebs mit sehr geringer Degradation bedeutet.<\/p>\n<p>Seine Zykluseffizienz ist besser als die des 95%, was bedeutet, dass fast die gesamte zugef\u00fchrte Energie beim Entladen zur\u00fcckgewonnen werden kann.<\/p>\n<p>Der Pi LV1 arbeitet in m\u00e4\u00dfig kalten bis hei\u00dfen Umgebungen, wobei die typischen Spezifikationen durch das thermische Design des Akkus erweitert werden.<\/p>\n<p>Au\u00dferdem wird eine 10-Jahres-Garantie mit Herstellersupport gew\u00e4hrt.<\/p>\n<h3>F\u00fcr den Au\u00dfeneinsatz geeignet<\/h3>\n<p>Der Pytes Pi LV1-Akku ist mit der Schutzart IP55 ausgestattet, d.h. er ist wasser- und staubdicht.<br \/>\nEs ist sowohl f\u00fcr den Innen- als auch f\u00fcr den Au\u00dfenbereich geeignet und passt sich an verschiedene Anwendungsszenarien an.<\/p>\n<h3>Intelligenter Monitor<\/h3>\n<p>Der spezielle intelligente Monitor von Pytes erm\u00f6glicht die \u00dcberwachung des Vorgangs in Echtzeit.<br \/>\nEs erm\u00f6glicht nahtlose Remote-Upgrades und minimiert Probleme nach dem Verkauf.<\/p>\n<h3>Einrichtung<\/h3>\n<p>Die Pi LV1-Batterie ist einfach zu installieren, da sie \u00fcber einen Schnellanschluss verf\u00fcgt und ein Plug-and-Play-Design hat.<br \/>\nDies vereinfacht den Installationsprozess, da die manuelle Verkabelung entf\u00e4llt.<\/p>\n<p>Dank seiner kompakten Gr\u00f6\u00dfe und seines geringen Gewichts ist die Installation in nur 15 Minuten abgeschlossen.<\/p>\n<h3>Konnektivit\u00e4t<\/h3>\n<p>Der Pytes Pi LV1 verf\u00fcgt \u00fcber die Kommunikationsprotokolle CAN und RS485.<br \/>\nDies erleichtert die Integration in intelligente Energiemanagementsysteme.<\/p>\n<p>Au\u00dferdem kann die Batterie Ladezustands-, Temperatur- und Alarmdaten an den Wechselrichter oder die \u00dcberwachungsplattform \u00fcbertragen.<\/p>\n<h2>Kompatibilit\u00e4t mit dem Lithium-Akku Pytes Pi LV1<\/h2>\n<p>Der Akku Pi LV1 ist mit einer Vielzahl von Wechselrichtern kompatibel, darunter Victron Energy, GROWATT, solis, APsystems, EG4, phocos, Deye, ALTENERGY POWER, Solar, hoymiles, Solarplanet, SRNE, Sol-Ark, LUX POWERTEK, MEGAREVO, STUDER und Voltronic Power.<\/p>\n<h2>51.2V\/10.24kWh LiFePO4 Pytes Pi LV1 Lithium Batterie Technische Daten<\/h2>\n<table>\n<thead>\n<tr>\n<th><strong>Merkmal<\/strong><\/th>\n<th><strong>Wert<\/strong><\/th>\n<\/tr>\n<\/thead>\n<tbody>\n<tr>\n<td><strong>Modell<\/strong><\/td>\n<td>Pi LV1 (Konfiguration mit 2 Modulen)<\/td>\n<\/tr>\n<tr>\n<td><strong>Batterietyp\/Chemie<\/strong><\/td>\n<td>LiFePO4 (LFP)<\/td>\n<\/tr>\n<tr>\n<td><strong>Nennspannung<\/strong><\/td>\n<td>51,2 V<\/td>\n<\/tr>\n<tr>\n<td><strong>Betriebsspannungsbereich<\/strong><\/td>\n<td>47,5 - 56,8 V<\/td>\n<\/tr>\n<tr>\n<td><strong>Nennkapazit\u00e4t<\/strong><\/td>\n<td>200 Ah<\/td>\n<\/tr>\n<tr>\n<td><strong>Nominale Energie<\/strong><\/td>\n<td>10,24 kWh<\/td>\n<\/tr>\n<tr>\n<td><strong>Empfohlener Dauerlade- und Entladestrom<\/strong><\/td>\n<td>100 A<\/td>\n<\/tr>\n<tr>\n<td><strong>Empfohlene Leistung<\/strong><\/td>\n<td>5,12 kW<\/td>\n<\/tr>\n<tr>\n<td><strong>Systemeffizienz<\/strong><\/td>\n<td>95 %<\/td>\n<\/tr>\n<tr>\n<td><strong>Gesch\u00e4tzte Lebenszyklen<\/strong><\/td>\n<td>\u00a06000 Zyklen (bei 25 \u00b0C, ~90 % DoD)<\/td>\n<\/tr>\n<tr>\n<td><strong>Niveau des Schutzes<\/strong><\/td>\n<td>IP55 (Schutz gegen Staub und Wasser)<\/td>\n<\/tr>\n<tr>\n<td><strong>Externe Kommunikation<\/strong><\/td>\n<td>CAN, RS485, Wi-Fi, potentialfreier Kontakt<\/td>\n<\/tr>\n<tr>\n<td><strong>Interne Kommunikation<\/strong><\/td>\n<td>RS232<\/td>\n<\/tr>\n<tr>\n<td><strong>Abmessungen\u00a0<\/strong><\/td>\n<td>681 \u00d7 242 \u00d7 800 mm<\/td>\n<\/tr>\n<tr>\n<td><strong>Ungef\u00e4hres Gewicht<\/strong><\/td>\n<td>125 kg<\/td>\n<\/tr>\n<tr>\n<td><strong>Betriebstemperatur<\/strong><\/td>\n<td>Aufladen: 0 \u00b0C - 45 \u00b0C \/ Entladen: -10 \u00b0C - 50 \u00b0C<\/td>\n<\/tr>\n<tr>\n<td><strong>Zertifizierungen<\/strong><\/td>\n<td>CE, IEC 62619, UL 1973, UN38.3, UL 9540, UL 9540A<\/td>\n<\/tr>\n<\/tbody>\n<\/table>\n<p><a href=\"https:\/\/fvcomponentes.com\/wp-content\/uploads\/2026\/01\/26fe7be1ec8f4f9ee993a6cc940cea60e67f1001179bf3852cc77102c8e8f161.pdf\" target=\"_blank\" rel=\"noopener\">Pi LV1 Spezifikationen<\/a><\/p>\n<h2>51.2V\/10.24kWh LiFePO4 Pytes Pi LV1 Lithium-Batterie technische Informationen<\/h2>\n<p><a href=\"https:\/\/fvcomponentes.com\/wp-content\/uploads\/2026\/01\/952a251cc1bc9b66ca75a9aa756e058b-1.pdf\" target=\"_blank\" rel=\"noopener\">Technisches Datenblatt der Pytes Pi LV1-Batterie<\/a><\/p>\n<p><a href=\"https:\/\/fvcomponentes.com\/wp-content\/uploads\/2026\/01\/c16d1033018bbe1740d1e462aa387b95-1.pdf\" target=\"_blank\" rel=\"noopener\">Pytes Pi LV1 Pi Batterie Handbuch<\/a><\/p>","protected":false},"excerpt":{"rendered":"<ul>\n<li>Nennenergie: 10,24 kWh<\/li>\n<li>Anzahl der Module: 2<\/li>\n<li>Nennspannung: 51,2 V<\/li>\n<li>Betriebsspannungsbereich: 47,5 - 56,8V<\/li>\n<li>Nennkapazit\u00e4t: 200Ah<\/li>\n<\/ul>","protected":false},"featured_media":36328,"comment_status":"closed","ping_status":"closed","template":"","meta":{"site-sidebar-layout":"default","site-content-layout":"","ast-site-content-layout":"default","site-content-style":"default","site-sidebar-style":"default","ast-global-header-display":"","ast-banner-title-visibility":"","ast-main-header-display":"","ast-hfb-above-header-display":"","ast-hfb-below-header-display":"","ast-hfb-mobile-header-display":"","site-post-title":"","ast-breadcrumbs-content":"","ast-featured-img":"","footer-sml-layout":"","ast-disable-related-posts":"","theme-transparent-header-meta":"default","adv-header-id-meta":"","stick-header-meta":"","header-above-stick-meta":"","header-main-stick-meta":"","header-below-stick-meta":"","astra-migrate-meta-layouts":"set","ast-page-background-enabled":"default","ast-page-background-meta":{"desktop":{"background-color":"var(--ast-global-color-4)","background-image":"","background-repeat":"repeat","background-position":"center center","background-size":"auto","background-attachment":"scroll","background-type":"","background-media":"","overlay-type":"","overlay-color":"","overlay-opacity":"","overlay-gradient":""},"tablet":{"background-color":"","background-image":"","background-repeat":"repeat","background-position":"center center","background-size":"auto","background-attachment":"scroll","background-type":"","background-media":"","overlay-type":"","overlay-color":"","overlay-opacity":"","overlay-gradient":""},"mobile":{"background-color":"","background-image":"","background-repeat":"repeat","background-position":"center center","background-size":"auto","background-attachment":"scroll","background-type":"","background-media":"","overlay-type":"","overlay-color":"","overlay-opacity":"","overlay-gradient":""}},"ast-content-background-meta":{"desktop":{"background-color":"var(--ast-global-color-5)","background-image":"","background-repeat":"repeat","background-position":"center center","background-size":"auto","background-attachment":"scroll","background-type":"","background-media":"","overlay-type":"","overlay-color":"","overlay-opacity":"","overlay-gradient":""},"tablet":{"background-color":"var(--ast-global-color-5)","background-image":"","background-repeat":"repeat","background-position":"center center","background-size":"auto","background-attachment":"scroll","background-type":"","background-media":"","overlay-type":"","overlay-color":"","overlay-opacity":"","overlay-gradient":""},"mobile":{"background-color":"var(--ast-global-color-5)","background-image":"","background-repeat":"repeat","background-position":"center center","background-size":"auto","background-attachment":"scroll","background-type":"","background-media":"","overlay-type":"","overlay-color":"","overlay-opacity":"","overlay-gradient":""}}},"pwb-brand":[1007],"product_brand":[],"product_cat":[340,341],"product_tag":[],"class_list":{"0":"post-36312","1":"product","2":"type-product","3":"status-publish","4":"has-post-thumbnail","6":"pwb-brand-baterias-pytes","7":"product_cat-baterias","8":"product_cat-baterias-litio-48v","9":"product_shipping_class-baterias","10":"desktop-align-left","11":"tablet-align-left","12":"mobile-align-left","13":"ast-product-gallery-layout-horizontal-slider","14":"ast-product-tabs-layout-horizontal","16":"first","17":"instock","18":"taxable","19":"shipping-taxable","20":"purchasable","21":"product-type-yith_bundle"},"wcpa_form_fields":null,"brands":[{"id":1007,"name":"Pytes-Batterien","slug":"pytes-batterien"}],"_links":{"self":[{"href":"https:\/\/fvcomponentes.com\/de\/wp-json\/wp\/v2\/product\/36312","targetHints":{"allow":["GET"]}}],"collection":[{"href":"https:\/\/fvcomponentes.com\/de\/wp-json\/wp\/v2\/product"}],"about":[{"href":"https:\/\/fvcomponentes.com\/de\/wp-json\/wp\/v2\/types\/product"}],"replies":[{"embeddable":true,"href":"https:\/\/fvcomponentes.com\/de\/wp-json\/wp\/v2\/comments?post=36312"}],"wp:featuredmedia":[{"embeddable":true,"href":"https:\/\/fvcomponentes.com\/de\/wp-json\/wp\/v2\/media\/36328"}],"wp:attachment":[{"href":"https:\/\/fvcomponentes.com\/de\/wp-json\/wp\/v2\/media?parent=36312"}],"wp:term":[{"taxonomy":"pwb-brand","embeddable":true,"href":"https:\/\/fvcomponentes.com\/de\/wp-json\/wp\/v2\/pwb-brand?post=36312"},{"taxonomy":"product_brand","embeddable":true,"href":"https:\/\/fvcomponentes.com\/de\/wp-json\/wp\/v2\/product_brand?post=36312"},{"taxonomy":"product_cat","embeddable":true,"href":"https:\/\/fvcomponentes.com\/de\/wp-json\/wp\/v2\/product_cat?post=36312"},{"taxonomy":"product_tag","embeddable":true,"href":"https:\/\/fvcomponentes.com\/de\/wp-json\/wp\/v2\/product_tag?post=36312"}],"curies":[{"name":"wp","href":"https:\/\/api.w.org\/{rel}","templated":true}]}}