{"id":36305,"date":"2026-01-29T20:25:54","date_gmt":"2026-01-29T19:25:54","guid":{"rendered":"https:\/\/fvcomponentes.com\/?post_type=product&#038;p=36305"},"modified":"2026-01-29T20:25:56","modified_gmt":"2026-01-29T19:25:56","slug":"solaranlage-wohnmobil-victron-12v-185w","status":"publish","type":"product","link":"https:\/\/fvcomponentes.com\/de\/producto\/kit-solar-camper-victron-12v-185w\/","title":{"rendered":"Solar-Wohnmobil-Bausatz Victron 12V 185W"},"content":{"rendered":"<h2>Solar-Wohnmobil-Bausatz Victron 12V 185W<\/h2>\n<p>Das Victron 12V 185W Solar Camper Kit ist eine komplette und effiziente L\u00f6sung f\u00fcr alle, die Energieautonomie in ihrem Wohnwagen, Wohnmobil oder Reisemobil suchen.<\/p>\n<p>Dieser Bausatz wurde mit Original Victron Energy Komponenten entwickelt und bietet Leistung, Langlebigkeit und Sicherheit, so dass Sie auch unterwegs sauberen und konstanten Solarstrom genie\u00dfen k\u00f6nnen.<\/p>\n<p>Dank seiner optimierten Konfiguration f\u00fcr 12-Volt-Systeme ist dieses Kit ideal f\u00fcr die Deckung des t\u00e4glichen Verbrauchs von K\u00fchlschr\u00e4nken, Beleuchtung, Wasserpumpen und kleinen elektrischen Ger\u00e4ten, auch bei l\u00e4ngeren netzunabh\u00e4ngigen Aufenthalten.<\/p>\n<p>Kurz gesagt, es handelt sich um eine komplette Solarl\u00f6sung, die saubere, sichere und konstante Energie liefern soll.<br \/>\nDar\u00fcber hinaus verf\u00fcgt es \u00fcber die Qualit\u00e4t und die Garantie von Victron Energy.<\/p>\n<h3>Victron BlueSolar 185W Solarmodul<\/h3>\n<p>Das Victron BlueSolar 185W 12V monokristalline Solarmodul der Serie 4a garantiert eine hervorragende Energieproduktion, auch bei geringer Sonneneinstrahlung.<\/p>\n<p>Sie wird mit hochwertigen monokristallinen Zellen hergestellt und bietet einen hohen Wirkungsgrad und eine hohe Zuverl\u00e4ssigkeit, so dass sie sich perfekt f\u00fcr die Installation auf dem Dach von Wohnmobilen und Reisemobilen eignet.<\/p>\n<p>Durch seine robuste Bauweise ist er unempfindlich gegen Vibrationen, Temperaturschwankungen und ung\u00fcnstige Witterungsbedingungen und gew\u00e4hrleistet einen stabilen Betrieb und eine lange Lebensdauer.<\/p>\n<h3>Victron SmartSolar MPPT 75\/15 Steuerger\u00e4t<\/h3>\n<p>Der Victron SmartSolar MPPT 75\/15 optimiert dank seiner MPPT-Technologie die vom Solarmodul erzeugte Energie bis zum Maximum und passt sich in Echtzeit an die Einstrahlungsbedingungen an, um die h\u00f6chstm\u00f6gliche Produktion zu erzielen.<\/p>\n<p>Dar\u00fcber hinaus verf\u00fcgt es \u00fcber integriertes Bluetooth, so dass das System \u00fcber die VictronConnect App einfach von einem Mobiltelefon aus \u00fcberwacht und konfiguriert werden kann und detaillierte Informationen zu Spannung, Stromst\u00e4rke, Ladezustand und Verlauf der Solarproduktion liefert.<\/p>\n<h3>Mitgeliefertes Zubeh\u00f6r<\/h3>\n<p>Dieser Bausatz enth\u00e4lt alle notwendigen Elemente f\u00fcr eine sichere, saubere und dauerhafte Installation:<\/p>\n<ul>\n<li style=\"text-align: left;\"><strong>MC4-Anschl\u00fcsse (positiv und negativ)<\/strong> f\u00fcr den schnellen und sicheren Anschluss des Solarmoduls.<\/li>\n<li><strong>Kabeleinf\u00fchrung Solara wei\u00df DD2\/W<\/strong>, mit doppeltem PG13,5-Einlass, der eine vollst\u00e4ndig abgedichtete und gesch\u00fctzte Kabeldurchf\u00fchrung durch die Decke gew\u00e4hrleistet.<\/li>\n<li><strong>HSP-Aluminium-Halterungen (4 St\u00fcck)<\/strong>, entworfen, um das Solarpanel fest und widerstandsf\u00e4hig zu befestigen, Vibrationen zu absorbieren und die Bel\u00fcftung des Panels zu beg\u00fcnstigen.<\/li>\n<\/ul>","protected":false},"excerpt":{"rendered":"<p>Der Bausatz besteht aus:<\/p>\n<p>1 x <a href=\"https:\/\/fvcomponentes.com\/de\/produkt\/solarmodul-victron-bluesolar-185w-12v-monokristalline-serie-4a-spm041851200\/\" target=\"_blank\" rel=\"noopener\">Victron BlueSolar 185W-12V monokristallines Solarpanel 4a Serie - SPM041851200<\/a><\/p>\n<p>1 x <a href=\"https:\/\/fvcomponentes.com\/de\/produkt\/victron-smartsolar-mppt-75-15-regler\/\" target=\"_blank\" rel=\"noopener\">Victron SmartSolar MPPT 75\/15 Steuerger\u00e4t - SCC075015060R<\/a><\/p>\n<p>1 x <a href=\"https:\/\/fvcomponentes.com\/de\/produkt\/mc4-steckverbinder-solarmodule-positiv-negativ\/\" target=\"_blank\" rel=\"noopener\">MC4-Steckverbinder f\u00fcr Solarmodule (1 positiv + 1 negativ)- Koban<\/a><\/p>\n<p>1 x Solara Kabelverschraubung Wei\u00df - DD2\/W - 2 x PG13.5<\/p>\n<p>1 x HSP - Aluminium-Halterung (4 St\u00fcck) f\u00fcr Solarmodule<\/p>","protected":false},"featured_media":36306,"comment_status":"closed","ping_status":"closed","template":"","meta":{"site-sidebar-layout":"default","site-content-layout":"","ast-site-content-layout":"default","site-content-style":"default","site-sidebar-style":"default","ast-global-header-display":"","ast-banner-title-visibility":"","ast-main-header-display":"","ast-hfb-above-header-display":"","ast-hfb-below-header-display":"","ast-hfb-mobile-header-display":"","site-post-title":"","ast-breadcrumbs-content":"","ast-featured-img":"","footer-sml-layout":"","ast-disable-related-posts":"","theme-transparent-header-meta":"default","adv-header-id-meta":"","stick-header-meta":"","header-above-stick-meta":"","header-main-stick-meta":"","header-below-stick-meta":"","astra-migrate-meta-layouts":"set","ast-page-background-enabled":"default","ast-page-background-meta":{"desktop":{"background-color":"var(--ast-global-color-4)","background-image":"","background-repeat":"repeat","background-position":"center center","background-size":"auto","background-attachment":"scroll","background-type":"","background-media":"","overlay-type":"","overlay-color":"","overlay-opacity":"","overlay-gradient":""},"tablet":{"background-color":"","background-image":"","background-repeat":"repeat","background-position":"center center","background-size":"auto","background-attachment":"scroll","background-type":"","background-media":"","overlay-type":"","overlay-color":"","overlay-opacity":"","overlay-gradient":""},"mobile":{"background-color":"","background-image":"","background-repeat":"repeat","background-position":"center center","background-size":"auto","background-attachment":"scroll","background-type":"","background-media":"","overlay-type":"","overlay-color":"","overlay-opacity":"","overlay-gradient":""}},"ast-content-background-meta":{"desktop":{"background-color":"var(--ast-global-color-5)","background-image":"","background-repeat":"repeat","background-position":"center center","background-size":"auto","background-attachment":"scroll","background-type":"","background-media":"","overlay-type":"","overlay-color":"","overlay-opacity":"","overlay-gradient":""},"tablet":{"background-color":"var(--ast-global-color-5)","background-image":"","background-repeat":"repeat","background-position":"center center","background-size":"auto","background-attachment":"scroll","background-type":"","background-media":"","overlay-type":"","overlay-color":"","overlay-opacity":"","overlay-gradient":""},"mobile":{"background-color":"var(--ast-global-color-5)","background-image":"","background-repeat":"repeat","background-position":"center center","background-size":"auto","background-attachment":"scroll","background-type":"","background-media":"","overlay-type":"","overlay-color":"","overlay-opacity":"","overlay-gradient":""}}},"pwb-brand":[332],"product_brand":[],"product_cat":[464,910],"product_tag":[],"class_list":{"0":"post-36305","1":"product","2":"type-product","3":"status-publish","4":"has-post-thumbnail","6":"pwb-brand-victron","7":"product_cat-kits-solares","8":"product_cat-kit-solar-camper","9":"product_shipping_class-paneles","10":"desktop-align-left","11":"tablet-align-left","12":"mobile-align-left","13":"ast-product-gallery-layout-horizontal-slider","14":"ast-product-gallery-with-no-image","15":"ast-product-tabs-layout-horizontal","17":"first","18":"instock","19":"taxable","20":"shipping-taxable","21":"purchasable","22":"product-type-simple"},"wcpa_form_fields":null,"brands":[{"id":332,"name":"Victron Energie","slug":"victron"}],"_links":{"self":[{"href":"https:\/\/fvcomponentes.com\/de\/wp-json\/wp\/v2\/product\/36305","targetHints":{"allow":["GET"]}}],"collection":[{"href":"https:\/\/fvcomponentes.com\/de\/wp-json\/wp\/v2\/product"}],"about":[{"href":"https:\/\/fvcomponentes.com\/de\/wp-json\/wp\/v2\/types\/product"}],"replies":[{"embeddable":true,"href":"https:\/\/fvcomponentes.com\/de\/wp-json\/wp\/v2\/comments?post=36305"}],"wp:featuredmedia":[{"embeddable":true,"href":"https:\/\/fvcomponentes.com\/de\/wp-json\/wp\/v2\/media\/36306"}],"wp:attachment":[{"href":"https:\/\/fvcomponentes.com\/de\/wp-json\/wp\/v2\/media?parent=36305"}],"wp:term":[{"taxonomy":"pwb-brand","embeddable":true,"href":"https:\/\/fvcomponentes.com\/de\/wp-json\/wp\/v2\/pwb-brand?post=36305"},{"taxonomy":"product_brand","embeddable":true,"href":"https:\/\/fvcomponentes.com\/de\/wp-json\/wp\/v2\/product_brand?post=36305"},{"taxonomy":"product_cat","embeddable":true,"href":"https:\/\/fvcomponentes.com\/de\/wp-json\/wp\/v2\/product_cat?post=36305"},{"taxonomy":"product_tag","embeddable":true,"href":"https:\/\/fvcomponentes.com\/de\/wp-json\/wp\/v2\/product_tag?post=36305"}],"curies":[{"name":"wp","href":"https:\/\/api.w.org\/{rel}","templated":true}]}}