{"id":36277,"date":"2026-01-29T20:25:35","date_gmt":"2026-01-29T19:25:35","guid":{"rendered":"https:\/\/fvcomponentes.com\/?post_type=product&#038;p=36277"},"modified":"2026-04-09T19:19:48","modified_gmt":"2026-04-09T17:19:48","slug":"solarkit-wohnmobil-lithium-200ah","status":"publish","type":"product","link":"https:\/\/fvcomponentes.com\/de\/producto\/kit-solar-camper-litio-200ah\/","title":{"rendered":"Solar-Wohnmobil-Bausatz Lithium 200Ah"},"content":{"rendered":"<div style=\"position: relative; padding-bottom: 56.25%; height: 0; margin-bottom: 24px;\"><iframe style=\"position: absolute; top: 0; left: 0; width: 100%; height: 100%; border: 0;\" src=\"https:\/\/www.youtube-nocookie.com\/embed\/6EXFWD8E_d4?rel=0&amp;modestbranding=1\" allowfullscreen=\"allowfullscreen\"><br \/>\n<\/iframe><\/div>\n<p><script type=\"application\/ld+json\">{\n    \"@context\": \"https:\\\/\\\/schema.org\",\n    \"@type\": \"VideoObject\",\n    \"name\": \"CONFIGURACI\\u00d3N de tu VICTRON SMARTSHUNT 500A como un PRO\",\n    \"description\": \"Aprende a configurar de forma eficiente un Victron SmartShunt 500A utilizando la app Victron Connect en iOS y Android para monitorizar tu bater\\u00eda con precisi\\u00f3n y sacar el m\\u00e1ximo rendimiento a tu sistema.\",\n    \"thumbnailUrl\": \"https:\\\/\\\/i.ytimg.com\\\/vi\\\/6EXFWD8E_d4\\\/maxresdefault.jpg\",\n    \"uploadDate\": \"2026-04-09T00:00:00+02:00\",\n    \"contentUrl\": \"https:\\\/\\\/www.youtube.com\\\/watch?v=6EXFWD8E_d4\",\n    \"embedUrl\": \"https:\\\/\\\/www.youtube-nocookie.com\\\/embed\\\/6EXFWD8E_d4\",\n    \"publisher\": {\n        \"@type\": \"Organization\",\n        \"name\": \"FV Componentes\"\n    }\n}<\/script><\/p>\n<h2>Solar-Wohnmobil-Bausatz Lithium 200Ah<\/h2>\n<p>Das Solar Camper Kit Lithium 200Ah wurde f\u00fcr diejenigen entwickelt, die ein Maximum an Energieautonomie, Zuverl\u00e4ssigkeit, Sicherheit und Effizienz f\u00fcr ihr Wohnmobil, ihren Wohnwagen oder ihr Reisemobil suchen. Dieses System kombiniert modernste Technologie und hochwertige Komponenten von f\u00fchrenden Marken wie Victron Energy und Upower.<br \/>\nDas Ergebnis ist eine zuverl\u00e4ssige Leistung sowohl auf der Stra\u00dfe als auch im Gel\u00e4nde, selbst unter den anspruchsvollsten Bedingungen.<\/p>\n<p>Dank der Lithium-Ionen-Technologie und dem intelligenten Lade- und Verbrauchsmanagement k\u00f6nnen Sie mit diesem Kit die Energie der Lichtmaschine optimal nutzen.<br class=\"yoast-text-mark\" \/>Es erm\u00f6glicht auch die \u00dcberwachung des Stromverbrauchs in Echtzeit.<br \/>\nDies erm\u00f6glicht Ihnen ein Touring-Erlebnis ohne die Einschr\u00e4nkungen herk\u00f6mmlicher AGM- oder GEL-Batterien.<\/p>\n<p>Kurz gesagt, das Solar Camper Kit Lithium 200Ah ist eine komplette und leistungsstarke L\u00f6sung f\u00fcr alle, die zuverl\u00e4ssige Energie, totale Kontrolle und ein Maximum an Seelenfrieden genie\u00dfen wollen, ohne sich um Strom zu sorgen.<\/p>\n<h3>Upower Lithium-Batterie 12,8V \/ 200Ah<\/h3>\n<p>Die Upower-Lithium-Batterie ist das Herzst\u00fcck dieses Kits.<br \/>\nSie bietet eine hohe Speicherkapazit\u00e4t, ein geringes Gewicht und eine wesentlich l\u00e4ngere Lebensdauer als herk\u00f6mmliche Batterien.<\/p>\n<p>Dank der LiFePO\u2084-Technologie bietet die Upower-Batterie bis zu doppelt so viel nutzbare Energie wie eine AGM-Batterie mit derselben Kapazit\u00e4t.<br \/>\nEs erm\u00f6glicht auch Tiefentladungen ohne Leistungseinbu\u00dfen sowie ein wesentlich schnelleres Aufladen.<\/p>\n<p>Damit ist es ideal f\u00fcr die Versorgung von Kompressork\u00fchlern, Hochleistungsinvertern, Beleuchtung, Wasserpumpen, Multimediasystemen und anderen wichtigen Ger\u00e4ten.<br \/>\nAuch \u00fcber l\u00e4ngere Zeitr\u00e4ume ohne Netzstrom.<\/p>\n<p>Dar\u00fcber hinaus sch\u00fctzt ein internes BMS (Battery Management System) die Batterie vor \u00dcberladung, \u00dcberentladung, Kurzschluss, \u00dcberstrom und extremen Temperaturen. Dies gew\u00e4hrleistet einen sicheren Betrieb und eine lange Lebensdauer.<\/p>\n<h3>DC-DC-Wandler Victron Orion XS 12\/12-50A<\/h3>\n<p>Der Orion XS 12\/12-50A-Wandler erm\u00f6glicht ein schnelles, stabiles und absolut sicheres Laden der Lithium-Batterie \u00fcber die Lichtmaschine des Fahrzeugs.<br \/>\nDies gilt auch f\u00fcr moderne Fahrzeuge, die mit intelligenten Lichtmaschinen ausgestattet sind.<\/p>\n<p>Dank der hohen Ladekapazit\u00e4t von bis zu 50 A kann die 200-Ah-Batterie w\u00e4hrend der Fahrt schnell aufgeladen werden.<br \/>\nDadurch wird die Fahrzeit optimiert und die Energieautonomie verbessert.<\/p>\n<p>Seine isolierte Bauweise sch\u00fctzt die elektrische Anlage des Fahrzeugs und verhindert einen unerw\u00fcnschten Stromr\u00fcckfluss.<\/p>\n<p>Dar\u00fcber hinaus erm\u00f6glicht die integrierte Bluetooth-Konnektivit\u00e4t die einfache Konfiguration und \u00dcberwachung des Systems \u00fcber die VictronConnect App.<br \/>\nDies erleichtert die Anpassung von Lastkurven, Grenzwerten und Parametern an die spezifischen Anforderungen der Anlage.<\/p>\n<h3>Victron SmartShunt 300A\/50mV<\/h3>\n<p>F\u00fcr eine vollst\u00e4ndige Systemkontrolle enth\u00e4lt das Kit den Victron 300A SmartShunt, einen hochpr\u00e4zisen Batteriemonitor, der in Echtzeit die gesamte Energie misst, die in die und aus der Batterie flie\u00dft.<\/p>\n<p>\u00dcber die VictronConnect App haben Sie in Echtzeit Zugriff auf wichtige Informationen wie Ladezustand (%), Momentanverbrauch, Batteriespannung, Energieverlauf, Alarme und erweiterte Daten.<\/p>\n<p>All dies ohne zus\u00e4tzliche Abschirmungen, so dass eine saubere, moderne und effiziente Installation m\u00f6glich ist.<br \/>\nAuf diese Weise wissen Sie jederzeit, wie viel Energie Ihnen zur Verf\u00fcgung steht und wie Sie diese optimal nutzen k\u00f6nnen.<\/p>","protected":false},"excerpt":{"rendered":"<p>Dieser Bausatz besteht aus:<\/p>\n<ul>\n<li>1 x <a href=\"https:\/\/fvcomponentes.com\/de\/produkt\/victron-orion-xs-12-12-50a-ori121217050-victron-orion-xs-12-12-50a-steuerkonverter\/\" target=\"_blank\" rel=\"noopener\">Victron Orion XS 12\/12-50A- ORI121217050 Verst\u00e4rkerwandler<\/a><\/li>\n<li>1 x <a href=\"https:\/\/fvcomponentes.com\/de\/produkt\/smartshunt-victron-300a-50mv-shu050130050\/\" target=\"_blank\" rel=\"noopener\">SmartShunt Victron 300A\/50mV - SHU050130050<\/a><\/li>\n<li>1 x <a href=\"https:\/\/fvcomponentes.com\/de\/produkt\/upower-lithium-batterie-12v-200ah-ue-12li200\/\" target=\"_blank\" rel=\"noopener\">Upower Lithium-Batterie 12,8V\/200Ah - UE-12LI200<\/a><\/li>\n<\/ul>","protected":false},"featured_media":36294,"comment_status":"closed","ping_status":"closed","template":"","meta":{"site-sidebar-layout":"default","site-content-layout":"","ast-site-content-layout":"default","site-content-style":"default","site-sidebar-style":"default","ast-global-header-display":"","ast-banner-title-visibility":"","ast-main-header-display":"","ast-hfb-above-header-display":"","ast-hfb-below-header-display":"","ast-hfb-mobile-header-display":"","site-post-title":"","ast-breadcrumbs-content":"","ast-featured-img":"","footer-sml-layout":"","ast-disable-related-posts":"","theme-transparent-header-meta":"default","adv-header-id-meta":"","stick-header-meta":"","header-above-stick-meta":"","header-main-stick-meta":"","header-below-stick-meta":"","astra-migrate-meta-layouts":"set","ast-page-background-enabled":"default","ast-page-background-meta":{"desktop":{"background-color":"var(--ast-global-color-4)","background-image":"","background-repeat":"repeat","background-position":"center center","background-size":"auto","background-attachment":"scroll","background-type":"","background-media":"","overlay-type":"","overlay-color":"","overlay-opacity":"","overlay-gradient":""},"tablet":{"background-color":"","background-image":"","background-repeat":"repeat","background-position":"center center","background-size":"auto","background-attachment":"scroll","background-type":"","background-media":"","overlay-type":"","overlay-color":"","overlay-opacity":"","overlay-gradient":""},"mobile":{"background-color":"","background-image":"","background-repeat":"repeat","background-position":"center center","background-size":"auto","background-attachment":"scroll","background-type":"","background-media":"","overlay-type":"","overlay-color":"","overlay-opacity":"","overlay-gradient":""}},"ast-content-background-meta":{"desktop":{"background-color":"var(--ast-global-color-5)","background-image":"","background-repeat":"repeat","background-position":"center center","background-size":"auto","background-attachment":"scroll","background-type":"","background-media":"","overlay-type":"","overlay-color":"","overlay-opacity":"","overlay-gradient":""},"tablet":{"background-color":"var(--ast-global-color-5)","background-image":"","background-repeat":"repeat","background-position":"center center","background-size":"auto","background-attachment":"scroll","background-type":"","background-media":"","overlay-type":"","overlay-color":"","overlay-opacity":"","overlay-gradient":""},"mobile":{"background-color":"var(--ast-global-color-5)","background-image":"","background-repeat":"repeat","background-position":"center center","background-size":"auto","background-attachment":"scroll","background-type":"","background-media":"","overlay-type":"","overlay-color":"","overlay-opacity":"","overlay-gradient":""}}},"pwb-brand":[332,1020],"product_brand":[],"product_cat":[464,910],"product_tag":[],"class_list":{"0":"post-36277","1":"product","2":"type-product","3":"status-publish","4":"has-post-thumbnail","6":"pwb-brand-victron","7":"pwb-brand-upower","8":"product_cat-kits-solares","9":"product_cat-kit-solar-camper","10":"product_shipping_class-baterias","11":"desktop-align-left","12":"tablet-align-left","13":"mobile-align-left","14":"ast-product-gallery-layout-horizontal-slider","15":"ast-product-gallery-with-no-image","16":"ast-product-tabs-layout-horizontal","18":"first","19":"instock","20":"taxable","21":"shipping-taxable","22":"purchasable","23":"product-type-simple"},"wcpa_form_fields":null,"brands":[{"id":1020,"name":"Upower-Batterien","slug":"upower"},{"id":332,"name":"Victron Energie","slug":"victron"}],"_links":{"self":[{"href":"https:\/\/fvcomponentes.com\/de\/wp-json\/wp\/v2\/product\/36277","targetHints":{"allow":["GET"]}}],"collection":[{"href":"https:\/\/fvcomponentes.com\/de\/wp-json\/wp\/v2\/product"}],"about":[{"href":"https:\/\/fvcomponentes.com\/de\/wp-json\/wp\/v2\/types\/product"}],"replies":[{"embeddable":true,"href":"https:\/\/fvcomponentes.com\/de\/wp-json\/wp\/v2\/comments?post=36277"}],"wp:featuredmedia":[{"embeddable":true,"href":"https:\/\/fvcomponentes.com\/de\/wp-json\/wp\/v2\/media\/36294"}],"wp:attachment":[{"href":"https:\/\/fvcomponentes.com\/de\/wp-json\/wp\/v2\/media?parent=36277"}],"wp:term":[{"taxonomy":"pwb-brand","embeddable":true,"href":"https:\/\/fvcomponentes.com\/de\/wp-json\/wp\/v2\/pwb-brand?post=36277"},{"taxonomy":"product_brand","embeddable":true,"href":"https:\/\/fvcomponentes.com\/de\/wp-json\/wp\/v2\/product_brand?post=36277"},{"taxonomy":"product_cat","embeddable":true,"href":"https:\/\/fvcomponentes.com\/de\/wp-json\/wp\/v2\/product_cat?post=36277"},{"taxonomy":"product_tag","embeddable":true,"href":"https:\/\/fvcomponentes.com\/de\/wp-json\/wp\/v2\/product_tag?post=36277"}],"curies":[{"name":"wp","href":"https:\/\/api.w.org\/{rel}","templated":true}]}}