{"id":36271,"date":"2026-01-29T20:25:06","date_gmt":"2026-01-29T19:25:06","guid":{"rendered":"https:\/\/fvcomponentes.com\/?post_type=product&#038;p=36271"},"modified":"2026-04-09T19:19:58","modified_gmt":"2026-04-09T17:19:58","slug":"solarkit-wohnmobil-lithium-100ah","status":"publish","type":"product","link":"https:\/\/fvcomponentes.com\/de\/producto\/kit-solar-camper-litio-100ah\/","title":{"rendered":"Solar-Wohnmobil-Bausatz Lithium 100Ah"},"content":{"rendered":"<div style=\"position: relative; padding-bottom: 56.25%; height: 0; margin-bottom: 24px;\"><iframe style=\"position: absolute; top: 0; left: 0; width: 100%; height: 100%; border: 0;\" src=\"https:\/\/www.youtube-nocookie.com\/embed\/6EXFWD8E_d4?rel=0&amp;modestbranding=1\" allowfullscreen=\"allowfullscreen\"><br \/>\n<\/iframe><\/div>\n<p><script type=\"application\/ld+json\">{\n    \"@context\": \"https:\\\/\\\/schema.org\",\n    \"@type\": \"VideoObject\",\n    \"name\": \"CONFIGURACI\\u00d3N de tu VICTRON SMARTSHUNT 500A como un PRO\",\n    \"description\": \"Aprende a configurar de forma eficiente un Victron SmartShunt 500A utilizando la app Victron Connect en iOS y Android para monitorizar tu bater\\u00eda con precisi\\u00f3n y sacar el m\\u00e1ximo rendimiento a tu sistema.\",\n    \"thumbnailUrl\": \"https:\\\/\\\/i.ytimg.com\\\/vi\\\/6EXFWD8E_d4\\\/maxresdefault.jpg\",\n    \"uploadDate\": \"2026-04-09T00:00:00+02:00\",\n    \"contentUrl\": \"https:\\\/\\\/www.youtube.com\\\/watch?v=6EXFWD8E_d4\",\n    \"embedUrl\": \"https:\\\/\\\/www.youtube-nocookie.com\\\/embed\\\/6EXFWD8E_d4\",\n    \"publisher\": {\n        \"@type\": \"Organization\",\n        \"name\": \"FV Componentes\"\n    }\n}<\/script><\/p>\n<h2>Solar-Wohnmobil-Bausatz Lithium 100Ah<\/h2>\n<p>Dieses Solar-Kit f\u00fcr Camper ist f\u00fcr diejenigen gedacht, die auf ihren Reisen Energieautonomie, Sicherheit und totale Kontrolle \u00fcber den Stromverbrauch suchen.<br \/>\nDar\u00fcber hinaus enth\u00e4lt es hochwertige Komponenten f\u00fchrender Marken, die eine effiziente, zuverl\u00e4ssige und langlebige Leistung sowohl w\u00e4hrend der Fahrt als auch im Stillstand gew\u00e4hrleisten.<\/p>\n<p>Vergessen Sie die Einschr\u00e4nkungen von AGM- oder GEL-Batterien und machen Sie den ultimativen Sprung zu Lithium. Dank dieses kompletten Upgrades werden Sie die volle Leistung Ihrer Ger\u00e4te genie\u00dfen k\u00f6nnen.<\/p>\n<p>Dieses Kit ist ideal f\u00fcr Camper, Wohnwagen und Wohnmobile, die auf der Suche nach Energieunabh\u00e4ngigkeit, Zuverl\u00e4ssigkeit und fortschrittlicher Technologie sind, um mit absoluter Sicherheit zu reisen.<\/p>\n<h3>U-Power Lithium-Batterie 12,8V \/ 100Ah<\/h3>\n<p>Das Herzst\u00fcck des Systems ist die U-Power-Lithium-Batterie, mit der Sie im Vergleich zu einer AGM-Batterie mit derselben Kapazit\u00e4t bis zu doppelt so viel nutzbare Energie erhalten. Sie k\u00f6nnen also die Tiefentladungen vergessen, die herk\u00f6mmliche Batterien besch\u00e4digen.<br \/>\nDamit ist es ideal f\u00fcr die Stromversorgung von K\u00fchlschr\u00e4nken, Beleuchtung, Wechselrichtern und anderen wichtigen Ger\u00e4ten in Wohnmobilen und Wohnwagen.<br \/>\nAu\u00dferdem ist sie mit einem internen BMS ausgestattet, das die Batterie vor \u00dcberladung, \u00fcberm\u00e4\u00dfiger Entladung, Kurzschl\u00fcssen und extremen Temperaturen sch\u00fctzt und so f\u00fcr zus\u00e4tzliche Sicherheit und Ruhe sorgt.<\/p>\n<h3>Victron SmartShunt 300A\/50mV<\/h3>\n<p>Das Herzst\u00fcck dieses Kits, der SmartShunt 300 A , ist ein hochpr\u00e4ziser Batteriemonitor, der jedes Ampere, das Sie verbrauchen und erzeugen, \u00fcberwacht.<br \/>\nEs bietet Echtzeitinformationen \u00fcber Ladezustand, Verbrauch, Spannung und Energieverlauf, die alle \u00fcber die VictronConnect App zug\u00e4nglich sind, ohne dass zus\u00e4tzliche Bildschirme erforderlich sind.<br \/>\nAuf diese Weise haben Sie jederzeit die volle Kontrolle \u00fcber Ihre Energie.<\/p>\n<h3>DC-DC-Wandler Victron Orion-Tr Smart 12\/12-18A<\/h3>\n<p>Das System ist mit dem Orion-Tr Smart 12\/12-18A ausgestattet, der eine optimale und sichere Ladung der Zusatzbatterie \u00fcber die Lichtmaschine des Fahrzeugs erm\u00f6glicht, auch bei modernen Fahrzeugen mit intelligenten Lichtmaschinen.<br \/>\nDank seiner isolierten Bauweise sch\u00fctzt er die Elektroinstallation. Au\u00dferdem erm\u00f6glicht seine Bluetooth-Konnektivit\u00e4t eine schnelle und einfache Konfiguration und \u00dcberwachung \u00fcber ein Mobiltelefon.<\/p>","protected":false},"excerpt":{"rendered":"<p>Dieser Bausatz besteht aus:<\/p>\n<ul>\n<li>1 x <a href=\"https:\/\/fvcomponentes.com\/de\/produkt\/victron-orion-tr-smart-12-12-18a-dc-dc-isolierter-wandler-ori121222120\/\" target=\"_blank\" rel=\"noopener\">Victron Orion-Tr Smart 12\/12-18A DC-DC isolierter Booster-Wandler - ORI121222120<\/a><\/li>\n<li>1 x <a href=\"https:\/\/fvcomponentes.com\/de\/produkt\/smartshunt-victron-300a-50mv-shu050130050\/\" target=\"_blank\" rel=\"noopener\">SmartShunt Victron 300A\/50mV - SHU050130050<\/a><\/li>\n<li>1 x <a href=\"https:\/\/fvcomponentes.com\/de\/produkt\/upower-lithium-batterie-12v-100ah-ue-12li100\/\" target=\"_blank\" rel=\"noopener\">Upower Lithium-Batterie 12,8V\/100Ah - UE-12Li100<\/a><\/li>\n<\/ul>","protected":false},"featured_media":36293,"comment_status":"closed","ping_status":"closed","template":"","meta":{"site-sidebar-layout":"default","site-content-layout":"","ast-site-content-layout":"default","site-content-style":"default","site-sidebar-style":"default","ast-global-header-display":"","ast-banner-title-visibility":"","ast-main-header-display":"","ast-hfb-above-header-display":"","ast-hfb-below-header-display":"","ast-hfb-mobile-header-display":"","site-post-title":"","ast-breadcrumbs-content":"","ast-featured-img":"","footer-sml-layout":"","ast-disable-related-posts":"","theme-transparent-header-meta":"default","adv-header-id-meta":"","stick-header-meta":"","header-above-stick-meta":"","header-main-stick-meta":"","header-below-stick-meta":"","astra-migrate-meta-layouts":"set","ast-page-background-enabled":"default","ast-page-background-meta":{"desktop":{"background-color":"var(--ast-global-color-4)","background-image":"","background-repeat":"repeat","background-position":"center center","background-size":"auto","background-attachment":"scroll","background-type":"","background-media":"","overlay-type":"","overlay-color":"","overlay-opacity":"","overlay-gradient":""},"tablet":{"background-color":"","background-image":"","background-repeat":"repeat","background-position":"center center","background-size":"auto","background-attachment":"scroll","background-type":"","background-media":"","overlay-type":"","overlay-color":"","overlay-opacity":"","overlay-gradient":""},"mobile":{"background-color":"","background-image":"","background-repeat":"repeat","background-position":"center center","background-size":"auto","background-attachment":"scroll","background-type":"","background-media":"","overlay-type":"","overlay-color":"","overlay-opacity":"","overlay-gradient":""}},"ast-content-background-meta":{"desktop":{"background-color":"var(--ast-global-color-5)","background-image":"","background-repeat":"repeat","background-position":"center center","background-size":"auto","background-attachment":"scroll","background-type":"","background-media":"","overlay-type":"","overlay-color":"","overlay-opacity":"","overlay-gradient":""},"tablet":{"background-color":"var(--ast-global-color-5)","background-image":"","background-repeat":"repeat","background-position":"center center","background-size":"auto","background-attachment":"scroll","background-type":"","background-media":"","overlay-type":"","overlay-color":"","overlay-opacity":"","overlay-gradient":""},"mobile":{"background-color":"var(--ast-global-color-5)","background-image":"","background-repeat":"repeat","background-position":"center center","background-size":"auto","background-attachment":"scroll","background-type":"","background-media":"","overlay-type":"","overlay-color":"","overlay-opacity":"","overlay-gradient":""}}},"pwb-brand":[332,1020],"product_brand":[],"product_cat":[910,928,464],"product_tag":[],"class_list":{"0":"post-36271","1":"product","2":"type-product","3":"status-publish","4":"has-post-thumbnail","6":"pwb-brand-victron","7":"pwb-brand-upower","8":"product_cat-kit-solar-camper","9":"product_cat-kit-solar-velero","10":"product_cat-kits-solares","11":"product_shipping_class-baterias","12":"desktop-align-left","13":"tablet-align-left","14":"mobile-align-left","15":"ast-product-gallery-layout-horizontal-slider","16":"ast-product-tabs-layout-horizontal","18":"first","19":"instock","20":"taxable","21":"shipping-taxable","22":"purchasable","23":"product-type-simple"},"wcpa_form_fields":null,"brands":[{"id":1020,"name":"Upower-Batterien","slug":"upower"},{"id":332,"name":"Victron Energie","slug":"victron"}],"_links":{"self":[{"href":"https:\/\/fvcomponentes.com\/de\/wp-json\/wp\/v2\/product\/36271","targetHints":{"allow":["GET"]}}],"collection":[{"href":"https:\/\/fvcomponentes.com\/de\/wp-json\/wp\/v2\/product"}],"about":[{"href":"https:\/\/fvcomponentes.com\/de\/wp-json\/wp\/v2\/types\/product"}],"replies":[{"embeddable":true,"href":"https:\/\/fvcomponentes.com\/de\/wp-json\/wp\/v2\/comments?post=36271"}],"wp:featuredmedia":[{"embeddable":true,"href":"https:\/\/fvcomponentes.com\/de\/wp-json\/wp\/v2\/media\/36293"}],"wp:attachment":[{"href":"https:\/\/fvcomponentes.com\/de\/wp-json\/wp\/v2\/media?parent=36271"}],"wp:term":[{"taxonomy":"pwb-brand","embeddable":true,"href":"https:\/\/fvcomponentes.com\/de\/wp-json\/wp\/v2\/pwb-brand?post=36271"},{"taxonomy":"product_brand","embeddable":true,"href":"https:\/\/fvcomponentes.com\/de\/wp-json\/wp\/v2\/product_brand?post=36271"},{"taxonomy":"product_cat","embeddable":true,"href":"https:\/\/fvcomponentes.com\/de\/wp-json\/wp\/v2\/product_cat?post=36271"},{"taxonomy":"product_tag","embeddable":true,"href":"https:\/\/fvcomponentes.com\/de\/wp-json\/wp\/v2\/product_tag?post=36271"}],"curies":[{"name":"wp","href":"https:\/\/api.w.org\/{rel}","templated":true}]}}