{"id":36257,"date":"2026-01-29T20:44:18","date_gmt":"2026-01-29T19:44:18","guid":{"rendered":"https:\/\/fvcomponentes.com\/?post_type=product&#038;p=36257"},"modified":"2026-01-29T20:44:19","modified_gmt":"2026-01-29T19:44:19","slug":"lifepo4-victron-superpack-256-v-200-ah-lithium-batterie-ng-bat524120740","status":"publish","type":"product","link":"https:\/\/fvcomponentes.com\/de\/producto\/bateria-de-litio-lifepo4-victron-superpack-256-v-200-ah-ng-bat524120740\/","title":{"rendered":"Victron SuperPack 25.6V\/200 Ah NG LiFePO4 Lithium Batterie - BAT524120740"},"content":{"rendered":"<h2>Victron SuperPack 25.6V\/200 Ah NG LiFePO4 Lithium Batterie - BAT524120740<\/h2>\n<p>Der SuperPack 25.6V\/200Ah NG ist eine hochmoderne Lithiumbatterie, die Ihnen viel Energie f\u00fcr Ihr gesamtes elektrisches System liefert, selbst f\u00fcr die stromhungrigsten Ger\u00e4te.<\/p>\n<p>Dank der LiFePO4-Technologie ist dieser Akku leistungsf\u00e4higer, h\u00e4lt viel l\u00e4nger, ist sicherer und einfacher zu bedienen.<\/p>\n<p>Es ist Teil der neuen SuperPack NG (Next Generation)-Reihe von Victron Energy, die sich perfekt f\u00fcr den intensiven netzunabh\u00e4ngigen Einsatz eignet, sei es in Wohnmobilen, Wohnwagen, Booten, gro\u00dfen Lastwagen, Gel\u00e4ndewagen, netzunabh\u00e4ngigen Solarsystemen oder sogar in leichten industriellen Anwendungen.<\/p>\n<p>Dank ihres kompakten Formats, der Klemmenanordnung und der integrierten Elektronik kann diese Batterie problemlos in bestehende Systeme eingebaut werden, ohne dass komplexe externe Komponenten erforderlich sind.<\/p>\n<p>Gleichzeitig werden die hohen Qualit\u00e4ts- und Zuverl\u00e4ssigkeitsstandards von Victron Energy beibehalten.<\/p>\n<h2>Merkmale der SuperPack 25,6V\/200Ah NG-Batterie<\/h2>\n<h3>Technologie<\/h3>\n<p>Diese Batterie verwendet Lithium-Eisenphosphat-Zellen (LiFePO4), die zu den sichersten und stabilsten auf dem Markt geh\u00f6ren.<\/p>\n<p>Dank ihrer Technologie setzt diese Batterie weder Gase noch Sauerstoff frei, sie ist sehr hitzebest\u00e4ndig, ihre Degradation bei Gebrauch ist sehr langsam und ihre chemische Stabilit\u00e4t ist sehr hoch.<br \/>\nDeshalb h\u00e4lt sie so viel l\u00e4nger als andere Batterien.<\/p>\n<h3>Integrierte BMS und Schutzvorrichtungen<\/h3>\n<p>Der SuperPack 25.6V\/200Ah NG verf\u00fcgt \u00fcber ein eingebautes Batteriemanagementsystem (BMS) und einen Batteriemonitor.<br \/>\nSie balancieren und \u00fcberwachen die Zellen automatisch und sch\u00fctzen die Batterie vor \u00dcberentladung, \u00dcberladung, \u00dcber- und Untertemperatur, \u00dcberstrom und Kurzschluss.<br \/>\nDies verl\u00e4ngert ihre Lebensdauer und verringert die Risiken.<\/p>\n<p>Au\u00dferdem ist es nach IP65 zertifiziert und damit gegen Staub und Strahlwasser gesch\u00fctzt.<\/p>\n<p>Au\u00dferdem verf\u00fcgt es \u00fcber eine Ein-\/Ausschalttaste f\u00fcr den Akku, die sowohl die Lade- als auch die Entladefunktion deaktiviert.<\/p>\n<p>Dies gew\u00e4hrleistet optimale Leistung und Sicherheit w\u00e4hrend der gesamten Lebensdauer der Batterie, ohne dass externe Schutzsysteme erforderlich sind.<\/p>\n<h3>Bluetooth-\u00dcberwachung und intelligente Steuerung<\/h3>\n<p>Der SuperPack NG-Akku verf\u00fcgt \u00fcber Bluetooth Smart, so dass Sie den Akku \u00fcberwachen und konfigurieren sowie die Firmware \u00fcber die VictronConnect App aktualisieren k\u00f6nnen.<\/p>\n<p>\u00dcber das Mobiltelefon oder Tablet k\u00f6nnen der Ladezustand (SoC), die Batterietemperatur, Warnungen und Alarme sowie der Systemstatus in Echtzeit \u00fcberpr\u00fcft werden.<\/p>\n<p>Mit der Funktion \"Instant Readout\" (Sofortige Anzeige) k\u00f6nnen Sie die wichtigsten Informationen direkt in der Ger\u00e4teliste der App ablesen, ohne dass Sie sich einzeln mit der Batterie verbinden m\u00fcssen.<br \/>\nDies erm\u00f6glicht eine schnelle und effiziente Steuerung des Systems.<\/p>\n<p>Dar\u00fcber hinaus verf\u00fcgt er \u00fcber zwei integrierte LEDs, die die Bluetooth-Verbindung, Warnungen und Alarme sowie den Status der Firmware-Aktualisierung anzeigen.<\/p>\n<h3>Externes R\u00fcckmeldesignal (EFS)<\/h3>\n<p>Eine der fortschrittlichen Funktionen dieser Batterie ist das externe R\u00fcckmeldesignal (EFS), ein auf 250 mA begrenztes Batteriespannungssignal.<br \/>\nEs kann auf zwei Arten verwendet werden:<\/p>\n<ul>\n<li><strong>Externes Abschaltsignal (EDS):<\/strong> um redundante Systemschutzma\u00dfnahmen zu aktivieren.<\/li>\n<li><strong>Externes Ladesignal (ECS):\u00a0<\/strong>erm\u00f6glicht das automatische Einschalten eines Ladeger\u00e4ts oder Generators bei niedrigem Ladezustand.<\/li>\n<\/ul>\n<p>Diese Funktionalit\u00e4t bringt ein zus\u00e4tzliches Ma\u00df an Sicherheit und Automatisierung in komplexe Energiesysteme.<\/p>\n<h3>Integrierte Selbsterhitzungsfunktion<\/h3>\n<p>Der SuperPack 25.6V\/200Ah NG verf\u00fcgt \u00fcber eine integrierte Heizung, die einen zuverl\u00e4ssigen Betrieb in kalten Umgebungen gew\u00e4hrleistet und die Temperatur der Batterie \u00fcber der sicheren Mindestladegrenze h\u00e4lt.<br \/>\nEr verf\u00fcgt \u00fcber zwei Heizmodi:<\/p>\n<ul>\n<li><strong>Lademodus (Standard)<\/strong>Die Heizung wird durch das angeschlossene Ladeger\u00e4t mit Strom versorgt und wird automatisch aktiviert, wenn die Zellentemperatur vor dem Laden unter 0 \u00b0C f\u00e4llt.<\/li>\n<li><strong>Automatischer Modus:<\/strong> Der Akku selbst h\u00e4lt die Zellen warm, solange er ausreichend geladen ist.<br \/>\nLiegt der Ladezustand unter dem eingestellten Schwellenwert, schaltet sich die Heizung aus.<\/li>\n<\/ul>\n<p>Diese Eigenschaft ist besonders wertvoll bei mobilen Anwendungen oder Installationen in kalten Klimazonen.<\/p>\n<h3>Nutzungsdauer und Ladezyklen<\/h3>\n<p>Die Batterie hat eine au\u00dfergew\u00f6hnliche Lebensdauer mit bis zu 2500 Zyklen bei 80 % Entladetiefe (DoD), bis zu 3000 Zyklen bei 70 % DoD und bis zu 5000 Zyklen bei 50 % DoD.<\/p>\n<p>Der Kapazit\u00e4tsverlust betr\u00e4gt weniger als 1 % pro 100 Zyklen bei 25 \u00b0C und 100 % DoD.<\/p>\n<p>Damit ist ein jahrelanger, zuverl\u00e4ssiger Betrieb auch bei allt\u00e4glichen Anwendungen gew\u00e4hrleistet.<\/p>\n<h3>Betriebsbedingungen<\/h3>\n<p>Der SuperPack 25,6 V\/200 Ah NG ist sehr temperaturtolerant, so dass die Batterie in einer Vielzahl von Klimazonen und Umgebungsbedingungen eingesetzt werden kann, was sie f\u00fcr anspruchsvolle Umgebungen wie Au\u00dfenanlagen und mobile Installationen geeignet macht.<\/p>\n<p>Die Batterie h\u00e4lt Lade- und Entladetemperaturen von -20 \u00b0C bis +55 \u00b0C und einer Luftfeuchtigkeit von 90% ohne Kondensation stand.<\/p>\n<p>Au\u00dferdem wird empfohlen, dass die Temperatur, bei der die Batterie gelagert wird, zwischen 10 \u00b0C und 35 \u00b0C liegt.<\/p>\n<h3>Konfiguration des Systems<\/h3>\n<p>Der SuperPack NG erm\u00f6glicht die Parallelschaltung einer unbegrenzten Anzahl von Batterien, um die Gesamtenergiekapazit\u00e4t zu erh\u00f6hen, unterst\u00fctzt aber keine Reihenschaltung.<\/p>\n<h3>Konfigurierbare Entladestufe<\/h3>\n<p>Der SuperPack 25,6V\/200Ah NG-Akku verf\u00fcgt \u00fcber eine konfigurierbare Entladestufe, die auf der Definition eines Mindestladezustands basiert, um eine \u00fcberm\u00e4\u00dfige Entladung zu vermeiden und die Reservekapazit\u00e4t zu erhalten.<\/p>\n<p>Wenn der Grenzwert erreicht ist, zeigt VictronConnect einen Alarm f\u00fcr einen niedrigen Ladezustand (SoC) an und die Anzeige f\u00fcr die zul\u00e4ssige Entladung (ATD) schaltet sich aus, bis der Ladezustand den eingestellten Schwellenwert \u00fcberschreitet.<\/p>\n<h3>Konnektivit\u00e4t und Montage<\/h3>\n<p>Diese Batterie hat elektrische Anschl\u00fcsse (M8-Schraubklemmen) f\u00fcr eine robuste und zuverl\u00e4ssige Verbindung.<\/p>\n<p>Andererseits ist es f\u00fcr eine optimale Leistung und Lebensdauer besser, wenn er aufrecht oder auf der langen Seite steht.<\/p>\n<h2>Vorteile der Victron SuperPack 25.6V\/200Ah NG LiFePO4 Lithium Batterie - BAT524120740<\/h2>\n<p>Die Vorteile dieser Batterie sind wie folgt:<\/p>\n<ul>\n<li><strong>Hohe Energiedichte: <\/strong>mehr gespeicherte Energie pro Batterie<\/li>\n<li><strong>Langlebigkeit und Robustheit:<\/strong>\u00a0Tausende von Lade-\/Entladezyklen ohne schnelle Verschlechterung.<\/li>\n<li><strong>\u00dcberlegene Effizienz gegen\u00fcber herk\u00f6mmlichen Batterien: <\/strong>weniger Energieverluste als herk\u00f6mmliche Batterien.<\/li>\n<li><strong>Sicherheit und Zuverl\u00e4ssigkeit: <\/strong>Fortgeschrittene BMS und stabile Chemie.<\/li>\n<li><strong>Einfache Installation und Wartung: <\/strong>erfordert keine regelm\u00e4\u00dfige Wartung oder Zwangsbel\u00fcftung.<\/li>\n<\/ul>\n<h2>Typische Anwendungen des SuperPack 25.6V\/200Ah NG-Akkus<\/h2>\n<p>Diese Batterie ist ideal f\u00fcr:<\/p>\n<ul>\n<li>Photovoltaikanlagen f\u00fcr Wohnh\u00e4user oder netzunabh\u00e4ngige Anlagen.<\/li>\n<li>Wohnmobile und Wohnwagen.<\/li>\n<li>Schiffe und Boote.<\/li>\n<li>Wohnmobile, gro\u00dfe Lastwagen und SUVs.<\/li>\n<li>Leichte industrielle Anwendungen.<\/li>\n<li>Jedes System, das eine stabile, effiziente und langlebige Leistung ohne h\u00e4ufige Wartung ben\u00f6tigt.<\/li>\n<\/ul>\n<h2>Technische Daten der SuperPack 25,6V\/200Ah NG Batterie<\/h2>\n<table>\n<thead>\n<tr>\n<th><strong>Merkmal<\/strong><\/th>\n<th><strong>Wert<\/strong><\/th>\n<\/tr>\n<\/thead>\n<tbody>\n<tr>\n<td>Modell<\/td>\n<td>SuperPack 25,6V\/200Ah NG<\/td>\n<\/tr>\n<tr>\n<td>Referenz Victron<\/td>\n<td>BAT524120740<\/td>\n<\/tr>\n<tr>\n<td>Technologie<\/td>\n<td>Lithium LiFePO4 (Lithium-Eisenphosphat)<\/td>\n<\/tr>\n<tr>\n<td>Nennspannung<\/td>\n<td>25,6 V<\/td>\n<\/tr>\n<tr>\n<td>Nennkapazit\u00e4t<\/td>\n<td>200 Ah<\/td>\n<\/tr>\n<tr>\n<td>Nominale Energie<\/td>\n<td>5120 Wh<\/td>\n<\/tr>\n<tr>\n<td>Wirkungsgrad<\/td>\n<td>93 %<\/td>\n<\/tr>\n<tr>\n<td>Verlust von Kapazit\u00e4ten<\/td>\n<td>&lt; 1 % pro 100 Zyklen (@ 25 \u00b0C, 100 % DoD)<\/td>\n<\/tr>\n<tr>\n<td>Max. kontinuierlicher Entladestrom<\/td>\n<td>200 A<\/td>\n<\/tr>\n<tr>\n<td>Lebenszyklen<\/td>\n<td>2.500 bis 80% \/ 3.000 bis 70% DoD \/ 5.000 bis 50% DoD<\/td>\n<\/tr>\n<tr>\n<td>Entladeschlussspannung<\/td>\n<td>22,4 V<\/td>\n<\/tr>\n<tr>\n<td>Innerer Widerstand<\/td>\n<td>2 m\u03a9<\/td>\n<\/tr>\n<tr>\n<td>Empfohlene Ladespannung<\/td>\n<td>28 V<\/td>\n<\/tr>\n<tr>\n<td>Max. Dauerlaststrom<\/td>\n<td>200 A<\/td>\n<\/tr>\n<tr>\n<td>Software-Schutzma\u00dfnahmen<\/td>\n<td>\u00dcberspannung, Unterspannung, \u00dcbertemperatur, \u00dcbertemperatur, Untertemperatur, \u00dcberstrom<\/td>\n<\/tr>\n<tr>\n<td>Verwaltungssystem (BMS)<\/td>\n<td>Integriert<\/td>\n<\/tr>\n<tr>\n<td>Batterie\u00fcberwachung<\/td>\n<td>Integriert<\/td>\n<\/tr>\n<tr>\n<td>Bluetooth-Kommunikation<\/td>\n<td>Ja, \u00fcber VictronConnect<\/td>\n<\/tr>\n<tr>\n<td>Externes Signal<\/td>\n<td>Externes R\u00fcckmeldesignal (EFS)<\/td>\n<\/tr>\n<tr>\n<td>Benutzeroberfl\u00e4che<\/td>\n<td>ON\/OFF-Taste, Status-LED, Bluetooth-LED<\/td>\n<\/tr>\n<tr>\n<td>Selbsterhitzungsfunktion<\/td>\n<td>Ja<\/td>\n<\/tr>\n<tr>\n<td>Parallelschaltung<\/td>\n<td>Ja, unbegrenzte Anzahl (begrenzt durch den Systemstrom)<\/td>\n<\/tr>\n<tr>\n<td>Serielle Verbindung<\/td>\n<td>Nein<\/td>\n<\/tr>\n<tr>\n<td>Betriebstemperatur (Be- und Entladen)<\/td>\n<td>-20 \u00b0C bis +55 \u00b0C<\/td>\n<\/tr>\n<tr>\n<td>Feuchtigkeit im Betrieb<\/td>\n<td>&lt; 90 % RH (nicht kondensierend)<\/td>\n<\/tr>\n<tr>\n<td>Grad des Schutzes<\/td>\n<td>IP65<\/td>\n<\/tr>\n<tr>\n<td>Stromanschl\u00fcsse<\/td>\n<td>Klemmen mit M8-Gewinde<\/td>\n<\/tr>\n<tr>\n<td>Abmessungen<\/td>\n<td>871 x 198 x 173 mm<\/td>\n<\/tr>\n<tr>\n<td>Gewicht<\/td>\n<td>41 kg<\/td>\n<\/tr>\n<tr>\n<td>Sicherheitsvorschriften<\/td>\n<td>UL1973, UL9540A, IEC62619<\/td>\n<\/tr>\n<\/tbody>\n<\/table>\n<h2>Technische Informationen \u00fcber den Victron SuperPack 25.6V\/200Ah NG LiFePO4 Lithium Akku - BAT524120740<\/h2>\n<p><a href=\"https:\/\/fvcomponentes.com\/wp-content\/uploads\/2026\/01\/Datasheet-Lithium-SuperPack-NG-DRAFT-03-EN-1.pdf\" target=\"_blank\" rel=\"noopener\">Datenblatt SuperPack 25,6V\/200Ah NG Batterie<\/a><\/p>","protected":false},"excerpt":{"rendered":"<p><span style=\"color: #ff0000;\"><strong>Verf\u00fcgbar ab April 2026!<\/strong><\/span><\/p>\n<p><span style=\"color: #ff9900;\"><strong>Indikative Bilder\u00a0<\/strong><\/span><\/p>\n<p>Nennspannung: 25,6 V<br \/>\nNennkapazit\u00e4t bei 25\u00ba: 200 Ah<br \/>\nLebenszyklen: 2.500 bis 80% \/ 3.000 bis 70% DoD \/ 5.000 bis 50% DoD<br \/>\nMaximaler Laststrom: 200 A<\/p>","protected":false},"featured_media":36261,"comment_status":"closed","ping_status":"closed","template":"","meta":{"site-sidebar-layout":"default","site-content-layout":"","ast-site-content-layout":"default","site-content-style":"default","site-sidebar-style":"default","ast-global-header-display":"","ast-banner-title-visibility":"","ast-main-header-display":"","ast-hfb-above-header-display":"","ast-hfb-below-header-display":"","ast-hfb-mobile-header-display":"","site-post-title":"","ast-breadcrumbs-content":"","ast-featured-img":"","footer-sml-layout":"","ast-disable-related-posts":"","theme-transparent-header-meta":"default","adv-header-id-meta":"","stick-header-meta":"","header-above-stick-meta":"","header-main-stick-meta":"","header-below-stick-meta":"","astra-migrate-meta-layouts":"set","ast-page-background-enabled":"default","ast-page-background-meta":{"desktop":{"background-color":"var(--ast-global-color-4)","background-image":"","background-repeat":"repeat","background-position":"center center","background-size":"auto","background-attachment":"scroll","background-type":"","background-media":"","overlay-type":"","overlay-color":"","overlay-opacity":"","overlay-gradient":""},"tablet":{"background-color":"","background-image":"","background-repeat":"repeat","background-position":"center center","background-size":"auto","background-attachment":"scroll","background-type":"","background-media":"","overlay-type":"","overlay-color":"","overlay-opacity":"","overlay-gradient":""},"mobile":{"background-color":"","background-image":"","background-repeat":"repeat","background-position":"center center","background-size":"auto","background-attachment":"scroll","background-type":"","background-media":"","overlay-type":"","overlay-color":"","overlay-opacity":"","overlay-gradient":""}},"ast-content-background-meta":{"desktop":{"background-color":"var(--ast-global-color-5)","background-image":"","background-repeat":"repeat","background-position":"center center","background-size":"auto","background-attachment":"scroll","background-type":"","background-media":"","overlay-type":"","overlay-color":"","overlay-opacity":"","overlay-gradient":""},"tablet":{"background-color":"var(--ast-global-color-5)","background-image":"","background-repeat":"repeat","background-position":"center center","background-size":"auto","background-attachment":"scroll","background-type":"","background-media":"","overlay-type":"","overlay-color":"","overlay-opacity":"","overlay-gradient":""},"mobile":{"background-color":"var(--ast-global-color-5)","background-image":"","background-repeat":"repeat","background-position":"center center","background-size":"auto","background-attachment":"scroll","background-type":"","background-media":"","overlay-type":"","overlay-color":"","overlay-opacity":"","overlay-gradient":""}}},"pwb-brand":[332],"product_brand":[],"product_cat":[340,432],"product_tag":[],"class_list":{"0":"post-36257","1":"product","2":"type-product","3":"status-publish","4":"has-post-thumbnail","6":"pwb-brand-victron","7":"product_cat-baterias","8":"product_cat-baterias-litio-24v","9":"product_shipping_class-baterias","10":"desktop-align-left","11":"tablet-align-left","12":"mobile-align-left","13":"ast-product-gallery-layout-horizontal-slider","14":"ast-product-tabs-layout-horizontal","16":"first","17":"onbackorder","18":"taxable","19":"shipping-taxable","20":"product-type-simple"},"wcpa_form_fields":null,"brands":[{"id":332,"name":"Victron Energie","slug":"victron"}],"_links":{"self":[{"href":"https:\/\/fvcomponentes.com\/de\/wp-json\/wp\/v2\/product\/36257","targetHints":{"allow":["GET"]}}],"collection":[{"href":"https:\/\/fvcomponentes.com\/de\/wp-json\/wp\/v2\/product"}],"about":[{"href":"https:\/\/fvcomponentes.com\/de\/wp-json\/wp\/v2\/types\/product"}],"replies":[{"embeddable":true,"href":"https:\/\/fvcomponentes.com\/de\/wp-json\/wp\/v2\/comments?post=36257"}],"wp:featuredmedia":[{"embeddable":true,"href":"https:\/\/fvcomponentes.com\/de\/wp-json\/wp\/v2\/media\/36261"}],"wp:attachment":[{"href":"https:\/\/fvcomponentes.com\/de\/wp-json\/wp\/v2\/media?parent=36257"}],"wp:term":[{"taxonomy":"pwb-brand","embeddable":true,"href":"https:\/\/fvcomponentes.com\/de\/wp-json\/wp\/v2\/pwb-brand?post=36257"},{"taxonomy":"product_brand","embeddable":true,"href":"https:\/\/fvcomponentes.com\/de\/wp-json\/wp\/v2\/product_brand?post=36257"},{"taxonomy":"product_cat","embeddable":true,"href":"https:\/\/fvcomponentes.com\/de\/wp-json\/wp\/v2\/product_cat?post=36257"},{"taxonomy":"product_tag","embeddable":true,"href":"https:\/\/fvcomponentes.com\/de\/wp-json\/wp\/v2\/product_tag?post=36257"}],"curies":[{"name":"wp","href":"https:\/\/api.w.org\/{rel}","templated":true}]}}