{"id":36177,"date":"2026-02-20T07:55:18","date_gmt":"2026-02-20T06:55:18","guid":{"rendered":"https:\/\/fvcomponentes.com\/?post_type=product&#038;p=36177"},"modified":"2026-03-26T15:38:31","modified_gmt":"2026-03-26T14:38:31","slug":"sammelschiene-victron-lynx-verteiler-lyn060102000","status":"publish","type":"product","link":"https:\/\/fvcomponentes.com\/de\/producto\/barra-colectora-victron-lynx-distributor-lyn060102000\/","title":{"rendered":"Victron Lynx Verteiler-Sammelschiene - LYN060102000"},"content":{"rendered":"<h2>Victron Lynx Verteiler-Sammelschiene - LYN060102000<\/h2>\n<p>Der Victron Lynx Verteiler ist eine modulare Gleichstromschiene, die f\u00fcr eine sichere, organisierte und effiziente Stromverteilung in elektrischen Hochleistungssystemen konzipiert ist.<br \/>\nEs ist Teil des modularen Lynx-Systems von Victron Energy, das professionelles Energiemanagement in netzunabh\u00e4ngigen Anlagen, Solarsystemen, Booten, Wohnwagen, Freizeitfahrzeugen und industriellen Anwendungen erm\u00f6glicht.<\/p>\n<h2>Merkmale des Lynx Verteilers<\/h2>\n<h3>Modularer Vertrieb<\/h3>\n<p>Der Lynx Verteiler integriert sowohl den positiven (+) als auch den negativen (-) Bus in eine einzige kompakte Einheit.<\/p>\n<p>Er ist f\u00fcr die Aufnahme von bis zu vier einzelnen Gleichstromsicherungen ausgelegt und verf\u00fcgt \u00fcber Anschl\u00fcsse, die eine geordnete Verteilung des Stroms auf verschiedene Lasten oder Systemkomponenten erm\u00f6glichen.<br \/>\nEs bietet au\u00dferdem individuellen Schutz f\u00fcr jeden der angeschlossenen Ausg\u00e4nge.<\/p>\n<p>Diese Eigenschaft macht ihn zu einer idealen L\u00f6sung f\u00fcr die Zentralisierung der Stromverteilung und den Schutz kritischer Stromkreise in 12V-, 24V- oder 48V-Batteriesystemen.<\/p>\n<h3>Integrierte \u00dcberwachung und Diagnose<\/h3>\n<p>Dieser Lynx verf\u00fcgt \u00fcber eine Sicherungsstatus\u00fcberwachung, da er \u00fcber LED-Anzeigen auf der Vorderseite verf\u00fcgt, die visuell anzeigen, ob eine Sicherung in Ordnung ist oder ausgefallen ist.<\/p>\n<p>Diese \u00dcberwachung verbessert die Sicherheit und die Wartung des Systems erheblich, da sie eine schnelle Fehlererkennung erm\u00f6glicht, ohne dass eine Demontage oder manuelle Messungen erforderlich sind.<\/p>\n<p>Wenn das Ger\u00e4t an ein Lynx Smart BMS angeschlossen ist, kann es Sicherungsstatusinformationen zur Anzeige auf Victron-\u00dcberwachungssystemen, wie VictronConnect, GX-Ger\u00e4ten oder dem VRM-Portal, \u00fcbertragen.<\/p>\n<h3>Konstruktion und Design<\/h3>\n<p>Der Lynx-Verteiler besteht aus einem strapazierf\u00e4higen ABS-Geh\u00e4use, das f\u00fcr den Einsatz in anspruchsvollen Umgebungen ausgelegt ist.<\/p>\n<p>Im Inneren bestehen die Stromschienen aus verzinntem Kupfer, einem Material, das eine hervorragende elektrische Leitf\u00e4higkeit und hohe Korrosionsbest\u00e4ndigkeit garantiert.<\/p>\n<p>Mit den ungef\u00e4hren Abmessungen von 290 \u00d7 170 \u00d7 80 mm und einem Gewicht von ca. 2,2 kg ist das Ger\u00e4t robust und solide gebaut und eignet sich f\u00fcr professionelle Installationen.<\/p>\n<p>Dar\u00fcber hinaus verf\u00fcgt es \u00fcber die Schutzart IP22, die es resistent gegen leichten Staub und Spritzwasser macht. Er ist daher f\u00fcr Inneninstallationen geeignet.<\/p>\n<h2>Das Lynx-Vertriebssystem<\/h2>\n<p>Dieses Verteilungssystem besteht aus den folgenden Elementen:<\/p>\n<ul>\n<li><a href=\"https:\/\/fvcomponentes.com\/de\/produkt\/lynx-power-in-victron-m10-lyn020102010\/\" target=\"_blank\" rel=\"noopener\"><strong>Lynx Power In<\/strong><\/a>\u00a0- Eine positive und eine negative Stromschiene mit vier Anschl\u00fcssen f\u00fcr Batterien oder Gleichstromger\u00e4te.<\/li>\n<li><a href=\"https:\/\/fvcomponentes.com\/de\/produkt\/sammelschienen-lynx-verteiler-lyn060102000\/\" target=\"_blank\" rel=\"noopener\"><strong>Lynx-Vertriebsh\u00e4ndler<\/strong><\/a>\u00a0- Eine Plus- und eine Minussammelschiene mit vier abgesicherten Anschl\u00fcssen f\u00fcr Batterien oder Gleichstromger\u00e4te sowie Sicherungs\u00fcberwachung.<\/li>\n<li><a href=\"https:\/\/fvcomponentes.com\/de\/?post_type=product&amp;p=6161&amp;preview=true\" target=\"_blank\" rel=\"noopener\"><strong>Shunt Lynx VE.Can<\/strong><\/a>\u00a0- Eine positive Sammelschiene mit Platz f\u00fcr eine Hauptsicherung des Systems und eine negative Sammelschiene mit einem Shunt zur Batterie\u00fcberwachung. VE.Can-Kommunikation zur \u00dcberwachung und Konfiguration mit einem GX-Ger\u00e4t.<\/li>\n<li><a href=\"https:\/\/fvcomponentes.com\/de\/produkt\/lynx-victron-smart-bms-500-m10-lyn034160210\/\" target=\"_blank\" rel=\"noopener\"><strong>Lynx Smart BMS<\/strong><\/a>\u00a0- Zur Verwendung in Verbindung mit Victron Energy Smart Lithium-Batterien.<br \/>\nEs enth\u00e4lt eine positive Sammelschiene mit einem von einem Batteriemanagementsystem (BMS) gesteuerten Sch\u00fctz und eine negative Sammelschiene mit einem Shunt zur Batterie\u00fcberwachung. Es verf\u00fcgt \u00fcber Bluetooth-Kommunikation zur \u00dcberwachung und Konfiguration \u00fcber die Anwendung.\u00a0<a href=\"https:\/\/www.victronenergy.com.es\/panel-systems-remote-monitoring\/victronconnect\" target=\"_blank\" rel=\"noopener\">VictronConnect<\/a>\u00a0und VE.Can Kommunikation zur \u00dcberwachung mit einem GX-Ger\u00e4t und dem VRM Portal.<\/li>\n<\/ul>\n<h2>Typische Anwendungen des Lynx Verteilers<\/h2>\n<p>Der Lynx Verteiler ist ideal f\u00fcr:<\/p>\n<ul>\n<li>Photovoltaische Solarenergiesysteme mit mehreren DC-Lasten.<\/li>\n<li>Wohnmobile und Wohnwagen mit Batterie und elektrischem Zubeh\u00f6r.<\/li>\n<li>Schiffe mit verteiltem Gleichstromverbrauch.<\/li>\n<li>Freistehende Anlagen ohne Netzanschluss oder Mikro-Kraftwerke.<\/li>\n<li>Industrielle Anwendungen, die eine saubere und sichere Energieverteilung erfordern.<\/li>\n<\/ul>\n<h2>Victron Lynx Verteiler Stromschienen Elektrische Spezifikationen - LYN060102000<\/h2>\n<p>Dieser Lynx ist f\u00fcr Gleichstromsysteme mit einem breiten und robusten Spannungsbereich ausgelegt:<\/p>\n<ul>\n<li><strong>Betriebsspannungsbereich:<\/strong> 9 - 60 V DC (kompatibel mit 12 V, 24 V und 48 V Systemen).<\/li>\n<li><strong>Maximaler Dauerstrom:<\/strong> bis zu 1000 A \u00fcber die Sammelschienen (positive und negative Sammelschiene).<\/li>\n<li><strong>Anschl\u00fcsse f\u00fcr Sicherungen:<\/strong> Geh\u00e4use f\u00fcr 4 Sicherungen Typ MEGA\/AMG.<\/li>\n<li><strong>Inklusive Anschlusskabel:<\/strong> 40 cm RJ10-Kabel f\u00fcr die Stromversorgung und Daten\u00fcbertragung mit Lynx Shunt oder Smart BMS.<\/li>\n<li><strong>Material und Konstruktion:<\/strong> stabiles ABS-Geh\u00e4use und hochleitf\u00e4hige verzinnte Kupferschiene.<\/li>\n<li><strong>Ungef\u00e4hre Abmessungen:<\/strong> 170 x 290 \u00d7 80 mm.<\/li>\n<li><strong>Gewicht:<\/strong> 2,2 kg.<\/li>\n<li><strong>Betriebstemperatur:<\/strong> -40 \u00b0C bis +60 \u00b0C.<\/li>\n<li><strong>Schutzklasse:<\/strong> IP22 (leicht staub- und spritzwassergesch\u00fctzt, geeignet f\u00fcr Inneninstallationen).<\/li>\n<\/ul>\n<h2>Lynx Verteilersammelschiene Handbuch - LYN060102000<\/h2>\n<p><a href=\"https:\/\/fvcomponentes.com\/wp-content\/uploads\/2024\/01\/24531-Lynx_Distributor_Manual-pdf-es.pdf\" target=\"_blank\" rel=\"noopener\">Siehe Lynx Verteilersammelschiene Handbuch - LYN0600102000<\/a><\/p>","protected":false},"excerpt":{"rendered":"<p><strong>Betriebsspannungsbereich:<\/strong> 9 - 60 V<\/p>\n<p><strong>Maximaler Dauerstrom:<\/strong> 1.000 A<\/p>\n<p><strong>Sicherungen: <\/strong>4 Sicherungen Typ MEGA\/AMG.<\/p>\n<p><strong>Inklusive Anschlusskabel:<\/strong> 40 cm RJ10-Kabel<\/p>\n<p><strong>Betriebstemperatur:<\/strong> -40 \u00b0C bis +60 \u00b0C.<\/p>\n<p><strong>Schutzklasse:<\/strong> IP22<\/p>","protected":false},"featured_media":36179,"comment_status":"closed","ping_status":"closed","template":"","meta":{"site-sidebar-layout":"default","site-content-layout":"","ast-site-content-layout":"default","site-content-style":"default","site-sidebar-style":"default","ast-global-header-display":"","ast-banner-title-visibility":"","ast-main-header-display":"","ast-hfb-above-header-display":"","ast-hfb-below-header-display":"","ast-hfb-mobile-header-display":"","site-post-title":"","ast-breadcrumbs-content":"","ast-featured-img":"","footer-sml-layout":"","ast-disable-related-posts":"","theme-transparent-header-meta":"default","adv-header-id-meta":"","stick-header-meta":"","header-above-stick-meta":"","header-main-stick-meta":"","header-below-stick-meta":"","astra-migrate-meta-layouts":"set","ast-page-background-enabled":"default","ast-page-background-meta":{"desktop":{"background-color":"var(--ast-global-color-4)","background-image":"","background-repeat":"repeat","background-position":"center center","background-size":"auto","background-attachment":"scroll","background-type":"","background-media":"","overlay-type":"","overlay-color":"","overlay-opacity":"","overlay-gradient":""},"tablet":{"background-color":"","background-image":"","background-repeat":"repeat","background-position":"center center","background-size":"auto","background-attachment":"scroll","background-type":"","background-media":"","overlay-type":"","overlay-color":"","overlay-opacity":"","overlay-gradient":""},"mobile":{"background-color":"","background-image":"","background-repeat":"repeat","background-position":"center center","background-size":"auto","background-attachment":"scroll","background-type":"","background-media":"","overlay-type":"","overlay-color":"","overlay-opacity":"","overlay-gradient":""}},"ast-content-background-meta":{"desktop":{"background-color":"var(--ast-global-color-5)","background-image":"","background-repeat":"repeat","background-position":"center center","background-size":"auto","background-attachment":"scroll","background-type":"","background-media":"","overlay-type":"","overlay-color":"","overlay-opacity":"","overlay-gradient":""},"tablet":{"background-color":"var(--ast-global-color-5)","background-image":"","background-repeat":"repeat","background-position":"center center","background-size":"auto","background-attachment":"scroll","background-type":"","background-media":"","overlay-type":"","overlay-color":"","overlay-opacity":"","overlay-gradient":""},"mobile":{"background-color":"var(--ast-global-color-5)","background-image":"","background-repeat":"repeat","background-position":"center center","background-size":"auto","background-attachment":"scroll","background-type":"","background-media":"","overlay-type":"","overlay-color":"","overlay-opacity":"","overlay-gradient":""}}},"pwb-brand":[332],"product_brand":[],"product_cat":[991,410],"product_tag":[],"class_list":{"0":"post-36177","1":"product","2":"type-product","3":"status-publish","4":"has-post-thumbnail","6":"pwb-brand-victron","7":"product_cat-busbar","8":"product_cat-material-electrico","9":"desktop-align-left","10":"tablet-align-left","11":"mobile-align-left","12":"ast-product-gallery-layout-horizontal-slider","13":"ast-product-tabs-layout-horizontal","15":"first","16":"outofstock","17":"taxable","18":"shipping-taxable","19":"purchasable","20":"product-type-simple"},"wcpa_form_fields":null,"brands":[{"id":332,"name":"Victron Energie","slug":"victron"}],"_links":{"self":[{"href":"https:\/\/fvcomponentes.com\/de\/wp-json\/wp\/v2\/product\/36177","targetHints":{"allow":["GET"]}}],"collection":[{"href":"https:\/\/fvcomponentes.com\/de\/wp-json\/wp\/v2\/product"}],"about":[{"href":"https:\/\/fvcomponentes.com\/de\/wp-json\/wp\/v2\/types\/product"}],"replies":[{"embeddable":true,"href":"https:\/\/fvcomponentes.com\/de\/wp-json\/wp\/v2\/comments?post=36177"}],"wp:featuredmedia":[{"embeddable":true,"href":"https:\/\/fvcomponentes.com\/de\/wp-json\/wp\/v2\/media\/36179"}],"wp:attachment":[{"href":"https:\/\/fvcomponentes.com\/de\/wp-json\/wp\/v2\/media?parent=36177"}],"wp:term":[{"taxonomy":"pwb-brand","embeddable":true,"href":"https:\/\/fvcomponentes.com\/de\/wp-json\/wp\/v2\/pwb-brand?post=36177"},{"taxonomy":"product_brand","embeddable":true,"href":"https:\/\/fvcomponentes.com\/de\/wp-json\/wp\/v2\/product_brand?post=36177"},{"taxonomy":"product_cat","embeddable":true,"href":"https:\/\/fvcomponentes.com\/de\/wp-json\/wp\/v2\/product_cat?post=36177"},{"taxonomy":"product_tag","embeddable":true,"href":"https:\/\/fvcomponentes.com\/de\/wp-json\/wp\/v2\/product_tag?post=36177"}],"curies":[{"name":"wp","href":"https:\/\/api.w.org\/{rel}","templated":true}]}}