{"id":36146,"date":"2026-01-24T10:20:15","date_gmt":"2026-01-24T09:20:15","guid":{"rendered":"https:\/\/fvcomponentes.com\/?post_type=product&#038;p=36146"},"modified":"2026-02-11T12:33:28","modified_gmt":"2026-02-11T11:33:28","slug":"differential-maxge-alpha-2p-40a-30ma-klasse-a-superimmunisiert-6ka-epre2a040030","status":"publish","type":"product","link":"https:\/\/fvcomponentes.com\/de\/producto\/diferencial-maxge-alpha-2p-40a-30ma-clase-a-superinmunizado-6ka-epre2a040030\/","title":{"rendered":"Maxge Alpha+ 2P Differential, 40A, 30mA. Klasse A superimmunisiert. 6kA - EPRE2A040030"},"content":{"rendered":"<h2>Maxge Alpha+ 2P Differential, 40A, 30mA. Klasse A superimmunisiert. 6kA - EPRE2A040030<\/h2>\n<p>Der Maxge Alpha+ 2P, 40A, 30mA ist ein Fehlerstromschutzschalter (RCCB), der einen erweiterten Schutz gegen Erdschlussstr\u00f6me (Shunts) in einphasigen Elektroinstallationen bietet.<\/p>\n<p>Diese Schutzvorrichtung unterbricht automatisch die Stromzufuhr, wenn sie einen Leckstrom gegen Erde feststellt. Dadurch wird die Gefahr eines elektrischen Schlages vermieden und die M\u00f6glichkeit eines Brandes aufgrund von Isolationsfehlern verringert.<\/p>\n<p>Es gew\u00e4hrleistet auch die Sicherheit von Personen und elektrischen Anlagen, indem es hohe Empfindlichkeit, hohe St\u00f6rfestigkeit und hohe Belastbarkeit kombiniert.<\/p>\n<p>Dank seiner zweipoligen Konfiguration (2-polig), seines Nennstroms von 40 A, seiner Empfindlichkeit von 30 mA, seiner Klasse A und seiner superimmunisierten Version ist er besonders f\u00fcr einphasige Anlagen mit modernen elektronischen Ger\u00e4ten und empfindlichen oder nichtlinearen Lasten geeignet.<\/p>\n<p>Als Teil der Alpha+-Reihe von Maxge zielt es darauf ab, mehr Zuverl\u00e4ssigkeit und Stabilit\u00e4t in modernen Anlagen zu bieten.<\/p>\n<h2>Maxge Alpha+ 2P, 40A, 30mA Differenzielle Eigenschaften<\/h2>\n<h3>Konfiguration und elektrische Leistung<\/h3>\n<p>Dieses Differential hat eine <strong>2-polige (2P) Konfiguration<\/strong>, ist so konzipiert, dass er Phase und Nullleiter gleichzeitig unterbricht, wenn er einen Leckstrom feststellt, der eine Gefahr f\u00fcr Personen oder einen Brand darstellen k\u00f6nnte, und dass er eine vollst\u00e4ndige Trennung des Stromkreises gew\u00e4hrleistet, wenn er handelt.<\/p>\n<p>Das Differential arbeitet mit einem <strong>40 Ampere Nennstrom<\/strong>, Dadurch eignet er sich f\u00fcr Leitungen und Stromkreise mit mittelhohem Verbrauch, wie z. B. Schaltanlagen in Wohngeb\u00e4uden mit hoher Elektrifizierung, kleine terti\u00e4re Anlagen, B\u00fcros, Gesch\u00e4fte, sekund\u00e4re Schaltanlagen, Stromkreise, die mehrere Leistungsschalter speisen, Klimaanlagen und Leitungen f\u00fcr Ger\u00e4te mit einer bestimmten Leistung.<br \/>\nEs muss immer mit geeigneten Schutzschaltern kombiniert werden, um vor \u00dcberlast und Kurzschluss zu sch\u00fctzen.<br \/>\nDieser Bemessungsstrom ist der maximale Strom, dem der Schutzschalter dauerhaft standhalten kann, ohne aufgrund von \u00dcberlast auszul\u00f6sen, vorausgesetzt, es liegt kein Erdschluss vor.<\/p>\n<p>Ihr <strong>Empfindlichkeit von 30 Milliampere (mA)<\/strong> ist der empfohlene Standardschutzwert f\u00fcr den Schutz von Personen gegen indirekte Kontakte und Isolationsfehler.<br \/>\nWenn ein Erdschluss oder ein Leckstrom von 30 mA oder mehr festgestellt wird, unterbricht der Fehlerstromschutzschalter sofort die Stromzufuhr, um die Gefahr eines Stromschlags zu verringern.  Dadurch werden schwere Verletzungen vermieden.<br \/>\nDies ist der Standardwert, der in Wohnungen, B\u00fcros, kleinen Gesch\u00e4ften, Steckdosenschaltungen und Nassbereichen (B\u00e4der, K\u00fcchen) ben\u00f6tigt wird.<br \/>\nMit 30 mA wird ein perfektes Gleichgewicht zwischen Sicherheit und Kontinuit\u00e4t des Betriebs erreicht.<\/p>\n<h3>Schutz f\u00fcr moderne Elektronik<\/h3>\n<p>Da es sich um eine <strong>Klasse A Differential<\/strong>, ist in der Lage, sowohl Wechselstrom- (AC) als auch pulsierende Gleichstromleckagen zu erkennen, die h\u00e4ufig in modernen elektronischen Ger\u00e4ten und Gleichrichterquellen auftreten.<\/p>\n<p>Ein Differenzial der Klasse A kann komplexere Lecks erkennen als ein einfaches Differenzial der Klasse AC und bietet eine gr\u00f6\u00dfere Kompatibilit\u00e4t mit bestehenden Anlagen.<br \/>\nDadurch wird die Sicherheit erh\u00f6ht und ein umfassender und wirksamer Schutz gew\u00e4hrleistet.<\/p>\n<p>Dar\u00fcber hinaus wird er besonders f\u00fcr Installationen empfohlen, die Ger\u00e4te mit integrierter Elektronik oder nichtlinearen Lasten umfassen, wie z. B. moderne Haushaltsger\u00e4te (Waschmaschinen, Geschirrsp\u00fcler, Induktionskochfelder), Computer, Fernsehger\u00e4te, LED-Beleuchtung mit Treibern, Ladeger\u00e4te, Klimaanlagen, kleine USV, einfache Frequenzumrichter und computer- oder elektronisch gesteuerte Ger\u00e4te.<\/p>\n<h3>Weniger Schie\u00dfen<\/h3>\n<p>Die <strong>super-immunisierte Technologie<\/strong> Die in dieses Differenzial eingebettete Technologie erm\u00f6glicht eine gr\u00f6\u00dfere Widerstandsf\u00e4higkeit gegen\u00fcber elektrischem Rauschen oder vor\u00fcbergehenden elektrischen St\u00f6rungen (Spannungsspitzen, Oberschwingungen, kleine Interferenzen) im Netz.<\/p>\n<p>Dadurch werden ungewollte Ausl\u00f6sungen reduziert und eine gr\u00f6\u00dfere Versorgungsstabilit\u00e4t gew\u00e4hrleistet, ohne die Sicherheit zu beeintr\u00e4chtigen.<br \/>\nEs ist besonders n\u00fctzlich in Haushalten mit vielen elektronischen Ger\u00e4ten, B\u00fcros, Gesch\u00e4ften, Multicircuit-Boards und Umgebungen, in denen die Stabilit\u00e4t der Stromversorgung wichtig ist.<\/p>\n<p>Das super-immunisierte Differential ist eine sehr empfehlenswerte Option, wenn Zuverl\u00e4ssigkeit und Kontinuit\u00e4t im Betrieb gefragt sind.<\/p>\n<h3>Robustheit unter anspruchsvollen Bedingungen<\/h3>\n<p>Ihr <strong>6 kA Ausschaltverm\u00f6gen <\/strong>bedeutet, dass dieses Differenzial in der Lage ist, Installationen mit Kurzschlusspegeln, wie sie in Wohn- und Gesch\u00e4ftsumgebungen \u00fcblich sind, standzuhalten und korrekt zu funktionieren.<\/p>\n<p>Obwohl das Differenzial den Leistungsschalter f\u00fcr den Kurzschlussschutz nicht ersetzt, gew\u00e4hrleistet dieses Niveau der Schaltleistung, dass das Ger\u00e4t in Schalttafeln mit einer Standardleistung von 6.000 Ampere betriebsbereit ist.<\/p>\n<h3>Einfache Installation und praktisches Design<\/h3>\n<p>Dieses Differential ist dazu bestimmt <strong>Montage auf DIN-Schiene<\/strong>, Er l\u00e4sst sich schnell und einfach in jede Standard- und Modulschalttafel einbauen.<\/p>\n<p>Ihr <strong>kompaktes und robustes 36 mm breites Design<\/strong> (18 mm pro Pol) optimiert den verf\u00fcgbaren Raum und verf\u00fcgt \u00fcber eine <strong>TEST TASTE<\/strong> um sein ordnungsgem\u00e4\u00dfes Funktionieren zu \u00fcberpr\u00fcfen und<strong> eine visuelle Statussignalisierung (ein\/aus)<\/strong>, Der zu sch\u00fctzende Stromkreis kann leicht identifiziert werden.<\/p>\n<p>Dar\u00fcber hinaus hat es eine <strong>Terminals<\/strong> die f\u00fcr Kabel mit dieser Stromst\u00e4rke vorbereitet sind (<strong>25mm\u00b2 bei flexiblen Kabeln und 35mm\u00b2 bei starren Kabeln<\/strong>).<br \/>\nDies gew\u00e4hrleistet feste, sichere und dauerhafte Verbindungen.<\/p>\n<p>Diese Merkmale erleichtern sowohl die Installation als auch die Wartung.<\/p>\n<h2>Maxge Alpha+ 2P, 40A, 30mA Differenzbetrieb<\/h2>\n<p>Dieses Differential hat die folgenden inneren Werte:<\/p>\n<ul>\n<li><strong>St\u00e4ndige \u00dcberwachung:<\/strong> Das Differenzial vergleicht in Echtzeit die Summe der Str\u00f6me, die \u00fcber die Phasen eintreten und \u00fcber den Nullleiter austreten.<\/li>\n<li><strong>Lecksuche:<\/strong> Bei einer Differenz von mehr als 30 mA (ein Hinweis auf Erdschluss) interpretiert das Differenzial, dass ein Teil des Stroms durch einen unerw\u00fcnschten Pfad flie\u00dft.<\/li>\n<li><strong>Sofortige Entlassung:<\/strong> Das Differenzial unterbricht den Stromkreis innerhalb von Millisekunden, um eine gef\u00e4hrliche Ber\u00fchrung oder Brandausl\u00f6sung zu verhindern.<\/li>\n<\/ul>\n<p>Es ist die ideale Wahl f\u00fcr Umgebungen, in denen Sicherheit und Betriebskontinuit\u00e4t Priorit\u00e4t haben, wie z. B. in Haushalten mit einem hohen Grad an Elektrifizierung, in Gesch\u00e4ftsr\u00e4umen, B\u00fcros und kleinen Industrieanlagen.<\/p>\n<p>Es ist zu beachten, dass dieses Differenzial zusammen mit geeigneten Schutzschaltern installiert werden muss.<\/p>\n<h2>Die wichtigsten Vorteile des Maxge Alpha+ 2P Differential, 40A, 30mA<\/h2>\n<p>Die Vorteile dieses Differentials sind die folgenden:<\/p>\n<ul>\n<li><strong>Schutz von Personen:<\/strong> Empfindlichkeit 30 mA.<\/li>\n<li><strong>Klasse A:<\/strong> c<span style=\"font-size: 16px\">Hervorragende Kompatibilit\u00e4t mit elektronischen Lasten und geeignet f\u00fcr moderne elektronische Ger\u00e4te.<\/span><\/li>\n<li><strong>Superimmunisiert:<\/strong> weniger unn\u00f6tige Schie\u00dfereien, und<span style=\"font-size: 16px\">hohe St\u00f6rfestigkeit gegen\u00fcber Transienten und Oberwellen<\/span><\/li>\n<li><strong>Nennstrom 40 A:<\/strong> geeignet f\u00fcr allgemeine Linien.<\/li>\n<li><strong>6 kA Kapazit\u00e4t:<\/strong> kompatibel mit Standardinstallationen und aktuellen Schalttafeln.<\/li>\n<li><strong>Gleichzeitige Abschaltung von Phase und Nullleiter<\/strong>.<\/li>\n<li><strong>Einfacher Einbau<\/strong> auf DIN-Schiene.<\/li>\n<li><strong>Einhaltung der Vorschriften<\/strong> und internationalen Sicherheitsstandards.<\/li>\n<\/ul>\n<h2>Technische Informationen \u00fcber die Maxge Alpha+ 2P, 40A, 30mA differential. Klasse A superimmunisiert. 6kA - EPRE2A040030<\/h2>\n<p><a href=\"https:\/\/fvcomponentes.com\/wp-content\/uploads\/2026\/02\/es_fichas-tecnicas_EPRE2A-20251104.pdf\" target=\"_blank\" rel=\"noopener\">Maxge Alpha+ 2P, 40A, 30mA Differential-Datenblatt<\/a><\/p>","protected":false},"excerpt":{"rendered":"<ul>\n<li>Anzahl der Pole: 2 Pole<\/li>\n<li>Nennstrom (In): 40 Ampere<\/li>\n<li>Empfindlichkeit: 30 mA<\/li>\n<li>Betriebsspannung: 240V AC<\/li>\n<li>Lokale Statussignalisierung<\/li>\n<li>Fenster f\u00fcr Schaltkreismarker<\/li>\n<li>Klemmenanschluss f\u00fcr Kupferkabel: 25 mm\u00b2 (flexibel) \/ 35 mm\u00b2 (starr)<\/li>\n<li>Klasse A: detektiert Wechsel- und Gleichstr\u00f6me. Hochgradig immunisiert.<\/li>\n<li>Ableitstrom im Ruhezustand: 0,5xIDn<\/li>\n<li>Abmessungen: 36 mm breit (18 mm pro Pol)<\/li>\n<li>Erm\u00f6glicht die Anbringung von Zubeh\u00f6r und Betriebsmitteln<\/li>\n<li>Isolationsspannung (Ui): 500VA<\/li>\n<li>Verschmutzungsgrad 3<\/li>\n<li>Sto\u00dfspannung (Uimp): 4kV<\/li>\n<li>Doppelte Isolationsklasse 2<\/li>\n<li>Arbeitstemperatur: -5 \u00b0C bis +40 \u00b0C<\/li>\n<li>Internationale Norm: EN\/IEC60898-1<\/li>\n<\/ul>","protected":false},"featured_media":36695,"comment_status":"closed","ping_status":"closed","template":"","meta":{"site-sidebar-layout":"default","site-content-layout":"","ast-site-content-layout":"default","site-content-style":"default","site-sidebar-style":"default","ast-global-header-display":"","ast-banner-title-visibility":"","ast-main-header-display":"","ast-hfb-above-header-display":"","ast-hfb-below-header-display":"","ast-hfb-mobile-header-display":"","site-post-title":"","ast-breadcrumbs-content":"","ast-featured-img":"","footer-sml-layout":"","ast-disable-related-posts":"","theme-transparent-header-meta":"default","adv-header-id-meta":"","stick-header-meta":"","header-above-stick-meta":"","header-main-stick-meta":"","header-below-stick-meta":"","astra-migrate-meta-layouts":"set","ast-page-background-enabled":"default","ast-page-background-meta":{"desktop":{"background-color":"var(--ast-global-color-4)","background-image":"","background-repeat":"repeat","background-position":"center center","background-size":"auto","background-attachment":"scroll","background-type":"","background-media":"","overlay-type":"","overlay-color":"","overlay-opacity":"","overlay-gradient":""},"tablet":{"background-color":"","background-image":"","background-repeat":"repeat","background-position":"center center","background-size":"auto","background-attachment":"scroll","background-type":"","background-media":"","overlay-type":"","overlay-color":"","overlay-opacity":"","overlay-gradient":""},"mobile":{"background-color":"","background-image":"","background-repeat":"repeat","background-position":"center center","background-size":"auto","background-attachment":"scroll","background-type":"","background-media":"","overlay-type":"","overlay-color":"","overlay-opacity":"","overlay-gradient":""}},"ast-content-background-meta":{"desktop":{"background-color":"var(--ast-global-color-5)","background-image":"","background-repeat":"repeat","background-position":"center center","background-size":"auto","background-attachment":"scroll","background-type":"","background-media":"","overlay-type":"","overlay-color":"","overlay-opacity":"","overlay-gradient":""},"tablet":{"background-color":"var(--ast-global-color-5)","background-image":"","background-repeat":"repeat","background-position":"center center","background-size":"auto","background-attachment":"scroll","background-type":"","background-media":"","overlay-type":"","overlay-color":"","overlay-opacity":"","overlay-gradient":""},"mobile":{"background-color":"var(--ast-global-color-5)","background-image":"","background-repeat":"repeat","background-position":"center center","background-size":"auto","background-attachment":"scroll","background-type":"","background-media":"","overlay-type":"","overlay-color":"","overlay-opacity":"","overlay-gradient":""}}},"pwb-brand":[1018],"product_brand":[],"product_cat":[989,410],"product_tag":[],"class_list":{"0":"post-36146","1":"product","2":"type-product","3":"status-publish","4":"has-post-thumbnail","6":"pwb-brand-maxge","7":"product_cat-interruptores-diferenciales","8":"product_cat-material-electrico","9":"desktop-align-left","10":"tablet-align-left","11":"mobile-align-left","12":"ast-product-gallery-layout-horizontal-slider","13":"ast-product-gallery-with-no-image","14":"ast-product-tabs-layout-horizontal","16":"first","17":"instock","18":"taxable","19":"shipping-taxable","20":"purchasable","21":"product-type-simple"},"wcpa_form_fields":null,"brands":[{"id":1018,"name":"Maxge Elektrische Schutzeinrichtungen","slug":"maxge"}],"_links":{"self":[{"href":"https:\/\/fvcomponentes.com\/de\/wp-json\/wp\/v2\/product\/36146","targetHints":{"allow":["GET"]}}],"collection":[{"href":"https:\/\/fvcomponentes.com\/de\/wp-json\/wp\/v2\/product"}],"about":[{"href":"https:\/\/fvcomponentes.com\/de\/wp-json\/wp\/v2\/types\/product"}],"replies":[{"embeddable":true,"href":"https:\/\/fvcomponentes.com\/de\/wp-json\/wp\/v2\/comments?post=36146"}],"wp:featuredmedia":[{"embeddable":true,"href":"https:\/\/fvcomponentes.com\/de\/wp-json\/wp\/v2\/media\/36695"}],"wp:attachment":[{"href":"https:\/\/fvcomponentes.com\/de\/wp-json\/wp\/v2\/media?parent=36146"}],"wp:term":[{"taxonomy":"pwb-brand","embeddable":true,"href":"https:\/\/fvcomponentes.com\/de\/wp-json\/wp\/v2\/pwb-brand?post=36146"},{"taxonomy":"product_brand","embeddable":true,"href":"https:\/\/fvcomponentes.com\/de\/wp-json\/wp\/v2\/product_brand?post=36146"},{"taxonomy":"product_cat","embeddable":true,"href":"https:\/\/fvcomponentes.com\/de\/wp-json\/wp\/v2\/product_cat?post=36146"},{"taxonomy":"product_tag","embeddable":true,"href":"https:\/\/fvcomponentes.com\/de\/wp-json\/wp\/v2\/product_tag?post=36146"}],"curies":[{"name":"wp","href":"https:\/\/api.w.org\/{rel}","templated":true}]}}