{"id":36145,"date":"2026-01-24T10:18:19","date_gmt":"2026-01-24T09:18:19","guid":{"rendered":"https:\/\/fvcomponentes.com\/?post_type=product&#038;p=36145"},"modified":"2026-02-10T16:00:23","modified_gmt":"2026-02-10T15:00:23","slug":"magnetotermico-maxge-alpha-2p-40a-curva-c-6ka-epb63me2c40","status":"publish","type":"product","link":"https:\/\/fvcomponentes.com\/de\/producto\/magnetotermico-maxge-alpha-2p-40a-curva-c-6ka-epb63me2c40\/","title":{"rendered":"Maxge Alpha+ 2P, 40A, C-Kurve, 6kA - EPB63ME2C40"},"content":{"rendered":"<h2>Maxge Alpha+ 2P, 40A, C-Kurve, 6kA - EPB63ME2C40<\/h2>\n<p>Der Maxge Alpha+ 2P, 40A ist ein magnetothermischer Schutzschalter, der f\u00fcr den Schutz von einphasigen elektrischen Anlagen mit hohem Stromverbrauch gegen \u00dcberlast und Kurzschluss entwickelt wurde und eine robuste und zuverl\u00e4ssige L\u00f6sung darstellt.<\/p>\n<p>Dieser Leistungsschalter wird in der Regel verwendet, wenn ein sicherer Schutz f\u00fcr einphasige Hauptleitungen, dedizierte Stromkreise oder Hochleistungsger\u00e4te erforderlich ist, sowohl in Wohn- als auch in Gesch\u00e4ftsr\u00e4umen. Er kann sogar in leichten industriellen Umgebungen eingesetzt werden.<\/p>\n<p>Dar\u00fcber hinaus sind thermischer und magnetischer Schutz in einem einzigen Ger\u00e4t integriert, das den Strom schnell und pr\u00e4zise unterbricht, wenn es eine elektrische Anomalie erkennt, und Sch\u00e4den an der Verkabelung und den angeschlossenen Ger\u00e4ten verhindert. Au\u00dferdem verringert er das Risiko schwerer Zwischenf\u00e4lle.<\/p>\n<h2>Hauptmerkmale des Leistungsschalters Maxge Alpha+ 2P, 40A<\/h2>\n<h3>Vollst\u00e4ndiger Schutz von Phase und Nullleiter<\/h3>\n<p>Sein ein <strong>2-poliger MCB (2P)<\/strong>, Dieser Schalter unterbricht die Phase und den Nullleiter gleichzeitig und gew\u00e4hrleistet so die vollst\u00e4ndige Isolierung des Stromkreises, wenn er manuell ausgel\u00f6st oder ausgeschaltet wird.<br \/>\nDas bringt viel mehr Sicherheit, vor allem bei Wartungsarbeiten oder Servicearbeiten am Schaltschrank.<\/p>\n<p>Diese Konfiguration wird h\u00e4ufig in einphasigen Hauptleitungen, speziellen Stromkreisen mit hohem Verbrauch, anspruchsvollen elektrischen Ger\u00e4ten wie Klimaanlagen oder leichten Maschinen sowie in Anlagen verwendet, die eine vollst\u00e4ndige Stromabschaltung erfordern.<\/p>\n<h3>Lasten mit hohem Bedarf<\/h3>\n<p>Mit einem <strong>40 Ampere Nennstrom<\/strong>, Dieser Schutzschalter ist f\u00fcr einphasige Stromkreise mit hohen Lasten oder hohem Stromverbrauch ausgelegt.<\/p>\n<p>Diese Stromst\u00e4rke wird in der Regel zum Schutz von einphasigen Hauptleitungen, Hochleistungssteckdosen, Klimaanlagen, elektrischen Ger\u00e4ten mit hoher Leistung und Maschinen verwendet.<\/p>\n<p>Bei richtiger Dimensionierung der Verdrahtung und entsprechendem Zusatzschutz arbeitet der Leistungsschalter stabil, zuverl\u00e4ssig und problemlos.<\/p>\n<h3>Ausgewogener und stabiler Schutz<\/h3>\n<p>Die <strong>Brennkurve C<\/strong> erm\u00f6glicht es dem Schutzschalter, normalen und m\u00e4\u00dfigen Stromspitzen standzuhalten, wie sie beispielsweise beim Anlassen von Motoren, Kompressoren oder beim Einschalten bestimmter elektrischer Ger\u00e4te auftreten, und verhindert, dass er unn\u00f6tig ausl\u00f6st.<\/p>\n<p>Das bedeutet mehr Kontinuit\u00e4t in der Versorgung, weniger unerwartete Ausf\u00e4lle, mehr Nutzungskomfort und einen wirksamen Schutz vor echten \u00dcberlastungen und Kurzschl\u00fcssen.<br \/>\nMit anderen Worten: Es ist ein guter Schutz f\u00fcr den Fall, dass er wirklich gebraucht wird.<\/p>\n<p>Daher ist die C-Kurve eine der am h\u00e4ufigsten verwendeten Kurven in allgemeinen elektrischen Anlagen.<\/p>\n<h3>Hohe Kurzschlussfestigkeit<\/h3>\n<p>Die <strong>6 kA Ausschaltverm\u00f6gen<\/strong> bedeutet, dass der Schutzschalter signifikante Kurzschlussstr\u00f6me von bis zu 6.000 Ampere sicher unterbrechen kann, ohne Schaden zu nehmen oder den Schutz zu verlieren.<\/p>\n<p>Dieser Wert eignet sich f\u00fcr Wohnh\u00e4user, Gesch\u00e4ftsr\u00e4ume, Nebenverteiler, Standard-Elektroinstallationen und Stromkreise, die weit vom Umwandlungspunkt entfernt sind.<\/p>\n<p>Er bietet einen zuverl\u00e4ssigen t\u00e4glichen Schutz f\u00fcr die meisten Standard-Niederspannungsanlagen.<\/p>\n<h3>Einfache Installation und praktisches Design<\/h3>\n<p>Die Maxge Alpha+ 2P, 40A ist bestimmt f\u00fcr <strong>Montage auf DIN-Schiene<\/strong>, Er l\u00e4sst sich schnell und einfach in jede Standard- und Modulschalttafel einbauen.<\/p>\n<p>Ihr <strong>kompaktes und robustes 36 mm breites Design<\/strong> (18 mm pro Pol) optimiert den verf\u00fcgbaren Raum und bietet <strong>Fenster f\u00fcr Stromkreismarker und visuelle Statussignalisierung (ein\/aus)<\/strong>, Der zu sch\u00fctzende Stromkreis kann leicht identifiziert werden.<\/p>\n<p>Dar\u00fcber hinaus hat es eine <strong>Terminals<\/strong> die f\u00fcr Kabel mit dieser Stromst\u00e4rke vorbereitet sind (<strong>25mm\u00b2 bei flexiblen Kabeln und 35mm\u00b2 bei starren Kabeln<\/strong>).<br \/>\nDies gew\u00e4hrleistet feste, sichere und dauerhafte Verbindungen.<\/p>\n<p>Diese Merkmale erleichtern sowohl die Installation als auch die Wartung.<\/p>\n<h2>Maxge Alpha+ 2P, 40A, C-Kurve, 6kA - EPB63ME2C40 - Betrieb und Anwendungen<\/h2>\n<p>Dieser Leistungsschalter sch\u00fctzt die Anlage durch zwei sich erg\u00e4nzende Systeme:<\/p>\n<ul>\n<li><strong>Thermischer Schutz (\u00dcberlast):<\/strong> schaltet den Strom bei l\u00e4ngerer \u00dcberlastung ab und verhindert so eine \u00dcberhitzung der Kabel und m\u00f6gliche Sch\u00e4den an der Anlage.<\/li>\n<li><strong>Magnetischer Schutz (Kurzschluss):<\/strong> wirkt fast augenblicklich <span style=\"font-size: 16px\">bei einem starken Kurzschluss die Versorgung unterbrechen und sowohl die Anlage als auch die angeschlossenen Ger\u00e4te sch\u00fctzen.<\/span><\/li>\n<\/ul>\n<p>Er ist ein idealer Schalter f\u00fcr Schalttafeln in Wohngeb\u00e4uden mit hohem Bedarf, in Gesch\u00e4ftsr\u00e4umen, auf einphasigen Hauptleitungen und in Stromkreisen f\u00fcr Ger\u00e4te mit hohem Stromverbrauch.<\/p>\n<h2>Die wichtigsten Vorteile von Maxge Alpha+ 2P, 40A<\/h2>\n<p>Die Vorteile dieses Leistungsschalters sind wie folgt:<\/p>\n<ul>\n<li>Vollst\u00e4ndiger Schutz und gleichzeitige Abschaltung von Phase und Nullleiter.<\/li>\n<li>Mit einem Nennstrom von 40 A ist er ideal f\u00fcr anspruchsvolle einphasige oder verbrauchsintensive Stromkreise.<\/li>\n<li>Ausgewogene und vielseitige C-Kurve, ohne unn\u00f6tige und st\u00f6rende Ausl\u00f6ser.<\/li>\n<li>6 kA Schaltleistung, geeignet f\u00fcr den privaten und gewerblichen Gebrauch.<\/li>\n<li>Einfache Installation auf DIN-Schiene und einfache Wartung.<\/li>\n<li>Kompaktes, robustes und zuverl\u00e4ssiges Design.<\/li>\n<li>Einhaltung der internationalen Qualit\u00e4tsnormen und -standards.<\/li>\n<\/ul>\n<h2>Technische Informationen zu Maxge Alpha+ 2P, 40A, C-Kurve, 6kA - EPB63ME2C40<\/h2>\n<p><a href=\"https:\/\/fvcomponentes.com\/wp-content\/uploads\/2026\/02\/es_fichas-tecnicas_EPB63Me-20251104.pdf\" target=\"_blank\" rel=\"noopener\">Maxge Alpha+ 2P, 40A, Datenblatt Maxge Alpha+ 2P, 40A<\/a><\/p>","protected":false},"excerpt":{"rendered":"<ul>\n<li>Konfiguration: 2-polig<\/li>\n<li>Betriebsspannung: 415V AC<\/li>\n<li>Nennstrom: 40 Ampere<\/li>\n<li>Ausschaltverm\u00f6gen: 6kA<\/li>\n<li>Internationale Norm EN\/IEC60898-1<\/li>\n<li>Lokale Statussignalisierung<\/li>\n<li>Fenster f\u00fcr Schaltkreismarker<\/li>\n<li>Abmessungen: 36 mm (18 mm pro Pol)<\/li>\n<li>Klemmenanschluss f\u00fcr Kupferkabel: 25mm\u00b2 bei flexiblen Kabeln und 35mm\u00b2 bei starren Kabeln<\/li>\n<li>Isolationsspannung (Ui) 500VA<\/li>\n<li>Verschmutzungsgrad 3<\/li>\n<li>Sto\u00dfspannung (Uimp) 4kV<\/li>\n<li>Doppelte Isolationsklasse 2<\/li>\n<li>Geeignet f\u00fcr die Sektionierung<\/li>\n<li>Arbeitstemperatur: von -5\u00baC bis + 40\u00baC.<\/li>\n<li>Nicht zugriffsf\u00e4hig (au\u00dfer mit Vorh\u00e4ngeschloss)<\/li>\n<\/ul>","protected":false},"featured_media":36670,"comment_status":"closed","ping_status":"closed","template":"","meta":{"site-sidebar-layout":"default","site-content-layout":"","ast-site-content-layout":"default","site-content-style":"default","site-sidebar-style":"default","ast-global-header-display":"","ast-banner-title-visibility":"","ast-main-header-display":"","ast-hfb-above-header-display":"","ast-hfb-below-header-display":"","ast-hfb-mobile-header-display":"","site-post-title":"","ast-breadcrumbs-content":"","ast-featured-img":"","footer-sml-layout":"","ast-disable-related-posts":"","theme-transparent-header-meta":"default","adv-header-id-meta":"","stick-header-meta":"","header-above-stick-meta":"","header-main-stick-meta":"","header-below-stick-meta":"","astra-migrate-meta-layouts":"set","ast-page-background-enabled":"default","ast-page-background-meta":{"desktop":{"background-color":"var(--ast-global-color-4)","background-image":"","background-repeat":"repeat","background-position":"center center","background-size":"auto","background-attachment":"scroll","background-type":"","background-media":"","overlay-type":"","overlay-color":"","overlay-opacity":"","overlay-gradient":""},"tablet":{"background-color":"","background-image":"","background-repeat":"repeat","background-position":"center center","background-size":"auto","background-attachment":"scroll","background-type":"","background-media":"","overlay-type":"","overlay-color":"","overlay-opacity":"","overlay-gradient":""},"mobile":{"background-color":"","background-image":"","background-repeat":"repeat","background-position":"center center","background-size":"auto","background-attachment":"scroll","background-type":"","background-media":"","overlay-type":"","overlay-color":"","overlay-opacity":"","overlay-gradient":""}},"ast-content-background-meta":{"desktop":{"background-color":"var(--ast-global-color-5)","background-image":"","background-repeat":"repeat","background-position":"center center","background-size":"auto","background-attachment":"scroll","background-type":"","background-media":"","overlay-type":"","overlay-color":"","overlay-opacity":"","overlay-gradient":""},"tablet":{"background-color":"var(--ast-global-color-5)","background-image":"","background-repeat":"repeat","background-position":"center center","background-size":"auto","background-attachment":"scroll","background-type":"","background-media":"","overlay-type":"","overlay-color":"","overlay-opacity":"","overlay-gradient":""},"mobile":{"background-color":"var(--ast-global-color-5)","background-image":"","background-repeat":"repeat","background-position":"center center","background-size":"auto","background-attachment":"scroll","background-type":"","background-media":"","overlay-type":"","overlay-color":"","overlay-opacity":"","overlay-gradient":""}}},"pwb-brand":[1018],"product_brand":[],"product_cat":[990,410],"product_tag":[],"class_list":{"0":"post-36145","1":"product","2":"type-product","3":"status-publish","4":"has-post-thumbnail","6":"pwb-brand-maxge","7":"product_cat-magnetotermicos","8":"product_cat-material-electrico","9":"desktop-align-left","10":"tablet-align-left","11":"mobile-align-left","12":"ast-product-gallery-layout-horizontal-slider","13":"ast-product-gallery-with-no-image","14":"ast-product-tabs-layout-horizontal","16":"first","17":"instock","18":"taxable","19":"shipping-taxable","20":"purchasable","21":"product-type-simple"},"wcpa_form_fields":null,"brands":[{"id":1018,"name":"Maxge Elektrische Schutzeinrichtungen","slug":"maxge"}],"_links":{"self":[{"href":"https:\/\/fvcomponentes.com\/de\/wp-json\/wp\/v2\/product\/36145","targetHints":{"allow":["GET"]}}],"collection":[{"href":"https:\/\/fvcomponentes.com\/de\/wp-json\/wp\/v2\/product"}],"about":[{"href":"https:\/\/fvcomponentes.com\/de\/wp-json\/wp\/v2\/types\/product"}],"replies":[{"embeddable":true,"href":"https:\/\/fvcomponentes.com\/de\/wp-json\/wp\/v2\/comments?post=36145"}],"wp:featuredmedia":[{"embeddable":true,"href":"https:\/\/fvcomponentes.com\/de\/wp-json\/wp\/v2\/media\/36670"}],"wp:attachment":[{"href":"https:\/\/fvcomponentes.com\/de\/wp-json\/wp\/v2\/media?parent=36145"}],"wp:term":[{"taxonomy":"pwb-brand","embeddable":true,"href":"https:\/\/fvcomponentes.com\/de\/wp-json\/wp\/v2\/pwb-brand?post=36145"},{"taxonomy":"product_brand","embeddable":true,"href":"https:\/\/fvcomponentes.com\/de\/wp-json\/wp\/v2\/product_brand?post=36145"},{"taxonomy":"product_cat","embeddable":true,"href":"https:\/\/fvcomponentes.com\/de\/wp-json\/wp\/v2\/product_cat?post=36145"},{"taxonomy":"product_tag","embeddable":true,"href":"https:\/\/fvcomponentes.com\/de\/wp-json\/wp\/v2\/product_tag?post=36145"}],"curies":[{"name":"wp","href":"https:\/\/api.w.org\/{rel}","templated":true}]}}