{"id":36144,"date":"2026-01-24T10:17:37","date_gmt":"2026-01-24T09:17:37","guid":{"rendered":"https:\/\/fvcomponentes.com\/?post_type=product&#038;p=36144"},"modified":"2026-02-10T15:50:12","modified_gmt":"2026-02-10T14:50:12","slug":"magnetotermico-maxge-alpha-2p-32a-curva-c-6ka-epb63me2c32","status":"publish","type":"product","link":"https:\/\/fvcomponentes.com\/de\/producto\/magnetotermico-maxge-alpha-2p-32a-curva-c-6ka-epb63me2c32\/","title":{"rendered":"Maxge Alpha+ 2P, 32A, C-Kurve, 6kA - EPB63ME2C32"},"content":{"rendered":"<h2>Maxge Alpha+ 2P, 32A, C-Kurve, 6kA - EPB63ME2C32<\/h2>\n<p>Der Maxge Alpha+ 2P, 32A ist ein magnetothermischer Schutzschalter, der einphasige Stromkreise vor \u00dcberlast und Kurzschl\u00fcssen sch\u00fctzt.<br \/>\nSie bietet eine sichere und zuverl\u00e4ssige L\u00f6sung f\u00fcr elektrische Anlagen mit hohem Verbrauch.<\/p>\n<p>Dank seiner zweipoligen Konfiguration (2P), seines Nennstroms von 32 A, seiner Ausl\u00f6sekurve C und seines Ausschaltverm\u00f6gens von 6 kA ist er ein Ger\u00e4t, das in Privathaushalten, Gewerbebetrieben und terti\u00e4ren Anlagen, die einen robusten Schutz erfordern, weit verbreitet ist.<\/p>\n<p>Dieser Schutzschalter vereint den thermischen und den magnetischen Schutz in einem einzigen Ger\u00e4t, das bei einer elektrischen Anomalie automatisch reagiert.<br \/>\nDadurch werden Sch\u00e4den an der Verkabelung und den angeschlossenen Ger\u00e4ten vermieden und das Risiko von Ausf\u00e4llen oder Br\u00e4nden verringert.<\/p>\n<h2>Hauptmerkmale des Leistungsschalters Maxge Alpha+ 2P, 32A<\/h2>\n<h3>Vollst\u00e4ndiger bipolarer Schutz<\/h3>\n<p>Sein ein <strong>2-poliger MCB (2P)<\/strong>, Die Phase und der Nullleiter sind gleichzeitig gesch\u00fctzt.<br \/>\nDadurch wird der Stromkreis vollst\u00e4ndig isoliert, wenn der Schutzschalter manuell ausgel\u00f6st oder getrennt wird, was die Sicherheit bei Wartungsarbeiten erh\u00f6ht und elektrische Gefahren verringert.<\/p>\n<p>Diese Konfiguration eignet sich besonders f\u00fcr empfindliche einphasige Stromkreise, Steuer- und Befehlsleitungen, Hilfsstromkreise, Automatismen, punktuelle oder technische Beleuchtung, kleine elektronische Ger\u00e4te und Anlagen, bei denen der Neutralleiter zusammen mit der Phase abgeschaltet werden muss.<\/p>\n<h3>Hoher Verbrauch oder hohe Lasten<\/h3>\n<p>Mit einem <strong>Nennstrom 32 Ampere<\/strong>, Dieser Leistungsschalter ist f\u00fcr einphasige Leitungen mit hohem Verbrauch konzipiert, bei denen ein zuverl\u00e4ssiger, pr\u00e4ziser und stabiler Schutz erforderlich ist.<\/p>\n<p>Er wird in der Regel zum Schutz von einphasigen Hauptleitungen, Industrie- oder Schwerlaststeckdosen, elektrischen Hochleistungsger\u00e4ten und Stromkreisen mit mehreren gleichzeitig betriebenen Ger\u00e4ten eingesetzt.<\/p>\n<p>Wenn die Installation gut dimensioniert ist (geeigneter Kabelquerschnitt und zus\u00e4tzlicher Schutz), bietet der MCB einen stabilen, zuverl\u00e4ssigen und sicheren Betrieb.<\/p>\n<h3>Gleichgewicht zwischen Schutz und Stabilit\u00e4t<\/h3>\n<p>Der Leistungsschalter Maxge Alpha+ 2P, 32A ist mit einem <strong>Brennkurve C<\/strong>. Er ist so konzipiert, dass er m\u00e4\u00dfige Stromspitzen verkraftet, ohne dass es zu einer vorzeitigen Ausl\u00f6sung kommt.<\/p>\n<p>Die C-Kurve bietet ein optimales Gleichgewicht zwischen Empfindlichkeit und Stabilit\u00e4t und gew\u00e4hrleistet einen wirksamen Schutz gegen gef\u00e4hrliche \u00dcberstr\u00f6me, ohne den normalen Betrieb der Anlage zu beeintr\u00e4chtigen.<\/p>\n<p>Dadurch werden st\u00f6rende Sch\u00fcsse reduziert.<br \/>\nDar\u00fcber hinaus ist die Anlage stabiler und bietet einen guten Schutz gegen echte \u00dcberlastungen und Kurzschl\u00fcsse.<\/p>\n<p>Er eignet sich daher f\u00fcr Stromkreise mit allgemeinen und gemischten Lasten, kleinen bis mittelgro\u00dfen Motoren, Anlassern, Transformatoren, L\u00fcftungen, Pumpen, Klimaanlagen, elektronischen Ger\u00e4ten und Stromversorgungen, Beleuchtungen und Drehstromsteckdosen sowie f\u00fcr Ger\u00e4te, die Anlaufspitzen aufweisen k\u00f6nnen (ohne extrem zu sein).<\/p>\n<h3>Hohe Kurzschlussfestigkeit<\/h3>\n<p>Ihr <strong>6 kA Ausschaltverm\u00f6gen<\/strong> bedeutet, dass er gro\u00dfe Kurzschl\u00fcsse von bis zu 6.000 Ampere sicher unterbrechen kann, ohne dass es zu Sch\u00e4den oder Eigenschaftsverlusten kommt.<\/p>\n<p>Dies ist mehr als ausreichend f\u00fcr Haushalte, Gesch\u00e4ftsr\u00e4ume, sekund\u00e4re Schalttafeln und weit vom Transformator entfernte Stromkreise.<\/p>\n<p>Es bietet ein gutes Ma\u00df an Sicherheit und Schutz f\u00fcr die meisten g\u00e4ngigen Niederspannungsanlagen.<\/p>\n<h3>Einfache Installation und kompakte Bauweise<\/h3>\n<p>Die Maxge Alpha+ 2P, 32A ist konzipiert f\u00fcr <strong>Montage auf DIN-Schiene<\/strong>, Dies erm\u00f6glicht eine schnelle und saubere Montage auf jedem Standardrahmen.<\/p>\n<p>Ihr <strong>Terminals<\/strong> bereit sind, Kabel mit einem f\u00fcr diese Stromst\u00e4rke geeigneten Querschnitt aufzunehmen (<strong>25mm\u00b2 bei flexiblen Kabeln und 35mm\u00b2 bei starren Kabeln<\/strong>). Dies garantiert feste und sichere Verbindungen, ohne \u00dcberhitzung oder falsche Kontakte.<\/p>\n<p>Dar\u00fcber hinaus hat es eine <strong>kompakte 36 mm breite Ausf\u00fchrung<\/strong> (18 mm pro Pol), und es verf\u00fcgt \u00fcber <strong>Fenster f\u00fcr Schaltkreismarker<\/strong> y <strong>eine visuelle Statussignalisierung (ein\/aus)<\/strong>, Der zu sch\u00fctzende Stromkreis kann leicht identifiziert werden.<br \/>\nDaher bietet es eine schnelle Diagnose und ist sehr einfach zu warten.<\/p>\n<h2>Maxge Alpha+ 2P, 32A, C-Kurve, 6kA - EPB63ME2C32 - Betrieb und Anwendungen<\/h2>\n<p>Dieser Schutzschalter sch\u00fctzt den Stromkreis auf zwei Arten:<\/p>\n<ul>\n<li><strong>Thermischer Schutz (\u00dcberlast):<\/strong> schaltet bei anhaltender \u00dcberlastung den Strom ab und verhindert so sowohl eine \u00dcberhitzung der Kabel als auch m\u00f6gliche Sch\u00e4den an der Anlage.<\/li>\n<li><strong>Magnetischer Schutz (Kurzschluss):<\/strong> spricht bei einem starken Kurzschluss fast sofort an. In diesem Fall unterbricht der Schutzschalter die Stromzufuhr und sch\u00fctzt sowohl die Anlage als auch die angeschlossenen Ger\u00e4te.<\/li>\n<\/ul>\n<p>Er ist eine ideale L\u00f6sung f\u00fcr Schaltanlagen in Wohn-, Gesch\u00e4fts- und B\u00fcrogeb\u00e4uden, einphasige Leitungen mit hohem Bedarf und dedizierte Stromkreise f\u00fcr leistungsstarke Ger\u00e4te.<\/p>\n<h2>Die wichtigsten Vorteile von Maxge Alpha+ 2P, 32A<\/h2>\n<p>Die Vorteile dieses Leistungsschalters sind wie folgt:<\/p>\n<ul>\n<li>Gleichzeitige Abschaltung von Phase und Nullleiter.<\/li>\n<li>Nennstrom von 32 A, ideal f\u00fcr einphasige Stromkreise mit hohem Verbrauch.<\/li>\n<li>Ausgewogene C-Kurve, kein unn\u00f6tiges Ausl\u00f6sen.<\/li>\n<li>6 kA Schaltleistung, ausreichend f\u00fcr den privaten und gewerblichen Gebrauch.<\/li>\n<li>Einfach zu installieren und zu warten.<\/li>\n<li>Kompakte und robuste Bauweise.<\/li>\n<li>Einhaltung der internationalen Qualit\u00e4tsnormen und -standards.<\/li>\n<\/ul>\n<h2>Maxge Alpha+ 2P, 32A, C-Kurve, 6kA - EPB63ME2C32 Technische Informationen<\/h2>\n<p><a href=\"https:\/\/fvcomponentes.com\/wp-content\/uploads\/2026\/02\/es_fichas-tecnicas_EPB63Me-20251104.pdf\" target=\"_blank\" rel=\"noopener\">Datenblatt Maxge Alpha+ 2P, 32A, Magnetotermico Maxge Alpha+ 2P, 32A<\/a><\/p>","protected":false},"excerpt":{"rendered":"<ul>\n<li>Konfiguration: 2-polig<\/li>\n<li>Betriebsspannung: 415V AC<\/li>\n<li>Nennstrom: 32 Ampere<\/li>\n<li>Ausschaltverm\u00f6gen: 6kA<\/li>\n<li>Internationale Norm EN\/IEC60898-1<\/li>\n<li>Lokale Statussignalisierung<\/li>\n<li>Fenster f\u00fcr Schaltkreismarker<\/li>\n<li>Abmessungen: 36 mm (18 mm pro Pol)<\/li>\n<li>Klemmenanschluss f\u00fcr Kupferkabel: 25mm\u00b2 bei flexiblen Kabeln und 35mm\u00b2 bei starren Kabeln<\/li>\n<li>Isolationsspannung (Ui) 500VA<\/li>\n<li>Verschmutzungsgrad 3<\/li>\n<li>Sto\u00dfspannung (Uimp) 4kV<\/li>\n<li>Doppelte Isolationsklasse 2<\/li>\n<li>Geeignet f\u00fcr die Sektionierung<\/li>\n<li>Arbeitstemperatur: von -5\u00baC bis + 40\u00baC.<\/li>\n<li>Nicht zugriffsf\u00e4hig (au\u00dfer mit Vorh\u00e4ngeschloss)<\/li>\n<\/ul>","protected":false},"featured_media":36669,"comment_status":"closed","ping_status":"closed","template":"","meta":{"site-sidebar-layout":"default","site-content-layout":"","ast-site-content-layout":"default","site-content-style":"default","site-sidebar-style":"default","ast-global-header-display":"","ast-banner-title-visibility":"","ast-main-header-display":"","ast-hfb-above-header-display":"","ast-hfb-below-header-display":"","ast-hfb-mobile-header-display":"","site-post-title":"","ast-breadcrumbs-content":"","ast-featured-img":"","footer-sml-layout":"","ast-disable-related-posts":"","theme-transparent-header-meta":"default","adv-header-id-meta":"","stick-header-meta":"","header-above-stick-meta":"","header-main-stick-meta":"","header-below-stick-meta":"","astra-migrate-meta-layouts":"set","ast-page-background-enabled":"default","ast-page-background-meta":{"desktop":{"background-color":"var(--ast-global-color-4)","background-image":"","background-repeat":"repeat","background-position":"center center","background-size":"auto","background-attachment":"scroll","background-type":"","background-media":"","overlay-type":"","overlay-color":"","overlay-opacity":"","overlay-gradient":""},"tablet":{"background-color":"","background-image":"","background-repeat":"repeat","background-position":"center center","background-size":"auto","background-attachment":"scroll","background-type":"","background-media":"","overlay-type":"","overlay-color":"","overlay-opacity":"","overlay-gradient":""},"mobile":{"background-color":"","background-image":"","background-repeat":"repeat","background-position":"center center","background-size":"auto","background-attachment":"scroll","background-type":"","background-media":"","overlay-type":"","overlay-color":"","overlay-opacity":"","overlay-gradient":""}},"ast-content-background-meta":{"desktop":{"background-color":"var(--ast-global-color-5)","background-image":"","background-repeat":"repeat","background-position":"center center","background-size":"auto","background-attachment":"scroll","background-type":"","background-media":"","overlay-type":"","overlay-color":"","overlay-opacity":"","overlay-gradient":""},"tablet":{"background-color":"var(--ast-global-color-5)","background-image":"","background-repeat":"repeat","background-position":"center center","background-size":"auto","background-attachment":"scroll","background-type":"","background-media":"","overlay-type":"","overlay-color":"","overlay-opacity":"","overlay-gradient":""},"mobile":{"background-color":"var(--ast-global-color-5)","background-image":"","background-repeat":"repeat","background-position":"center center","background-size":"auto","background-attachment":"scroll","background-type":"","background-media":"","overlay-type":"","overlay-color":"","overlay-opacity":"","overlay-gradient":""}}},"pwb-brand":[1018],"product_brand":[],"product_cat":[990,410],"product_tag":[],"class_list":{"0":"post-36144","1":"product","2":"type-product","3":"status-publish","4":"has-post-thumbnail","6":"pwb-brand-maxge","7":"product_cat-magnetotermicos","8":"product_cat-material-electrico","9":"desktop-align-left","10":"tablet-align-left","11":"mobile-align-left","12":"ast-product-gallery-layout-horizontal-slider","13":"ast-product-gallery-with-no-image","14":"ast-product-tabs-layout-horizontal","16":"first","17":"instock","18":"taxable","19":"shipping-taxable","20":"purchasable","21":"product-type-simple"},"wcpa_form_fields":null,"brands":[{"id":1018,"name":"Maxge Elektrische Schutzeinrichtungen","slug":"maxge"}],"_links":{"self":[{"href":"https:\/\/fvcomponentes.com\/de\/wp-json\/wp\/v2\/product\/36144","targetHints":{"allow":["GET"]}}],"collection":[{"href":"https:\/\/fvcomponentes.com\/de\/wp-json\/wp\/v2\/product"}],"about":[{"href":"https:\/\/fvcomponentes.com\/de\/wp-json\/wp\/v2\/types\/product"}],"replies":[{"embeddable":true,"href":"https:\/\/fvcomponentes.com\/de\/wp-json\/wp\/v2\/comments?post=36144"}],"wp:featuredmedia":[{"embeddable":true,"href":"https:\/\/fvcomponentes.com\/de\/wp-json\/wp\/v2\/media\/36669"}],"wp:attachment":[{"href":"https:\/\/fvcomponentes.com\/de\/wp-json\/wp\/v2\/media?parent=36144"}],"wp:term":[{"taxonomy":"pwb-brand","embeddable":true,"href":"https:\/\/fvcomponentes.com\/de\/wp-json\/wp\/v2\/pwb-brand?post=36144"},{"taxonomy":"product_brand","embeddable":true,"href":"https:\/\/fvcomponentes.com\/de\/wp-json\/wp\/v2\/product_brand?post=36144"},{"taxonomy":"product_cat","embeddable":true,"href":"https:\/\/fvcomponentes.com\/de\/wp-json\/wp\/v2\/product_cat?post=36144"},{"taxonomy":"product_tag","embeddable":true,"href":"https:\/\/fvcomponentes.com\/de\/wp-json\/wp\/v2\/product_tag?post=36144"}],"curies":[{"name":"wp","href":"https:\/\/api.w.org\/{rel}","templated":true}]}}