{"id":36143,"date":"2026-01-24T10:16:57","date_gmt":"2026-01-24T09:16:57","guid":{"rendered":"https:\/\/fvcomponentes.com\/?post_type=product&#038;p=36143"},"modified":"2026-02-10T14:55:07","modified_gmt":"2026-02-10T13:55:07","slug":"magnetotermico-maxge-alpha-2p-25a-curva-c-6ka-epb63me2c25","status":"publish","type":"product","link":"https:\/\/fvcomponentes.com\/de\/producto\/magnetotermico-maxge-alpha-2p-25a-curva-c-6ka-epb63me2c25\/","title":{"rendered":"Maxge Alpha+ 2P, 25A, C-Kurve, 6kA - EPB63ME2C25"},"content":{"rendered":"<h2>Maxge Alpha+ 2P, 25A, C-Kurve, 6kA - EPB63ME2C25<\/h2>\n<p>Der Maxge Alpha+ 2P, 25A ist ein magnetothermischer Schutzschalter, der einphasige Stromkreise gegen \u00dcberlast und Kurzschluss sch\u00fctzt.<br \/>\nEr bietet eine sichere und zuverl\u00e4ssige L\u00f6sung f\u00fcr elektrische Anlagen, in denen mittlere und hohe Lasten gehandhabt werden.<\/p>\n<p>Dank seiner zweipoligen Konfiguration (2P), seinem Nennstrom von 25 A, seiner Ausl\u00f6sekurve C und seinem Ausschaltverm\u00f6gen von 6 kA ist er ein in Haushalten weit verbreitetes Ger\u00e4t.<br \/>\nEs wird auch in Gesch\u00e4ftsr\u00e4umen und bei terti\u00e4ren Anwendungen eingesetzt, die einen robusten Schutz erfordern.<\/p>\n<p>Dieser Schutzschalter vereint den thermischen und den magnetischen Schutz in einem einzigen Ger\u00e4t, das bei einer elektrischen Anomalie automatisch reagiert.<br \/>\nDadurch werden Sch\u00e4den an der Verkabelung und den angeschlossenen Ger\u00e4ten vermieden und das Risiko von Ausf\u00e4llen oder Br\u00e4nden verringert.<\/p>\n<h2>Hauptmerkmale des Leistungsschalters Maxge Alpha+ 2P, 25A<\/h2>\n<h3>Vollst\u00e4ndiger Schutz von Phase und Nullleiter<\/h3>\n<p>Sein von<strong> 2-polig (2P)<\/strong>, Dieser Leistungsschalter sch\u00fctzt und trennt gleichzeitig die Phase und den Nullleiter. Dadurch wird sichergestellt, dass der Stromkreis vollst\u00e4ndig isoliert ist, wenn der Schutzschalter manuell ausgel\u00f6st oder ausgeschaltet wird.<br \/>\nEs erh\u00f6ht somit die Sicherheit bei Wartungs- oder \u00dcberholungsarbeiten an der Schalttafel.<\/p>\n<p>Diese Art des Schutzes wird besonders f\u00fcr einphasige Anlagen, Beleuchtungsstromkreise, spezielle Steckdosen und Steckdosenleitungen mit geringem Verbrauch empfohlen. Auch in Hilfs- und Steuerstromkreisen sowie in Anlagen, in denen eine vollst\u00e4ndige Abschaltung des Stromkreises erforderlich ist.<\/p>\n<h3>Anspruchsvolle Schaltungen<\/h3>\n<p>Mit einem <strong>25 Ampere Nennstrom<\/strong>, Dieser Schutzschalter ist f\u00fcr Leitungen mit h\u00f6herem Verbrauch als die Standardstromkreise von 16 A oder 20 A ausgelegt.<\/p>\n<p>Es wird h\u00e4ufig zum Schutz von Hochleistungssteckdosen und Leitungen f\u00fcr leistungsstarke Ger\u00e4te verwendet.<br \/>\nDar\u00fcber hinaus wird es in kleinen Klimaanlagen und in Schaltkreisen mit mehreren gleichzeitig arbeitenden Empf\u00e4ngern eingesetzt.<\/p>\n<p>Vorausgesetzt, die Installation ist richtig dimensioniert (ausreichender Kabelquerschnitt und zus\u00e4tzliche Schutzvorrichtungen).<span style=\"font-size: 16px\">, Der Schutzschalter gew\u00e4hrleistet einen stabilen, sicheren Betrieb ohne unn\u00f6tige Ausf\u00e4lle.<\/span><\/p>\n<h3>Stabilit\u00e4t ohne l\u00e4stiges Ausl\u00f6sen<\/h3>\n<p>Die <strong>Brennkurve C<\/strong> erm\u00f6glicht es dem Schutzschalter, m\u00e4\u00dfige Stromspitzen, wie sie z. B. beim Einschalten bestimmter elektrischer Ger\u00e4te auftreten, zu bew\u00e4ltigen, ohne unn\u00f6tige Ausl\u00f6sungen zu verursachen.<\/p>\n<p>Das bedeutet weniger ungeplante Ausf\u00e4lle, h\u00f6heren Nutzungskomfort und guten Schutz vor echten \u00dcberlastungen und Kurzschl\u00fcssen.<\/p>\n<p>Daher ist die C-Kurve eine der am h\u00e4ufigsten verwendeten Kurven in allgemeinen Anlagen.<\/p>\n<h3>Hohe Widerstandsf\u00e4higkeit<\/h3>\n<p>Ihr <strong>6 kA Ausschaltverm\u00f6gen<\/strong> bedeutet, dass dieser Schutzschalter in der Lage ist, Kurzschlussstr\u00f6me von bis zu 6.000 Ampere sicher zu unterbrechen, ohne Schaden zu nehmen oder seine Schutzwirkung zu verlieren.<\/p>\n<p>Diese Schaltleistung ist mehr als ausreichend f\u00fcr Privathaushalte, Gewerbebetriebe, Nebenverteiler und weit vom Umwandlungspunkt entfernte Stromkreise.<\/p>\n<p>Mit anderen Worten: Dieser Schutzschalter bietet einen zuverl\u00e4ssigen Schutz f\u00fcr den t\u00e4glichen Gebrauch.<\/p>\n<h3>Schnelle Installation und praktisches Design<\/h3>\n<p>Die Maxge Alpha+ 2P, 25A ist konzipiert f\u00fcr <strong>Montage auf DIN-Schiene<\/strong>. So l\u00e4sst er sich schnell und einfach in jeder Standardschalttafel installieren.<\/p>\n<p>Ihr <strong>kompakte 36 mm breite Ausf\u00fchrung<\/strong> (18 mm pro Pol), tr\u00e4gt zur Optimierung des Platzangebots im Rahmen bei und bietet <strong>Fenster f\u00fcr Schaltkreismarker<\/strong> y <strong>eine visuelle Statussignalisierung (ein\/aus)<\/strong>, Der zu sch\u00fctzende Stromkreis kann leicht identifiziert werden.<\/p>\n<p>Dar\u00fcber hinaus hat es eine <strong>Terminals<\/strong> die f\u00fcr Kabel vorbereitet sind, die f\u00fcr diesen Strom geeignet sind (<strong>16mm\u00b2 bei flexiblen Kabeln und 25mm\u00b2 bei starren Kabeln<\/strong>).<br \/>\nDies gew\u00e4hrleistet feste und sichere Verbindungen.<\/p>\n<h2>Maxge Alpha+ 2P, 25A, C-Kurve, 6kA - EPB63ME2C25 - Betrieb und Anwendungen<\/h2>\n<p>Dieser Schutzschalter sch\u00fctzt den Stromkreis durch zwei sich erg\u00e4nzende Systeme:<\/p>\n<ul>\n<li><strong>Thermischer Schutz (\u00dcberlast):<\/strong> wirkt, wenn der Strom \u00fcber einen l\u00e4ngeren Zeitraum sichere Werte \u00fcberschreitet, und verhindert so eine \u00fcberm\u00e4\u00dfige Erw\u00e4rmung der Leiter und m\u00f6gliche Sch\u00e4den an den Ger\u00e4ten oder Brandgefahr.<\/li>\n<li><strong>Magnetischer Schutz (Kurzschluss):<\/strong> reagiert fast augenblicklich auf sehr hohe Str\u00f6me, unterbricht die Versorgung und sch\u00fctzt die Anlage vor schwerwiegenden Fehlern.<\/li>\n<\/ul>\n<p>Er ist ideal f\u00fcr den Einsatz in Schalttafeln in Wohngeb\u00e4uden, kleinen Gesch\u00e4ften und B\u00fcros, Steckdosenstromkreisen mit hohem Verbrauch und f\u00fcr den speziellen Schutz anspruchsvoller einphasiger Leitungen.<\/p>\n<h2>Die wichtigsten Vorteile des Maxge Alpha+ 2P, 25A Leistungsschalters<\/h2>\n<p>Dieser Schutzschalter hat folgende Vorteile:<\/p>\n<ul>\n<li>Vollst\u00e4ndiger Schutz von Phase und Nullleiter.<\/li>\n<li>Er hat 25 A, ideal f\u00fcr einphasige Stromkreise mit h\u00f6herem Bedarf.<\/li>\n<li>Ausgewogene und vielseitige C-Kurve.<\/li>\n<li>6 kA Schaltleistung, geeignet f\u00fcr den privaten und gewerblichen Gebrauch.<\/li>\n<li>Einfache Installation auf DIN-Schiene und einfache Wartung.<\/li>\n<li>Kompaktes, robustes und zuverl\u00e4ssiges Design.<\/li>\n<li>Einhaltung der internationalen Qualit\u00e4tsnormen und -standards.<\/li>\n<\/ul>\n<h2>Technische Informationen zu Maxge Alpha+ 2P, 25A, C-Kurve 6kA - EPB63ME2C25<\/h2>\n<p><a href=\"https:\/\/fvcomponentes.com\/wp-content\/uploads\/2026\/02\/es_fichas-tecnicas_EPB63Me-20251104.pdf\" target=\"_blank\" rel=\"noopener\">Datenblatt Maxge Alpha+ 2P, 25A, Magnetotermico Maxge Alpha+ 2P, 25A<\/a><\/p>","protected":false},"excerpt":{"rendered":"<ul>\n<li>Konfiguration: 2-polig<\/li>\n<li>Betriebsspannung: 415V AC<\/li>\n<li>Nennstrom: 25 Ampere<\/li>\n<li>Ausschaltverm\u00f6gen: 6kA<\/li>\n<li>Internationale Norm EN\/IEC60898-1<\/li>\n<li>Lokale Statussignalisierung<\/li>\n<li>Fenster f\u00fcr Schaltkreismarker<\/li>\n<li>Abmessungen: 36 mm (18 mm pro Pol)<\/li>\n<li>Klemmenanschluss f\u00fcr Kupferkabel: 16mm\u00b2 bei flexiblen Kabeln und 25mm\u00b2 bei starren Kabeln<\/li>\n<li>Isolationsspannung (Ui) 500VA<\/li>\n<li>Verschmutzungsgrad 3<\/li>\n<li>Sto\u00dfspannung (Uimp) 4kV<\/li>\n<li>Doppelte Isolationsklasse 2<\/li>\n<li>Geeignet f\u00fcr die Sektionierung<\/li>\n<li>Arbeitstemperatur: von -5\u00baC bis + 40\u00baC.<\/li>\n<li>Nicht zugriffsf\u00e4hig (au\u00dfer mit Vorh\u00e4ngeschloss)<\/li>\n<\/ul>","protected":false},"featured_media":36667,"comment_status":"closed","ping_status":"closed","template":"","meta":{"site-sidebar-layout":"default","site-content-layout":"","ast-site-content-layout":"default","site-content-style":"default","site-sidebar-style":"default","ast-global-header-display":"","ast-banner-title-visibility":"","ast-main-header-display":"","ast-hfb-above-header-display":"","ast-hfb-below-header-display":"","ast-hfb-mobile-header-display":"","site-post-title":"","ast-breadcrumbs-content":"","ast-featured-img":"","footer-sml-layout":"","ast-disable-related-posts":"","theme-transparent-header-meta":"default","adv-header-id-meta":"","stick-header-meta":"","header-above-stick-meta":"","header-main-stick-meta":"","header-below-stick-meta":"","astra-migrate-meta-layouts":"set","ast-page-background-enabled":"default","ast-page-background-meta":{"desktop":{"background-color":"var(--ast-global-color-4)","background-image":"","background-repeat":"repeat","background-position":"center center","background-size":"auto","background-attachment":"scroll","background-type":"","background-media":"","overlay-type":"","overlay-color":"","overlay-opacity":"","overlay-gradient":""},"tablet":{"background-color":"","background-image":"","background-repeat":"repeat","background-position":"center center","background-size":"auto","background-attachment":"scroll","background-type":"","background-media":"","overlay-type":"","overlay-color":"","overlay-opacity":"","overlay-gradient":""},"mobile":{"background-color":"","background-image":"","background-repeat":"repeat","background-position":"center center","background-size":"auto","background-attachment":"scroll","background-type":"","background-media":"","overlay-type":"","overlay-color":"","overlay-opacity":"","overlay-gradient":""}},"ast-content-background-meta":{"desktop":{"background-color":"var(--ast-global-color-5)","background-image":"","background-repeat":"repeat","background-position":"center center","background-size":"auto","background-attachment":"scroll","background-type":"","background-media":"","overlay-type":"","overlay-color":"","overlay-opacity":"","overlay-gradient":""},"tablet":{"background-color":"var(--ast-global-color-5)","background-image":"","background-repeat":"repeat","background-position":"center center","background-size":"auto","background-attachment":"scroll","background-type":"","background-media":"","overlay-type":"","overlay-color":"","overlay-opacity":"","overlay-gradient":""},"mobile":{"background-color":"var(--ast-global-color-5)","background-image":"","background-repeat":"repeat","background-position":"center center","background-size":"auto","background-attachment":"scroll","background-type":"","background-media":"","overlay-type":"","overlay-color":"","overlay-opacity":"","overlay-gradient":""}}},"pwb-brand":[1018],"product_brand":[],"product_cat":[990,410],"product_tag":[],"class_list":{"0":"post-36143","1":"product","2":"type-product","3":"status-publish","4":"has-post-thumbnail","6":"pwb-brand-maxge","7":"product_cat-magnetotermicos","8":"product_cat-material-electrico","9":"desktop-align-left","10":"tablet-align-left","11":"mobile-align-left","12":"ast-product-gallery-layout-horizontal-slider","13":"ast-product-gallery-with-no-image","14":"ast-product-tabs-layout-horizontal","16":"first","17":"instock","18":"taxable","19":"shipping-taxable","20":"purchasable","21":"product-type-simple"},"wcpa_form_fields":null,"brands":[{"id":1018,"name":"Maxge Elektrische Schutzeinrichtungen","slug":"maxge"}],"_links":{"self":[{"href":"https:\/\/fvcomponentes.com\/de\/wp-json\/wp\/v2\/product\/36143","targetHints":{"allow":["GET"]}}],"collection":[{"href":"https:\/\/fvcomponentes.com\/de\/wp-json\/wp\/v2\/product"}],"about":[{"href":"https:\/\/fvcomponentes.com\/de\/wp-json\/wp\/v2\/types\/product"}],"replies":[{"embeddable":true,"href":"https:\/\/fvcomponentes.com\/de\/wp-json\/wp\/v2\/comments?post=36143"}],"wp:featuredmedia":[{"embeddable":true,"href":"https:\/\/fvcomponentes.com\/de\/wp-json\/wp\/v2\/media\/36667"}],"wp:attachment":[{"href":"https:\/\/fvcomponentes.com\/de\/wp-json\/wp\/v2\/media?parent=36143"}],"wp:term":[{"taxonomy":"pwb-brand","embeddable":true,"href":"https:\/\/fvcomponentes.com\/de\/wp-json\/wp\/v2\/pwb-brand?post=36143"},{"taxonomy":"product_brand","embeddable":true,"href":"https:\/\/fvcomponentes.com\/de\/wp-json\/wp\/v2\/product_brand?post=36143"},{"taxonomy":"product_cat","embeddable":true,"href":"https:\/\/fvcomponentes.com\/de\/wp-json\/wp\/v2\/product_cat?post=36143"},{"taxonomy":"product_tag","embeddable":true,"href":"https:\/\/fvcomponentes.com\/de\/wp-json\/wp\/v2\/product_tag?post=36143"}],"curies":[{"name":"wp","href":"https:\/\/api.w.org\/{rel}","templated":true}]}}