{"id":36141,"date":"2026-01-24T10:15:13","date_gmt":"2026-01-24T09:15:13","guid":{"rendered":"https:\/\/fvcomponentes.com\/?post_type=product&#038;p=36141"},"modified":"2026-02-10T14:52:25","modified_gmt":"2026-02-10T13:52:25","slug":"magnetotermico-maxge-alpha-2p-16a-curva-c-6ka-epb63me2c16","status":"publish","type":"product","link":"https:\/\/fvcomponentes.com\/de\/producto\/magnetotermico-maxge-alpha-2p-16a-curva-c-6ka-epb63me2c16\/","title":{"rendered":"Maxge Alpha+ 2P, 16A, C-Kurve, 6kA - EPB63ME2C16"},"content":{"rendered":"<h2>Maxge Alpha+ 2P, 16A, C-Kurve, 6kA - EPB63ME2C16<\/h2>\n<p>Der Maxge Alpha+ 2P, 16A ist ein magnetothermischer Schutzschalter, der einphasige Stromkreise wirksam gegen \u00dcberlast und Kurzschluss sch\u00fctzt und einen sicheren und stabilen Betrieb der elektrischen Anlage gew\u00e4hrleistet.<\/p>\n<p>Dank seiner zweipoligen Konfiguration (2P), seinem Bemessungsstrom von 16 A, seiner Ausl\u00f6sekurve C und seinem Ausschaltverm\u00f6gen von 6 kA wird dieser Leistungsschalter h\u00e4ufig in privaten, gewerblichen und terti\u00e4ren Anlagen eingesetzt.<\/p>\n<p>Dieses Ger\u00e4t kombiniert thermischen und magnetischen Schutz in einer einzigen Einheit und garantiert eine schnelle und pr\u00e4zise Reaktion auf jede Stromanomalie und hilft, sowohl die Anlage als auch die angeschlossenen Ger\u00e4te zu sch\u00fctzen.<\/p>\n<h2>Hauptmerkmale des Leistungsschalters Maxge Alpha+ 2P, 16A<\/h2>\n<h3>Vollst\u00e4ndiger Schutz von Phase und Nullleiter<\/h3>\n<p>Sein von<strong> 2-polig (2P)<\/strong>, Dieser Leistungsschalter sch\u00fctzt und trennt gleichzeitig die Phase und den Nullleiter. Dadurch wird sichergestellt, dass der Stromkreis vollst\u00e4ndig isoliert ist, wenn der Schutzschalter manuell ausgel\u00f6st oder ausgeschaltet wird, was die Sicherheit bei Wartungs- oder Instandhaltungsarbeiten an der elektrischen Anlage erh\u00f6ht.<\/p>\n<p>Diese Art von Schutz wird besonders f\u00fcr einphasige Anlagen, Beleuchtungsstromkreise, spezielle Steckdosen, Steckdosenleitungen mit m\u00e4\u00dfigem Verbrauch, Hilfs- und Steuerstromkreise und Anlagen, bei denen eine vollst\u00e4ndige Abschaltung des Stromkreises erforderlich ist, empfohlen.<\/p>\n<h3>Typische Verwendung in Hausinstallationen<\/h3>\n<p>Mit einem <strong>Nennstrom 16 Ampere<\/strong>, Dieser Schutzschalter eignet sich hervorragend f\u00fcr Steckdosenstromkreise, an die elektrische Ger\u00e4te und Anlagen mit mittlerem Stromverbrauch angeschlossen werden.<\/p>\n<p>Er wird typischerweise zum Schutz von Steckdosenleitungen in Wohnungen, K\u00fcchen und allgemeinen Bereichen, B\u00fcros und kleinen Gesch\u00e4ftsr\u00e4umen sowie von Stromkreisen mit mehreren gleichzeitig betriebenen Ger\u00e4ten verwendet.<\/p>\n<p>Bei ordnungsgem\u00e4\u00dfer Installation garantiert der Leistungsschalter einen stabilen und sicheren Betrieb ohne unn\u00f6tige Ausf\u00e4lle.<\/p>\n<h3>Stabilit\u00e4t ohne l\u00e4stiges Ausl\u00f6sen<\/h3>\n<p>Die <strong>Brennkurve C<\/strong> erm\u00f6glicht es dem Schutzschalter, m\u00e4\u00dfige Stromspitzen, wie sie z. B. beim Einschalten bestimmter elektrischer Ger\u00e4te auftreten, zu bew\u00e4ltigen, ohne unn\u00f6tige Ausl\u00f6sungen zu verursachen.<\/p>\n<p>Das bedeutet weniger ungeplante Ausf\u00e4lle, h\u00f6heren Nutzungskomfort und guten Schutz vor echten \u00dcberlastungen und Kurzschl\u00fcssen.<\/p>\n<p>Daher ist die C-Kurve eine der am h\u00e4ufigsten verwendeten Kurven in allgemeinen Anlagen.<\/p>\n<h3>Hohe Widerstandsf\u00e4higkeit<\/h3>\n<p>Ihr <strong>6 kA Ausschaltverm\u00f6gen<\/strong> bedeutet, dass dieser Schutzschalter in der Lage ist, Kurzschlussstr\u00f6me von bis zu 6.000 Ampere sicher zu unterbrechen, ohne Schaden zu nehmen oder seine Schutzwirkung zu verlieren.<\/p>\n<p>Diese Schaltleistung ist mehr als ausreichend f\u00fcr Privathaushalte, Gewerbebetriebe, Nebenverteiler und weit vom Umwandlungspunkt entfernte Stromkreise.<\/p>\n<p>Mit anderen Worten: Dieser Schutzschalter bietet einen zuverl\u00e4ssigen Schutz f\u00fcr den t\u00e4glichen Gebrauch.<\/p>\n<h3>Schnelle Installation und praktisches Design<\/h3>\n<p>Die Maxge Alpha+ 2P, 16A ist konzipiert f\u00fcr <strong>Montage auf DIN-Schiene<\/strong>, Er l\u00e4sst sich schnell und einfach in jeder Standardschalttafel installieren.<\/p>\n<p>Ihr <strong>kompakte 36 mm breite Ausf\u00fchrung<\/strong> (18 mm pro Pol), tr\u00e4gt zur Optimierung des Platzangebots im Rahmen bei und bietet <strong>Fenster f\u00fcr Schaltkreismarker<\/strong> y <strong>eine visuelle Statussignalisierung (ein\/aus)<\/strong>, Der zu sch\u00fctzende Stromkreis kann leicht identifiziert werden.<\/p>\n<p>Dar\u00fcber hinaus hat es eine <strong>Terminals<\/strong> die f\u00fcr Kabel vorbereitet sind, die f\u00fcr diesen Strom geeignet sind (<strong>16mm\u00b2 bei flexiblen Kabeln und 25mm\u00b2 bei starren Kabeln<\/strong>).<br \/>\nDies gew\u00e4hrleistet feste, sichere und dauerhafte Verbindungen.<\/p>\n<h2>Maxge Alpha+ 2P, 16A, C-Kurve, 6kA - EPB63ME2C16 - Betrieb und Anwendungen<\/h2>\n<p>Dieser Schutzschalter sch\u00fctzt den Stromkreis durch zwei sich erg\u00e4nzende Systeme:<\/p>\n<ul>\n<li><strong>Thermischer Schutz (\u00dcberlast):<\/strong> wirkt, wenn der Strom \u00fcber einen l\u00e4ngeren Zeitraum sichere Werte \u00fcberschreitet, und verhindert so eine \u00fcberm\u00e4\u00dfige Erw\u00e4rmung der Leiter und m\u00f6gliche Sch\u00e4den an den Ger\u00e4ten oder Brandgefahr.<\/li>\n<li><strong>Magnetischer Schutz (Kurzschluss):<\/strong> reagiert fast augenblicklich auf sehr hohe Str\u00f6me, unterbricht die Versorgung und sch\u00fctzt die Anlage vor schwerwiegenden Fehlern.<\/li>\n<\/ul>\n<p>Er ist ideal f\u00fcr den Einsatz in Schalttafeln in Wohn-, Gesch\u00e4fts- und B\u00fcrogeb\u00e4uden, Steckdosenstromkreisen und f\u00fcr den allgemeinen einphasigen Leitungsschutz.<\/p>\n<h2>Die wichtigsten Vorteile von Maxge Alpha+ 2P, 16A<\/h2>\n<p>Dieser Schutzschalter hat folgende Vorteile:<\/p>\n<ul>\n<li>Vollst\u00e4ndiger Schutz von Phase und Nullleiter.<\/li>\n<li>Sie hat 16 A, die Standard-Nennleistung f\u00fcr Stecker und Steckdosen.<\/li>\n<li>Ausgewogene und vielseitige C-Kurve.<\/li>\n<li>6 kA Schaltleistung, geeignet f\u00fcr den privaten und gewerblichen Gebrauch.<\/li>\n<li>Einfache Installation auf DIN-Schiene und einfache Wartung.<\/li>\n<li>Kompaktes, robustes und zuverl\u00e4ssiges Design.<\/li>\n<li>Einhaltung der internationalen Qualit\u00e4tsnormen und -standards.<\/li>\n<\/ul>\n<h2>Maxge Alpha+ 2P, 16A, C-Kurve, 6kA - EPB63ME2C16 Technische Informationen<\/h2>\n<p><a href=\"https:\/\/fvcomponentes.com\/wp-content\/uploads\/2026\/02\/es_fichas-tecnicas_EPB63Me-20251104.pdf\" target=\"_blank\" rel=\"noopener\">Maxge Alpha+ 2P, 16A, Magnetotermico Maxge Alpha+ 2P, 16A Datenblatt<\/a><\/p>","protected":false},"excerpt":{"rendered":"<ul>\n<li>Pole: 2<\/li>\n<li>Betriebsspannung: 415V AC<\/li>\n<li>Nennstrom: 16 Ampere<\/li>\n<li>Ausschaltverm\u00f6gen: 6kA<\/li>\n<li>Internationale Norm EN\/IEC60898-1<\/li>\n<li>Lokale Statussignalisierung<\/li>\n<li>Fenster f\u00fcr Schaltkreismarker<\/li>\n<li>Abmessungen: 36 mm (18 mm pro Pol)<\/li>\n<li>Klemmenanschluss f\u00fcr Kupferkabel: 16mm\u00b2 bei flexiblen Kabeln und 25mm\u00b2 bei starren Kabeln<\/li>\n<li>Isolationsspannung (Ui) 500VA<\/li>\n<li>Verschmutzungsgrad 3<\/li>\n<li>Sto\u00dfspannung (Uimp) 4kV<\/li>\n<li>Doppelte Isolationsklasse 2<\/li>\n<li>Geeignet f\u00fcr die Sektionierung<\/li>\n<li>Arbeitstemperatur: von -5\u00baC bis + 40\u00baC.<\/li>\n<li>Nicht zugriffsf\u00e4hig (au\u00dfer mit Vorh\u00e4ngeschloss)<\/li>\n<\/ul>","protected":false},"featured_media":36657,"comment_status":"closed","ping_status":"closed","template":"","meta":{"site-sidebar-layout":"default","site-content-layout":"","ast-site-content-layout":"default","site-content-style":"default","site-sidebar-style":"default","ast-global-header-display":"","ast-banner-title-visibility":"","ast-main-header-display":"","ast-hfb-above-header-display":"","ast-hfb-below-header-display":"","ast-hfb-mobile-header-display":"","site-post-title":"","ast-breadcrumbs-content":"","ast-featured-img":"","footer-sml-layout":"","ast-disable-related-posts":"","theme-transparent-header-meta":"default","adv-header-id-meta":"","stick-header-meta":"","header-above-stick-meta":"","header-main-stick-meta":"","header-below-stick-meta":"","astra-migrate-meta-layouts":"set","ast-page-background-enabled":"default","ast-page-background-meta":{"desktop":{"background-color":"var(--ast-global-color-4)","background-image":"","background-repeat":"repeat","background-position":"center center","background-size":"auto","background-attachment":"scroll","background-type":"","background-media":"","overlay-type":"","overlay-color":"","overlay-opacity":"","overlay-gradient":""},"tablet":{"background-color":"","background-image":"","background-repeat":"repeat","background-position":"center center","background-size":"auto","background-attachment":"scroll","background-type":"","background-media":"","overlay-type":"","overlay-color":"","overlay-opacity":"","overlay-gradient":""},"mobile":{"background-color":"","background-image":"","background-repeat":"repeat","background-position":"center center","background-size":"auto","background-attachment":"scroll","background-type":"","background-media":"","overlay-type":"","overlay-color":"","overlay-opacity":"","overlay-gradient":""}},"ast-content-background-meta":{"desktop":{"background-color":"var(--ast-global-color-5)","background-image":"","background-repeat":"repeat","background-position":"center center","background-size":"auto","background-attachment":"scroll","background-type":"","background-media":"","overlay-type":"","overlay-color":"","overlay-opacity":"","overlay-gradient":""},"tablet":{"background-color":"var(--ast-global-color-5)","background-image":"","background-repeat":"repeat","background-position":"center center","background-size":"auto","background-attachment":"scroll","background-type":"","background-media":"","overlay-type":"","overlay-color":"","overlay-opacity":"","overlay-gradient":""},"mobile":{"background-color":"var(--ast-global-color-5)","background-image":"","background-repeat":"repeat","background-position":"center center","background-size":"auto","background-attachment":"scroll","background-type":"","background-media":"","overlay-type":"","overlay-color":"","overlay-opacity":"","overlay-gradient":""}}},"pwb-brand":[1018],"product_brand":[],"product_cat":[990,410],"product_tag":[],"class_list":{"0":"post-36141","1":"product","2":"type-product","3":"status-publish","4":"has-post-thumbnail","6":"pwb-brand-maxge","7":"product_cat-magnetotermicos","8":"product_cat-material-electrico","9":"desktop-align-left","10":"tablet-align-left","11":"mobile-align-left","12":"ast-product-gallery-layout-horizontal-slider","13":"ast-product-gallery-with-no-image","14":"ast-product-tabs-layout-horizontal","16":"first","17":"instock","18":"taxable","19":"shipping-taxable","20":"purchasable","21":"product-type-simple"},"wcpa_form_fields":null,"brands":[{"id":1018,"name":"Maxge Elektrische Schutzeinrichtungen","slug":"maxge"}],"_links":{"self":[{"href":"https:\/\/fvcomponentes.com\/de\/wp-json\/wp\/v2\/product\/36141","targetHints":{"allow":["GET"]}}],"collection":[{"href":"https:\/\/fvcomponentes.com\/de\/wp-json\/wp\/v2\/product"}],"about":[{"href":"https:\/\/fvcomponentes.com\/de\/wp-json\/wp\/v2\/types\/product"}],"replies":[{"embeddable":true,"href":"https:\/\/fvcomponentes.com\/de\/wp-json\/wp\/v2\/comments?post=36141"}],"wp:featuredmedia":[{"embeddable":true,"href":"https:\/\/fvcomponentes.com\/de\/wp-json\/wp\/v2\/media\/36657"}],"wp:attachment":[{"href":"https:\/\/fvcomponentes.com\/de\/wp-json\/wp\/v2\/media?parent=36141"}],"wp:term":[{"taxonomy":"pwb-brand","embeddable":true,"href":"https:\/\/fvcomponentes.com\/de\/wp-json\/wp\/v2\/pwb-brand?post=36141"},{"taxonomy":"product_brand","embeddable":true,"href":"https:\/\/fvcomponentes.com\/de\/wp-json\/wp\/v2\/product_brand?post=36141"},{"taxonomy":"product_cat","embeddable":true,"href":"https:\/\/fvcomponentes.com\/de\/wp-json\/wp\/v2\/product_cat?post=36141"},{"taxonomy":"product_tag","embeddable":true,"href":"https:\/\/fvcomponentes.com\/de\/wp-json\/wp\/v2\/product_tag?post=36141"}],"curies":[{"name":"wp","href":"https:\/\/api.w.org\/{rel}","templated":true}]}}