{"id":36140,"date":"2026-01-24T10:14:11","date_gmt":"2026-01-24T09:14:11","guid":{"rendered":"https:\/\/fvcomponentes.com\/?post_type=product&#038;p=36140"},"modified":"2026-02-10T13:32:44","modified_gmt":"2026-02-10T12:32:44","slug":"magnetotermico-maxge-alpha-2p-10a-curva-c-6ka-epb63me2c10","status":"publish","type":"product","link":"https:\/\/fvcomponentes.com\/de\/producto\/magnetotermico-maxge-alpha-2p-10a-curva-c-6ka-epb63me2c10\/","title":{"rendered":"Maxge Alpha+ 2P, 10A, C-Kurve, 6kA - EPB63ME2C10"},"content":{"rendered":"<h2>Maxge Alpha+ 2P, 10A, C-Kurve, 6kA - EPB63ME2C10<\/h2>\n<p>Der Maxge Alpha+ 2P, 10A ist ein Leistungsschalter, der einphasige Stromkreise einfach und effektiv gegen \u00dcberlast und Kurzschluss sch\u00fctzt und eine sichere, zuverl\u00e4ssige und einfach zu integrierende L\u00f6sung f\u00fcr alle Arten von Schalttafeln bietet.<\/p>\n<p>Dank seiner zweipoligen Konfiguration (2P), seinem Bemessungsstrom von 10 A, seiner Ausl\u00f6sekurve C und seinem Ausschaltverm\u00f6gen von 6 kA ist er ein Leistungsschalter, der sowohl in Hausinstallationen als auch in kleinen Gesch\u00e4ften und Automatisierungsumgebungen weit verbreitet ist und ideal ist, wenn ein zuverl\u00e4ssiger Schutz f\u00fcr Beleuchtung, Steckdosen oder kleine elektrische Ger\u00e4te erforderlich ist.<\/p>\n<p>Dieser Schutzschalter kombiniert thermischen und magnetischen Schutz in einem einzigen Ger\u00e4t und erm\u00f6glicht die Unterbrechung der Stromzufuhr, wenn eine Stromanomalie festgestellt wird, um Sch\u00e4den an der Verkabelung und den angeschlossenen Ger\u00e4ten zu vermeiden und das Risiko von elektrischen Fehlern oder Unf\u00e4llen zu verringern.<\/p>\n<h2>Hauptmerkmale des Maxge Alpha+ 2P, 10A Schutzschalters<\/h2>\n<h3>Vollst\u00e4ndiger Schutz von Phase und Nullleiter<\/h3>\n<p>Sein von<strong> 2-polig (2P)<\/strong>, Dieser Leistungsschalter sch\u00fctzt und trennt gleichzeitig die Phase und den Nullleiter. Dadurch wird sichergestellt, dass der Stromkreis vollst\u00e4ndig isoliert ist, wenn der Schutzschalter manuell ausgel\u00f6st oder ausgeschaltet wird, was die Sicherheit bei Wartungs- oder Instandhaltungsarbeiten an der elektrischen Anlage erh\u00f6ht.<\/p>\n<p>Diese Art von Schutz wird besonders f\u00fcr einphasige Anlagen, Beleuchtungsstromkreise, spezielle Steckdosen, Steckdosenleitungen mit m\u00e4\u00dfigem Verbrauch, Hilfs- und Steuerstromkreise und Anlagen, bei denen eine vollst\u00e4ndige Abschaltung des Stromkreises erforderlich ist, empfohlen.<\/p>\n<h3>Typische Verwendung in Hausinstallationen<\/h3>\n<p>Mit einem <strong>10 Ampere Nennstrom<\/strong>, Dieser Schutzschalter eignet sich perfekt f\u00fcr Stromkreise mit niedrigem bis mittlerem Verbrauch, wie sie in Wohnungen, B\u00fcros und kleinen R\u00e4umen h\u00e4ufig vorkommen.<\/p>\n<p>Er wird in der Regel zum Schutz der Innenbeleuchtung, von Steckdosen mit m\u00e4\u00dfiger Belastung, kleinen Haushaltsger\u00e4ten, einfachen elektronischen Ger\u00e4ten und Hilfsstromkreisen in Schalttafeln verwendet.<\/p>\n<p>Bei ordnungsgem\u00e4\u00dfer Installation garantiert der Leistungsschalter einen stabilen und sicheren Betrieb ohne unn\u00f6tige Ausf\u00e4lle.<\/p>\n<h3>Stabilit\u00e4t ohne l\u00e4stiges Ausl\u00f6sen<\/h3>\n<p>Die <strong>Brennkurve C<\/strong> erm\u00f6glicht es dem Schutzschalter, m\u00e4\u00dfige Stromspitzen, wie sie z. B. beim Einschalten bestimmter elektrischer Ger\u00e4te auftreten, zu bew\u00e4ltigen, ohne unn\u00f6tige Ausl\u00f6sungen zu verursachen.<\/p>\n<p>Das bedeutet weniger ungeplante Ausf\u00e4lle, h\u00f6heren Nutzungskomfort und guten Schutz vor echten \u00dcberlastungen und Kurzschl\u00fcssen.<\/p>\n<p>Daher ist die C-Kurve eine der am h\u00e4ufigsten verwendeten Kurven in allgemeinen Anlagen.<\/p>\n<h3>Hohe Widerstandsf\u00e4higkeit<\/h3>\n<p>Ihr <strong>6 kA Ausschaltverm\u00f6gen<\/strong> bedeutet, dass dieser Schutzschalter in der Lage ist, Kurzschlussstr\u00f6me von bis zu 6.000 Ampere sicher zu unterbrechen, ohne Schaden zu nehmen oder seine Schutzwirkung zu verlieren.<\/p>\n<p>Diese Schaltleistung ist mehr als ausreichend f\u00fcr Privathaushalte, Gewerbebetriebe, Sekund\u00e4rschalttafeln und Standard-Niederspannungs-Elektroinstallationen.<\/p>\n<p>Mit anderen Worten: Dieser Schutzschalter bietet einen zuverl\u00e4ssigen Schutz f\u00fcr den t\u00e4glichen Gebrauch.<\/p>\n<h3>Schnelle Installation und praktisches Design<\/h3>\n<p>Die Maxge Alpha+ 2P, 10A ist konzipiert f\u00fcr <strong>Montage auf DIN-Schiene<\/strong>, Er l\u00e4sst sich schnell und einfach in jeder Standardschalttafel installieren.<\/p>\n<p>Ihr <strong>kompakte 36 mm breite Ausf\u00fchrung<\/strong> (18 mm pro Pol), tr\u00e4gt zur Optimierung des Platzangebots im Rahmen bei und bietet <strong>Fenster f\u00fcr Schaltkreismarker<\/strong> y <strong>eine visuelle Statussignalisierung (ein\/aus)<\/strong>, Der zu sch\u00fctzende Stromkreis kann leicht identifiziert werden.<\/p>\n<p>Dar\u00fcber hinaus hat es eine <strong>Terminals<\/strong> die f\u00fcr Kabel vorbereitet sind, die f\u00fcr diesen Strom geeignet sind (<strong>16mm\u00b2 bei flexiblen Kabeln und 25mm\u00b2 bei starren Kabeln<\/strong>).<br \/>\nDies gew\u00e4hrleistet feste und sichere Verbindungen.<\/p>\n<h2>Maxge Alpha+ 2P, 10A, C-Kurve, 6kA - EPB63ME2C10 - Betrieb und Anwendungen<\/h2>\n<p>Dieser Schutzschalter sch\u00fctzt den Stromkreis auf zwei Arten:<\/p>\n<ul>\n<li><strong>Thermischer Schutz (\u00dcberlast):<\/strong> schaltet bei anhaltender \u00dcberlastung den Strom ab und verhindert so sowohl eine \u00dcberhitzung der Kabel als auch m\u00f6gliche Sch\u00e4den an der Anlage.<\/li>\n<li><strong>Magnetischer Schutz (Kurzschluss):<\/strong> spricht bei einem starken Kurzschluss fast sofort an. In diesem Fall unterbricht der Schutzschalter die Stromzufuhr und sch\u00fctzt sowohl die Anlage als auch die angeschlossenen Ger\u00e4te.<\/li>\n<\/ul>\n<p>Es ist eine ideale L\u00f6sung f\u00fcr Schalttafeln in Wohnungen, kleinen Gesch\u00e4ften und B\u00fcros, Beleuchtungsstromkreise und Steckdosen sowie f\u00fcr Hilfsschutzeinrichtungen.<\/p>\n<h2>Die wichtigsten Vorteile von Maxge Alpha+ 2P, 10A<\/h2>\n<p>Dieser Schutzschalter hat folgende Vorteile:<\/p>\n<ul>\n<li>Vollst\u00e4ndiger Schutz von Phase und Nullleiter.<\/li>\n<li>Sie hat 10 A, eine der am h\u00e4ufigsten verwendeten Nennleistungen in einphasigen Anlagen.<\/li>\n<li>Ausgewogene und vielseitige C-Kurve.<\/li>\n<li>6 kA Schaltleistung, geeignet f\u00fcr den privaten und gewerblichen Gebrauch.<\/li>\n<li>Einfache Installation auf DIN-Schiene und einfache Wartung.<\/li>\n<li>Kompaktes, robustes und zuverl\u00e4ssiges Design.<\/li>\n<li>Einhaltung der internationalen Qualit\u00e4tsnormen und -standards.<\/li>\n<\/ul>\n<h2>Maxge Alpha+ 2P, 10A, C-Kurve, 6kA - EPB63ME2C10 Technische Informationen<\/h2>\n<p><a href=\"https:\/\/fvcomponentes.com\/wp-content\/uploads\/2026\/02\/es_fichas-tecnicas_EPB63Me-20251104.pdf\" target=\"_blank\" rel=\"noopener\">Datenblatt Maxge Alpha+ 2P, 10A, Magnetotermico Maxge Alpha+ 2P, 10A<\/a><\/p>","protected":false},"excerpt":{"rendered":"<ul>\n<li>Pole: 2<\/li>\n<li>Betriebsspannung: 415V AC<\/li>\n<li>Nennstrom: 10 Ampere<\/li>\n<li>Ausschaltverm\u00f6gen: 6kA<\/li>\n<li>Internationale Norm EN\/IEC60898-1<\/li>\n<li>Lokale Statussignalisierung<\/li>\n<li>Fenster f\u00fcr Schaltkreismarker<\/li>\n<li>Abmessungen: 36 mm (18 mm pro Pol)<\/li>\n<li>Klemmenanschluss f\u00fcr Kupferkabel: 16mm\u00b2 bei flexiblen Kabeln und 25mm\u00b2 bei starren Kabeln<\/li>\n<li>Isolationsspannung (Ui) 500VA<\/li>\n<li>Verschmutzungsgrad 3<\/li>\n<li>Sto\u00dfspannung (Uimp) 4kV<\/li>\n<li>Doppelte Isolationsklasse 2<\/li>\n<li>Geeignet f\u00fcr die Sektionierung<\/li>\n<li>Arbeitstemperatur: von -5\u00baC bis + 40\u00baC.<\/li>\n<li>Nicht zugriffsf\u00e4hig (au\u00dfer mit Vorh\u00e4ngeschloss)<\/li>\n<\/ul>","protected":false},"featured_media":36654,"comment_status":"closed","ping_status":"closed","template":"","meta":{"site-sidebar-layout":"default","site-content-layout":"","ast-site-content-layout":"default","site-content-style":"default","site-sidebar-style":"default","ast-global-header-display":"","ast-banner-title-visibility":"","ast-main-header-display":"","ast-hfb-above-header-display":"","ast-hfb-below-header-display":"","ast-hfb-mobile-header-display":"","site-post-title":"","ast-breadcrumbs-content":"","ast-featured-img":"","footer-sml-layout":"","ast-disable-related-posts":"","theme-transparent-header-meta":"default","adv-header-id-meta":"","stick-header-meta":"","header-above-stick-meta":"","header-main-stick-meta":"","header-below-stick-meta":"","astra-migrate-meta-layouts":"set","ast-page-background-enabled":"default","ast-page-background-meta":{"desktop":{"background-color":"var(--ast-global-color-4)","background-image":"","background-repeat":"repeat","background-position":"center center","background-size":"auto","background-attachment":"scroll","background-type":"","background-media":"","overlay-type":"","overlay-color":"","overlay-opacity":"","overlay-gradient":""},"tablet":{"background-color":"","background-image":"","background-repeat":"repeat","background-position":"center center","background-size":"auto","background-attachment":"scroll","background-type":"","background-media":"","overlay-type":"","overlay-color":"","overlay-opacity":"","overlay-gradient":""},"mobile":{"background-color":"","background-image":"","background-repeat":"repeat","background-position":"center center","background-size":"auto","background-attachment":"scroll","background-type":"","background-media":"","overlay-type":"","overlay-color":"","overlay-opacity":"","overlay-gradient":""}},"ast-content-background-meta":{"desktop":{"background-color":"var(--ast-global-color-5)","background-image":"","background-repeat":"repeat","background-position":"center center","background-size":"auto","background-attachment":"scroll","background-type":"","background-media":"","overlay-type":"","overlay-color":"","overlay-opacity":"","overlay-gradient":""},"tablet":{"background-color":"var(--ast-global-color-5)","background-image":"","background-repeat":"repeat","background-position":"center center","background-size":"auto","background-attachment":"scroll","background-type":"","background-media":"","overlay-type":"","overlay-color":"","overlay-opacity":"","overlay-gradient":""},"mobile":{"background-color":"var(--ast-global-color-5)","background-image":"","background-repeat":"repeat","background-position":"center center","background-size":"auto","background-attachment":"scroll","background-type":"","background-media":"","overlay-type":"","overlay-color":"","overlay-opacity":"","overlay-gradient":""}}},"pwb-brand":[1018],"product_brand":[],"product_cat":[990,410],"product_tag":[],"class_list":{"0":"post-36140","1":"product","2":"type-product","3":"status-publish","4":"has-post-thumbnail","6":"pwb-brand-maxge","7":"product_cat-magnetotermicos","8":"product_cat-material-electrico","9":"desktop-align-left","10":"tablet-align-left","11":"mobile-align-left","12":"ast-product-gallery-layout-horizontal-slider","13":"ast-product-gallery-with-no-image","14":"ast-product-tabs-layout-horizontal","16":"first","17":"instock","18":"taxable","19":"shipping-taxable","20":"purchasable","21":"product-type-simple"},"wcpa_form_fields":null,"brands":[{"id":1018,"name":"Maxge Elektrische Schutzeinrichtungen","slug":"maxge"}],"_links":{"self":[{"href":"https:\/\/fvcomponentes.com\/de\/wp-json\/wp\/v2\/product\/36140","targetHints":{"allow":["GET"]}}],"collection":[{"href":"https:\/\/fvcomponentes.com\/de\/wp-json\/wp\/v2\/product"}],"about":[{"href":"https:\/\/fvcomponentes.com\/de\/wp-json\/wp\/v2\/types\/product"}],"replies":[{"embeddable":true,"href":"https:\/\/fvcomponentes.com\/de\/wp-json\/wp\/v2\/comments?post=36140"}],"wp:featuredmedia":[{"embeddable":true,"href":"https:\/\/fvcomponentes.com\/de\/wp-json\/wp\/v2\/media\/36654"}],"wp:attachment":[{"href":"https:\/\/fvcomponentes.com\/de\/wp-json\/wp\/v2\/media?parent=36140"}],"wp:term":[{"taxonomy":"pwb-brand","embeddable":true,"href":"https:\/\/fvcomponentes.com\/de\/wp-json\/wp\/v2\/pwb-brand?post=36140"},{"taxonomy":"product_brand","embeddable":true,"href":"https:\/\/fvcomponentes.com\/de\/wp-json\/wp\/v2\/product_brand?post=36140"},{"taxonomy":"product_cat","embeddable":true,"href":"https:\/\/fvcomponentes.com\/de\/wp-json\/wp\/v2\/product_cat?post=36140"},{"taxonomy":"product_tag","embeddable":true,"href":"https:\/\/fvcomponentes.com\/de\/wp-json\/wp\/v2\/product_tag?post=36140"}],"curies":[{"name":"wp","href":"https:\/\/api.w.org\/{rel}","templated":true}]}}