{"id":36136,"date":"2026-01-24T09:47:48","date_gmt":"2026-01-24T08:47:48","guid":{"rendered":"https:\/\/fvcomponentes.com\/?post_type=product&#038;p=36136"},"modified":"2026-02-09T12:27:03","modified_gmt":"2026-02-09T11:27:03","slug":"magnetotermico-maxge-alpha-4p-50a-curva-c-10ka-epb63h4c50","status":"publish","type":"product","link":"https:\/\/fvcomponentes.com\/de\/producto\/magnetotermico-maxge-alpha-4p-50a-curva-c-10ka-epb63h4c50\/","title":{"rendered":"Maxge Alpha+ 4P, 50A, C-Kurve, 10kA - EPB63H4C50"},"content":{"rendered":"<h2>Maxge Alpha+ 4P, 50A, C-Kurve, 10kA - EPB63H4C50<\/h2>\n<p>Der Maxge Alpha+ 4P, 50A ist ein magnetothermischer Schutzschalter, der f\u00fcr den umfassenden Schutz von dreiphasigen Elektroinstallationen mit Neutralleiter (3 Phasen + Neutralleiter) gegen \u00dcberlast und Kurzschluss konzipiert ist.<br \/>\nEs handelt sich um einen robusten, zuverl\u00e4ssigen, vielseitigen und widerstandsf\u00e4higen Schalter, der einen wirksamen und sicheren Schutz gew\u00e4hrleistet.<\/p>\n<p>Mit einem Bemessungsstrom von 50 A, einer Ausl\u00f6sekurve C und einem Ausschaltverm\u00f6gen von 10 kA ist dieser Leistungsschalter f\u00fcr Anwendungen vorgesehen, die ein hohes Ma\u00df an Sicherheit erfordern. Er bietet au\u00dferdem eine zuverl\u00e4ssige Fehlerreaktion und einen stabilen Betrieb in Verteilerschalttafeln.<br \/>\nEs wird sowohl in Haushalten mit hohem Bedarf als auch in gewerblichen oder industriellen Anlagen eingesetzt.<\/p>\n<p>Dar\u00fcber hinaus kombiniert er den thermischen und magnetischen Schutz in einem einzigen Ger\u00e4t und erm\u00f6glicht es, die Versorgung zu unterbrechen, wenn etwas schief l\u00e4uft, um Sch\u00e4den an der Anlage, den angeschlossenen Ger\u00e4ten oder noch gr\u00f6\u00dfere Risiken zu vermeiden.<\/p>\n<h2>Hauptmerkmale des Leistungsschalters Maxge Alpha+ 4P, 50A<\/h2>\n<h3>Vollst\u00e4ndiger Schutz von Phase und Nullleiter<\/h3>\n<p>Dieser Schutzschalter ist hergestellt aus <strong>4-polig (4P)<\/strong>. Er sch\u00fctzt also gleichzeitig alle drei Phasen und den Neutralleiter.<\/p>\n<p>Diese Konfiguration ist in dreiphasigen Schalttafeln unerl\u00e4sslich, da sie bei Aktivierung des Ger\u00e4ts eine vollst\u00e4ndige Isolierung des Stromkreises gew\u00e4hrleistet und verhindert, dass Restspannungen in einem der Leiter verbleiben.<br \/>\nDies erh\u00f6ht die pers\u00f6nliche Sicherheit, sch\u00fctzt die Anlage und verringert die Risiken bei der Wartung oder bei Eingriffen.<\/p>\n<p>Das 4P-Format ist weit verbreitet in Hauptschalttafeln, Verteilertafeln, dreiphasigen Maschinen mit Nullleiter, Klimaanlagen, Pumpen, Ventilatoren, kleinen und mittleren Motoren. Es wird auch in Stromkreisen verwendet, in denen eine gleichm\u00e4\u00dfige und gleichzeitige Abschaltung aller Pole erforderlich ist.<\/p>\n<p>In industriellen, terti\u00e4ren Anwendungen oder in bestimmten Verteilerkonfigurationen bietet die 4P-Absperrung erh\u00f6hte Sicherheit bei Wartungsarbeiten.<br \/>\nEs erm\u00f6glicht auch die vollst\u00e4ndige Isolierung des Stromkreises und eine bessere Kontrolle und Isolierung in dreiphasigen Anlagen mit Nullleiter.<\/p>\n<p>Kurzum: mehr Sicherheit und weniger Schrecken bei Arbeiten an der Schalttafel oder bei St\u00f6rungen.<\/p>\n<h3>Ausreichende Kapazit\u00e4t f\u00fcr anspruchsvolle Lasten<\/h3>\n<p>Mit einem <strong>50 Ampere Nennstrom<\/strong>, Dieser Schutzschalter ist f\u00fcr Stromkreise mit hohem Verbrauch, wie z. B. Hauptleitungen, vorgesehen.<br \/>\nEr eignet sich auch f\u00fcr Stromkreise, in denen mehrere Ger\u00e4te gleichzeitig bewegt werden, oder f\u00fcr Shunts, in denen erhebliche und kontinuierliche Lasten gehandhabt werden.<\/p>\n<p>Dank dieser Kapazit\u00e4t eignet es sich f\u00fcr die Versorgung von Ger\u00e4ten mit h\u00f6herem Stromverbrauch oder f\u00fcr den gleichzeitigen Betrieb mehrerer Empf\u00e4nger.<br \/>\nDie Anlage muss jedoch in Bezug auf den Leiterquerschnitt, den Fehlerstromschutz und die \u00fcbrigen Elemente der Schaltanlage richtig dimensioniert sein.<\/p>\n<p>Dar\u00fcber hinaus ist seine <strong>Betriebsspannung bis zu 415\/240 V AC<\/strong> Das neue System eignet sich f\u00fcr den Einsatz in den meisten Standard- oder \u00fcblichen Drehstromanlagen.<\/p>\n<h3>Hohe Kurzschlussfestigkeit<\/h3>\n<p>Die <strong>Schneidkraft von<\/strong> dieser Schutzschalter besteht aus <strong>10 kA (10.000 Ampere)<\/strong>. Er ist in der Lage, starke Kurzschl\u00fcsse zu unterbrechen, ohne die Integrit\u00e4t des elektrischen Systems zu besch\u00e4digen oder zu gef\u00e4hrden.<\/p>\n<p>Dieses Schutzniveau bedeutet, dass der Leistungsschalter auch in schwierigen Situationen anspricht und schwerwiegende Sch\u00e4den an der Anlage verhindert, insbesondere in Schalttafeln in der N\u00e4he von Transformatoren, in Anlagen mit hoher verf\u00fcgbarer Leistung und in Netzen mit niedriger Leitungsimpedanz.<\/p>\n<p>Diese hohe Schnittleistung sorgt f\u00fcr zus\u00e4tzliche Sicherheit und Zuverl\u00e4ssigkeit und macht die Maxge Alpha+ zu einer sehr empfehlenswerten Option in anspruchsvollen Umgebungen.<\/p>\n<h3>Empfindlichkeit und Toleranz gegen\u00fcber Spitzenbelastungen<\/h3>\n<p>Der Leistungsschalter Maxge Alpha+ 4P, 50A ist mit einem <strong>Brennkurve C<\/strong>. Er ist so konzipiert, dass er m\u00e4\u00dfige Stromspitzen verkraftet, ohne dass es zu einer vorzeitigen Ausl\u00f6sung kommt.<\/p>\n<p>Die C-Kurve bietet ein optimales Gleichgewicht zwischen Empfindlichkeit und Stabilit\u00e4t und gew\u00e4hrleistet einen wirksamen Schutz gegen gef\u00e4hrliche \u00dcberstr\u00f6me, ohne den normalen Betrieb der Anlage zu beeintr\u00e4chtigen.<\/p>\n<p>Dadurch werden st\u00f6rende Sch\u00fcsse reduziert.<br \/>\nDar\u00fcber hinaus ist die Anlage stabiler und bietet einen guten Schutz gegen echte \u00dcberlastungen und Kurzschl\u00fcsse.<\/p>\n<p>Er eignet sich daher f\u00fcr Stromkreise mit allgemeinen und gemischten Lasten, kleinen bis mittelgro\u00dfen Motoren, Anlassern, Transformatoren, L\u00fcftungen, Pumpen, Klimaanlagen, elektronischen Ger\u00e4ten und Stromversorgungen, Beleuchtungen und Drehstromsteckdosen sowie f\u00fcr Ger\u00e4te, die Anlaufspitzen aufweisen k\u00f6nnen (ohne extrem zu sein).<\/p>\n<h3>Einbau und Gestaltung<\/h3>\n<p>Was die Installation betrifft, so ist sie so konzipiert, dass <strong>Montage auf DIN-Schiene<\/strong>.<br \/>\nDadurch l\u00e4sst es sich leicht in Standard-Schalttafeln integrieren. Dar\u00fcber hinaus erm\u00f6glicht es eine schnelle, saubere und professionelle Installation.<\/p>\n<p>Ihr <strong>Terminals<\/strong> f\u00fcr die Aufnahme von Leitern mit einem f\u00fcr diese Stromst\u00e4rke geeigneten Querschnitt vorbereitet sind <strong>(25 mm\u00b2 f\u00fcr flexible Kabel und 35 mm\u00b2 f\u00fcr starre Kabel)<\/strong>. Dies gew\u00e4hrleistet feste und sichere Verbindungen, die das Risiko von Fehlkontakten oder \u00dcberhitzung verringern.<\/p>\n<p>Die Konstruktion dieses Leistungsschalters zeichnet sich durch seine robuste Bauweise und seine <strong>kompakte Abmessungen<\/strong> <strong>(72 mm breit)<\/strong>.<\/p>\n<p>Es bietet eine komfortable Bedienung durch die <strong>Fenster f\u00fcr Schaltkreismarker<\/strong> und eine <strong>visuelle Statusanzeige (ein\/aus), <\/strong>die die Identifizierung des zu sch\u00fctzenden Stromkreises erleichtern.<br \/>\nAu\u00dferdem erm\u00f6glicht es eine schnelle Diagnose und Wartung.<\/p>\n<h2>Maxge Alpha+ 4P, 50A, C-Kurve, 10kA - EPB63H4C50 - Betrieb und Anwendungen<\/h2>\n<p>Dieser Leistungsschalter ist ein grundlegendes Schutzelement in der Stromverteilung, da er thermischen und magnetischen Schutz in einem einzigen Mechanismus vereint:<\/p>\n<ul>\n<li><strong>Thermischer Schutz (\u00dcberlast):<\/strong> wirkt gegen anhaltende \u00dcberlastungen und unterbricht den Stromkreis, wenn der Strom die sicheren Werte \u00fcberschreitet. Dadurch wird eine \u00dcberhitzung der Leiter verhindert und Sch\u00e4den an Kabeln und Ger\u00e4ten sowie Brandgefahr vermieden.<\/li>\n<li><strong>Magnetischer Schutz (Kurzschluss): <\/strong>wirkt im Falle eines Kurzschlusses sehr schnell, unterbricht hohe Fehlerstr\u00f6me und sch\u00fctzt sowohl die Anlage als auch die angeschlossenen Ger\u00e4te.<\/li>\n<\/ul>\n<p>Er ist ideal f\u00fcr den Einsatz in Haupt- oder Nebenschalttafeln in Industrie-, Gewerbe- oder Wohngeb\u00e4uden mit anspruchsvollen Lasten. Er bietet somit einen robusten und wirksamen Schutz.<\/p>\n<p>Seine 4-polige Ausf\u00fchrung deckt sowohl den Schutz der dreiphasigen Einspeisung als auch den Schutz des Neutralleiters ab, was bei symmetrischen Systemen oder bei kombinierten einphasigen Lasten von entscheidender Bedeutung ist.<\/p>\n<h2>Die wichtigsten Vorteile von Maxge Alpha+ 4P, 50A<\/h2>\n<p>Die Vorteile dieses Leistungsschalters sind wie folgt:<\/p>\n<ul>\n<li><strong>Wirksamer Schutz:<\/strong> bietet einen gr\u00f6\u00dferen Schutz vor \u00dcberlastungen und Kurzschl\u00fcssen und verringert die Wahrscheinlichkeit schwerer Sch\u00e4den in Drehstromnetzen mit Nullleiter.<\/li>\n<li><strong>Hohe Schnittleistung:<\/strong> mit 10 kA, geeignet f\u00fcr anspruchsvolle Umgebungen.<\/li>\n<li><strong>Brennkurve:<\/strong> Typ C symmetrisch, ideal f\u00fcr zahlreiche industrielle Anwendungen.<\/li>\n<li><strong>Kompatibilit\u00e4t:<\/strong> l\u00e4sst sich nahtlos in Kabel mit gro\u00dfem Querschnitt, in Zusatzger\u00e4te und in Standardverteilersysteme integrieren.<\/li>\n<li><strong>Einfache Installation und Wartung:<\/strong> Das modulare Format und die gut dimensionierten Klemmen erm\u00f6glichen sichere und schnelle Verbindungen und eine einfache Identifizierung der Stromkreise.<\/li>\n<li><strong>Vorschriften und Zertifizierungen:<\/strong> Die Einhaltung anerkannter internationaler Normen garantiert Qualit\u00e4t und Zuverl\u00e4ssigkeit f\u00fcr anspruchsvolle Anlagen.<\/li>\n<\/ul>\n<h2>Technische Informationen zu Maxge Alpha+ 4P, 50A, C-Kurve 10kA - EPB63H4C50<\/h2>\n<p><a href=\"https:\/\/fvcomponentes.com\/wp-content\/uploads\/2026\/02\/es_fichas-tecnicas_EPB63H-20251104.pdf\" target=\"_blank\" rel=\"noopener\">Technisches Datenblatt Maxge Alpha+ 4P, 50A Leistungsschalter<\/a><\/p>\n<p><a href=\"https:\/\/fvcomponentes.com\/wp-content\/uploads\/2026\/02\/es_fichas-tecnicas_Ficha_tecnica_EPB63H.pdf\" target=\"_blank\" rel=\"noopener\">Technische Daten des Leistungsschalters Maxge Alpha+ 4P, 50A<\/a><\/p>","protected":false},"excerpt":{"rendered":"<ul>\n<li>Anzahl der Pole: 4-polig (3 Phasen + Nullleiter)<\/li>\n<li>Nennstrom (In): 50 Ampere<\/li>\n<li>Betriebsspannung: 415\/240V AC<\/li>\n<li>Internationale Norm EN\/IEC60898-1<\/li>\n<li>Lokale Statussignalisierung<\/li>\n<li>Fenster f\u00fcr Schaltkreismarker<\/li>\n<li>Klemmenanschluss f\u00fcr Kupferkabel: 25 mm\u00b2 (flexibel) \/ 35 mm\u00b2 (starr)<\/li>\n<li>Abmessungen: 72 mm breit (18 mm pro Pol)<\/li>\n<li>Erm\u00f6glicht die Anbringung von Zubeh\u00f6r und Betriebsmitteln<\/li>\n<li>Isolationsspannung (Ui): 500VA<\/li>\n<li>Verschmutzungsgrad 3<\/li>\n<li>Sto\u00dfspannung (Uimp): 4kV<\/li>\n<li>Doppelte Isolationsklasse 2<\/li>\n<li>Geeignet f\u00fcr die Sektionierung<\/li>\n<li>Arbeitstemperatur: -5 \u00b0C bis +40 \u00b0C<\/li>\n<\/ul>","protected":false},"featured_media":36634,"comment_status":"closed","ping_status":"closed","template":"","meta":{"site-sidebar-layout":"default","site-content-layout":"","ast-site-content-layout":"default","site-content-style":"default","site-sidebar-style":"default","ast-global-header-display":"","ast-banner-title-visibility":"","ast-main-header-display":"","ast-hfb-above-header-display":"","ast-hfb-below-header-display":"","ast-hfb-mobile-header-display":"","site-post-title":"","ast-breadcrumbs-content":"","ast-featured-img":"","footer-sml-layout":"","ast-disable-related-posts":"","theme-transparent-header-meta":"default","adv-header-id-meta":"","stick-header-meta":"","header-above-stick-meta":"","header-main-stick-meta":"","header-below-stick-meta":"","astra-migrate-meta-layouts":"set","ast-page-background-enabled":"default","ast-page-background-meta":{"desktop":{"background-color":"var(--ast-global-color-4)","background-image":"","background-repeat":"repeat","background-position":"center center","background-size":"auto","background-attachment":"scroll","background-type":"","background-media":"","overlay-type":"","overlay-color":"","overlay-opacity":"","overlay-gradient":""},"tablet":{"background-color":"","background-image":"","background-repeat":"repeat","background-position":"center center","background-size":"auto","background-attachment":"scroll","background-type":"","background-media":"","overlay-type":"","overlay-color":"","overlay-opacity":"","overlay-gradient":""},"mobile":{"background-color":"","background-image":"","background-repeat":"repeat","background-position":"center center","background-size":"auto","background-attachment":"scroll","background-type":"","background-media":"","overlay-type":"","overlay-color":"","overlay-opacity":"","overlay-gradient":""}},"ast-content-background-meta":{"desktop":{"background-color":"var(--ast-global-color-5)","background-image":"","background-repeat":"repeat","background-position":"center center","background-size":"auto","background-attachment":"scroll","background-type":"","background-media":"","overlay-type":"","overlay-color":"","overlay-opacity":"","overlay-gradient":""},"tablet":{"background-color":"var(--ast-global-color-5)","background-image":"","background-repeat":"repeat","background-position":"center center","background-size":"auto","background-attachment":"scroll","background-type":"","background-media":"","overlay-type":"","overlay-color":"","overlay-opacity":"","overlay-gradient":""},"mobile":{"background-color":"var(--ast-global-color-5)","background-image":"","background-repeat":"repeat","background-position":"center center","background-size":"auto","background-attachment":"scroll","background-type":"","background-media":"","overlay-type":"","overlay-color":"","overlay-opacity":"","overlay-gradient":""}}},"pwb-brand":[1018],"product_brand":[],"product_cat":[990,410],"product_tag":[],"class_list":{"0":"post-36136","1":"product","2":"type-product","3":"status-publish","4":"has-post-thumbnail","6":"pwb-brand-maxge","7":"product_cat-magnetotermicos","8":"product_cat-material-electrico","9":"desktop-align-left","10":"tablet-align-left","11":"mobile-align-left","12":"ast-product-gallery-layout-horizontal-slider","13":"ast-product-gallery-with-no-image","14":"ast-product-tabs-layout-horizontal","16":"first","17":"instock","18":"taxable","19":"shipping-taxable","20":"purchasable","21":"product-type-simple"},"wcpa_form_fields":null,"brands":[{"id":1018,"name":"Maxge Elektrische Schutzeinrichtungen","slug":"maxge"}],"_links":{"self":[{"href":"https:\/\/fvcomponentes.com\/de\/wp-json\/wp\/v2\/product\/36136","targetHints":{"allow":["GET"]}}],"collection":[{"href":"https:\/\/fvcomponentes.com\/de\/wp-json\/wp\/v2\/product"}],"about":[{"href":"https:\/\/fvcomponentes.com\/de\/wp-json\/wp\/v2\/types\/product"}],"replies":[{"embeddable":true,"href":"https:\/\/fvcomponentes.com\/de\/wp-json\/wp\/v2\/comments?post=36136"}],"wp:featuredmedia":[{"embeddable":true,"href":"https:\/\/fvcomponentes.com\/de\/wp-json\/wp\/v2\/media\/36634"}],"wp:attachment":[{"href":"https:\/\/fvcomponentes.com\/de\/wp-json\/wp\/v2\/media?parent=36136"}],"wp:term":[{"taxonomy":"pwb-brand","embeddable":true,"href":"https:\/\/fvcomponentes.com\/de\/wp-json\/wp\/v2\/pwb-brand?post=36136"},{"taxonomy":"product_brand","embeddable":true,"href":"https:\/\/fvcomponentes.com\/de\/wp-json\/wp\/v2\/product_brand?post=36136"},{"taxonomy":"product_cat","embeddable":true,"href":"https:\/\/fvcomponentes.com\/de\/wp-json\/wp\/v2\/product_cat?post=36136"},{"taxonomy":"product_tag","embeddable":true,"href":"https:\/\/fvcomponentes.com\/de\/wp-json\/wp\/v2\/product_tag?post=36136"}],"curies":[{"name":"wp","href":"https:\/\/api.w.org\/{rel}","templated":true}]}}